{"id":93,"date":"2021-03-18T07:45:40","date_gmt":"2021-03-18T06:45:40","guid":{"rendered":"https:\/\/wgsr.uw.edu.pl\/kgf\/?page_id=93"},"modified":"2025-01-14T08:54:57","modified_gmt":"2025-01-14T08:54:57","slug":"las","status":"publish","type":"page","link":"https:\/\/kgf.wgsr.uw.edu.pl\/?page_id=93","title":{"rendered":"Laboratorium Analiz \u015arodowiskowych"},"content":{"rendered":"<p>Laboratorium Analiz \u015arodowiskowych<\/p>\n<p>pok. 029 i 034<\/p>\n<p>tel. (22) 55 20 622<\/p>\n<p>Kierownik jednostki:\u00a0<strong>\u00a0dr hab. Andrzej Harasimiuk<\/strong><\/p>\n<table class=\" alignleft\" style=\"width: 100%;\">\n<thead>\n<tr>\n<td style=\"width: 36.4793%;\"><strong>Imi\u0119 i nazwisko<\/strong><\/td>\n<td style=\"width: 18.264%;\"><strong>USOS<\/strong><\/td>\n<td style=\"width: 22.5681%;\"><strong>Email<\/strong><\/td>\n<td style=\"width: 20.0738%;\"><strong>Telefon<\/strong><\/td>\n<\/tr>\n<\/thead>\n<tbody>\n<tr>\n<td style=\"width: 36.4793%;\"><a href=\"\/?page_id=1255\">dr hab. Andrzej Harasimiuk<\/a><\/td>\n<td style=\"width: 18.264%;\"><a title=\"\u00a0www\" href=\"https:\/\/usosweb.uw.edu.pl\/kontroler.php?_action=katalog2\/osoby\/pokazOsobe&amp;os_id=50213\" target=\"_self\" rel=\"noopener\">\u00a0www<\/a><\/td>\n<td style=\"width: 22.5681%;\"><a title=\"wy\u015blij e-mail\" href=\"mailto:A.Harasimiuk@uw.edu.pl\">\u00a0wy\u015blij e-mail<\/a><\/td>\n<td style=\"width: 20.0738%;\">\u00a055 20 622<\/td>\n<\/tr>\n<tr>\n<td style=\"width: 36.4793%;\">dr hab.\u00a0 Piotr Szwarczewski<\/td>\n<td style=\"width: 18.264%;\">\u00a0<a title=\"www\" href=\"https:\/\/usosweb.uw.edu.pl\/kontroler.php?_action=katalog2\/osoby\/pokazOsobe&amp;os_id=50319\" target=\"_self\" rel=\"noopener\">www<\/a><\/td>\n<td style=\"width: 22.5681%;\"><a title=\"\u00a0wy\u015blij e-mail\" href=\"mailto:pfszwarc@uw.edu.pl\">\u00a0wy\u015blij e-mail<\/a><\/td>\n<td style=\"width: 20.0738%;\">\u00a055 20 622<\/td>\n<\/tr>\n<tr>\n<td style=\"width: 36.4793%;\">mgr Marta Narloch<\/td>\n<td style=\"width: 18.264%;\"><\/td>\n<td style=\"width: 22.5681%;\"><a href=\"mailto:k.zaremba5@uw.edu.pl\">wy\u015blij e-mail<\/a><\/td>\n<td style=\"width: 20.0738%;\">55 20 622<\/td>\n<\/tr>\n<\/tbody>\n<\/table>\n","protected":false},"excerpt":{"rendered":"<p>Laboratorium Analiz \u015arodowiskowych pok. 029 i 034 tel. (22) 55 20 622 Kierownik jednostki:\u00a0\u00a0dr hab. Andrzej Harasimiuk Imi\u0119 i nazwisko USOS Email Telefon dr hab. Andrzej Harasimiuk \u00a0www \u00a0wy\u015blij e-mail \u00a055 20 622 dr hab.\u00a0 Piotr Szwarczewski \u00a0www \u00a0wy\u015blij e-mail \u00a055 20 622 mgr Marta Narloch wy\u015blij e-mail 55 20 622<\/p>\n","protected":false},"author":2,"featured_media":0,"parent":0,"menu_order":0,"comment_status":"closed","ping_status":"closed","template":"","meta":{"footnotes":""},"class_list":["post-93","page","type-page","status-publish","czr-hentry"],"yoast_head":"<!-- This site is optimized with the Yoast SEO plugin v27.4 - https:\/\/yoast.com\/product\/yoast-seo-wordpress\/ -->\n<title>Laboratorium Analiz \u015arodowiskowych - Katedra Geografii Fizycznej, Wydzia\u0142 Geografii i Studi\u00f3w Regionalnych UW<\/title>\n<meta name=\"robots\" content=\"index, follow, max-snippet:-1, max-image-preview:large, max-video-preview:-1\" \/>\n<link rel=\"canonical\" href=\"https:\/\/kgf.wgsr.uw.edu.pl\/?page_id=93\" \/>\n<meta property=\"og:locale\" content=\"pl_PL\" \/>\n<meta property=\"og:type\" content=\"article\" \/>\n<meta property=\"og:title\" content=\"Laboratorium Analiz \u015arodowiskowych - Katedra Geografii Fizycznej, Wydzia\u0142 Geografii i Studi\u00f3w Regionalnych UW\" \/>\n<meta property=\"og:description\" content=\"Laboratorium Analiz \u015arodowiskowych pok. 029 i 034 tel. (22) 55 20 622 Kierownik jednostki:\u00a0\u00a0dr hab. Andrzej Harasimiuk Imi\u0119 i nazwisko USOS Email Telefon dr hab. Andrzej Harasimiuk \u00a0www \u00a0wy\u015blij e-mail \u00a055 20 622 dr hab.\u00a0 Piotr Szwarczewski \u00a0www \u00a0wy\u015blij e-mail \u00a055 20 622 mgr Marta Narloch wy\u015blij e-mail 55 20 622\" \/>\n<meta property=\"og:url\" content=\"https:\/\/kgf.wgsr.uw.edu.pl\/?page_id=93\" \/>\n<meta property=\"og:site_name\" content=\"Katedra Geografii Fizycznej, Wydzia\u0142 Geografii i Studi\u00f3w Regionalnych UW\" \/>\n<meta property=\"article:modified_time\" content=\"2025-01-14T08:54:57+00:00\" \/>\n<meta name=\"twitter:card\" content=\"summary_large_image\" \/>\n<meta name=\"twitter:label1\" content=\"Szacowany czas czytania\" \/>\n\t<meta name=\"twitter:data1\" content=\"1 minuta\" \/>\n<script type=\"application\/ld+json\" class=\"yoast-schema-graph\">{\"@context\":\"https:\\\/\\\/schema.org\",\"@graph\":[{\"@type\":\"WebPage\",\"@id\":\"https:\\\/\\\/kgf.wgsr.uw.edu.pl\\\/?page_id=93\",\"url\":\"https:\\\/\\\/kgf.wgsr.uw.edu.pl\\\/?page_id=93\",\"name\":\"Laboratorium Analiz \u015arodowiskowych - Katedra Geografii Fizycznej, Wydzia\u0142 Geografii i Studi\u00f3w Regionalnych UW\",\"isPartOf\":{\"@id\":\"https:\\\/\\\/kgf.wgsr.uw.edu.pl\\\/#website\"},\"datePublished\":\"2021-03-18T06:45:40+00:00\",\"dateModified\":\"2025-01-14T08:54:57+00:00\",\"breadcrumb\":{\"@id\":\"https:\\\/\\\/kgf.wgsr.uw.edu.pl\\\/?page_id=93#breadcrumb\"},\"inLanguage\":\"pl-PL\",\"potentialAction\":[{\"@type\":\"ReadAction\",\"target\":[\"https:\\\/\\\/kgf.wgsr.uw.edu.pl\\\/?page_id=93\"]}]},{\"@type\":\"BreadcrumbList\",\"@id\":\"https:\\\/\\\/kgf.wgsr.uw.edu.pl\\\/?page_id=93#breadcrumb\",\"itemListElement\":[{\"@type\":\"ListItem\",\"position\":1,\"name\":\"Strona g\u0142\u00f3wna\",\"item\":\"https:\\\/\\\/kgf.wgsr.uw.edu.pl\\\/\"},{\"@type\":\"ListItem\",\"position\":2,\"name\":\"Laboratorium Analiz \u015arodowiskowych\"}]},{\"@type\":\"WebSite\",\"@id\":\"https:\\\/\\\/kgf.wgsr.uw.edu.pl\\\/#website\",\"url\":\"https:\\\/\\\/kgf.wgsr.uw.edu.pl\\\/\",\"name\":\"Katedra Geografii Fizycznej, Wydzia\u0142 Geografii i Studi\u00f3w Regionalnych UW\",\"description\":\"\",\"publisher\":{\"@id\":\"https:\\\/\\\/kgf.wgsr.uw.edu.pl\\\/#organization\"},\"potentialAction\":[{\"@type\":\"SearchAction\",\"target\":{\"@type\":\"EntryPoint\",\"urlTemplate\":\"https:\\\/\\\/kgf.wgsr.uw.edu.pl\\\/?s={search_term_string}\"},\"query-input\":{\"@type\":\"PropertyValueSpecification\",\"valueRequired\":true,\"valueName\":\"search_term_string\"}}],\"inLanguage\":\"pl-PL\"},{\"@type\":\"Organization\",\"@id\":\"https:\\\/\\\/kgf.wgsr.uw.edu.pl\\\/#organization\",\"name\":\"Katedra Geografii Fizycznej, Wydzia\u0142 Geografii i Studi\u00f3w Regionalnych UW\",\"url\":\"https:\\\/\\\/kgf.wgsr.uw.edu.pl\\\/\",\"logo\":{\"@type\":\"ImageObject\",\"inLanguage\":\"pl-PL\",\"@id\":\"https:\\\/\\\/kgf.wgsr.uw.edu.pl\\\/#\\\/schema\\\/logo\\\/image\\\/\",\"url\":\"https:\\\/\\\/kgf.wgsr.uw.edu.pl\\\/wp-content\\\/uploads\\\/2023\\\/08\\\/cropped-Katedra.png\",\"contentUrl\":\"https:\\\/\\\/kgf.wgsr.uw.edu.pl\\\/wp-content\\\/uploads\\\/2023\\\/08\\\/cropped-Katedra.png\",\"width\":1230,\"height\":328,\"caption\":\"Katedra Geografii Fizycznej, Wydzia\u0142 Geografii i Studi\u00f3w Regionalnych UW\"},\"image\":{\"@id\":\"https:\\\/\\\/kgf.wgsr.uw.edu.pl\\\/#\\\/schema\\\/logo\\\/image\\\/\"}}]}<\/script>\n<!-- \/ Yoast SEO plugin. -->","yoast_head_json":{"title":"Laboratorium Analiz \u015arodowiskowych - Katedra Geografii Fizycznej, Wydzia\u0142 Geografii i Studi\u00f3w Regionalnych UW","robots":{"index":"index","follow":"follow","max-snippet":"max-snippet:-1","max-image-preview":"max-image-preview:large","max-video-preview":"max-video-preview:-1"},"canonical":"https:\/\/kgf.wgsr.uw.edu.pl\/?page_id=93","og_locale":"pl_PL","og_type":"article","og_title":"Laboratorium Analiz \u015arodowiskowych - Katedra Geografii Fizycznej, Wydzia\u0142 Geografii i Studi\u00f3w Regionalnych UW","og_description":"Laboratorium Analiz \u015arodowiskowych pok. 029 i 034 tel. (22) 55 20 622 Kierownik jednostki:\u00a0\u00a0dr hab. Andrzej Harasimiuk Imi\u0119 i nazwisko USOS Email Telefon dr hab. Andrzej Harasimiuk \u00a0www \u00a0wy\u015blij e-mail \u00a055 20 622 dr hab.\u00a0 Piotr Szwarczewski \u00a0www \u00a0wy\u015blij e-mail \u00a055 20 622 mgr Marta Narloch wy\u015blij e-mail 55 20 622","og_url":"https:\/\/kgf.wgsr.uw.edu.pl\/?page_id=93","og_site_name":"Katedra Geografii Fizycznej, Wydzia\u0142 Geografii i Studi\u00f3w Regionalnych UW","article_modified_time":"2025-01-14T08:54:57+00:00","twitter_card":"summary_large_image","twitter_misc":{"Szacowany czas czytania":"1 minuta"},"schema":{"@context":"https:\/\/schema.org","@graph":[{"@type":"WebPage","@id":"https:\/\/kgf.wgsr.uw.edu.pl\/?page_id=93","url":"https:\/\/kgf.wgsr.uw.edu.pl\/?page_id=93","name":"Laboratorium Analiz \u015arodowiskowych - Katedra Geografii Fizycznej, Wydzia\u0142 Geografii i Studi\u00f3w Regionalnych UW","isPartOf":{"@id":"https:\/\/kgf.wgsr.uw.edu.pl\/#website"},"datePublished":"2021-03-18T06:45:40+00:00","dateModified":"2025-01-14T08:54:57+00:00","breadcrumb":{"@id":"https:\/\/kgf.wgsr.uw.edu.pl\/?page_id=93#breadcrumb"},"inLanguage":"pl-PL","potentialAction":[{"@type":"ReadAction","target":["https:\/\/kgf.wgsr.uw.edu.pl\/?page_id=93"]}]},{"@type":"BreadcrumbList","@id":"https:\/\/kgf.wgsr.uw.edu.pl\/?page_id=93#breadcrumb","itemListElement":[{"@type":"ListItem","position":1,"name":"Strona g\u0142\u00f3wna","item":"https:\/\/kgf.wgsr.uw.edu.pl\/"},{"@type":"ListItem","position":2,"name":"Laboratorium Analiz \u015arodowiskowych"}]},{"@type":"WebSite","@id":"https:\/\/kgf.wgsr.uw.edu.pl\/#website","url":"https:\/\/kgf.wgsr.uw.edu.pl\/","name":"Katedra Geografii Fizycznej, Wydzia\u0142 Geografii i Studi\u00f3w Regionalnych UW","description":"","publisher":{"@id":"https:\/\/kgf.wgsr.uw.edu.pl\/#organization"},"potentialAction":[{"@type":"SearchAction","target":{"@type":"EntryPoint","urlTemplate":"https:\/\/kgf.wgsr.uw.edu.pl\/?s={search_term_string}"},"query-input":{"@type":"PropertyValueSpecification","valueRequired":true,"valueName":"search_term_string"}}],"inLanguage":"pl-PL"},{"@type":"Organization","@id":"https:\/\/kgf.wgsr.uw.edu.pl\/#organization","name":"Katedra Geografii Fizycznej, Wydzia\u0142 Geografii i Studi\u00f3w Regionalnych UW","url":"https:\/\/kgf.wgsr.uw.edu.pl\/","logo":{"@type":"ImageObject","inLanguage":"pl-PL","@id":"https:\/\/kgf.wgsr.uw.edu.pl\/#\/schema\/logo\/image\/","url":"https:\/\/kgf.wgsr.uw.edu.pl\/wp-content\/uploads\/2023\/08\/cropped-Katedra.png","contentUrl":"https:\/\/kgf.wgsr.uw.edu.pl\/wp-content\/uploads\/2023\/08\/cropped-Katedra.png","width":1230,"height":328,"caption":"Katedra Geografii Fizycznej, Wydzia\u0142 Geografii i Studi\u00f3w Regionalnych UW"},"image":{"@id":"https:\/\/kgf.wgsr.uw.edu.pl\/#\/schema\/logo\/image\/"}}]}},"_links":{"self":[{"href":"https:\/\/kgf.wgsr.uw.edu.pl\/index.php?rest_route=\/wp\/v2\/pages\/93","targetHints":{"allow":["GET"]}}],"collection":[{"href":"https:\/\/kgf.wgsr.uw.edu.pl\/index.php?rest_route=\/wp\/v2\/pages"}],"about":[{"href":"https:\/\/kgf.wgsr.uw.edu.pl\/index.php?rest_route=\/wp\/v2\/types\/page"}],"author":[{"embeddable":true,"href":"https:\/\/kgf.wgsr.uw.edu.pl\/index.php?rest_route=\/wp\/v2\/users\/2"}],"replies":[{"embeddable":true,"href":"https:\/\/kgf.wgsr.uw.edu.pl\/index.php?rest_route=%2Fwp%2Fv2%2Fcomments&post=93"}],"version-history":[{"count":3,"href":"https:\/\/kgf.wgsr.uw.edu.pl\/index.php?rest_route=\/wp\/v2\/pages\/93\/revisions"}],"predecessor-version":[{"id":2926,"href":"https:\/\/kgf.wgsr.uw.edu.pl\/index.php?rest_route=\/wp\/v2\/pages\/93\/revisions\/2926"}],"wp:attachment":[{"href":"https:\/\/kgf.wgsr.uw.edu.pl\/index.php?rest_route=%2Fwp%2Fv2%2Fmedia&parent=93"}],"curies":[{"name":"wp","href":"https:\/\/api.w.org\/{rel}","templated":true}]}}