{"id":91,"date":"2021-03-18T07:45:06","date_gmt":"2021-03-18T06:45:06","guid":{"rendered":"https:\/\/wgsr.uw.edu.pl\/kgf\/?page_id=91"},"modified":"2025-10-01T10:48:34","modified_gmt":"2025-10-01T10:48:34","slug":"klimatologia","status":"publish","type":"page","link":"https:\/\/kgf.wgsr.uw.edu.pl\/?page_id=91","title":{"rendered":"Zak\u0142ad Klimatologii"},"content":{"rendered":"\r\n<p class=\"has-text-align-center\" style=\"text-align: left;\"><a href=\"https:\/\/kgf.wgsr.uw.edu.pl\/?page_id=91\">O nas<\/a> \u2013 <a href=\"https:\/\/kgf.wgsr.uw.edu.pl\/?page_id=416\">Zesp\u00f3\u0142<\/a> \u2013 <a href=\"https:\/\/kgf.wgsr.uw.edu.pl\/?page_id=419\">Dzia\u0142alno\u015b\u0107 naukowa<\/a> \u2013 <a href=\"https:\/\/kgf.wgsr.uw.edu.pl\/?page_id=423\">Dydaktyka<\/a> \u2013 <a href=\"https:\/\/kgf.wgsr.uw.edu.pl\/?page_id=1612\">Zebrania Zak\u0142adu<\/a> \u2013 <a href=\"https:\/\/kgf.wgsr.uw.edu.pl\/?page_id=430\">Historia<\/a><\/p>\r\n\r\n\r\n\r\n<div class=\"wp-block-media-text alignwide is-stacked-on-mobile\" style=\"grid-template-columns: 36% auto;\">\r\n<figure class=\"wp-block-media-text__media\"><img decoding=\"async\" class=\"wp-image-604 size-medium\" src=\"https:\/\/wgsr.uw.edu.pl\/kgf\/wp-content\/uploads\/2021\/03\/Klimatologia-1-300x136.png\" alt=\"\" \/><\/figure>\r\n<div class=\"wp-block-media-text__content\">\r\n<p><strong>ZAK\u0141AD KLIMATOLOGII<\/strong><br \/>Katedra Geografii Fizycznej<br \/>Wydzia\u0142 Geografii i Studi\u00f3w Regionalnych<br \/>Uniwersytet Warszawski<br \/>ul. Krakowskie Przedmie\u015bcie 30<br \/>00-927 Warszawa<\/p>\r\n<\/div>\r\n<\/div>\r\n\r\n\r\n\r\n<p>Kierownikiem Zak\u0142adu jest dr hab. Elwira \u017bmudzka, prof. ucz.<\/p>\r\n\r\n\r\n\r\n<p><strong>Kontakt z Zak\u0142adem:<br \/><\/strong>pok\u00f3j 218 (II pi\u0119tro) <br \/>telefon: +48 22 55 20 645<\/p>\r\n\r\n\r\n\r\n<p><strong>Dla medi\u00f3w:<br \/><\/strong>Dziennikarzy chc\u0105cych uzyska\u0107 wypowiedzi pracownik\u00f3w Zak\u0142adu Klimatologii prosimy o kontakt z Biurem Prasowym lub Centrum Wsp\u00f3\u0142pracy i Dialogu Uniwersytetu Warszawskiego:<\/p>\r\n<p><span style=\"text-decoration: underline;\">Biuro Prasowe UW<\/span><br \/>telefon: +48 22 55 20 740, +48 22 55 20 656, +48 22 55 24 066<br \/>e-mail: <a href=\"mailto:media@uw.edu.pl\">media@uw.edu.pl<\/a><\/p>\r\n<p><span style=\"text-decoration: underline;\">Centrum Wsp\u00f3\u0142pracy i Dialogu UW<\/span><br \/>telefon: +48 22 55 20 055<br \/>e-mail: <a href=\"mailto:kontakt@cwid.uw.edu.pl\">kontakt@cwid.uw.edu.pl<\/a><\/p>\r\n\r\n\r\n","protected":false},"excerpt":{"rendered":"<p>O nas \u2013 Zesp\u00f3\u0142 \u2013 Dzia\u0142alno\u015b\u0107 naukowa \u2013 Dydaktyka \u2013 Zebrania Zak\u0142adu \u2013 Historia ZAK\u0141AD KLIMATOLOGIIKatedra Geografii FizycznejWydzia\u0142 Geografii i Studi\u00f3w RegionalnychUniwersytet Warszawskiul. Krakowskie Przedmie\u015bcie 3000-927 Warszawa Kierownikiem Zak\u0142adu jest dr hab. Elwira \u017bmudzka, prof. ucz. Kontakt z Zak\u0142adem:pok\u00f3j 218 (II pi\u0119tro) telefon: +48 22 55 20 645 Dla medi\u00f3w:Dziennikarzy chc\u0105cych uzyska\u0107 wypowiedzi pracownik\u00f3w Zak\u0142adu [&hellip;]<\/p>\n","protected":false},"author":2,"featured_media":0,"parent":0,"menu_order":0,"comment_status":"closed","ping_status":"closed","template":"","meta":{"footnotes":""},"class_list":["post-91","page","type-page","status-publish","czr-hentry"],"yoast_head":"<!-- This site is optimized with the Yoast SEO plugin v21.3 - https:\/\/yoast.com\/wordpress\/plugins\/seo\/ -->\n<title>Zak\u0142ad Klimatologii - Katedra Geografii Fizycznej, Wydzia\u0142 Geografii i Studi\u00f3w Regionalnych UW<\/title>\n<meta name=\"robots\" content=\"index, follow, max-snippet:-1, max-image-preview:large, max-video-preview:-1\" \/>\n<link rel=\"canonical\" href=\"https:\/\/kgf.wgsr.uw.edu.pl\/?page_id=91\" \/>\n<meta property=\"og:locale\" content=\"pl_PL\" \/>\n<meta property=\"og:type\" content=\"article\" \/>\n<meta property=\"og:title\" content=\"Zak\u0142ad Klimatologii - Katedra Geografii Fizycznej, Wydzia\u0142 Geografii i Studi\u00f3w Regionalnych UW\" \/>\n<meta property=\"og:description\" content=\"O nas \u2013 Zesp\u00f3\u0142 \u2013 Dzia\u0142alno\u015b\u0107 naukowa \u2013 Dydaktyka \u2013 Zebrania Zak\u0142adu \u2013 Historia ZAK\u0141AD KLIMATOLOGIIKatedra Geografii FizycznejWydzia\u0142 Geografii i Studi\u00f3w RegionalnychUniwersytet Warszawskiul. Krakowskie Przedmie\u015bcie 3000-927 Warszawa Kierownikiem Zak\u0142adu jest dr hab. Elwira \u017bmudzka, prof. ucz. Kontakt z Zak\u0142adem:pok\u00f3j 218 (II pi\u0119tro) telefon: +48 22 55 20 645 Dla medi\u00f3w:Dziennikarzy chc\u0105cych uzyska\u0107 wypowiedzi pracownik\u00f3w Zak\u0142adu [&hellip;]\" \/>\n<meta property=\"og:url\" content=\"https:\/\/kgf.wgsr.uw.edu.pl\/?page_id=91\" \/>\n<meta property=\"og:site_name\" content=\"Katedra Geografii Fizycznej, Wydzia\u0142 Geografii i Studi\u00f3w Regionalnych UW\" \/>\n<meta property=\"article:modified_time\" content=\"2025-10-01T10:48:34+00:00\" \/>\n<meta property=\"og:image\" content=\"https:\/\/wgsr.uw.edu.pl\/kgf\/wp-content\/uploads\/2021\/03\/Klimatologia-1-300x136.png\" \/>\n<meta name=\"twitter:card\" content=\"summary_large_image\" \/>\n<meta name=\"twitter:label1\" content=\"Szacowany czas czytania\" \/>\n\t<meta name=\"twitter:data1\" content=\"1 minuta\" \/>\n<script type=\"application\/ld+json\" class=\"yoast-schema-graph\">{\"@context\":\"https:\/\/schema.org\",\"@graph\":[{\"@type\":\"WebPage\",\"@id\":\"https:\/\/kgf.wgsr.uw.edu.pl\/?page_id=91\",\"url\":\"https:\/\/kgf.wgsr.uw.edu.pl\/?page_id=91\",\"name\":\"Zak\u0142ad Klimatologii - Katedra Geografii Fizycznej, Wydzia\u0142 Geografii i Studi\u00f3w Regionalnych UW\",\"isPartOf\":{\"@id\":\"https:\/\/kgf.wgsr.uw.edu.pl\/#website\"},\"datePublished\":\"2021-03-18T06:45:06+00:00\",\"dateModified\":\"2025-10-01T10:48:34+00:00\",\"breadcrumb\":{\"@id\":\"https:\/\/kgf.wgsr.uw.edu.pl\/?page_id=91#breadcrumb\"},\"inLanguage\":\"pl-PL\",\"potentialAction\":[{\"@type\":\"ReadAction\",\"target\":[\"https:\/\/kgf.wgsr.uw.edu.pl\/?page_id=91\"]}]},{\"@type\":\"BreadcrumbList\",\"@id\":\"https:\/\/kgf.wgsr.uw.edu.pl\/?page_id=91#breadcrumb\",\"itemListElement\":[{\"@type\":\"ListItem\",\"position\":1,\"name\":\"Strona g\u0142\u00f3wna\",\"item\":\"https:\/\/kgf.wgsr.uw.edu.pl\/\"},{\"@type\":\"ListItem\",\"position\":2,\"name\":\"Zak\u0142ad Klimatologii\"}]},{\"@type\":\"WebSite\",\"@id\":\"https:\/\/kgf.wgsr.uw.edu.pl\/#website\",\"url\":\"https:\/\/kgf.wgsr.uw.edu.pl\/\",\"name\":\"Katedra Geografii Fizycznej, Wydzia\u0142 Geografii i Studi\u00f3w Regionalnych UW\",\"description\":\"\",\"publisher\":{\"@id\":\"https:\/\/kgf.wgsr.uw.edu.pl\/#organization\"},\"potentialAction\":[{\"@type\":\"SearchAction\",\"target\":{\"@type\":\"EntryPoint\",\"urlTemplate\":\"https:\/\/kgf.wgsr.uw.edu.pl\/?s={search_term_string}\"},\"query-input\":\"required name=search_term_string\"}],\"inLanguage\":\"pl-PL\"},{\"@type\":\"Organization\",\"@id\":\"https:\/\/kgf.wgsr.uw.edu.pl\/#organization\",\"name\":\"Katedra Geografii Fizycznej, Wydzia\u0142 Geografii i Studi\u00f3w Regionalnych UW\",\"url\":\"https:\/\/kgf.wgsr.uw.edu.pl\/\",\"logo\":{\"@type\":\"ImageObject\",\"inLanguage\":\"pl-PL\",\"@id\":\"https:\/\/kgf.wgsr.uw.edu.pl\/#\/schema\/logo\/image\/\",\"url\":\"https:\/\/kgf.wgsr.uw.edu.pl\/wp-content\/uploads\/2023\/08\/cropped-Katedra.png\",\"contentUrl\":\"https:\/\/kgf.wgsr.uw.edu.pl\/wp-content\/uploads\/2023\/08\/cropped-Katedra.png\",\"width\":1230,\"height\":328,\"caption\":\"Katedra Geografii Fizycznej, Wydzia\u0142 Geografii i Studi\u00f3w Regionalnych UW\"},\"image\":{\"@id\":\"https:\/\/kgf.wgsr.uw.edu.pl\/#\/schema\/logo\/image\/\"}}]}<\/script>\n<!-- \/ Yoast SEO plugin. -->","yoast_head_json":{"title":"Zak\u0142ad Klimatologii - Katedra Geografii Fizycznej, Wydzia\u0142 Geografii i Studi\u00f3w Regionalnych UW","robots":{"index":"index","follow":"follow","max-snippet":"max-snippet:-1","max-image-preview":"max-image-preview:large","max-video-preview":"max-video-preview:-1"},"canonical":"https:\/\/kgf.wgsr.uw.edu.pl\/?page_id=91","og_locale":"pl_PL","og_type":"article","og_title":"Zak\u0142ad Klimatologii - Katedra Geografii Fizycznej, Wydzia\u0142 Geografii i Studi\u00f3w Regionalnych UW","og_description":"O nas \u2013 Zesp\u00f3\u0142 \u2013 Dzia\u0142alno\u015b\u0107 naukowa \u2013 Dydaktyka \u2013 Zebrania Zak\u0142adu \u2013 Historia ZAK\u0141AD KLIMATOLOGIIKatedra Geografii FizycznejWydzia\u0142 Geografii i Studi\u00f3w RegionalnychUniwersytet Warszawskiul. Krakowskie Przedmie\u015bcie 3000-927 Warszawa Kierownikiem Zak\u0142adu jest dr hab. Elwira \u017bmudzka, prof. ucz. Kontakt z Zak\u0142adem:pok\u00f3j 218 (II pi\u0119tro) telefon: +48 22 55 20 645 Dla medi\u00f3w:Dziennikarzy chc\u0105cych uzyska\u0107 wypowiedzi pracownik\u00f3w Zak\u0142adu [&hellip;]","og_url":"https:\/\/kgf.wgsr.uw.edu.pl\/?page_id=91","og_site_name":"Katedra Geografii Fizycznej, Wydzia\u0142 Geografii i Studi\u00f3w Regionalnych UW","article_modified_time":"2025-10-01T10:48:34+00:00","og_image":[{"url":"https:\/\/wgsr.uw.edu.pl\/kgf\/wp-content\/uploads\/2021\/03\/Klimatologia-1-300x136.png"}],"twitter_card":"summary_large_image","twitter_misc":{"Szacowany czas czytania":"1 minuta"},"schema":{"@context":"https:\/\/schema.org","@graph":[{"@type":"WebPage","@id":"https:\/\/kgf.wgsr.uw.edu.pl\/?page_id=91","url":"https:\/\/kgf.wgsr.uw.edu.pl\/?page_id=91","name":"Zak\u0142ad Klimatologii - Katedra Geografii Fizycznej, Wydzia\u0142 Geografii i Studi\u00f3w Regionalnych UW","isPartOf":{"@id":"https:\/\/kgf.wgsr.uw.edu.pl\/#website"},"datePublished":"2021-03-18T06:45:06+00:00","dateModified":"2025-10-01T10:48:34+00:00","breadcrumb":{"@id":"https:\/\/kgf.wgsr.uw.edu.pl\/?page_id=91#breadcrumb"},"inLanguage":"pl-PL","potentialAction":[{"@type":"ReadAction","target":["https:\/\/kgf.wgsr.uw.edu.pl\/?page_id=91"]}]},{"@type":"BreadcrumbList","@id":"https:\/\/kgf.wgsr.uw.edu.pl\/?page_id=91#breadcrumb","itemListElement":[{"@type":"ListItem","position":1,"name":"Strona g\u0142\u00f3wna","item":"https:\/\/kgf.wgsr.uw.edu.pl\/"},{"@type":"ListItem","position":2,"name":"Zak\u0142ad Klimatologii"}]},{"@type":"WebSite","@id":"https:\/\/kgf.wgsr.uw.edu.pl\/#website","url":"https:\/\/kgf.wgsr.uw.edu.pl\/","name":"Katedra Geografii Fizycznej, Wydzia\u0142 Geografii i Studi\u00f3w Regionalnych UW","description":"","publisher":{"@id":"https:\/\/kgf.wgsr.uw.edu.pl\/#organization"},"potentialAction":[{"@type":"SearchAction","target":{"@type":"EntryPoint","urlTemplate":"https:\/\/kgf.wgsr.uw.edu.pl\/?s={search_term_string}"},"query-input":"required name=search_term_string"}],"inLanguage":"pl-PL"},{"@type":"Organization","@id":"https:\/\/kgf.wgsr.uw.edu.pl\/#organization","name":"Katedra Geografii Fizycznej, Wydzia\u0142 Geografii i Studi\u00f3w Regionalnych UW","url":"https:\/\/kgf.wgsr.uw.edu.pl\/","logo":{"@type":"ImageObject","inLanguage":"pl-PL","@id":"https:\/\/kgf.wgsr.uw.edu.pl\/#\/schema\/logo\/image\/","url":"https:\/\/kgf.wgsr.uw.edu.pl\/wp-content\/uploads\/2023\/08\/cropped-Katedra.png","contentUrl":"https:\/\/kgf.wgsr.uw.edu.pl\/wp-content\/uploads\/2023\/08\/cropped-Katedra.png","width":1230,"height":328,"caption":"Katedra Geografii Fizycznej, Wydzia\u0142 Geografii i Studi\u00f3w Regionalnych UW"},"image":{"@id":"https:\/\/kgf.wgsr.uw.edu.pl\/#\/schema\/logo\/image\/"}}]}},"_links":{"self":[{"href":"https:\/\/kgf.wgsr.uw.edu.pl\/index.php?rest_route=\/wp\/v2\/pages\/91","targetHints":{"allow":["GET"]}}],"collection":[{"href":"https:\/\/kgf.wgsr.uw.edu.pl\/index.php?rest_route=\/wp\/v2\/pages"}],"about":[{"href":"https:\/\/kgf.wgsr.uw.edu.pl\/index.php?rest_route=\/wp\/v2\/types\/page"}],"author":[{"embeddable":true,"href":"https:\/\/kgf.wgsr.uw.edu.pl\/index.php?rest_route=\/wp\/v2\/users\/2"}],"replies":[{"embeddable":true,"href":"https:\/\/kgf.wgsr.uw.edu.pl\/index.php?rest_route=%2Fwp%2Fv2%2Fcomments&post=91"}],"version-history":[{"count":5,"href":"https:\/\/kgf.wgsr.uw.edu.pl\/index.php?rest_route=\/wp\/v2\/pages\/91\/revisions"}],"predecessor-version":[{"id":3207,"href":"https:\/\/kgf.wgsr.uw.edu.pl\/index.php?rest_route=\/wp\/v2\/pages\/91\/revisions\/3207"}],"wp:attachment":[{"href":"https:\/\/kgf.wgsr.uw.edu.pl\/index.php?rest_route=%2Fwp%2Fv2%2Fmedia&parent=91"}],"curies":[{"name":"wp","href":"https:\/\/api.w.org\/{rel}","templated":true}]}}