{"id":89,"date":"2021-03-18T07:44:43","date_gmt":"2021-03-18T06:44:43","guid":{"rendered":"https:\/\/wgsr.uw.edu.pl\/kgf\/?page_id=89"},"modified":"2025-10-09T07:01:41","modified_gmt":"2025-10-09T07:01:41","slug":"hydrologia","status":"publish","type":"page","link":"https:\/\/kgf.wgsr.uw.edu.pl\/?page_id=89","title":{"rendered":"Zak\u0142ad Hydrologii"},"content":{"rendered":"\r\n<p id=\"block-dbc56a08-555e-4d86-901e-7b4ed2988b0b\" class=\"wp-block-heading block-editor-rich-text__editable block-editor-block-list__block wp-block is-selected rich-text\" style=\"text-align: left;\"><span style=\"font-size: 12pt;\"><a href=\"https:\/\/kgf.wgsr.uw.edu.pl\/?page_id=89\">O nas<\/a>\u00a0\u2013<a href=\"https:\/\/kgf.wgsr.uw.edu.pl\/?page_id=170\">\u00a0Zesp\u00f3\u0142<\/a>\u00a0\u2013 \u00a0<a href=\"https:\/\/kgf.wgsr.uw.edu.pl\/?page_id=354\">Nauka<\/a>\u00a0\u2013\u00a0<a href=\"https:\/\/kgf.wgsr.uw.edu.pl\/?page_id=356\">Dydaktyka<\/a>\u00a0 \u2013\u00a0<a href=\"https:\/\/kgf.wgsr.uw.edu.pl\/?page_id=482\">Zosta\u0144 Hydrologiem<\/a>\u00a0\u2013\u00a0<a href=\"https:\/\/kgf.wgsr.uw.edu.pl\/?page_id=358\">Historia<\/a><\/span><\/p>\r\n\r\n\r\n\r\n<div>\u00a0<\/div>\r\n\r\n<div><img loading=\"lazy\" decoding=\"async\" class=\"size-medium wp-image-2466 alignleft\" src=\"https:\/\/kgf.wgsr.uw.edu.pl\/wp-content\/uploads\/2023\/10\/Hydrologia-300x136.png\" alt=\"\" width=\"300\" height=\"136\" srcset=\"https:\/\/kgf.wgsr.uw.edu.pl\/wp-content\/uploads\/2023\/10\/Hydrologia-300x136.png 300w, https:\/\/kgf.wgsr.uw.edu.pl\/wp-content\/uploads\/2023\/10\/Hydrologia-517x235.png 517w, https:\/\/kgf.wgsr.uw.edu.pl\/wp-content\/uploads\/2023\/10\/Hydrologia.png 727w\" sizes=\"auto, (max-width: 300px) 100vw, 300px\" \/><strong>Zak\u0142ad Hydrologii<\/strong><\/div>\r\n<div>Katedra Geografii Fizycznej<\/div>\r\n<div>Wydzia\u0142 Geografii i Studi\u00f3w Regionalnych<\/div>\r\n<div>Uniwersytet Warszawski<\/div>\r\n<div>ul. Krakowskie Przedmie\u015bcie 30<\/div>\r\n<div>00-927 Warszawa<\/div>\r\n<div>tel.\u00a022 5520635<\/div>\r\n<div>\u00a0<\/div>\r\n<div>Mie\u015bcimy si\u0119 w pokojach 125, 124 i 123<\/div>\r\n<p>Kierownikiem Zak\u0142adu jest\u00a0dr hab. Artur Magnuszewski, prof. ucz.<\/p>\r\n<p>Dane kontaktowe pracownik\u00f3w Zak\u0142adu Hydrologii dost\u0119pne s\u0105 w zak\u0142adce &gt;<a href=\"https:\/\/kgf.wgsr.uw.edu.pl\/?page_id=170\">Zesp\u00f3\u0142<\/a>&lt;<\/p>\r\n<!-- \/wp:post-content -->\r\n\r\n<!-- wp:paragraph -->\r\n<p><a href=\"https:\/\/www.facebook.com\/hydrouw\/\"><img loading=\"lazy\" decoding=\"async\" class=\"alignnone wp-image-2942\" src=\"https:\/\/kgf.wgsr.uw.edu.pl\/wp-content\/uploads\/2025\/01\/facebook_2504903-150x150.png\" alt=\"\" width=\"31\" height=\"31\" srcset=\"https:\/\/kgf.wgsr.uw.edu.pl\/wp-content\/uploads\/2025\/01\/facebook_2504903-150x150.png 150w, https:\/\/kgf.wgsr.uw.edu.pl\/wp-content\/uploads\/2025\/01\/facebook_2504903-300x300.png 300w, https:\/\/kgf.wgsr.uw.edu.pl\/wp-content\/uploads\/2025\/01\/facebook_2504903.png 512w, https:\/\/kgf.wgsr.uw.edu.pl\/wp-content\/uploads\/2025\/01\/facebook_2504903-510x510.png 510w\" sizes=\"auto, (max-width: 31px) 100vw, 31px\" \/><\/a>\u00a0<a href=\"https:\/\/www.facebook.com\/hydrouw\/\" target=\"_self\" rel=\"noopener\">Do\u0142\u0105cz do nas na Facebooku\u00a0<\/a><\/p>\r\n<p><img loading=\"lazy\" decoding=\"async\" class=\"alignnone wp-image-3228\" src=\"https:\/\/kgf.wgsr.uw.edu.pl\/wp-content\/uploads\/2025\/10\/instagram-wektor-logo-ikona-logotyp-mediow-spolecznosciowych_901408-392-300x300.avif\" alt=\"\" width=\"32\" height=\"32\" \/><a href=\"https:\/\/www.instagram.com\/hydrologiauw\/\">Do\u0142\u0105cz do nas na Instagramie<\/a><\/p>\r\n<!-- \/wp:paragraph -->\r\n\r\n<!-- wp:html -->\r\n<div id=\"fb-root\">\u00a0<\/div>\r\n<p><script async defer crossorigin=\"anonymous\" src=\"https:\/\/connect.facebook.net\/pl_PL\/sdk.js#xfbml=1&#038;version=v10.0\" nonce=\"1JaTgOz4\"><\/script><\/p>\r\n<div class=\"fb-page\" data-href=\"https:\/\/www.facebook.com\/hydrouw\/\" data-tabs=\"timeline\" data-width=\"500\" data-height=\"\" data-small-header=\"true\" data-adapt-container-width=\"true\" data-hide-cover=\"false\" data-show-facepile=\"true\">\r\n<blockquote class=\"fb-xfbml-parse-ignore\" cite=\"https:\/\/www.facebook.com\/hydrouw\/\"><a href=\"https:\/\/www.facebook.com\/hydrouw\/\">Zak\u0142ad Hydrologii WGSR UW<\/a><\/blockquote>\r\n<\/div>\r\n<!-- \/wp:html -->","protected":false},"excerpt":{"rendered":"<p>O nas\u00a0\u2013\u00a0Zesp\u00f3\u0142\u00a0\u2013 \u00a0Nauka\u00a0\u2013\u00a0Dydaktyka\u00a0 \u2013\u00a0Zosta\u0144 Hydrologiem\u00a0\u2013\u00a0Historia \u00a0 Zak\u0142ad Hydrologii Katedra Geografii Fizycznej Wydzia\u0142 Geografii i Studi\u00f3w Regionalnych Uniwersytet Warszawski ul. Krakowskie Przedmie\u015bcie 30 00-927 Warszawa tel.\u00a022 5520635 \u00a0 Mie\u015bcimy si\u0119 w pokojach 125, 124 i 123 Kierownikiem Zak\u0142adu jest\u00a0dr hab. Artur Magnuszewski, prof. ucz. Dane kontaktowe pracownik\u00f3w Zak\u0142adu Hydrologii dost\u0119pne s\u0105 w zak\u0142adce &gt;Zesp\u00f3\u0142&lt; \u00a0Do\u0142\u0105cz do [&hellip;]<\/p>\n","protected":false},"author":2,"featured_media":0,"parent":0,"menu_order":0,"comment_status":"closed","ping_status":"closed","template":"","meta":{"footnotes":""},"class_list":["post-89","page","type-page","status-publish","czr-hentry"],"yoast_head":"<!-- This site is optimized with the Yoast SEO plugin v21.3 - https:\/\/yoast.com\/wordpress\/plugins\/seo\/ -->\n<title>Zak\u0142ad Hydrologii - Katedra Geografii Fizycznej, Wydzia\u0142 Geografii i Studi\u00f3w Regionalnych UW<\/title>\n<meta name=\"description\" content=\"Zak\u0142ad Hydrologii, Katedra Geografii Fizycznej na Wydziale Geografii i Studi\u00f3w Regionalnych Uniwersytetu Warszawskiego.\" \/>\n<meta name=\"robots\" content=\"index, follow, max-snippet:-1, max-image-preview:large, max-video-preview:-1\" \/>\n<link rel=\"canonical\" href=\"https:\/\/kgf.wgsr.uw.edu.pl\/?page_id=89\" \/>\n<meta property=\"og:locale\" content=\"pl_PL\" \/>\n<meta property=\"og:type\" content=\"article\" \/>\n<meta property=\"og:title\" content=\"Zak\u0142ad Hydrologii - Katedra Geografii Fizycznej, Wydzia\u0142 Geografii i Studi\u00f3w Regionalnych UW\" \/>\n<meta property=\"og:description\" content=\"Zak\u0142ad Hydrologii, Katedra Geografii Fizycznej na Wydziale Geografii i Studi\u00f3w Regionalnych Uniwersytetu Warszawskiego.\" \/>\n<meta property=\"og:url\" content=\"https:\/\/kgf.wgsr.uw.edu.pl\/?page_id=89\" \/>\n<meta property=\"og:site_name\" content=\"Katedra Geografii Fizycznej, Wydzia\u0142 Geografii i Studi\u00f3w Regionalnych UW\" \/>\n<meta property=\"article:modified_time\" content=\"2025-10-09T07:01:41+00:00\" \/>\n<meta property=\"og:image\" content=\"https:\/\/kgf.wgsr.uw.edu.pl\/wp-content\/uploads\/2023\/10\/Hydrologia-300x136.png\" \/>\n<meta name=\"twitter:card\" content=\"summary_large_image\" \/>\n<meta name=\"twitter:label1\" content=\"Szacowany czas czytania\" \/>\n\t<meta name=\"twitter:data1\" content=\"1 minuta\" \/>\n<script type=\"application\/ld+json\" class=\"yoast-schema-graph\">{\"@context\":\"https:\/\/schema.org\",\"@graph\":[{\"@type\":\"WebPage\",\"@id\":\"https:\/\/kgf.wgsr.uw.edu.pl\/?page_id=89\",\"url\":\"https:\/\/kgf.wgsr.uw.edu.pl\/?page_id=89\",\"name\":\"Zak\u0142ad Hydrologii - Katedra Geografii Fizycznej, Wydzia\u0142 Geografii i Studi\u00f3w Regionalnych UW\",\"isPartOf\":{\"@id\":\"https:\/\/kgf.wgsr.uw.edu.pl\/#website\"},\"datePublished\":\"2021-03-18T06:44:43+00:00\",\"dateModified\":\"2025-10-09T07:01:41+00:00\",\"description\":\"Zak\u0142ad Hydrologii, Katedra Geografii Fizycznej na Wydziale Geografii i Studi\u00f3w Regionalnych Uniwersytetu Warszawskiego.\",\"breadcrumb\":{\"@id\":\"https:\/\/kgf.wgsr.uw.edu.pl\/?page_id=89#breadcrumb\"},\"inLanguage\":\"pl-PL\",\"potentialAction\":[{\"@type\":\"ReadAction\",\"target\":[\"https:\/\/kgf.wgsr.uw.edu.pl\/?page_id=89\"]}]},{\"@type\":\"BreadcrumbList\",\"@id\":\"https:\/\/kgf.wgsr.uw.edu.pl\/?page_id=89#breadcrumb\",\"itemListElement\":[{\"@type\":\"ListItem\",\"position\":1,\"name\":\"Strona g\u0142\u00f3wna\",\"item\":\"https:\/\/kgf.wgsr.uw.edu.pl\/\"},{\"@type\":\"ListItem\",\"position\":2,\"name\":\"Zak\u0142ad Hydrologii\"}]},{\"@type\":\"WebSite\",\"@id\":\"https:\/\/kgf.wgsr.uw.edu.pl\/#website\",\"url\":\"https:\/\/kgf.wgsr.uw.edu.pl\/\",\"name\":\"Katedra Geografii Fizycznej, Wydzia\u0142 Geografii i Studi\u00f3w Regionalnych UW\",\"description\":\"\",\"publisher\":{\"@id\":\"https:\/\/kgf.wgsr.uw.edu.pl\/#organization\"},\"potentialAction\":[{\"@type\":\"SearchAction\",\"target\":{\"@type\":\"EntryPoint\",\"urlTemplate\":\"https:\/\/kgf.wgsr.uw.edu.pl\/?s={search_term_string}\"},\"query-input\":\"required name=search_term_string\"}],\"inLanguage\":\"pl-PL\"},{\"@type\":\"Organization\",\"@id\":\"https:\/\/kgf.wgsr.uw.edu.pl\/#organization\",\"name\":\"Katedra Geografii Fizycznej, Wydzia\u0142 Geografii i Studi\u00f3w Regionalnych UW\",\"url\":\"https:\/\/kgf.wgsr.uw.edu.pl\/\",\"logo\":{\"@type\":\"ImageObject\",\"inLanguage\":\"pl-PL\",\"@id\":\"https:\/\/kgf.wgsr.uw.edu.pl\/#\/schema\/logo\/image\/\",\"url\":\"https:\/\/kgf.wgsr.uw.edu.pl\/wp-content\/uploads\/2023\/08\/cropped-Katedra.png\",\"contentUrl\":\"https:\/\/kgf.wgsr.uw.edu.pl\/wp-content\/uploads\/2023\/08\/cropped-Katedra.png\",\"width\":1230,\"height\":328,\"caption\":\"Katedra Geografii Fizycznej, Wydzia\u0142 Geografii i Studi\u00f3w Regionalnych UW\"},\"image\":{\"@id\":\"https:\/\/kgf.wgsr.uw.edu.pl\/#\/schema\/logo\/image\/\"}}]}<\/script>\n<!-- \/ Yoast SEO plugin. -->","yoast_head_json":{"title":"Zak\u0142ad Hydrologii - Katedra Geografii Fizycznej, Wydzia\u0142 Geografii i Studi\u00f3w Regionalnych UW","description":"Zak\u0142ad Hydrologii, Katedra Geografii Fizycznej na Wydziale Geografii i Studi\u00f3w Regionalnych Uniwersytetu Warszawskiego.","robots":{"index":"index","follow":"follow","max-snippet":"max-snippet:-1","max-image-preview":"max-image-preview:large","max-video-preview":"max-video-preview:-1"},"canonical":"https:\/\/kgf.wgsr.uw.edu.pl\/?page_id=89","og_locale":"pl_PL","og_type":"article","og_title":"Zak\u0142ad Hydrologii - Katedra Geografii Fizycznej, Wydzia\u0142 Geografii i Studi\u00f3w Regionalnych UW","og_description":"Zak\u0142ad Hydrologii, Katedra Geografii Fizycznej na Wydziale Geografii i Studi\u00f3w Regionalnych Uniwersytetu Warszawskiego.","og_url":"https:\/\/kgf.wgsr.uw.edu.pl\/?page_id=89","og_site_name":"Katedra Geografii Fizycznej, Wydzia\u0142 Geografii i Studi\u00f3w Regionalnych UW","article_modified_time":"2025-10-09T07:01:41+00:00","og_image":[{"url":"https:\/\/kgf.wgsr.uw.edu.pl\/wp-content\/uploads\/2023\/10\/Hydrologia-300x136.png"}],"twitter_card":"summary_large_image","twitter_misc":{"Szacowany czas czytania":"1 minuta"},"schema":{"@context":"https:\/\/schema.org","@graph":[{"@type":"WebPage","@id":"https:\/\/kgf.wgsr.uw.edu.pl\/?page_id=89","url":"https:\/\/kgf.wgsr.uw.edu.pl\/?page_id=89","name":"Zak\u0142ad Hydrologii - Katedra Geografii Fizycznej, Wydzia\u0142 Geografii i Studi\u00f3w Regionalnych UW","isPartOf":{"@id":"https:\/\/kgf.wgsr.uw.edu.pl\/#website"},"datePublished":"2021-03-18T06:44:43+00:00","dateModified":"2025-10-09T07:01:41+00:00","description":"Zak\u0142ad Hydrologii, Katedra Geografii Fizycznej na Wydziale Geografii i Studi\u00f3w Regionalnych Uniwersytetu Warszawskiego.","breadcrumb":{"@id":"https:\/\/kgf.wgsr.uw.edu.pl\/?page_id=89#breadcrumb"},"inLanguage":"pl-PL","potentialAction":[{"@type":"ReadAction","target":["https:\/\/kgf.wgsr.uw.edu.pl\/?page_id=89"]}]},{"@type":"BreadcrumbList","@id":"https:\/\/kgf.wgsr.uw.edu.pl\/?page_id=89#breadcrumb","itemListElement":[{"@type":"ListItem","position":1,"name":"Strona g\u0142\u00f3wna","item":"https:\/\/kgf.wgsr.uw.edu.pl\/"},{"@type":"ListItem","position":2,"name":"Zak\u0142ad Hydrologii"}]},{"@type":"WebSite","@id":"https:\/\/kgf.wgsr.uw.edu.pl\/#website","url":"https:\/\/kgf.wgsr.uw.edu.pl\/","name":"Katedra Geografii Fizycznej, Wydzia\u0142 Geografii i Studi\u00f3w Regionalnych UW","description":"","publisher":{"@id":"https:\/\/kgf.wgsr.uw.edu.pl\/#organization"},"potentialAction":[{"@type":"SearchAction","target":{"@type":"EntryPoint","urlTemplate":"https:\/\/kgf.wgsr.uw.edu.pl\/?s={search_term_string}"},"query-input":"required name=search_term_string"}],"inLanguage":"pl-PL"},{"@type":"Organization","@id":"https:\/\/kgf.wgsr.uw.edu.pl\/#organization","name":"Katedra Geografii Fizycznej, Wydzia\u0142 Geografii i Studi\u00f3w Regionalnych UW","url":"https:\/\/kgf.wgsr.uw.edu.pl\/","logo":{"@type":"ImageObject","inLanguage":"pl-PL","@id":"https:\/\/kgf.wgsr.uw.edu.pl\/#\/schema\/logo\/image\/","url":"https:\/\/kgf.wgsr.uw.edu.pl\/wp-content\/uploads\/2023\/08\/cropped-Katedra.png","contentUrl":"https:\/\/kgf.wgsr.uw.edu.pl\/wp-content\/uploads\/2023\/08\/cropped-Katedra.png","width":1230,"height":328,"caption":"Katedra Geografii Fizycznej, Wydzia\u0142 Geografii i Studi\u00f3w Regionalnych UW"},"image":{"@id":"https:\/\/kgf.wgsr.uw.edu.pl\/#\/schema\/logo\/image\/"}}]}},"_links":{"self":[{"href":"https:\/\/kgf.wgsr.uw.edu.pl\/index.php?rest_route=\/wp\/v2\/pages\/89","targetHints":{"allow":["GET"]}}],"collection":[{"href":"https:\/\/kgf.wgsr.uw.edu.pl\/index.php?rest_route=\/wp\/v2\/pages"}],"about":[{"href":"https:\/\/kgf.wgsr.uw.edu.pl\/index.php?rest_route=\/wp\/v2\/types\/page"}],"author":[{"embeddable":true,"href":"https:\/\/kgf.wgsr.uw.edu.pl\/index.php?rest_route=\/wp\/v2\/users\/2"}],"replies":[{"embeddable":true,"href":"https:\/\/kgf.wgsr.uw.edu.pl\/index.php?rest_route=%2Fwp%2Fv2%2Fcomments&post=89"}],"version-history":[{"count":25,"href":"https:\/\/kgf.wgsr.uw.edu.pl\/index.php?rest_route=\/wp\/v2\/pages\/89\/revisions"}],"predecessor-version":[{"id":3229,"href":"https:\/\/kgf.wgsr.uw.edu.pl\/index.php?rest_route=\/wp\/v2\/pages\/89\/revisions\/3229"}],"wp:attachment":[{"href":"https:\/\/kgf.wgsr.uw.edu.pl\/index.php?rest_route=%2Fwp%2Fv2%2Fmedia&parent=89"}],"curies":[{"name":"wp","href":"https:\/\/api.w.org\/{rel}","templated":true}]}}