{"id":87,"date":"2021-03-18T07:44:01","date_gmt":"2021-03-18T06:44:01","guid":{"rendered":"https:\/\/wgsr.uw.edu.pl\/kgf\/?page_id=87"},"modified":"2025-01-14T09:10:58","modified_gmt":"2025-01-14T09:10:58","slug":"geomorfologia","status":"publish","type":"page","link":"https:\/\/kgf.wgsr.uw.edu.pl\/?page_id=87","title":{"rendered":"Zak\u0142ad Geomorfologii"},"content":{"rendered":"<p><a href=\"\/?page_id=87\">O nas<\/a>\u00a0\u2013\u00a0<a href=\"\/?page_id=412\">Zesp\u00f3\u0142<\/a>\u00a0\u2013 \u00a0<a href=\"\/?page_id=414\">Dzia\u0142alno\u015b\u0107 naukowa<\/a>\u00a0\u2013\u00a0<a href=\"\/?page_id=425\">Dydaktyka<\/a>\u00a0 \u2013\u00a0<a href=\"\/?page_id=428\">Studia na specjalno\u015bci\u00a0<\/a>\u2013\u00a0<a href=\"\/?page_id=432\">Historia<\/a> &#8211; <a href=\"\/?page_id=1481\">Tydzie\u0144 geomorfologii 2024<\/a><\/p>\n<p>&nbsp;<\/p>\n<div><\/div>\n<div id=\"fb-root\"><\/div>\n<p><script async defer crossorigin=\"anonymous\" src=\"https:\/\/connect.facebook.net\/pl_PL\/sdk.js#xfbml=1&#038;version=v12.0\" nonce=\"EAvbaK5O\"><\/script><\/p>\n<div><img loading=\"lazy\" decoding=\"async\" class=\"size-medium wp-image-601 alignleft\" src=\"https:\/\/wgsr.uw.edu.pl\/kgf\/wp-content\/uploads\/2021\/03\/Geomorfologia-1-300x136.png\" alt=\"\" width=\"300\" height=\"136\" \/><\/div>\n<div>Zak\u0142ad Geomorfologii<\/div>\n<div>Katedra Geografii Fizycznej<\/div>\n<div>Wydzia\u0142 Geografii i Studi\u00f3w Regionalnych<\/div>\n<div>Uniwersytet Warszawski<\/div>\n<div>ul. Krakowskie Przedmie\u015bcie 30<\/div>\n<div>00-927 Warszawa<\/div>\n<div>tel. 22 5520653<\/div>\n<div>Mie\u015bcimy si\u0119 w pokojach 208, 222 i 307<\/div>\n<p>Kierownikiem Zak\u0142adu jest dr hab. Ewa Smolska, prof. ucz.<\/p>\n<p>Dane kontaktowe pracownik\u00f3w Zak\u0142adu Geomorfologii dost\u0119pne s\u0105 w zak\u0142adce &gt;<a href=\"\/?page_id=412\">Zesp\u00f3\u0142<\/a>&lt;<\/p>\n<p>&nbsp;<\/p>\n<p><a href=\"https:\/\/www.facebook.com\/Zaklad.Geomorfologii\" target=\"_self\" rel=\"noopener\"><img loading=\"lazy\" decoding=\"async\" class=\"alignnone wp-image-7446 \" src=\"https:\/\/wgsr.uw.edu.pl\/wgsr\/wp-content\/uploads\/2017\/09\/social-facebook-icon-300x300.png\" sizes=\"auto, (max-width: 25px) 100vw, 25px\" srcset=\"https:\/\/wgsr.uw.edu.pl\/wgsr\/wp-content\/uploads\/2017\/09\/social-facebook-icon-300x300.png 300w, https:\/\/wgsr.uw.edu.pl\/wgsr\/wp-content\/uploads\/2017\/09\/social-facebook-icon-150x150.png 150w, https:\/\/wgsr.uw.edu.pl\/wgsr\/wp-content\/uploads\/2017\/09\/social-facebook-icon-768x768.png 768w, https:\/\/wgsr.uw.edu.pl\/wgsr\/wp-content\/uploads\/2017\/09\/social-facebook-icon.png 1024w\" alt=\"\" width=\"25\" height=\"25\" \/>\u00a0Do\u0142\u0105cz do nas na Facebooku\u00a0<\/a><\/p>\n<div class=\"fb-page\" data-href=\"https:\/\/www.facebook.com\/Zaklad.Geomorfologii\" data-tabs=\"timeline\" data-width=\"500\" data-height=\"\" data-small-header=\"true\" data-adapt-container-width=\"true\" data-hide-cover=\"false\" data-show-facepile=\"true\">\n<blockquote class=\"fb-xfbml-parse-ignore\" cite=\"https:\/\/www.facebook.com\/Zaklad.Geomorfologii\"><p><a href=\"https:\/\/www.facebook.com\/Zaklad.Geomorfologii\">Zak\u0142ad Geomorfologii WGSR UW<\/a><\/p><\/blockquote>\n<\/div>\n","protected":false},"excerpt":{"rendered":"<p>O nas\u00a0\u2013\u00a0Zesp\u00f3\u0142\u00a0\u2013 \u00a0Dzia\u0142alno\u015b\u0107 naukowa\u00a0\u2013\u00a0Dydaktyka\u00a0 \u2013\u00a0Studia na specjalno\u015bci\u00a0\u2013\u00a0Historia &#8211; Tydzie\u0144 geomorfologii 2024 &nbsp; Zak\u0142ad Geomorfologii Katedra Geografii Fizycznej Wydzia\u0142 Geografii i Studi\u00f3w Regionalnych Uniwersytet Warszawski ul. Krakowskie Przedmie\u015bcie 30 00-927 Warszawa tel. 22 5520653 Mie\u015bcimy si\u0119 w pokojach 208, 222 i 307 Kierownikiem Zak\u0142adu jest dr hab. Ewa Smolska, prof. ucz. Dane kontaktowe pracownik\u00f3w Zak\u0142adu Geomorfologii [&hellip;]<\/p>\n","protected":false},"author":2,"featured_media":0,"parent":0,"menu_order":0,"comment_status":"closed","ping_status":"closed","template":"","meta":{"footnotes":""},"class_list":["post-87","page","type-page","status-publish","czr-hentry"],"yoast_head":"<!-- This site is optimized with the Yoast SEO plugin v27.4 - https:\/\/yoast.com\/product\/yoast-seo-wordpress\/ -->\n<title>Zak\u0142ad Geomorfologii - Katedra Geografii Fizycznej, Wydzia\u0142 Geografii i Studi\u00f3w Regionalnych UW<\/title>\n<meta name=\"robots\" content=\"index, follow, max-snippet:-1, max-image-preview:large, max-video-preview:-1\" \/>\n<link rel=\"canonical\" href=\"https:\/\/kgf.wgsr.uw.edu.pl\/?page_id=87\" \/>\n<meta property=\"og:locale\" content=\"pl_PL\" \/>\n<meta property=\"og:type\" content=\"article\" \/>\n<meta property=\"og:title\" content=\"Zak\u0142ad Geomorfologii - Katedra Geografii Fizycznej, Wydzia\u0142 Geografii i Studi\u00f3w Regionalnych UW\" \/>\n<meta property=\"og:description\" content=\"O nas\u00a0\u2013\u00a0Zesp\u00f3\u0142\u00a0\u2013 \u00a0Dzia\u0142alno\u015b\u0107 naukowa\u00a0\u2013\u00a0Dydaktyka\u00a0 \u2013\u00a0Studia na specjalno\u015bci\u00a0\u2013\u00a0Historia &#8211; Tydzie\u0144 geomorfologii 2024 &nbsp; Zak\u0142ad Geomorfologii Katedra Geografii Fizycznej Wydzia\u0142 Geografii i Studi\u00f3w Regionalnych Uniwersytet Warszawski ul. Krakowskie Przedmie\u015bcie 30 00-927 Warszawa tel. 22 5520653 Mie\u015bcimy si\u0119 w pokojach 208, 222 i 307 Kierownikiem Zak\u0142adu jest dr hab. Ewa Smolska, prof. ucz. Dane kontaktowe pracownik\u00f3w Zak\u0142adu Geomorfologii [&hellip;]\" \/>\n<meta property=\"og:url\" content=\"https:\/\/kgf.wgsr.uw.edu.pl\/?page_id=87\" \/>\n<meta property=\"og:site_name\" content=\"Katedra Geografii Fizycznej, Wydzia\u0142 Geografii i Studi\u00f3w Regionalnych UW\" \/>\n<meta property=\"article:modified_time\" content=\"2025-01-14T09:10:58+00:00\" \/>\n<meta property=\"og:image\" content=\"https:\/\/wgsr.uw.edu.pl\/kgf\/wp-content\/uploads\/2021\/03\/Geomorfologia-1-300x136.png\" \/>\n<meta name=\"twitter:card\" content=\"summary_large_image\" \/>\n<meta name=\"twitter:label1\" content=\"Szacowany czas czytania\" \/>\n\t<meta name=\"twitter:data1\" content=\"1 minuta\" \/>\n<script type=\"application\/ld+json\" class=\"yoast-schema-graph\">{\"@context\":\"https:\\\/\\\/schema.org\",\"@graph\":[{\"@type\":\"WebPage\",\"@id\":\"https:\\\/\\\/kgf.wgsr.uw.edu.pl\\\/?page_id=87\",\"url\":\"https:\\\/\\\/kgf.wgsr.uw.edu.pl\\\/?page_id=87\",\"name\":\"Zak\u0142ad Geomorfologii - Katedra Geografii Fizycznej, Wydzia\u0142 Geografii i Studi\u00f3w Regionalnych UW\",\"isPartOf\":{\"@id\":\"https:\\\/\\\/kgf.wgsr.uw.edu.pl\\\/#website\"},\"primaryImageOfPage\":{\"@id\":\"https:\\\/\\\/kgf.wgsr.uw.edu.pl\\\/?page_id=87#primaryimage\"},\"image\":{\"@id\":\"https:\\\/\\\/kgf.wgsr.uw.edu.pl\\\/?page_id=87#primaryimage\"},\"thumbnailUrl\":\"https:\\\/\\\/wgsr.uw.edu.pl\\\/kgf\\\/wp-content\\\/uploads\\\/2021\\\/03\\\/Geomorfologia-1-300x136.png\",\"datePublished\":\"2021-03-18T06:44:01+00:00\",\"dateModified\":\"2025-01-14T09:10:58+00:00\",\"breadcrumb\":{\"@id\":\"https:\\\/\\\/kgf.wgsr.uw.edu.pl\\\/?page_id=87#breadcrumb\"},\"inLanguage\":\"pl-PL\",\"potentialAction\":[{\"@type\":\"ReadAction\",\"target\":[\"https:\\\/\\\/kgf.wgsr.uw.edu.pl\\\/?page_id=87\"]}]},{\"@type\":\"ImageObject\",\"inLanguage\":\"pl-PL\",\"@id\":\"https:\\\/\\\/kgf.wgsr.uw.edu.pl\\\/?page_id=87#primaryimage\",\"url\":\"https:\\\/\\\/wgsr.uw.edu.pl\\\/kgf\\\/wp-content\\\/uploads\\\/2021\\\/03\\\/Geomorfologia-1-300x136.png\",\"contentUrl\":\"https:\\\/\\\/wgsr.uw.edu.pl\\\/kgf\\\/wp-content\\\/uploads\\\/2021\\\/03\\\/Geomorfologia-1-300x136.png\"},{\"@type\":\"BreadcrumbList\",\"@id\":\"https:\\\/\\\/kgf.wgsr.uw.edu.pl\\\/?page_id=87#breadcrumb\",\"itemListElement\":[{\"@type\":\"ListItem\",\"position\":1,\"name\":\"Strona g\u0142\u00f3wna\",\"item\":\"https:\\\/\\\/kgf.wgsr.uw.edu.pl\\\/\"},{\"@type\":\"ListItem\",\"position\":2,\"name\":\"Zak\u0142ad Geomorfologii\"}]},{\"@type\":\"WebSite\",\"@id\":\"https:\\\/\\\/kgf.wgsr.uw.edu.pl\\\/#website\",\"url\":\"https:\\\/\\\/kgf.wgsr.uw.edu.pl\\\/\",\"name\":\"Katedra Geografii Fizycznej, Wydzia\u0142 Geografii i Studi\u00f3w Regionalnych UW\",\"description\":\"\",\"publisher\":{\"@id\":\"https:\\\/\\\/kgf.wgsr.uw.edu.pl\\\/#organization\"},\"potentialAction\":[{\"@type\":\"SearchAction\",\"target\":{\"@type\":\"EntryPoint\",\"urlTemplate\":\"https:\\\/\\\/kgf.wgsr.uw.edu.pl\\\/?s={search_term_string}\"},\"query-input\":{\"@type\":\"PropertyValueSpecification\",\"valueRequired\":true,\"valueName\":\"search_term_string\"}}],\"inLanguage\":\"pl-PL\"},{\"@type\":\"Organization\",\"@id\":\"https:\\\/\\\/kgf.wgsr.uw.edu.pl\\\/#organization\",\"name\":\"Katedra Geografii Fizycznej, Wydzia\u0142 Geografii i Studi\u00f3w Regionalnych UW\",\"url\":\"https:\\\/\\\/kgf.wgsr.uw.edu.pl\\\/\",\"logo\":{\"@type\":\"ImageObject\",\"inLanguage\":\"pl-PL\",\"@id\":\"https:\\\/\\\/kgf.wgsr.uw.edu.pl\\\/#\\\/schema\\\/logo\\\/image\\\/\",\"url\":\"https:\\\/\\\/kgf.wgsr.uw.edu.pl\\\/wp-content\\\/uploads\\\/2023\\\/08\\\/cropped-Katedra.png\",\"contentUrl\":\"https:\\\/\\\/kgf.wgsr.uw.edu.pl\\\/wp-content\\\/uploads\\\/2023\\\/08\\\/cropped-Katedra.png\",\"width\":1230,\"height\":328,\"caption\":\"Katedra Geografii Fizycznej, Wydzia\u0142 Geografii i Studi\u00f3w Regionalnych UW\"},\"image\":{\"@id\":\"https:\\\/\\\/kgf.wgsr.uw.edu.pl\\\/#\\\/schema\\\/logo\\\/image\\\/\"}}]}<\/script>\n<!-- \/ Yoast SEO plugin. -->","yoast_head_json":{"title":"Zak\u0142ad Geomorfologii - Katedra Geografii Fizycznej, Wydzia\u0142 Geografii i Studi\u00f3w Regionalnych UW","robots":{"index":"index","follow":"follow","max-snippet":"max-snippet:-1","max-image-preview":"max-image-preview:large","max-video-preview":"max-video-preview:-1"},"canonical":"https:\/\/kgf.wgsr.uw.edu.pl\/?page_id=87","og_locale":"pl_PL","og_type":"article","og_title":"Zak\u0142ad Geomorfologii - Katedra Geografii Fizycznej, Wydzia\u0142 Geografii i Studi\u00f3w Regionalnych UW","og_description":"O nas\u00a0\u2013\u00a0Zesp\u00f3\u0142\u00a0\u2013 \u00a0Dzia\u0142alno\u015b\u0107 naukowa\u00a0\u2013\u00a0Dydaktyka\u00a0 \u2013\u00a0Studia na specjalno\u015bci\u00a0\u2013\u00a0Historia &#8211; Tydzie\u0144 geomorfologii 2024 &nbsp; Zak\u0142ad Geomorfologii Katedra Geografii Fizycznej Wydzia\u0142 Geografii i Studi\u00f3w Regionalnych Uniwersytet Warszawski ul. Krakowskie Przedmie\u015bcie 30 00-927 Warszawa tel. 22 5520653 Mie\u015bcimy si\u0119 w pokojach 208, 222 i 307 Kierownikiem Zak\u0142adu jest dr hab. Ewa Smolska, prof. ucz. Dane kontaktowe pracownik\u00f3w Zak\u0142adu Geomorfologii [&hellip;]","og_url":"https:\/\/kgf.wgsr.uw.edu.pl\/?page_id=87","og_site_name":"Katedra Geografii Fizycznej, Wydzia\u0142 Geografii i Studi\u00f3w Regionalnych UW","article_modified_time":"2025-01-14T09:10:58+00:00","og_image":[{"url":"https:\/\/wgsr.uw.edu.pl\/kgf\/wp-content\/uploads\/2021\/03\/Geomorfologia-1-300x136.png","type":"","width":"","height":""}],"twitter_card":"summary_large_image","twitter_misc":{"Szacowany czas czytania":"1 minuta"},"schema":{"@context":"https:\/\/schema.org","@graph":[{"@type":"WebPage","@id":"https:\/\/kgf.wgsr.uw.edu.pl\/?page_id=87","url":"https:\/\/kgf.wgsr.uw.edu.pl\/?page_id=87","name":"Zak\u0142ad Geomorfologii - Katedra Geografii Fizycznej, Wydzia\u0142 Geografii i Studi\u00f3w Regionalnych UW","isPartOf":{"@id":"https:\/\/kgf.wgsr.uw.edu.pl\/#website"},"primaryImageOfPage":{"@id":"https:\/\/kgf.wgsr.uw.edu.pl\/?page_id=87#primaryimage"},"image":{"@id":"https:\/\/kgf.wgsr.uw.edu.pl\/?page_id=87#primaryimage"},"thumbnailUrl":"https:\/\/wgsr.uw.edu.pl\/kgf\/wp-content\/uploads\/2021\/03\/Geomorfologia-1-300x136.png","datePublished":"2021-03-18T06:44:01+00:00","dateModified":"2025-01-14T09:10:58+00:00","breadcrumb":{"@id":"https:\/\/kgf.wgsr.uw.edu.pl\/?page_id=87#breadcrumb"},"inLanguage":"pl-PL","potentialAction":[{"@type":"ReadAction","target":["https:\/\/kgf.wgsr.uw.edu.pl\/?page_id=87"]}]},{"@type":"ImageObject","inLanguage":"pl-PL","@id":"https:\/\/kgf.wgsr.uw.edu.pl\/?page_id=87#primaryimage","url":"https:\/\/wgsr.uw.edu.pl\/kgf\/wp-content\/uploads\/2021\/03\/Geomorfologia-1-300x136.png","contentUrl":"https:\/\/wgsr.uw.edu.pl\/kgf\/wp-content\/uploads\/2021\/03\/Geomorfologia-1-300x136.png"},{"@type":"BreadcrumbList","@id":"https:\/\/kgf.wgsr.uw.edu.pl\/?page_id=87#breadcrumb","itemListElement":[{"@type":"ListItem","position":1,"name":"Strona g\u0142\u00f3wna","item":"https:\/\/kgf.wgsr.uw.edu.pl\/"},{"@type":"ListItem","position":2,"name":"Zak\u0142ad Geomorfologii"}]},{"@type":"WebSite","@id":"https:\/\/kgf.wgsr.uw.edu.pl\/#website","url":"https:\/\/kgf.wgsr.uw.edu.pl\/","name":"Katedra Geografii Fizycznej, Wydzia\u0142 Geografii i Studi\u00f3w Regionalnych UW","description":"","publisher":{"@id":"https:\/\/kgf.wgsr.uw.edu.pl\/#organization"},"potentialAction":[{"@type":"SearchAction","target":{"@type":"EntryPoint","urlTemplate":"https:\/\/kgf.wgsr.uw.edu.pl\/?s={search_term_string}"},"query-input":{"@type":"PropertyValueSpecification","valueRequired":true,"valueName":"search_term_string"}}],"inLanguage":"pl-PL"},{"@type":"Organization","@id":"https:\/\/kgf.wgsr.uw.edu.pl\/#organization","name":"Katedra Geografii Fizycznej, Wydzia\u0142 Geografii i Studi\u00f3w Regionalnych UW","url":"https:\/\/kgf.wgsr.uw.edu.pl\/","logo":{"@type":"ImageObject","inLanguage":"pl-PL","@id":"https:\/\/kgf.wgsr.uw.edu.pl\/#\/schema\/logo\/image\/","url":"https:\/\/kgf.wgsr.uw.edu.pl\/wp-content\/uploads\/2023\/08\/cropped-Katedra.png","contentUrl":"https:\/\/kgf.wgsr.uw.edu.pl\/wp-content\/uploads\/2023\/08\/cropped-Katedra.png","width":1230,"height":328,"caption":"Katedra Geografii Fizycznej, Wydzia\u0142 Geografii i Studi\u00f3w Regionalnych UW"},"image":{"@id":"https:\/\/kgf.wgsr.uw.edu.pl\/#\/schema\/logo\/image\/"}}]}},"_links":{"self":[{"href":"https:\/\/kgf.wgsr.uw.edu.pl\/index.php?rest_route=\/wp\/v2\/pages\/87","targetHints":{"allow":["GET"]}}],"collection":[{"href":"https:\/\/kgf.wgsr.uw.edu.pl\/index.php?rest_route=\/wp\/v2\/pages"}],"about":[{"href":"https:\/\/kgf.wgsr.uw.edu.pl\/index.php?rest_route=\/wp\/v2\/types\/page"}],"author":[{"embeddable":true,"href":"https:\/\/kgf.wgsr.uw.edu.pl\/index.php?rest_route=\/wp\/v2\/users\/2"}],"replies":[{"embeddable":true,"href":"https:\/\/kgf.wgsr.uw.edu.pl\/index.php?rest_route=%2Fwp%2Fv2%2Fcomments&post=87"}],"version-history":[{"count":5,"href":"https:\/\/kgf.wgsr.uw.edu.pl\/index.php?rest_route=\/wp\/v2\/pages\/87\/revisions"}],"predecessor-version":[{"id":2938,"href":"https:\/\/kgf.wgsr.uw.edu.pl\/index.php?rest_route=\/wp\/v2\/pages\/87\/revisions\/2938"}],"wp:attachment":[{"href":"https:\/\/kgf.wgsr.uw.edu.pl\/index.php?rest_route=%2Fwp%2Fv2%2Fmedia&parent=87"}],"curies":[{"name":"wp","href":"https:\/\/api.w.org\/{rel}","templated":true}]}}