{"id":75,"date":"2021-03-17T18:39:52","date_gmt":"2021-03-17T17:39:52","guid":{"rendered":"https:\/\/wgsr.uw.edu.pl\/kgf\/?page_id=75"},"modified":"2025-09-05T11:15:21","modified_gmt":"2025-09-05T11:15:21","slug":"katedra-geografii-fizycznej","status":"publish","type":"page","link":"https:\/\/kgf.wgsr.uw.edu.pl\/?page_id=75","title":{"rendered":"O Katedrze"},"content":{"rendered":"\r\n<p class=\"has-text-align-left\"><strong>Katedra Geografii Fizycznej<\/strong> jest jednostk\u0105 naukow\u0105 na <a href=\"http:\/\/www.wgsr.uw.edu.pl\" target=\"_blank\" rel=\"noreferrer noopener\">Wydziale Geografii i Studi\u00f3w Regionalnych<\/a> Uniwersytetu Warszawskiego.<\/p>\r\n\r\n\r\n\r\n<p><strong>Kierownikiem Katedry jest <\/strong>dr hab. Maciej D\u0105bski, prof. ucz. (e-mail:\u00a0<a href=\"mailto:mfdabski@uw.edu.pl\">mfdabski@uw.edu.pl<\/a>)<\/p>\r\n\r\n\r\n\r\n<p>W sk\u0142ad Katedry wchodzi pi\u0119\u0107 jednostek naukowo-dydaktycznych:<\/p>\r\n\r\n\r\n\r\n<ul class=\"wp-block-list\">\r\n<li><a href=\"https:\/\/wgsr.uw.edu.pl\/kgf\/?page_id=85\" data-type=\"page\" data-id=\"85\">Zak\u0142ad Geoekologii<\/a><\/li>\r\n<li><a href=\"https:\/\/wgsr.uw.edu.pl\/kgf\/?page_id=87\" data-type=\"page\" data-id=\"87\">Zak\u0142ad Geomorfologii<\/a><\/li>\r\n<li><a href=\"https:\/\/wgsr.uw.edu.pl\/kgf\/?page_id=89\" data-type=\"page\" data-id=\"89\">Zak\u0142ad Hydrologii<\/a><\/li>\r\n<li><a href=\"https:\/\/wgsr.uw.edu.pl\/kgf\/?page_id=91\" data-type=\"page\" data-id=\"91\">Zak\u0142ad Klimatologii<\/a><\/li>\r\n<li><a href=\"https:\/\/wgsr.uw.edu.pl\/kgf\/?page_id=93\" data-type=\"page\" data-id=\"93\">Laboratorium Analiz \u015arodowiskowych<\/a><\/li>\r\n<\/ul>\r\n\r\n\r\n\r\n<p><img decoding=\"async\" class=\"wp-image-213\" style=\"width: 50px;\" src=\"https:\/\/wgsr.uw.edu.pl\/kgf\/wp-content\/uploads\/2021\/03\/905509e37d5fb75b1aaf4866a93c9d46.jpg\" alt=\"\" \/><strong>Dane kontaktowe:<\/strong><\/p>\r\n\r\n\r\n\r\n<p><em>Katedra Geografii Fizycznej<br \/>Wydzia\u0142 Geografii i Studi\u00f3w Regionalnych<br \/>Uniwersytet Warszawski<br \/>Krakowskie Przedmie\u015bcie 30<br \/>00-927 Warszawa<br \/>e-mail:<a href=\"mailto:mfdabski@uw.edu.pl\" data-type=\"mailto\" data-id=\"mailto:mfdabski@uw.edu.pl\"> mfdabski@uw.edu.pl<\/a><\/em><\/p>\r\n\r\n\r\n\r\n<p><img decoding=\"async\" class=\"wp-image-201\" style=\"width: 50px;\" src=\"https:\/\/wgsr.uw.edu.pl\/kgf\/wp-content\/uploads\/2021\/03\/men-icon.png\" alt=\"\" \/><strong> <a href=\"https:\/\/wgsr.uw.edu.pl\/kgf\/?page_id=193\">Dane kontaktowe pracownik\u00f3w Katedry<\/a><\/strong><\/p>\r\n<p><\/p>\r\n<h1><strong>Kontakt dla medi\u00f3w:<\/strong><\/h1>\r\n<p>\r\n\r\n<\/p>\r\n<header class=\"entry-header\">\r\n<p class=\"entry-title\">Zesp\u00f3\u0142 do spraw promocji Wydzia\u0142u<br \/>Kierownik zespo\u0142u: <a href=\"https:\/\/kgf.wgsr.uw.edu.pl\/?page_id=964\">Jaros\u0142aw Sucho\u017cebrski<\/a><br \/>telefon: +48 22 5521515<br \/>e-mail: <a href=\"mailto:promocja.wgsr@uw.edu.pl\">promocja.wgsr@uw.edu.pl<\/a><\/p>\r\n<p>Biuro Prasowe UW<br \/>telefon: +48 22 55 20 740, +48 22 55 20 656, +48 22 55 24 066<br \/>e-mail:\u00a0<a href=\"mailto:media@uw.edu.pl\">media@uw.edu.pl<\/a><\/p>\r\n<p>\r\n\r\n<\/p>\r\n<p>Centrum Wsp\u00f3\u0142pracy i Dialogu UW<br \/>telefon: +48 22 55 20 055<br \/>e-mail:\u00a0<a href=\"mailto:kontakt@cwid.uw.edu.pl\">kontakt@cwid.uw.edu.pl<\/a><\/p>\r\n<p><\/p>\r\n<p class=\"entry-title\">\r\n\r\n<\/p>\r\n<p>&nbsp;<\/p>\r\n<p class=\"entry-title\"><\/p>\r\n<\/header>","protected":false},"excerpt":{"rendered":"<p>Katedra Geografii Fizycznej jest jednostk\u0105 naukow\u0105 na Wydziale Geografii i Studi\u00f3w Regionalnych Uniwersytetu Warszawskiego. Kierownikiem Katedry jest dr hab. Maciej D\u0105bski, prof. ucz. (e-mail:\u00a0mfdabski@uw.edu.pl) W sk\u0142ad Katedry wchodzi pi\u0119\u0107 jednostek naukowo-dydaktycznych: Zak\u0142ad Geoekologii Zak\u0142ad Geomorfologii Zak\u0142ad Hydrologii Zak\u0142ad Klimatologii Laboratorium Analiz \u015arodowiskowych Dane kontaktowe: Katedra Geografii FizycznejWydzia\u0142 Geografii i Studi\u00f3w RegionalnychUniwersytet WarszawskiKrakowskie Przedmie\u015bcie 3000-927 Warszawae-mail: [&hellip;]<\/p>\n","protected":false},"author":2,"featured_media":0,"parent":0,"menu_order":0,"comment_status":"closed","ping_status":"closed","template":"","meta":{"footnotes":""},"class_list":["post-75","page","type-page","status-publish","czr-hentry"],"yoast_head":"<!-- This site is optimized with the Yoast SEO plugin v27.4 - https:\/\/yoast.com\/product\/yoast-seo-wordpress\/ -->\n<title>O Katedrze - Katedra Geografii Fizycznej, Wydzia\u0142 Geografii i Studi\u00f3w Regionalnych UW<\/title>\n<meta name=\"description\" content=\"Katedra Geografii Fizycznej, to jednostka naukowa w strukturze Wydzia\u0142u Geografii i Studi\u00f3w Regionalnych na Uniwersytecie Warszawskim\" \/>\n<meta name=\"robots\" content=\"index, follow, max-snippet:-1, max-image-preview:large, max-video-preview:-1\" \/>\n<link rel=\"canonical\" href=\"https:\/\/kgf.wgsr.uw.edu.pl\/?page_id=75\" \/>\n<meta property=\"og:locale\" content=\"pl_PL\" \/>\n<meta property=\"og:type\" content=\"article\" \/>\n<meta property=\"og:title\" content=\"O Katedrze - Katedra Geografii Fizycznej, Wydzia\u0142 Geografii i Studi\u00f3w Regionalnych UW\" \/>\n<meta property=\"og:description\" content=\"Katedra Geografii Fizycznej, to jednostka naukowa w strukturze Wydzia\u0142u Geografii i Studi\u00f3w Regionalnych na Uniwersytecie Warszawskim\" \/>\n<meta property=\"og:url\" content=\"https:\/\/kgf.wgsr.uw.edu.pl\/?page_id=75\" \/>\n<meta property=\"og:site_name\" content=\"Katedra Geografii Fizycznej, Wydzia\u0142 Geografii i Studi\u00f3w Regionalnych UW\" \/>\n<meta property=\"article:modified_time\" content=\"2025-09-05T11:15:21+00:00\" \/>\n<meta property=\"og:image\" content=\"https:\/\/wgsr.uw.edu.pl\/kgf\/wp-content\/uploads\/2021\/03\/905509e37d5fb75b1aaf4866a93c9d46.jpg\" \/>\n<meta name=\"twitter:card\" content=\"summary_large_image\" \/>\n<meta name=\"twitter:label1\" content=\"Szacowany czas czytania\" \/>\n\t<meta name=\"twitter:data1\" content=\"2 minuty\" \/>\n<script type=\"application\/ld+json\" class=\"yoast-schema-graph\">{\"@context\":\"https:\\\/\\\/schema.org\",\"@graph\":[{\"@type\":\"WebPage\",\"@id\":\"https:\\\/\\\/kgf.wgsr.uw.edu.pl\\\/?page_id=75\",\"url\":\"https:\\\/\\\/kgf.wgsr.uw.edu.pl\\\/?page_id=75\",\"name\":\"O Katedrze - Katedra Geografii Fizycznej, Wydzia\u0142 Geografii i Studi\u00f3w Regionalnych UW\",\"isPartOf\":{\"@id\":\"https:\\\/\\\/kgf.wgsr.uw.edu.pl\\\/#website\"},\"primaryImageOfPage\":{\"@id\":\"https:\\\/\\\/kgf.wgsr.uw.edu.pl\\\/?page_id=75#primaryimage\"},\"image\":{\"@id\":\"https:\\\/\\\/kgf.wgsr.uw.edu.pl\\\/?page_id=75#primaryimage\"},\"thumbnailUrl\":\"https:\\\/\\\/wgsr.uw.edu.pl\\\/kgf\\\/wp-content\\\/uploads\\\/2021\\\/03\\\/905509e37d5fb75b1aaf4866a93c9d46.jpg\",\"datePublished\":\"2021-03-17T17:39:52+00:00\",\"dateModified\":\"2025-09-05T11:15:21+00:00\",\"description\":\"Katedra Geografii Fizycznej, to jednostka naukowa w strukturze Wydzia\u0142u Geografii i Studi\u00f3w Regionalnych na Uniwersytecie Warszawskim\",\"breadcrumb\":{\"@id\":\"https:\\\/\\\/kgf.wgsr.uw.edu.pl\\\/?page_id=75#breadcrumb\"},\"inLanguage\":\"pl-PL\",\"potentialAction\":[{\"@type\":\"ReadAction\",\"target\":[\"https:\\\/\\\/kgf.wgsr.uw.edu.pl\\\/?page_id=75\"]}]},{\"@type\":\"ImageObject\",\"inLanguage\":\"pl-PL\",\"@id\":\"https:\\\/\\\/kgf.wgsr.uw.edu.pl\\\/?page_id=75#primaryimage\",\"url\":\"https:\\\/\\\/wgsr.uw.edu.pl\\\/kgf\\\/wp-content\\\/uploads\\\/2021\\\/03\\\/905509e37d5fb75b1aaf4866a93c9d46.jpg\",\"contentUrl\":\"https:\\\/\\\/wgsr.uw.edu.pl\\\/kgf\\\/wp-content\\\/uploads\\\/2021\\\/03\\\/905509e37d5fb75b1aaf4866a93c9d46.jpg\"},{\"@type\":\"BreadcrumbList\",\"@id\":\"https:\\\/\\\/kgf.wgsr.uw.edu.pl\\\/?page_id=75#breadcrumb\",\"itemListElement\":[{\"@type\":\"ListItem\",\"position\":1,\"name\":\"Strona g\u0142\u00f3wna\",\"item\":\"https:\\\/\\\/kgf.wgsr.uw.edu.pl\\\/\"},{\"@type\":\"ListItem\",\"position\":2,\"name\":\"O Katedrze\"}]},{\"@type\":\"WebSite\",\"@id\":\"https:\\\/\\\/kgf.wgsr.uw.edu.pl\\\/#website\",\"url\":\"https:\\\/\\\/kgf.wgsr.uw.edu.pl\\\/\",\"name\":\"Katedra Geografii Fizycznej, Wydzia\u0142 Geografii i Studi\u00f3w Regionalnych UW\",\"description\":\"\",\"publisher\":{\"@id\":\"https:\\\/\\\/kgf.wgsr.uw.edu.pl\\\/#organization\"},\"potentialAction\":[{\"@type\":\"SearchAction\",\"target\":{\"@type\":\"EntryPoint\",\"urlTemplate\":\"https:\\\/\\\/kgf.wgsr.uw.edu.pl\\\/?s={search_term_string}\"},\"query-input\":{\"@type\":\"PropertyValueSpecification\",\"valueRequired\":true,\"valueName\":\"search_term_string\"}}],\"inLanguage\":\"pl-PL\"},{\"@type\":\"Organization\",\"@id\":\"https:\\\/\\\/kgf.wgsr.uw.edu.pl\\\/#organization\",\"name\":\"Katedra Geografii Fizycznej, Wydzia\u0142 Geografii i Studi\u00f3w Regionalnych UW\",\"url\":\"https:\\\/\\\/kgf.wgsr.uw.edu.pl\\\/\",\"logo\":{\"@type\":\"ImageObject\",\"inLanguage\":\"pl-PL\",\"@id\":\"https:\\\/\\\/kgf.wgsr.uw.edu.pl\\\/#\\\/schema\\\/logo\\\/image\\\/\",\"url\":\"https:\\\/\\\/kgf.wgsr.uw.edu.pl\\\/wp-content\\\/uploads\\\/2023\\\/08\\\/cropped-Katedra.png\",\"contentUrl\":\"https:\\\/\\\/kgf.wgsr.uw.edu.pl\\\/wp-content\\\/uploads\\\/2023\\\/08\\\/cropped-Katedra.png\",\"width\":1230,\"height\":328,\"caption\":\"Katedra Geografii Fizycznej, Wydzia\u0142 Geografii i Studi\u00f3w Regionalnych UW\"},\"image\":{\"@id\":\"https:\\\/\\\/kgf.wgsr.uw.edu.pl\\\/#\\\/schema\\\/logo\\\/image\\\/\"}}]}<\/script>\n<!-- \/ Yoast SEO plugin. -->","yoast_head_json":{"title":"O Katedrze - Katedra Geografii Fizycznej, Wydzia\u0142 Geografii i Studi\u00f3w Regionalnych UW","description":"Katedra Geografii Fizycznej, to jednostka naukowa w strukturze Wydzia\u0142u Geografii i Studi\u00f3w Regionalnych na Uniwersytecie Warszawskim","robots":{"index":"index","follow":"follow","max-snippet":"max-snippet:-1","max-image-preview":"max-image-preview:large","max-video-preview":"max-video-preview:-1"},"canonical":"https:\/\/kgf.wgsr.uw.edu.pl\/?page_id=75","og_locale":"pl_PL","og_type":"article","og_title":"O Katedrze - Katedra Geografii Fizycznej, Wydzia\u0142 Geografii i Studi\u00f3w Regionalnych UW","og_description":"Katedra Geografii Fizycznej, to jednostka naukowa w strukturze Wydzia\u0142u Geografii i Studi\u00f3w Regionalnych na Uniwersytecie Warszawskim","og_url":"https:\/\/kgf.wgsr.uw.edu.pl\/?page_id=75","og_site_name":"Katedra Geografii Fizycznej, Wydzia\u0142 Geografii i Studi\u00f3w Regionalnych UW","article_modified_time":"2025-09-05T11:15:21+00:00","og_image":[{"url":"https:\/\/wgsr.uw.edu.pl\/kgf\/wp-content\/uploads\/2021\/03\/905509e37d5fb75b1aaf4866a93c9d46.jpg","type":"","width":"","height":""}],"twitter_card":"summary_large_image","twitter_misc":{"Szacowany czas czytania":"2 minuty"},"schema":{"@context":"https:\/\/schema.org","@graph":[{"@type":"WebPage","@id":"https:\/\/kgf.wgsr.uw.edu.pl\/?page_id=75","url":"https:\/\/kgf.wgsr.uw.edu.pl\/?page_id=75","name":"O Katedrze - Katedra Geografii Fizycznej, Wydzia\u0142 Geografii i Studi\u00f3w Regionalnych UW","isPartOf":{"@id":"https:\/\/kgf.wgsr.uw.edu.pl\/#website"},"primaryImageOfPage":{"@id":"https:\/\/kgf.wgsr.uw.edu.pl\/?page_id=75#primaryimage"},"image":{"@id":"https:\/\/kgf.wgsr.uw.edu.pl\/?page_id=75#primaryimage"},"thumbnailUrl":"https:\/\/wgsr.uw.edu.pl\/kgf\/wp-content\/uploads\/2021\/03\/905509e37d5fb75b1aaf4866a93c9d46.jpg","datePublished":"2021-03-17T17:39:52+00:00","dateModified":"2025-09-05T11:15:21+00:00","description":"Katedra Geografii Fizycznej, to jednostka naukowa w strukturze Wydzia\u0142u Geografii i Studi\u00f3w Regionalnych na Uniwersytecie Warszawskim","breadcrumb":{"@id":"https:\/\/kgf.wgsr.uw.edu.pl\/?page_id=75#breadcrumb"},"inLanguage":"pl-PL","potentialAction":[{"@type":"ReadAction","target":["https:\/\/kgf.wgsr.uw.edu.pl\/?page_id=75"]}]},{"@type":"ImageObject","inLanguage":"pl-PL","@id":"https:\/\/kgf.wgsr.uw.edu.pl\/?page_id=75#primaryimage","url":"https:\/\/wgsr.uw.edu.pl\/kgf\/wp-content\/uploads\/2021\/03\/905509e37d5fb75b1aaf4866a93c9d46.jpg","contentUrl":"https:\/\/wgsr.uw.edu.pl\/kgf\/wp-content\/uploads\/2021\/03\/905509e37d5fb75b1aaf4866a93c9d46.jpg"},{"@type":"BreadcrumbList","@id":"https:\/\/kgf.wgsr.uw.edu.pl\/?page_id=75#breadcrumb","itemListElement":[{"@type":"ListItem","position":1,"name":"Strona g\u0142\u00f3wna","item":"https:\/\/kgf.wgsr.uw.edu.pl\/"},{"@type":"ListItem","position":2,"name":"O Katedrze"}]},{"@type":"WebSite","@id":"https:\/\/kgf.wgsr.uw.edu.pl\/#website","url":"https:\/\/kgf.wgsr.uw.edu.pl\/","name":"Katedra Geografii Fizycznej, Wydzia\u0142 Geografii i Studi\u00f3w Regionalnych UW","description":"","publisher":{"@id":"https:\/\/kgf.wgsr.uw.edu.pl\/#organization"},"potentialAction":[{"@type":"SearchAction","target":{"@type":"EntryPoint","urlTemplate":"https:\/\/kgf.wgsr.uw.edu.pl\/?s={search_term_string}"},"query-input":{"@type":"PropertyValueSpecification","valueRequired":true,"valueName":"search_term_string"}}],"inLanguage":"pl-PL"},{"@type":"Organization","@id":"https:\/\/kgf.wgsr.uw.edu.pl\/#organization","name":"Katedra Geografii Fizycznej, Wydzia\u0142 Geografii i Studi\u00f3w Regionalnych UW","url":"https:\/\/kgf.wgsr.uw.edu.pl\/","logo":{"@type":"ImageObject","inLanguage":"pl-PL","@id":"https:\/\/kgf.wgsr.uw.edu.pl\/#\/schema\/logo\/image\/","url":"https:\/\/kgf.wgsr.uw.edu.pl\/wp-content\/uploads\/2023\/08\/cropped-Katedra.png","contentUrl":"https:\/\/kgf.wgsr.uw.edu.pl\/wp-content\/uploads\/2023\/08\/cropped-Katedra.png","width":1230,"height":328,"caption":"Katedra Geografii Fizycznej, Wydzia\u0142 Geografii i Studi\u00f3w Regionalnych UW"},"image":{"@id":"https:\/\/kgf.wgsr.uw.edu.pl\/#\/schema\/logo\/image\/"}}]}},"_links":{"self":[{"href":"https:\/\/kgf.wgsr.uw.edu.pl\/index.php?rest_route=\/wp\/v2\/pages\/75","targetHints":{"allow":["GET"]}}],"collection":[{"href":"https:\/\/kgf.wgsr.uw.edu.pl\/index.php?rest_route=\/wp\/v2\/pages"}],"about":[{"href":"https:\/\/kgf.wgsr.uw.edu.pl\/index.php?rest_route=\/wp\/v2\/types\/page"}],"author":[{"embeddable":true,"href":"https:\/\/kgf.wgsr.uw.edu.pl\/index.php?rest_route=\/wp\/v2\/users\/2"}],"replies":[{"embeddable":true,"href":"https:\/\/kgf.wgsr.uw.edu.pl\/index.php?rest_route=%2Fwp%2Fv2%2Fcomments&post=75"}],"version-history":[{"count":4,"href":"https:\/\/kgf.wgsr.uw.edu.pl\/index.php?rest_route=\/wp\/v2\/pages\/75\/revisions"}],"predecessor-version":[{"id":3091,"href":"https:\/\/kgf.wgsr.uw.edu.pl\/index.php?rest_route=\/wp\/v2\/pages\/75\/revisions\/3091"}],"wp:attachment":[{"href":"https:\/\/kgf.wgsr.uw.edu.pl\/index.php?rest_route=%2Fwp%2Fv2%2Fmedia&parent=75"}],"curies":[{"name":"wp","href":"https:\/\/api.w.org\/{rel}","templated":true}]}}