{"id":634,"date":"2021-04-12T09:34:46","date_gmt":"2021-04-12T07:34:46","guid":{"rendered":"https:\/\/wgsr.uw.edu.pl\/kgf\/?page_id=634"},"modified":"2025-09-30T07:54:58","modified_gmt":"2025-09-30T07:54:58","slug":"hydrologiczne-podstawy-gospodarowania-woda","status":"publish","type":"page","link":"https:\/\/kgf.wgsr.uw.edu.pl\/?page_id=634","title":{"rendered":"Studia I stopnia (licencjackie) na kierunku Geografia \u2013 proseminarium licencjackie\u00a0Empiryczne i aplikacyjne badania hydrosfery i atmosfery"},"content":{"rendered":"\n<p>Pasjonuje Ci\u0119 rozwi\u0105zywanie hydrozagadek? Zapraszamy do zg\u0142\u0119biania tajemnic obiegu wody w \u015brodowisku w ramach proseminarium licencjackiego <strong><em>Przyrodnicze i antropogeniczne uwarunkowania ilo\u015bci i jako\u015bci zasob\u00f3w wodnych<\/em><\/strong> (<a href=\"https:\/\/wgsr.uw.edu.pl\/studia-na-wgsr\/\">studia 1. stopnia na kierunku geografia<\/a>).<\/p>\n\n\n\n<h2 class=\"wp-block-heading\"><strong>Dlaczego warto wybra\u0107 proseminarium z zakresu hydrologii i klimatologii?<\/strong><\/h2>\n\n\n\n<ul class=\"wp-block-list\">\n<li>Klimat i woda maj\u0105 kluczowe znaczenie dla \u015brodowiska fizycznogeograficznego<\/li>\n\n\n\n<li>Woda jest niezb\u0119dna w \u017cyciu i dzia\u0142alno\u015bci gospodarczej cz\u0142owieka, warunki pogodowe i klimatyczne oddzia\u0142uj\u0105 na cz\u0142owieka i jego otoczenie<\/li>\n\n\n\n<li>Zajmujemy si\u0119 aktualn\u0105 tematyk\u0105: zmianami klimatu i niebezpiecznymi zjawiskami pogodowymi, suszami, powodziami i jako\u015bci\u0105 wody<\/li>\n<\/ul>\n\n\n\n<h2 class=\"wp-block-heading\"><strong>Cele proseminarium licencjackiego<\/strong><\/h2>\n\n\n\n<ul class=\"wp-block-list\">\n<li>Nauczysz si\u0119, jak prawid\u0142owo zaplanowa\u0107 post\u0119powanie badawcze do pracy licencjackiej<\/li>\n\n\n\n<li>Poznasz \u017ar\u00f3d\u0142a danych i metody, niezb\u0119dne do przeprowadzenia post\u0119powania badawczego<\/li>\n\n\n\n<li>Dowiesz si\u0119, jak przygotowa\u0107 prac\u0119 licencjack\u0105 pod wzgl\u0119dem edytorskim<\/li>\n\n\n\n<li>Nauczysz si\u0119 wykorzystywa\u0107 nowoczesne narz\u0119dzia, oprogramowanie GIS oraz przyrz\u0105dy pomiarowe do realizacji cel\u00f3w badawczych<\/li>\n<\/ul>\n\n\n\n<figure class=\"wp-block-table\"><table class=\"has-fixed-layout\"><tbody><tr><td><strong>Badania hydrosfery<\/strong><\/td><td><strong>Badania klimatu i atmosfery<\/strong><\/td><\/tr><tr><td>zjawiska ekstremalne \u2013powodzie i suszeochrona zasob\u00f3w wodnychprzyrodnicze i antropogeniczne uwarunkowania jako\u015bci w\u00f3dzr\u00f3wnowa\u017cone gospodarowanie zasobami wodyekohydrologia i limnologiahydromorfologiczna ocena w\u00f3dzastosowanie GIS i teledetekcji w hydrologiigospodarowanie wod\u0105 w miastach i na obszarach chronionych<\/td><td>zmiany i zmienno\u015b\u0107 klimatubioklimatologiatopoklimatologiaklimatologia stosowanaklimat miejskizjawiska ekstremalne \u2013 huragany, burze, opady ekstremalne itp.ochrona atmosferyklimat obszar\u00f3w wysokog\u00f3rskich<\/td><\/tr><\/tbody><\/table><\/figure>\n\n\n\n<h3 class=\"wp-block-heading\"><strong>Twoja praca mo\u017ce by\u0107<\/strong><\/h3>\n\n\n\n<ul class=\"wp-block-list\">\n<li>Terenowa<\/li>\n\n\n\n<li>Przegl\u0105dowa<\/li>\n\n\n\n<li>Oparta na danych i analizach GIS<\/li>\n<\/ul>\n\n\n\n<h2 class=\"wp-block-heading\"><strong>Propozycje temat\u00f3w (zagadnie\u0144) prac licencjackich z zakresu hydrologii \u2013 rok akademicki 2025\/2026<\/strong><\/h2>\n\n\n\n<p><strong>dr hab. Artur Magnuszewski, prof. ucz.<\/strong><\/p>\n\n\n\n<ul class=\"wp-block-list\">\n<li>\u017begluga turystyczna na Wi\u015ble w Warszawie<\/li>\n\n\n\n<li>Przebieg zjawisk lodowych na Jeziorze W\u0142oc\u0142awskim<\/li>\n\n\n\n<li>Historia \u017ceglugi na Wi\u015ble w Warszawie<\/li>\n<\/ul>\n\n\n\n<p><strong>dr hab. Urszula Somorowska, prof. ucz.<\/strong><\/p>\n\n\n\n<ul class=\"wp-block-list\">\n<li>Plastik w oceanach: emisja, eliminacja i przeciwdzia\u0142anie<\/li>\n\n\n\n<li>Monitoring susz w Polsce i na \u015bwiecie<\/li>\n\n\n\n<li>Funkcje przeciwpowodziowe i przeciwsztormowe las\u00f3w namorzynowych na \u015bwiecie<\/li>\n<\/ul>\n\n\n\n<p><strong>dr Barbara Nowicka<\/strong><\/p>\n\n\n\n<ul class=\"wp-block-list\">\n<li>Wp\u0142yw zagospodarowania stref brzegowych na stan ekologiczny jezior<\/li>\n\n\n\n<li>Zjawiska lodowe na wybranym jeziorze (do wyboru Jez. Litygajno, Jez. \u015aniardwy, Jez. Charzykowskie)<\/li>\n\n\n\n<li>Powodzie antropogeniczne<\/li>\n<\/ul>\n\n\n\n<p><strong>dr Maciej Lenartowicz<\/strong><\/p>\n\n\n\n<ul class=\"wp-block-list\">\n<li>Ocena zmian warunk\u00f3w obiegu wody spowodowanych szybkim rozwojem urbanizacji (przyk\u0142ad obszaru mi\u0119dzy S8 oraz ulicami Lazurow\u0105 i Po\u0142czy\u0144sk\u0105 w Warszawie) \u2013 na podstawie analizy dost\u0119pnych zdj\u0119\u0107 lotniczych;<\/li>\n\n\n\n<li>Zastosowanie baz danych przestrzennych (np. Corine Land Cover) oraz zobrazowa\u0144 satelitarnych (np. Landsat, Sentinel) do oceny zmian zasi\u0119gu lodowc\u00f3w g\u00f3rskich w Europie;<\/li>\n\n\n\n<li>Por\u00f3wnanie wybranych baz danych hydrograficznych (map hydrograficznych) w Europie (np. WISE); ich dost\u0119pno\u015b\u0107, zawarto\u015b\u0107 i dok\u0142adno\u015b\u0107;<\/li>\n\n\n\n<li>Wykorzystanie dost\u0119pnych danych przestrzennych (LIDAR, ortofotomapy, BDOT10k) do szacowania odp\u0142ywu maksymalnego ze zlewni g\u00f3rskich.<\/li>\n<\/ul>\n\n\n\n<p><strong>dr Jaros\u0142aw Sucho\u017cebrski<\/strong><\/p>\n\n\n\n<ul class=\"wp-block-list\">\n<li>Gospodarowanie wod\u0105 na wybranym obszarze chronionym (park krajobrazowy, rezerwat itp.) \u2013 praca na podstawie literatury (np. plan\u00f3w ochrony)<\/li>\n\n\n\n<li>Przekszta\u0142cenia sieci hydrograficznej w wyniku budowy dr\u00f3g szybkiego ruchu (np. A2, S8 itp.) \u2013 praca z wykorzystaniem GIS<\/li>\n\n\n\n<li>Wp\u0142yw dr\u00f3g szybkiego ruchu na jako\u015b\u0107 rzek (na wybranych przyk\u0142adach) \u2013 na podstawie w\u0142asnych pomiar\u00f3w terenowych i wybranych wska\u017anik\u00f3w jako\u015bci<\/li>\n<\/ul>\n\n\n\n<p><strong>dr Dariusz Woronko<\/strong><\/p>\n\n\n\n<ul class=\"wp-block-list\">\n<li>Wp\u0142yw zmian klimatycznych na rozw\u00f3j i funkcjonowanie mokrade\u0142<\/li>\n\n\n\n<li>Zastosowanie narz\u0119dzi geoinformacyjnych w badaniach interakcji cz\u0142owiek \u2013 \u015brodowisko naturalne (z naciskiem na wod\u0119)<\/li>\n\n\n\n<li>Rola czynnik\u00f3w spo\u0142eczno-ekonomicznych w okre\u015blaniu zagro\u017cenia i ryzyka powodziowego<\/li>\n<\/ul>\n\n\n\n<p><strong>dr Maksym \u0141aszewski<\/strong><\/p>\n\n\n\n<ul class=\"wp-block-list\">\n<li>Zmiany wybranych parametr\u00f3w jako\u015bci wody w profilu pod\u0142u\u017cnym rzeki (np. \u015awidra, Raci\u0105\u017cnicy lub innej \u2013 praca terenowa)<\/li>\n\n\n\n<li>Ocena przekszta\u0142cenia ciek\u00f3w i zmian pokrycia terenu w zlewni Wkry (lub innej zlewni rzeki nizinnej, praca z wykorzystaniem GIS)<\/li>\n\n\n\n<li>Przestrzenne zr\u00f3\u017cnicowanie wydajno\u015bci oraz cech fizyczno-chemicznych w\u00f3d \u017ar\u00f3de\u0142 wybranego regionu (doliny Jeziorki, Wkry, okolic Osiecka) (praca terenowa).<\/li>\n<\/ul>\n\n\n\n<p><strong><a href=\"https:\/\/kgf.wgsr.uw.edu.pl\/wp-content\/uploads\/2025\/04\/Hydro_klima_proseminarium_2025_2026_1.pdf\">Zobacz prezentacj\u0119 proseminarium licencjackiego&nbsp;<em><strong><em>Empiryczne i aplikacyjne badania hydrosfery i atmosfery<\/em><\/strong><\/em>&nbsp;(plik pdf)<\/a><\/strong><\/p>\n\n\n<div class=\"wp-block-image\">\n<figure class=\"aligncenter\"><img loading=\"lazy\" decoding=\"async\" width=\"724\" height=\"1024\" src=\"https:\/\/kgf.wgsr.uw.edu.pl\/wp-content\/uploads\/2025\/04\/Seminarium-licencjackie-2024-1-724x1024.png\" alt=\"\" class=\"wp-image-3010\" srcset=\"https:\/\/kgf.wgsr.uw.edu.pl\/wp-content\/uploads\/2025\/04\/Seminarium-licencjackie-2024-1-724x1024.png 724w, https:\/\/kgf.wgsr.uw.edu.pl\/wp-content\/uploads\/2025\/04\/Seminarium-licencjackie-2024-1-212x300.png 212w, https:\/\/kgf.wgsr.uw.edu.pl\/wp-content\/uploads\/2025\/04\/Seminarium-licencjackie-2024-1-768x1086.png 768w, https:\/\/kgf.wgsr.uw.edu.pl\/wp-content\/uploads\/2025\/04\/Seminarium-licencjackie-2024-1-1086x1536.png 1086w, https:\/\/kgf.wgsr.uw.edu.pl\/wp-content\/uploads\/2025\/04\/Seminarium-licencjackie-2024-1-1448x2048.png 1448w, https:\/\/kgf.wgsr.uw.edu.pl\/wp-content\/uploads\/2025\/04\/Seminarium-licencjackie-2024-1.png 1587w\" sizes=\"auto, (max-width: 724px) 100vw, 724px\" \/><\/figure>\n<\/div>","protected":false},"excerpt":{"rendered":"<p>Pasjonuje Ci\u0119 rozwi\u0105zywanie hydrozagadek? Zapraszamy do zg\u0142\u0119biania tajemnic obiegu wody w \u015brodowisku w ramach proseminarium licencjackiego Przyrodnicze i antropogeniczne uwarunkowania ilo\u015bci i jako\u015bci zasob\u00f3w wodnych (studia 1. stopnia na kierunku geografia). Dlaczego warto wybra\u0107 proseminarium z zakresu hydrologii i klimatologii? Cele proseminarium licencjackiego Badania hydrosfery Badania klimatu i atmosfery zjawiska ekstremalne \u2013powodzie i suszeochrona zasob\u00f3w [&hellip;]<\/p>\n","protected":false},"author":2,"featured_media":0,"parent":330,"menu_order":1,"comment_status":"closed","ping_status":"closed","template":"","meta":{"footnotes":""},"class_list":["post-634","page","type-page","status-publish","czr-hentry"],"yoast_head":"<!-- This site is optimized with the Yoast SEO plugin v21.3 - https:\/\/yoast.com\/wordpress\/plugins\/seo\/ -->\n<title>Studia I stopnia (licencjackie) na kierunku Geografia \u2013 proseminarium licencjackie\u00a0Empiryczne i aplikacyjne badania hydrosfery i atmosfery - Katedra Geografii Fizycznej, Wydzia\u0142 Geografii i Studi\u00f3w Regionalnych UW<\/title>\n<meta name=\"robots\" content=\"index, follow, max-snippet:-1, max-image-preview:large, max-video-preview:-1\" \/>\n<link rel=\"canonical\" href=\"https:\/\/kgf.wgsr.uw.edu.pl\/?page_id=634\" \/>\n<meta property=\"og:locale\" content=\"pl_PL\" \/>\n<meta property=\"og:type\" content=\"article\" \/>\n<meta property=\"og:title\" content=\"Studia I stopnia (licencjackie) na kierunku Geografia \u2013 proseminarium licencjackie\u00a0Empiryczne i aplikacyjne badania hydrosfery i atmosfery - Katedra Geografii Fizycznej, Wydzia\u0142 Geografii i Studi\u00f3w Regionalnych UW\" \/>\n<meta property=\"og:description\" content=\"Pasjonuje Ci\u0119 rozwi\u0105zywanie hydrozagadek? Zapraszamy do zg\u0142\u0119biania tajemnic obiegu wody w \u015brodowisku w ramach proseminarium licencjackiego Przyrodnicze i antropogeniczne uwarunkowania ilo\u015bci i jako\u015bci zasob\u00f3w wodnych (studia 1. stopnia na kierunku geografia). Dlaczego warto wybra\u0107 proseminarium z zakresu hydrologii i klimatologii? Cele proseminarium licencjackiego Badania hydrosfery Badania klimatu i atmosfery zjawiska ekstremalne \u2013powodzie i suszeochrona zasob\u00f3w [&hellip;]\" \/>\n<meta property=\"og:url\" content=\"https:\/\/kgf.wgsr.uw.edu.pl\/?page_id=634\" \/>\n<meta property=\"og:site_name\" content=\"Katedra Geografii Fizycznej, Wydzia\u0142 Geografii i Studi\u00f3w Regionalnych UW\" \/>\n<meta property=\"article:modified_time\" content=\"2025-09-30T07:54:58+00:00\" \/>\n<meta property=\"og:image\" content=\"https:\/\/kgf.wgsr.uw.edu.pl\/wp-content\/uploads\/2025\/04\/Seminarium-licencjackie-2024-1-724x1024.png\" \/>\n<meta name=\"twitter:card\" content=\"summary_large_image\" \/>\n<meta name=\"twitter:label1\" content=\"Szacowany czas czytania\" \/>\n\t<meta name=\"twitter:data1\" content=\"4 minuty\" \/>\n<script type=\"application\/ld+json\" class=\"yoast-schema-graph\">{\"@context\":\"https:\/\/schema.org\",\"@graph\":[{\"@type\":\"WebPage\",\"@id\":\"https:\/\/kgf.wgsr.uw.edu.pl\/?page_id=634\",\"url\":\"https:\/\/kgf.wgsr.uw.edu.pl\/?page_id=634\",\"name\":\"Studia I stopnia (licencjackie) na kierunku Geografia \u2013 proseminarium licencjackie\u00a0Empiryczne i aplikacyjne badania hydrosfery i atmosfery - Katedra Geografii Fizycznej, Wydzia\u0142 Geografii i Studi\u00f3w Regionalnych UW\",\"isPartOf\":{\"@id\":\"https:\/\/kgf.wgsr.uw.edu.pl\/#website\"},\"datePublished\":\"2021-04-12T07:34:46+00:00\",\"dateModified\":\"2025-09-30T07:54:58+00:00\",\"breadcrumb\":{\"@id\":\"https:\/\/kgf.wgsr.uw.edu.pl\/?page_id=634#breadcrumb\"},\"inLanguage\":\"pl-PL\",\"potentialAction\":[{\"@type\":\"ReadAction\",\"target\":[\"https:\/\/kgf.wgsr.uw.edu.pl\/?page_id=634\"]}]},{\"@type\":\"BreadcrumbList\",\"@id\":\"https:\/\/kgf.wgsr.uw.edu.pl\/?page_id=634#breadcrumb\",\"itemListElement\":[{\"@type\":\"ListItem\",\"position\":1,\"name\":\"Strona g\u0142\u00f3wna\",\"item\":\"https:\/\/kgf.wgsr.uw.edu.pl\/\"},{\"@type\":\"ListItem\",\"position\":2,\"name\":\"Dydaktyka\",\"item\":\"https:\/\/kgf.wgsr.uw.edu.pl\/?page_id=108\"},{\"@type\":\"ListItem\",\"position\":3,\"name\":\"Studia I stopnia\",\"item\":\"https:\/\/kgf.wgsr.uw.edu.pl\/?page_id=330\"},{\"@type\":\"ListItem\",\"position\":4,\"name\":\"Studia I stopnia (licencjackie) na kierunku Geografia \u2013 proseminarium licencjackie\u00a0Empiryczne i aplikacyjne badania hydrosfery i atmosfery\"}]},{\"@type\":\"WebSite\",\"@id\":\"https:\/\/kgf.wgsr.uw.edu.pl\/#website\",\"url\":\"https:\/\/kgf.wgsr.uw.edu.pl\/\",\"name\":\"Katedra Geografii Fizycznej, Wydzia\u0142 Geografii i Studi\u00f3w Regionalnych UW\",\"description\":\"\",\"publisher\":{\"@id\":\"https:\/\/kgf.wgsr.uw.edu.pl\/#organization\"},\"potentialAction\":[{\"@type\":\"SearchAction\",\"target\":{\"@type\":\"EntryPoint\",\"urlTemplate\":\"https:\/\/kgf.wgsr.uw.edu.pl\/?s={search_term_string}\"},\"query-input\":\"required name=search_term_string\"}],\"inLanguage\":\"pl-PL\"},{\"@type\":\"Organization\",\"@id\":\"https:\/\/kgf.wgsr.uw.edu.pl\/#organization\",\"name\":\"Katedra Geografii Fizycznej, Wydzia\u0142 Geografii i Studi\u00f3w Regionalnych UW\",\"url\":\"https:\/\/kgf.wgsr.uw.edu.pl\/\",\"logo\":{\"@type\":\"ImageObject\",\"inLanguage\":\"pl-PL\",\"@id\":\"https:\/\/kgf.wgsr.uw.edu.pl\/#\/schema\/logo\/image\/\",\"url\":\"https:\/\/kgf.wgsr.uw.edu.pl\/wp-content\/uploads\/2023\/08\/cropped-Katedra.png\",\"contentUrl\":\"https:\/\/kgf.wgsr.uw.edu.pl\/wp-content\/uploads\/2023\/08\/cropped-Katedra.png\",\"width\":1230,\"height\":328,\"caption\":\"Katedra Geografii Fizycznej, Wydzia\u0142 Geografii i Studi\u00f3w Regionalnych UW\"},\"image\":{\"@id\":\"https:\/\/kgf.wgsr.uw.edu.pl\/#\/schema\/logo\/image\/\"}}]}<\/script>\n<!-- \/ Yoast SEO plugin. -->","yoast_head_json":{"title":"Studia I stopnia (licencjackie) na kierunku Geografia \u2013 proseminarium licencjackie\u00a0Empiryczne i aplikacyjne badania hydrosfery i atmosfery - Katedra Geografii Fizycznej, Wydzia\u0142 Geografii i Studi\u00f3w Regionalnych UW","robots":{"index":"index","follow":"follow","max-snippet":"max-snippet:-1","max-image-preview":"max-image-preview:large","max-video-preview":"max-video-preview:-1"},"canonical":"https:\/\/kgf.wgsr.uw.edu.pl\/?page_id=634","og_locale":"pl_PL","og_type":"article","og_title":"Studia I stopnia (licencjackie) na kierunku Geografia \u2013 proseminarium licencjackie\u00a0Empiryczne i aplikacyjne badania hydrosfery i atmosfery - Katedra Geografii Fizycznej, Wydzia\u0142 Geografii i Studi\u00f3w Regionalnych UW","og_description":"Pasjonuje Ci\u0119 rozwi\u0105zywanie hydrozagadek? Zapraszamy do zg\u0142\u0119biania tajemnic obiegu wody w \u015brodowisku w ramach proseminarium licencjackiego Przyrodnicze i antropogeniczne uwarunkowania ilo\u015bci i jako\u015bci zasob\u00f3w wodnych (studia 1. stopnia na kierunku geografia). Dlaczego warto wybra\u0107 proseminarium z zakresu hydrologii i klimatologii? Cele proseminarium licencjackiego Badania hydrosfery Badania klimatu i atmosfery zjawiska ekstremalne \u2013powodzie i suszeochrona zasob\u00f3w [&hellip;]","og_url":"https:\/\/kgf.wgsr.uw.edu.pl\/?page_id=634","og_site_name":"Katedra Geografii Fizycznej, Wydzia\u0142 Geografii i Studi\u00f3w Regionalnych UW","article_modified_time":"2025-09-30T07:54:58+00:00","og_image":[{"url":"https:\/\/kgf.wgsr.uw.edu.pl\/wp-content\/uploads\/2025\/04\/Seminarium-licencjackie-2024-1-724x1024.png"}],"twitter_card":"summary_large_image","twitter_misc":{"Szacowany czas czytania":"4 minuty"},"schema":{"@context":"https:\/\/schema.org","@graph":[{"@type":"WebPage","@id":"https:\/\/kgf.wgsr.uw.edu.pl\/?page_id=634","url":"https:\/\/kgf.wgsr.uw.edu.pl\/?page_id=634","name":"Studia I stopnia (licencjackie) na kierunku Geografia \u2013 proseminarium licencjackie\u00a0Empiryczne i aplikacyjne badania hydrosfery i atmosfery - Katedra Geografii Fizycznej, Wydzia\u0142 Geografii i Studi\u00f3w Regionalnych UW","isPartOf":{"@id":"https:\/\/kgf.wgsr.uw.edu.pl\/#website"},"datePublished":"2021-04-12T07:34:46+00:00","dateModified":"2025-09-30T07:54:58+00:00","breadcrumb":{"@id":"https:\/\/kgf.wgsr.uw.edu.pl\/?page_id=634#breadcrumb"},"inLanguage":"pl-PL","potentialAction":[{"@type":"ReadAction","target":["https:\/\/kgf.wgsr.uw.edu.pl\/?page_id=634"]}]},{"@type":"BreadcrumbList","@id":"https:\/\/kgf.wgsr.uw.edu.pl\/?page_id=634#breadcrumb","itemListElement":[{"@type":"ListItem","position":1,"name":"Strona g\u0142\u00f3wna","item":"https:\/\/kgf.wgsr.uw.edu.pl\/"},{"@type":"ListItem","position":2,"name":"Dydaktyka","item":"https:\/\/kgf.wgsr.uw.edu.pl\/?page_id=108"},{"@type":"ListItem","position":3,"name":"Studia I stopnia","item":"https:\/\/kgf.wgsr.uw.edu.pl\/?page_id=330"},{"@type":"ListItem","position":4,"name":"Studia I stopnia (licencjackie) na kierunku Geografia \u2013 proseminarium licencjackie\u00a0Empiryczne i aplikacyjne badania hydrosfery i atmosfery"}]},{"@type":"WebSite","@id":"https:\/\/kgf.wgsr.uw.edu.pl\/#website","url":"https:\/\/kgf.wgsr.uw.edu.pl\/","name":"Katedra Geografii Fizycznej, Wydzia\u0142 Geografii i Studi\u00f3w Regionalnych UW","description":"","publisher":{"@id":"https:\/\/kgf.wgsr.uw.edu.pl\/#organization"},"potentialAction":[{"@type":"SearchAction","target":{"@type":"EntryPoint","urlTemplate":"https:\/\/kgf.wgsr.uw.edu.pl\/?s={search_term_string}"},"query-input":"required name=search_term_string"}],"inLanguage":"pl-PL"},{"@type":"Organization","@id":"https:\/\/kgf.wgsr.uw.edu.pl\/#organization","name":"Katedra Geografii Fizycznej, Wydzia\u0142 Geografii i Studi\u00f3w Regionalnych UW","url":"https:\/\/kgf.wgsr.uw.edu.pl\/","logo":{"@type":"ImageObject","inLanguage":"pl-PL","@id":"https:\/\/kgf.wgsr.uw.edu.pl\/#\/schema\/logo\/image\/","url":"https:\/\/kgf.wgsr.uw.edu.pl\/wp-content\/uploads\/2023\/08\/cropped-Katedra.png","contentUrl":"https:\/\/kgf.wgsr.uw.edu.pl\/wp-content\/uploads\/2023\/08\/cropped-Katedra.png","width":1230,"height":328,"caption":"Katedra Geografii Fizycznej, Wydzia\u0142 Geografii i Studi\u00f3w Regionalnych UW"},"image":{"@id":"https:\/\/kgf.wgsr.uw.edu.pl\/#\/schema\/logo\/image\/"}}]}},"_links":{"self":[{"href":"https:\/\/kgf.wgsr.uw.edu.pl\/index.php?rest_route=\/wp\/v2\/pages\/634","targetHints":{"allow":["GET"]}}],"collection":[{"href":"https:\/\/kgf.wgsr.uw.edu.pl\/index.php?rest_route=\/wp\/v2\/pages"}],"about":[{"href":"https:\/\/kgf.wgsr.uw.edu.pl\/index.php?rest_route=\/wp\/v2\/types\/page"}],"author":[{"embeddable":true,"href":"https:\/\/kgf.wgsr.uw.edu.pl\/index.php?rest_route=\/wp\/v2\/users\/2"}],"replies":[{"embeddable":true,"href":"https:\/\/kgf.wgsr.uw.edu.pl\/index.php?rest_route=%2Fwp%2Fv2%2Fcomments&post=634"}],"version-history":[{"count":3,"href":"https:\/\/kgf.wgsr.uw.edu.pl\/index.php?rest_route=\/wp\/v2\/pages\/634\/revisions"}],"predecessor-version":[{"id":3193,"href":"https:\/\/kgf.wgsr.uw.edu.pl\/index.php?rest_route=\/wp\/v2\/pages\/634\/revisions\/3193"}],"up":[{"embeddable":true,"href":"https:\/\/kgf.wgsr.uw.edu.pl\/index.php?rest_route=\/wp\/v2\/pages\/330"}],"wp:attachment":[{"href":"https:\/\/kgf.wgsr.uw.edu.pl\/index.php?rest_route=%2Fwp%2Fv2%2Fmedia&parent=634"}],"curies":[{"name":"wp","href":"https:\/\/api.w.org\/{rel}","templated":true}]}}