{"id":566,"date":"2021-03-26T20:23:29","date_gmt":"2021-03-26T19:23:29","guid":{"rendered":"https:\/\/wgsr.uw.edu.pl\/kgf\/?page_id=566"},"modified":"2023-10-17T19:16:26","modified_gmt":"2023-10-17T19:16:26","slug":"warsztaty","status":"publish","type":"page","link":"https:\/\/kgf.wgsr.uw.edu.pl\/?page_id=566","title":{"rendered":"Warsztaty"},"content":{"rendered":"<p style=\"text-align: center;\"><span style=\"font-size: 12pt;\"><a href=\"\/?page_id=85\">O nas<\/a> \u2013 <a href=\"\/?page_id=396\">Zesp\u00f3\u0142<\/a> \u2013 <a href=\"\/?page_id=421\">Dzia\u0142alno\u015b\u0107 naukowa<\/a> \u2013 <a href=\"\/?page_id=428\">Dydaktyka<\/a> \u2013 Warsztaty \u2013 <a href=\"\/?page_id=434\">Historia<\/a><\/span><\/p>\n<h3>Warsztaty geoekologiczne<\/h3>\n<p><em>W pa\u017adzierniku 2015, kwietniu 2016 i listopadzie 2016 roku pracownicy Zak\u0142adu Geoekologii pod kierunkiem dr Wojciecha Lewandowskiego przy udziale Ko\u0142a Naukowego Student\u00f3w Geografii zorganizowali warsztaty geoekologiczne. Wzi\u0119li w nich udzia\u0142 pracownicy, studenci ale r\u00f3wnie\u017c osoby zaprzyja\u017anione, rodziny i zwierzaki.<\/em><\/p>\n<p>&nbsp;<\/p>\n<h5><img loading=\"lazy\" decoding=\"async\" class=\"wp-image-10837 size-medium alignright\" src=\"https:\/\/wgsr.uw.edu.pl\/wgsr\/wp-content\/uploads\/2017\/11\/PB052774-300x225.jpg\" sizes=\"auto, (max-width: 300px) 100vw, 300px\" srcset=\"https:\/\/wgsr.uw.edu.pl\/wgsr\/wp-content\/uploads\/2017\/11\/PB052774-300x225.jpg 300w, https:\/\/wgsr.uw.edu.pl\/wgsr\/wp-content\/uploads\/2017\/11\/PB052774.jpg 640w\" alt=\"\" width=\"300\" height=\"225\" \/>\u201eMozaikowo\u015b\u0107 krajobrazu wy\u017cynnego na przyk\u0142adzie okolic Ch\u0119cin\u201d (2016)<\/h5>\n<p>W listopadzie 2016 roku warsztaty odby\u0142y si\u0119 w Europejskim Centrum Edukacji Geologicznej w Ch\u0119cinach. Program merytoryczny obejmowa\u0142 wykonanie profilu krajobrazowego przeprowadzonego z Ch\u0119cin, przez kamienio\u0142om na G\u00f3rze Rzepka, Pasmo Korzeczkowskie, a\u017c do Doliny Nidy. Uczestnicy \u201eprzemieszczali\u201d si\u0119 od dewo\u0144skich wapieni, przez czwartorz\u0119dowe lessy do najm\u0142odszych utwor\u00f3w torfowych. W pi\u0105tek oby\u0142y si\u0119 manewry nocne, kt\u00f3rych motywem przewodnim by\u0142y utwory Witkacego. W kilku miejscach na uczestnik\u00f3w czeka\u0142y zadania specjalne. W niedziel\u0119 weszli\u015bmy na \u0141ysic\u0119, gdzie odby\u0142o si\u0119 uroczyste pasowanie zdobywcy i dla niekt\u00f3rych rozpocz\u0119\u0142a si\u0119 przygoda z Koron\u0105 G\u00f3r Polski.<\/p>\n<p><img loading=\"lazy\" decoding=\"async\" class=\"wp-image-10836 alignnone\" src=\"https:\/\/wgsr.uw.edu.pl\/wgsr\/wp-content\/uploads\/2017\/11\/IMG_7697-300x225.jpg\" sizes=\"auto, (max-width: 311px) 100vw, 311px\" srcset=\"https:\/\/wgsr.uw.edu.pl\/wgsr\/wp-content\/uploads\/2017\/11\/IMG_7697-300x225.jpg 300w, https:\/\/wgsr.uw.edu.pl\/wgsr\/wp-content\/uploads\/2017\/11\/IMG_7697.jpg 640w\" alt=\"\" width=\"311\" height=\"233\" \/>\u00a0\u00a0<img loading=\"lazy\" decoding=\"async\" class=\"wp-image-10855 alignnone\" src=\"https:\/\/wgsr.uw.edu.pl\/wgsr\/wp-content\/uploads\/2017\/08\/IMG_6032-300x200.jpg\" sizes=\"auto, (max-width: 348px) 100vw, 348px\" srcset=\"https:\/\/wgsr.uw.edu.pl\/wgsr\/wp-content\/uploads\/2017\/08\/IMG_6032-300x200.jpg 300w, https:\/\/wgsr.uw.edu.pl\/wgsr\/wp-content\/uploads\/2017\/08\/IMG_6032-272x182.jpg 272w, https:\/\/wgsr.uw.edu.pl\/wgsr\/wp-content\/uploads\/2017\/08\/IMG_6032.jpg 640w\" alt=\"\" width=\"348\" height=\"232\" \/><\/p>\n<h5>__________________________________________________________________________<\/h5>\n<h5>\u00a0<img loading=\"lazy\" decoding=\"async\" class=\"wp-image-10846 alignright\" src=\"https:\/\/wgsr.uw.edu.pl\/wgsr\/wp-content\/uploads\/2017\/11\/P4162340.jpg\" sizes=\"auto, (max-width: 287px) 100vw, 287px\" srcset=\"https:\/\/wgsr.uw.edu.pl\/wgsr\/wp-content\/uploads\/2017\/11\/P4162340.jpg 640w, https:\/\/wgsr.uw.edu.pl\/wgsr\/wp-content\/uploads\/2017\/11\/P4162340-300x225.jpg 300w\" alt=\"\" width=\"287\" height=\"214\" \/>\u201eZr\u00f3\u017cnicowanie proces\u00f3w katenalnych w zale\u017cno\u015bci od ekspozycji stok\u00f3w\u201d (2016)<\/h5>\n<p>W kwietniu 2016 roku warsztaty odby\u0142y si\u0119 na Jurze Krakowsko-Cz\u0119stochowskiej. Tym razem uczestnicy badali procesy katenalne w zale\u017cno\u015bci od ekspozycji stoku na Murze Rz\u0119dkowickim. Ka\u017cda grupa samodzielnie wyznaczy\u0142a swoj\u0105 katen\u0119 oraz zaplanowa\u0142a i przeprowadzi\u0142a obserwacje w punktach. Opr\u00f3cz kartowania litologii, szaty ro\u015blinnej wykonano r\u00f3wnie\u017c obserwacje meteorologiczne. Odwiedzili\u015bmy te\u017c kamienio\u0142om, gdzie ka\u017cdy (sic!) znalaz\u0142 sw\u00f3j okaz amonita. W sobot\u0119 o zachodzie s\u0142o\u0144ca pokonali\u015bmy tras\u0119 pomi\u0119dzy zamkami w Bobolicach i Mirowie. Wieczorem odby\u0142o si\u0119 ognisko i wsp\u00f3lne \u015bpiewanie przy d\u017awi\u0119kach gitary. W niedziel\u0119 ka\u017cdy m\u00f3g\u0142 spr\u00f3bowa\u0107 swoich si\u0142 we wspinaczce ska\u0142kowej, albo je\u017adzie konnej.<\/p>\n<p><img loading=\"lazy\" decoding=\"async\" class=\"wp-image-10844 size-medium alignnone\" src=\"https:\/\/wgsr.uw.edu.pl\/wgsr\/wp-content\/uploads\/2017\/11\/DSC_0701-300x199.jpg\" sizes=\"auto, (max-width: 300px) 100vw, 300px\" srcset=\"https:\/\/wgsr.uw.edu.pl\/wgsr\/wp-content\/uploads\/2017\/11\/DSC_0701-300x199.jpg 300w, https:\/\/wgsr.uw.edu.pl\/wgsr\/wp-content\/uploads\/2017\/11\/DSC_0701.jpg 640w\" alt=\"\" width=\"300\" height=\"199\" \/>\u00a0<img loading=\"lazy\" decoding=\"async\" class=\"wp-image-10845 size-medium alignnone\" src=\"https:\/\/wgsr.uw.edu.pl\/wgsr\/wp-content\/uploads\/2017\/11\/DSC_0844-300x201.jpg\" sizes=\"auto, (max-width: 300px) 100vw, 300px\" srcset=\"https:\/\/wgsr.uw.edu.pl\/wgsr\/wp-content\/uploads\/2017\/11\/DSC_0844-300x201.jpg 300w, https:\/\/wgsr.uw.edu.pl\/wgsr\/wp-content\/uploads\/2017\/11\/DSC_0844-272x182.jpg 272w, https:\/\/wgsr.uw.edu.pl\/wgsr\/wp-content\/uploads\/2017\/11\/DSC_0844.jpg 640w\" alt=\"\" width=\"300\" height=\"201\" \/><\/p>\n<h5>__________________________________________________________________________<\/h5>\n<h5 id=\"tab-6\">\u201eB<img loading=\"lazy\" decoding=\"async\" class=\"wp-image-10828 size-medium alignright\" src=\"https:\/\/wgsr.uw.edu.pl\/wgsr\/wp-content\/uploads\/2017\/11\/IMG_0087-300x208.jpg\" sizes=\"auto, (max-width: 300px) 100vw, 300px\" srcset=\"https:\/\/wgsr.uw.edu.pl\/wgsr\/wp-content\/uploads\/2017\/11\/IMG_0087-300x208.jpg 300w, https:\/\/wgsr.uw.edu.pl\/wgsr\/wp-content\/uploads\/2017\/11\/IMG_0087.jpg 640w\" alt=\"\" width=\"300\" height=\"208\" \/>iogeor\u00f3\u017cnorodno\u015b\u0107 krajobrazu m\u0142odoglacjalnego na przyk\u0142adzie okolic Jeziora \u0141uknajno\u201d (2015)<\/h5>\n<div>\n<p>W pa\u017adzierniku 2015 go\u015bcili\u015bmy w Stacji terenowej Wydzia\u0142u Biologii UW w Urwita\u0142cie. W trakcie warsztat\u00f3w poznawali\u015bmy biogeor\u00f3\u017cnorodno\u015b\u0107 okolic Jeziora \u0141uknajno. W ciep\u0142y i s\u0142oneczny weekend tropili\u015bmy borsuki i bobry, szukali\u015bmy Barszczu Sosnowskiego, wiercili\u015bmy i kopali\u015bmy, badaj\u0105c przy tym pH gleby oraz organoleptycznie testowali\u015bmy torf. Wsp\u00f3lnie odegrali\u015bmy te\u017c sztuk\u0119 \u201ePora\u017cka klimaksu\u201d. Nie zabrak\u0142o czasu na integracj\u0119. Wieczorami przy ognisku i brzmieniu gitary snuli\u015bmy geograficzne opowie\u015bci. Na koniec odby\u0142 si\u0119 mecz siatk\u00f3wki, Studenci vs Kadra. Tym razem zwyci\u0119sko z potyczki wysz\u0142a Kadra, ale po bardzo trudnym i zaci\u0119tym pojedynku.<\/p>\n<p><img loading=\"lazy\" decoding=\"async\" class=\"alignnone wp-image-10829 size-medium\" src=\"https:\/\/wgsr.uw.edu.pl\/wgsr\/wp-content\/uploads\/2017\/11\/smallPA241282-300x225.png\" sizes=\"auto, (max-width: 300px) 100vw, 300px\" srcset=\"https:\/\/wgsr.uw.edu.pl\/wgsr\/wp-content\/uploads\/2017\/11\/smallPA241282-300x225.png 300w, https:\/\/wgsr.uw.edu.pl\/wgsr\/wp-content\/uploads\/2017\/11\/smallPA241282.png 512w\" alt=\"\" width=\"300\" height=\"225\" \/>\u00a0\u00a0\u00a0\u00a0<img loading=\"lazy\" decoding=\"async\" class=\"alignnone wp-image-10830 size-medium\" src=\"https:\/\/wgsr.uw.edu.pl\/wgsr\/wp-content\/uploads\/2017\/11\/smallPA241340-300x225.png\" sizes=\"auto, (max-width: 300px) 100vw, 300px\" srcset=\"https:\/\/wgsr.uw.edu.pl\/wgsr\/wp-content\/uploads\/2017\/11\/smallPA241340-300x225.png 300w, https:\/\/wgsr.uw.edu.pl\/wgsr\/wp-content\/uploads\/2017\/11\/smallPA241340.png 512w\" alt=\"\" width=\"300\" height=\"225\" \/><\/p>\n<h5>__________________________________________________________________________<\/h5>\n<h5>Sp\u0142yw Bzur\u0105 w ramach zaj\u0119\u0107 specjalizacyjnych (2014)<\/h5>\n<h5><img loading=\"lazy\" decoding=\"async\" class=\"alignnone wp-image-10843 size-full\" src=\"https:\/\/wgsr.uw.edu.pl\/wgsr\/wp-content\/uploads\/2017\/11\/DSC00027min.jpg\" alt=\"\" width=\"133\" height=\"100\" \/>\u00a0\u00a0\u00a0<img loading=\"lazy\" decoding=\"async\" class=\"alignnone size-full wp-image-10842 \" src=\"https:\/\/wgsr.uw.edu.pl\/wgsr\/wp-content\/uploads\/2017\/11\/DSC00026min.jpg\" alt=\"\" width=\"133\" height=\"100\" \/>\u00a0\u00a0<img loading=\"lazy\" decoding=\"async\" class=\"alignnone size-full wp-image-10841 \" src=\"https:\/\/wgsr.uw.edu.pl\/wgsr\/wp-content\/uploads\/2017\/11\/DSC00019min.jpg\" alt=\"\" width=\"133\" height=\"100\" \/>\u00a0\u00a0<img loading=\"lazy\" decoding=\"async\" class=\"alignnone size-full wp-image-10840 \" src=\"https:\/\/wgsr.uw.edu.pl\/wgsr\/wp-content\/uploads\/2017\/11\/DSC00013min.jpg\" alt=\"\" width=\"133\" height=\"100\" \/><\/h5>\n<p><img loading=\"lazy\" decoding=\"async\" class=\"alignnone wp-image-10839 size-full\" src=\"https:\/\/wgsr.uw.edu.pl\/wgsr\/wp-content\/uploads\/2017\/11\/DSC00010min.jpg\" alt=\"\" width=\"133\" height=\"100\" \/>\u00a0\u00a0<img loading=\"lazy\" decoding=\"async\" class=\"alignnone size-full wp-image-10838 \" src=\"https:\/\/wgsr.uw.edu.pl\/wgsr\/wp-content\/uploads\/2017\/11\/DSC00008min.jpg\" alt=\"\" width=\"133\" height=\"100\" \/><\/p>\n<\/div>\n<div>\n<h5>__________________________________________________________________________<\/h5>\n<p>Maj\u00f3wka Geoekologiczna w Powsinie (2014)<\/p>\n<p><img loading=\"lazy\" decoding=\"async\" class=\"alignnone size-full wp-image-10833 \" src=\"https:\/\/wgsr.uw.edu.pl\/wgsr\/wp-content\/uploads\/2017\/11\/DSC00036min.jpg\" alt=\"\" width=\"133\" height=\"100\" \/>\u00a0\u00a0\u00a0<img loading=\"lazy\" decoding=\"async\" class=\"alignnone size-full wp-image-10832 \" src=\"https:\/\/wgsr.uw.edu.pl\/wgsr\/wp-content\/uploads\/2017\/11\/DSC00034min.jpg\" alt=\"\" width=\"133\" height=\"100\" \/>\u00a0\u00a0<img loading=\"lazy\" decoding=\"async\" class=\"alignnone size-full wp-image-10831 \" src=\"https:\/\/wgsr.uw.edu.pl\/wgsr\/wp-content\/uploads\/2017\/11\/DSC00032min.jpg\" alt=\"\" width=\"133\" height=\"100\" \/><\/p>\n<\/div>\n","protected":false},"excerpt":{"rendered":"<p>O nas \u2013 Zesp\u00f3\u0142 \u2013 Dzia\u0142alno\u015b\u0107 naukowa \u2013 Dydaktyka \u2013 Warsztaty \u2013 Historia Warsztaty geoekologiczne W pa\u017adzierniku 2015, kwietniu 2016 i listopadzie 2016 roku pracownicy Zak\u0142adu Geoekologii pod kierunkiem dr Wojciecha Lewandowskiego przy udziale Ko\u0142a Naukowego Student\u00f3w Geografii zorganizowali warsztaty geoekologiczne. Wzi\u0119li w nich udzia\u0142 pracownicy, studenci ale r\u00f3wnie\u017c osoby zaprzyja\u017anione, rodziny i zwierzaki. &nbsp; [&hellip;]<\/p>\n","protected":false},"author":3,"featured_media":0,"parent":85,"menu_order":0,"comment_status":"closed","ping_status":"closed","template":"","meta":{"footnotes":""},"class_list":["post-566","page","type-page","status-publish","czr-hentry"],"yoast_head":"<!-- This site is optimized with the Yoast SEO plugin v21.3 - https:\/\/yoast.com\/wordpress\/plugins\/seo\/ -->\n<title>Warsztaty - Katedra Geografii Fizycznej, Wydzia\u0142 Geografii i Studi\u00f3w Regionalnych UW<\/title>\n<meta name=\"robots\" content=\"index, follow, max-snippet:-1, max-image-preview:large, max-video-preview:-1\" \/>\n<link rel=\"canonical\" href=\"https:\/\/kgf.wgsr.uw.edu.pl\/?page_id=566\" \/>\n<meta property=\"og:locale\" content=\"pl_PL\" \/>\n<meta property=\"og:type\" content=\"article\" \/>\n<meta property=\"og:title\" content=\"Warsztaty - Katedra Geografii Fizycznej, Wydzia\u0142 Geografii i Studi\u00f3w Regionalnych UW\" \/>\n<meta property=\"og:description\" content=\"O nas \u2013 Zesp\u00f3\u0142 \u2013 Dzia\u0142alno\u015b\u0107 naukowa \u2013 Dydaktyka \u2013 Warsztaty \u2013 Historia Warsztaty geoekologiczne W pa\u017adzierniku 2015, kwietniu 2016 i listopadzie 2016 roku pracownicy Zak\u0142adu Geoekologii pod kierunkiem dr Wojciecha Lewandowskiego przy udziale Ko\u0142a Naukowego Student\u00f3w Geografii zorganizowali warsztaty geoekologiczne. Wzi\u0119li w nich udzia\u0142 pracownicy, studenci ale r\u00f3wnie\u017c osoby zaprzyja\u017anione, rodziny i zwierzaki. &nbsp; [&hellip;]\" \/>\n<meta property=\"og:url\" content=\"https:\/\/kgf.wgsr.uw.edu.pl\/?page_id=566\" \/>\n<meta property=\"og:site_name\" content=\"Katedra Geografii Fizycznej, Wydzia\u0142 Geografii i Studi\u00f3w Regionalnych UW\" \/>\n<meta property=\"article:modified_time\" content=\"2023-10-17T19:16:26+00:00\" \/>\n<meta property=\"og:image\" content=\"https:\/\/wgsr.uw.edu.pl\/wgsr\/wp-content\/uploads\/2017\/11\/PB052774-300x225.jpg\" \/>\n<meta name=\"twitter:card\" content=\"summary_large_image\" \/>\n<meta name=\"twitter:label1\" content=\"Szacowany czas czytania\" \/>\n\t<meta name=\"twitter:data1\" content=\"6 minut\" \/>\n<script type=\"application\/ld+json\" class=\"yoast-schema-graph\">{\"@context\":\"https:\/\/schema.org\",\"@graph\":[{\"@type\":\"WebPage\",\"@id\":\"https:\/\/kgf.wgsr.uw.edu.pl\/?page_id=566\",\"url\":\"https:\/\/kgf.wgsr.uw.edu.pl\/?page_id=566\",\"name\":\"Warsztaty - Katedra Geografii Fizycznej, Wydzia\u0142 Geografii i Studi\u00f3w Regionalnych UW\",\"isPartOf\":{\"@id\":\"https:\/\/kgf.wgsr.uw.edu.pl\/#website\"},\"datePublished\":\"2021-03-26T19:23:29+00:00\",\"dateModified\":\"2023-10-17T19:16:26+00:00\",\"breadcrumb\":{\"@id\":\"https:\/\/kgf.wgsr.uw.edu.pl\/?page_id=566#breadcrumb\"},\"inLanguage\":\"pl-PL\",\"potentialAction\":[{\"@type\":\"ReadAction\",\"target\":[\"https:\/\/kgf.wgsr.uw.edu.pl\/?page_id=566\"]}]},{\"@type\":\"BreadcrumbList\",\"@id\":\"https:\/\/kgf.wgsr.uw.edu.pl\/?page_id=566#breadcrumb\",\"itemListElement\":[{\"@type\":\"ListItem\",\"position\":1,\"name\":\"Strona g\u0142\u00f3wna\",\"item\":\"https:\/\/kgf.wgsr.uw.edu.pl\/\"},{\"@type\":\"ListItem\",\"position\":2,\"name\":\"Zak\u0142ad Geoekologii\",\"item\":\"https:\/\/kgf.wgsr.uw.edu.pl\/?page_id=85\"},{\"@type\":\"ListItem\",\"position\":3,\"name\":\"Warsztaty\"}]},{\"@type\":\"WebSite\",\"@id\":\"https:\/\/kgf.wgsr.uw.edu.pl\/#website\",\"url\":\"https:\/\/kgf.wgsr.uw.edu.pl\/\",\"name\":\"Katedra Geografii Fizycznej, Wydzia\u0142 Geografii i Studi\u00f3w Regionalnych UW\",\"description\":\"\",\"publisher\":{\"@id\":\"https:\/\/kgf.wgsr.uw.edu.pl\/#organization\"},\"potentialAction\":[{\"@type\":\"SearchAction\",\"target\":{\"@type\":\"EntryPoint\",\"urlTemplate\":\"https:\/\/kgf.wgsr.uw.edu.pl\/?s={search_term_string}\"},\"query-input\":\"required name=search_term_string\"}],\"inLanguage\":\"pl-PL\"},{\"@type\":\"Organization\",\"@id\":\"https:\/\/kgf.wgsr.uw.edu.pl\/#organization\",\"name\":\"Katedra Geografii Fizycznej, Wydzia\u0142 Geografii i Studi\u00f3w Regionalnych UW\",\"url\":\"https:\/\/kgf.wgsr.uw.edu.pl\/\",\"logo\":{\"@type\":\"ImageObject\",\"inLanguage\":\"pl-PL\",\"@id\":\"https:\/\/kgf.wgsr.uw.edu.pl\/#\/schema\/logo\/image\/\",\"url\":\"https:\/\/kgf.wgsr.uw.edu.pl\/wp-content\/uploads\/2023\/08\/cropped-Katedra.png\",\"contentUrl\":\"https:\/\/kgf.wgsr.uw.edu.pl\/wp-content\/uploads\/2023\/08\/cropped-Katedra.png\",\"width\":1230,\"height\":328,\"caption\":\"Katedra Geografii Fizycznej, Wydzia\u0142 Geografii i Studi\u00f3w Regionalnych UW\"},\"image\":{\"@id\":\"https:\/\/kgf.wgsr.uw.edu.pl\/#\/schema\/logo\/image\/\"}}]}<\/script>\n<!-- \/ Yoast SEO plugin. -->","yoast_head_json":{"title":"Warsztaty - Katedra Geografii Fizycznej, Wydzia\u0142 Geografii i Studi\u00f3w Regionalnych UW","robots":{"index":"index","follow":"follow","max-snippet":"max-snippet:-1","max-image-preview":"max-image-preview:large","max-video-preview":"max-video-preview:-1"},"canonical":"https:\/\/kgf.wgsr.uw.edu.pl\/?page_id=566","og_locale":"pl_PL","og_type":"article","og_title":"Warsztaty - Katedra Geografii Fizycznej, Wydzia\u0142 Geografii i Studi\u00f3w Regionalnych UW","og_description":"O nas \u2013 Zesp\u00f3\u0142 \u2013 Dzia\u0142alno\u015b\u0107 naukowa \u2013 Dydaktyka \u2013 Warsztaty \u2013 Historia Warsztaty geoekologiczne W pa\u017adzierniku 2015, kwietniu 2016 i listopadzie 2016 roku pracownicy Zak\u0142adu Geoekologii pod kierunkiem dr Wojciecha Lewandowskiego przy udziale Ko\u0142a Naukowego Student\u00f3w Geografii zorganizowali warsztaty geoekologiczne. Wzi\u0119li w nich udzia\u0142 pracownicy, studenci ale r\u00f3wnie\u017c osoby zaprzyja\u017anione, rodziny i zwierzaki. &nbsp; [&hellip;]","og_url":"https:\/\/kgf.wgsr.uw.edu.pl\/?page_id=566","og_site_name":"Katedra Geografii Fizycznej, Wydzia\u0142 Geografii i Studi\u00f3w Regionalnych UW","article_modified_time":"2023-10-17T19:16:26+00:00","og_image":[{"url":"https:\/\/wgsr.uw.edu.pl\/wgsr\/wp-content\/uploads\/2017\/11\/PB052774-300x225.jpg"}],"twitter_card":"summary_large_image","twitter_misc":{"Szacowany czas czytania":"6 minut"},"schema":{"@context":"https:\/\/schema.org","@graph":[{"@type":"WebPage","@id":"https:\/\/kgf.wgsr.uw.edu.pl\/?page_id=566","url":"https:\/\/kgf.wgsr.uw.edu.pl\/?page_id=566","name":"Warsztaty - Katedra Geografii Fizycznej, Wydzia\u0142 Geografii i Studi\u00f3w Regionalnych UW","isPartOf":{"@id":"https:\/\/kgf.wgsr.uw.edu.pl\/#website"},"datePublished":"2021-03-26T19:23:29+00:00","dateModified":"2023-10-17T19:16:26+00:00","breadcrumb":{"@id":"https:\/\/kgf.wgsr.uw.edu.pl\/?page_id=566#breadcrumb"},"inLanguage":"pl-PL","potentialAction":[{"@type":"ReadAction","target":["https:\/\/kgf.wgsr.uw.edu.pl\/?page_id=566"]}]},{"@type":"BreadcrumbList","@id":"https:\/\/kgf.wgsr.uw.edu.pl\/?page_id=566#breadcrumb","itemListElement":[{"@type":"ListItem","position":1,"name":"Strona g\u0142\u00f3wna","item":"https:\/\/kgf.wgsr.uw.edu.pl\/"},{"@type":"ListItem","position":2,"name":"Zak\u0142ad Geoekologii","item":"https:\/\/kgf.wgsr.uw.edu.pl\/?page_id=85"},{"@type":"ListItem","position":3,"name":"Warsztaty"}]},{"@type":"WebSite","@id":"https:\/\/kgf.wgsr.uw.edu.pl\/#website","url":"https:\/\/kgf.wgsr.uw.edu.pl\/","name":"Katedra Geografii Fizycznej, Wydzia\u0142 Geografii i Studi\u00f3w Regionalnych UW","description":"","publisher":{"@id":"https:\/\/kgf.wgsr.uw.edu.pl\/#organization"},"potentialAction":[{"@type":"SearchAction","target":{"@type":"EntryPoint","urlTemplate":"https:\/\/kgf.wgsr.uw.edu.pl\/?s={search_term_string}"},"query-input":"required name=search_term_string"}],"inLanguage":"pl-PL"},{"@type":"Organization","@id":"https:\/\/kgf.wgsr.uw.edu.pl\/#organization","name":"Katedra Geografii Fizycznej, Wydzia\u0142 Geografii i Studi\u00f3w Regionalnych UW","url":"https:\/\/kgf.wgsr.uw.edu.pl\/","logo":{"@type":"ImageObject","inLanguage":"pl-PL","@id":"https:\/\/kgf.wgsr.uw.edu.pl\/#\/schema\/logo\/image\/","url":"https:\/\/kgf.wgsr.uw.edu.pl\/wp-content\/uploads\/2023\/08\/cropped-Katedra.png","contentUrl":"https:\/\/kgf.wgsr.uw.edu.pl\/wp-content\/uploads\/2023\/08\/cropped-Katedra.png","width":1230,"height":328,"caption":"Katedra Geografii Fizycznej, Wydzia\u0142 Geografii i Studi\u00f3w Regionalnych UW"},"image":{"@id":"https:\/\/kgf.wgsr.uw.edu.pl\/#\/schema\/logo\/image\/"}}]}},"_links":{"self":[{"href":"https:\/\/kgf.wgsr.uw.edu.pl\/index.php?rest_route=\/wp\/v2\/pages\/566","targetHints":{"allow":["GET"]}}],"collection":[{"href":"https:\/\/kgf.wgsr.uw.edu.pl\/index.php?rest_route=\/wp\/v2\/pages"}],"about":[{"href":"https:\/\/kgf.wgsr.uw.edu.pl\/index.php?rest_route=\/wp\/v2\/types\/page"}],"author":[{"embeddable":true,"href":"https:\/\/kgf.wgsr.uw.edu.pl\/index.php?rest_route=\/wp\/v2\/users\/3"}],"replies":[{"embeddable":true,"href":"https:\/\/kgf.wgsr.uw.edu.pl\/index.php?rest_route=%2Fwp%2Fv2%2Fcomments&post=566"}],"version-history":[{"count":2,"href":"https:\/\/kgf.wgsr.uw.edu.pl\/index.php?rest_route=\/wp\/v2\/pages\/566\/revisions"}],"predecessor-version":[{"id":2572,"href":"https:\/\/kgf.wgsr.uw.edu.pl\/index.php?rest_route=\/wp\/v2\/pages\/566\/revisions\/2572"}],"up":[{"embeddable":true,"href":"https:\/\/kgf.wgsr.uw.edu.pl\/index.php?rest_route=\/wp\/v2\/pages\/85"}],"wp:attachment":[{"href":"https:\/\/kgf.wgsr.uw.edu.pl\/index.php?rest_route=%2Fwp%2Fv2%2Fmedia&parent=566"}],"curies":[{"name":"wp","href":"https:\/\/api.w.org\/{rel}","templated":true}]}}