{"id":430,"date":"2021-03-23T11:23:13","date_gmt":"2021-03-23T10:23:13","guid":{"rendered":"https:\/\/wgsr.uw.edu.pl\/kgf\/?page_id=430"},"modified":"2023-10-18T11:06:42","modified_gmt":"2023-10-18T11:06:42","slug":"historia","status":"publish","type":"page","link":"https:\/\/kgf.wgsr.uw.edu.pl\/?page_id=430","title":{"rendered":"Historia"},"content":{"rendered":"\r\n<p class=\"has-text-align-center\"><a href=\"https:\/\/kgf.wgsr.uw.edu.pl\/?page_id=91\">O nas<\/a> \u2013 <a href=\"https:\/\/kgf.wgsr.uw.edu.pl\/?page_id=416\">Zesp\u00f3\u0142<\/a> \u2013 <a href=\"https:\/\/kgf.wgsr.uw.edu.pl\/?page_id=419\">Dzia\u0142alno\u015b\u0107 naukowa<\/a> \u2013 <a href=\"https:\/\/kgf.wgsr.uw.edu.pl\/?page_id=423\">Dydaktyka<\/a> \u2013 <a href=\"https:\/\/kgf.wgsr.uw.edu.pl\/?page_id=1612\">Zebrania Zak\u0142adu<\/a> \u2013 <strong>Historia<\/strong><\/p>\r\n\r\n<p>&nbsp;<\/p>\r\n\r\n<p>Pocz\u0105tki\u00a0<strong>klimatologii<\/strong>\u00a0w Uniwersytecie Warszawskim si\u0119gaj\u0105 1951 roku, kiedy zosta\u0142a utworzona Katedra Klimatologii.<\/p>\r\n\r\n\r\n\r\n<p>Funkcje kierownik\u00f3w najpierw Katedry, a p\u00f3\u017aniej Zak\u0142adu Klimatologii pe\u0142nili kolejno:<\/p>\r\n\r\n\r\n\r\n<ul class=\"wp-block-list\">\r\n<li>Romuald Gumi\u0144ski (1951\u20131952),<\/li>\r\n<li>Wincenty Oko\u0142owicz (1953\u20131974),<\/li>\r\n<li>Maria Stopa-Boryczka (1975\u20132003),<\/li>\r\n<li>Jerzy Boryczka (2004\u20132007),<\/li>\r\n<li>Krzysztof B\u0142a\u017cejczyk (2008\u20132015),<\/li>\r\n<li>Elwira \u017bmudzka (od 2015).<\/li>\r\n<\/ul>\r\n","protected":false},"excerpt":{"rendered":"<p>O nas \u2013 Zesp\u00f3\u0142 \u2013 Dzia\u0142alno\u015b\u0107 naukowa \u2013 Dydaktyka \u2013 Zebrania Zak\u0142adu \u2013 Historia &nbsp; Pocz\u0105tki\u00a0klimatologii\u00a0w Uniwersytecie Warszawskim si\u0119gaj\u0105 1951 roku, kiedy zosta\u0142a utworzona Katedra Klimatologii. Funkcje kierownik\u00f3w najpierw Katedry, a p\u00f3\u017aniej Zak\u0142adu Klimatologii pe\u0142nili kolejno: Romuald Gumi\u0144ski (1951\u20131952), Wincenty Oko\u0142owicz (1953\u20131974), Maria Stopa-Boryczka (1975\u20132003), Jerzy Boryczka (2004\u20132007), Krzysztof B\u0142a\u017cejczyk (2008\u20132015), Elwira \u017bmudzka (od 2015).<\/p>\n","protected":false},"author":2,"featured_media":0,"parent":91,"menu_order":4,"comment_status":"closed","ping_status":"closed","template":"","meta":{"footnotes":""},"class_list":["post-430","page","type-page","status-publish","czr-hentry"],"yoast_head":"<!-- This site is optimized with the Yoast SEO plugin v21.3 - https:\/\/yoast.com\/wordpress\/plugins\/seo\/ -->\n<title>Historia - Katedra Geografii Fizycznej, Wydzia\u0142 Geografii i Studi\u00f3w Regionalnych UW<\/title>\n<meta name=\"robots\" content=\"index, follow, max-snippet:-1, max-image-preview:large, max-video-preview:-1\" \/>\n<link rel=\"canonical\" href=\"https:\/\/kgf.wgsr.uw.edu.pl\/?page_id=430\" \/>\n<meta property=\"og:locale\" content=\"pl_PL\" \/>\n<meta property=\"og:type\" content=\"article\" \/>\n<meta property=\"og:title\" content=\"Historia - Katedra Geografii Fizycznej, Wydzia\u0142 Geografii i Studi\u00f3w Regionalnych UW\" \/>\n<meta property=\"og:description\" content=\"O nas \u2013 Zesp\u00f3\u0142 \u2013 Dzia\u0142alno\u015b\u0107 naukowa \u2013 Dydaktyka \u2013 Zebrania Zak\u0142adu \u2013 Historia &nbsp; Pocz\u0105tki\u00a0klimatologii\u00a0w Uniwersytecie Warszawskim si\u0119gaj\u0105 1951 roku, kiedy zosta\u0142a utworzona Katedra Klimatologii. Funkcje kierownik\u00f3w najpierw Katedry, a p\u00f3\u017aniej Zak\u0142adu Klimatologii pe\u0142nili kolejno: Romuald Gumi\u0144ski (1951\u20131952), Wincenty Oko\u0142owicz (1953\u20131974), Maria Stopa-Boryczka (1975\u20132003), Jerzy Boryczka (2004\u20132007), Krzysztof B\u0142a\u017cejczyk (2008\u20132015), Elwira \u017bmudzka (od 2015).\" \/>\n<meta property=\"og:url\" content=\"https:\/\/kgf.wgsr.uw.edu.pl\/?page_id=430\" \/>\n<meta property=\"og:site_name\" content=\"Katedra Geografii Fizycznej, Wydzia\u0142 Geografii i Studi\u00f3w Regionalnych UW\" \/>\n<meta property=\"article:modified_time\" content=\"2023-10-18T11:06:42+00:00\" \/>\n<meta name=\"twitter:card\" content=\"summary_large_image\" \/>\n<meta name=\"twitter:label1\" content=\"Szacowany czas czytania\" \/>\n\t<meta name=\"twitter:data1\" content=\"1 minuta\" \/>\n<script type=\"application\/ld+json\" class=\"yoast-schema-graph\">{\"@context\":\"https:\/\/schema.org\",\"@graph\":[{\"@type\":\"WebPage\",\"@id\":\"https:\/\/kgf.wgsr.uw.edu.pl\/?page_id=430\",\"url\":\"https:\/\/kgf.wgsr.uw.edu.pl\/?page_id=430\",\"name\":\"Historia - Katedra Geografii Fizycznej, Wydzia\u0142 Geografii i Studi\u00f3w Regionalnych UW\",\"isPartOf\":{\"@id\":\"https:\/\/kgf.wgsr.uw.edu.pl\/#website\"},\"datePublished\":\"2021-03-23T10:23:13+00:00\",\"dateModified\":\"2023-10-18T11:06:42+00:00\",\"breadcrumb\":{\"@id\":\"https:\/\/kgf.wgsr.uw.edu.pl\/?page_id=430#breadcrumb\"},\"inLanguage\":\"pl-PL\",\"potentialAction\":[{\"@type\":\"ReadAction\",\"target\":[\"https:\/\/kgf.wgsr.uw.edu.pl\/?page_id=430\"]}]},{\"@type\":\"BreadcrumbList\",\"@id\":\"https:\/\/kgf.wgsr.uw.edu.pl\/?page_id=430#breadcrumb\",\"itemListElement\":[{\"@type\":\"ListItem\",\"position\":1,\"name\":\"Strona g\u0142\u00f3wna\",\"item\":\"https:\/\/kgf.wgsr.uw.edu.pl\/\"},{\"@type\":\"ListItem\",\"position\":2,\"name\":\"Zak\u0142ad Klimatologii\",\"item\":\"https:\/\/kgf.wgsr.uw.edu.pl\/?page_id=91\"},{\"@type\":\"ListItem\",\"position\":3,\"name\":\"Historia\"}]},{\"@type\":\"WebSite\",\"@id\":\"https:\/\/kgf.wgsr.uw.edu.pl\/#website\",\"url\":\"https:\/\/kgf.wgsr.uw.edu.pl\/\",\"name\":\"Katedra Geografii Fizycznej, Wydzia\u0142 Geografii i Studi\u00f3w Regionalnych UW\",\"description\":\"\",\"publisher\":{\"@id\":\"https:\/\/kgf.wgsr.uw.edu.pl\/#organization\"},\"potentialAction\":[{\"@type\":\"SearchAction\",\"target\":{\"@type\":\"EntryPoint\",\"urlTemplate\":\"https:\/\/kgf.wgsr.uw.edu.pl\/?s={search_term_string}\"},\"query-input\":\"required name=search_term_string\"}],\"inLanguage\":\"pl-PL\"},{\"@type\":\"Organization\",\"@id\":\"https:\/\/kgf.wgsr.uw.edu.pl\/#organization\",\"name\":\"Katedra Geografii Fizycznej, Wydzia\u0142 Geografii i Studi\u00f3w Regionalnych UW\",\"url\":\"https:\/\/kgf.wgsr.uw.edu.pl\/\",\"logo\":{\"@type\":\"ImageObject\",\"inLanguage\":\"pl-PL\",\"@id\":\"https:\/\/kgf.wgsr.uw.edu.pl\/#\/schema\/logo\/image\/\",\"url\":\"https:\/\/kgf.wgsr.uw.edu.pl\/wp-content\/uploads\/2023\/08\/cropped-Katedra.png\",\"contentUrl\":\"https:\/\/kgf.wgsr.uw.edu.pl\/wp-content\/uploads\/2023\/08\/cropped-Katedra.png\",\"width\":1230,\"height\":328,\"caption\":\"Katedra Geografii Fizycznej, Wydzia\u0142 Geografii i Studi\u00f3w Regionalnych UW\"},\"image\":{\"@id\":\"https:\/\/kgf.wgsr.uw.edu.pl\/#\/schema\/logo\/image\/\"}}]}<\/script>\n<!-- \/ Yoast SEO plugin. -->","yoast_head_json":{"title":"Historia - Katedra Geografii Fizycznej, Wydzia\u0142 Geografii i Studi\u00f3w Regionalnych UW","robots":{"index":"index","follow":"follow","max-snippet":"max-snippet:-1","max-image-preview":"max-image-preview:large","max-video-preview":"max-video-preview:-1"},"canonical":"https:\/\/kgf.wgsr.uw.edu.pl\/?page_id=430","og_locale":"pl_PL","og_type":"article","og_title":"Historia - Katedra Geografii Fizycznej, Wydzia\u0142 Geografii i Studi\u00f3w Regionalnych UW","og_description":"O nas \u2013 Zesp\u00f3\u0142 \u2013 Dzia\u0142alno\u015b\u0107 naukowa \u2013 Dydaktyka \u2013 Zebrania Zak\u0142adu \u2013 Historia &nbsp; Pocz\u0105tki\u00a0klimatologii\u00a0w Uniwersytecie Warszawskim si\u0119gaj\u0105 1951 roku, kiedy zosta\u0142a utworzona Katedra Klimatologii. Funkcje kierownik\u00f3w najpierw Katedry, a p\u00f3\u017aniej Zak\u0142adu Klimatologii pe\u0142nili kolejno: Romuald Gumi\u0144ski (1951\u20131952), Wincenty Oko\u0142owicz (1953\u20131974), Maria Stopa-Boryczka (1975\u20132003), Jerzy Boryczka (2004\u20132007), Krzysztof B\u0142a\u017cejczyk (2008\u20132015), Elwira \u017bmudzka (od 2015).","og_url":"https:\/\/kgf.wgsr.uw.edu.pl\/?page_id=430","og_site_name":"Katedra Geografii Fizycznej, Wydzia\u0142 Geografii i Studi\u00f3w Regionalnych UW","article_modified_time":"2023-10-18T11:06:42+00:00","twitter_card":"summary_large_image","twitter_misc":{"Szacowany czas czytania":"1 minuta"},"schema":{"@context":"https:\/\/schema.org","@graph":[{"@type":"WebPage","@id":"https:\/\/kgf.wgsr.uw.edu.pl\/?page_id=430","url":"https:\/\/kgf.wgsr.uw.edu.pl\/?page_id=430","name":"Historia - Katedra Geografii Fizycznej, Wydzia\u0142 Geografii i Studi\u00f3w Regionalnych UW","isPartOf":{"@id":"https:\/\/kgf.wgsr.uw.edu.pl\/#website"},"datePublished":"2021-03-23T10:23:13+00:00","dateModified":"2023-10-18T11:06:42+00:00","breadcrumb":{"@id":"https:\/\/kgf.wgsr.uw.edu.pl\/?page_id=430#breadcrumb"},"inLanguage":"pl-PL","potentialAction":[{"@type":"ReadAction","target":["https:\/\/kgf.wgsr.uw.edu.pl\/?page_id=430"]}]},{"@type":"BreadcrumbList","@id":"https:\/\/kgf.wgsr.uw.edu.pl\/?page_id=430#breadcrumb","itemListElement":[{"@type":"ListItem","position":1,"name":"Strona g\u0142\u00f3wna","item":"https:\/\/kgf.wgsr.uw.edu.pl\/"},{"@type":"ListItem","position":2,"name":"Zak\u0142ad Klimatologii","item":"https:\/\/kgf.wgsr.uw.edu.pl\/?page_id=91"},{"@type":"ListItem","position":3,"name":"Historia"}]},{"@type":"WebSite","@id":"https:\/\/kgf.wgsr.uw.edu.pl\/#website","url":"https:\/\/kgf.wgsr.uw.edu.pl\/","name":"Katedra Geografii Fizycznej, Wydzia\u0142 Geografii i Studi\u00f3w Regionalnych UW","description":"","publisher":{"@id":"https:\/\/kgf.wgsr.uw.edu.pl\/#organization"},"potentialAction":[{"@type":"SearchAction","target":{"@type":"EntryPoint","urlTemplate":"https:\/\/kgf.wgsr.uw.edu.pl\/?s={search_term_string}"},"query-input":"required name=search_term_string"}],"inLanguage":"pl-PL"},{"@type":"Organization","@id":"https:\/\/kgf.wgsr.uw.edu.pl\/#organization","name":"Katedra Geografii Fizycznej, Wydzia\u0142 Geografii i Studi\u00f3w Regionalnych UW","url":"https:\/\/kgf.wgsr.uw.edu.pl\/","logo":{"@type":"ImageObject","inLanguage":"pl-PL","@id":"https:\/\/kgf.wgsr.uw.edu.pl\/#\/schema\/logo\/image\/","url":"https:\/\/kgf.wgsr.uw.edu.pl\/wp-content\/uploads\/2023\/08\/cropped-Katedra.png","contentUrl":"https:\/\/kgf.wgsr.uw.edu.pl\/wp-content\/uploads\/2023\/08\/cropped-Katedra.png","width":1230,"height":328,"caption":"Katedra Geografii Fizycznej, Wydzia\u0142 Geografii i Studi\u00f3w Regionalnych UW"},"image":{"@id":"https:\/\/kgf.wgsr.uw.edu.pl\/#\/schema\/logo\/image\/"}}]}},"_links":{"self":[{"href":"https:\/\/kgf.wgsr.uw.edu.pl\/index.php?rest_route=\/wp\/v2\/pages\/430","targetHints":{"allow":["GET"]}}],"collection":[{"href":"https:\/\/kgf.wgsr.uw.edu.pl\/index.php?rest_route=\/wp\/v2\/pages"}],"about":[{"href":"https:\/\/kgf.wgsr.uw.edu.pl\/index.php?rest_route=\/wp\/v2\/types\/page"}],"author":[{"embeddable":true,"href":"https:\/\/kgf.wgsr.uw.edu.pl\/index.php?rest_route=\/wp\/v2\/users\/2"}],"replies":[{"embeddable":true,"href":"https:\/\/kgf.wgsr.uw.edu.pl\/index.php?rest_route=%2Fwp%2Fv2%2Fcomments&post=430"}],"version-history":[{"count":1,"href":"https:\/\/kgf.wgsr.uw.edu.pl\/index.php?rest_route=\/wp\/v2\/pages\/430\/revisions"}],"predecessor-version":[{"id":2605,"href":"https:\/\/kgf.wgsr.uw.edu.pl\/index.php?rest_route=\/wp\/v2\/pages\/430\/revisions\/2605"}],"up":[{"embeddable":true,"href":"https:\/\/kgf.wgsr.uw.edu.pl\/index.php?rest_route=\/wp\/v2\/pages\/91"}],"wp:attachment":[{"href":"https:\/\/kgf.wgsr.uw.edu.pl\/index.php?rest_route=%2Fwp%2Fv2%2Fmedia&parent=430"}],"curies":[{"name":"wp","href":"https:\/\/api.w.org\/{rel}","templated":true}]}}