{"id":419,"date":"2021-03-23T11:18:21","date_gmt":"2021-03-23T10:18:21","guid":{"rendered":"https:\/\/wgsr.uw.edu.pl\/kgf\/?page_id=419"},"modified":"2023-10-18T11:05:16","modified_gmt":"2023-10-18T11:05:16","slug":"dzialalnosc-naukowa-2","status":"publish","type":"page","link":"https:\/\/kgf.wgsr.uw.edu.pl\/?page_id=419","title":{"rendered":"Dzia\u0142alno\u015b\u0107 naukowa"},"content":{"rendered":"\r\n<p class=\"has-text-align-center\"><a href=\"https:\/\/kgf.wgsr.uw.edu.pl\/?page_id=91\">O nas<\/a> \u2013 <a href=\"https:\/\/kgf.wgsr.uw.edu.pl\/?page_id=416\">Zesp\u00f3\u0142<\/a> \u2013 <strong>Dzia\u0142alno\u015b\u0107 naukowa<\/strong> \u2013 <a href=\"https:\/\/kgf.wgsr.uw.edu.pl\/?page_id=423\">Dydaktyka<\/a> \u2013 <a href=\"https:\/\/kgf.wgsr.uw.edu.pl\/?page_id=1612\">Zebrania Zak\u0142adu<\/a> \u2013 <a href=\"https:\/\/kgf.wgsr.uw.edu.pl\/?page_id=430\">Historia<\/a><\/p>\r\n\r\n<p>&nbsp;<\/p>\r\n\r\n<p class=\"has-medium-font-size\"><strong>Problematyka badawcza<\/strong><\/p>\r\n\r\n\r\n\r\n<p style=\"font-size: 18px;\">Badania podejmowane w Zak\u0142adzie Klimatologii obejmuj\u0105 nast\u0119puj\u0105ce zagadnienia:<\/p>\r\n\r\n\r\n\r\n<ul class=\"wp-block-list\" style=\"font-size: 18px;\">\r\n<li>wsp\u00f3\u0142czesne zmiany i zmienno\u015b\u0107 klimatu,<\/li>\r\n<li>cyrkulacyjne uwarunkowania zmienno\u015bci klimatu,<\/li>\r\n<li>bezpo\u015bredni i po\u015bredni wp\u0142yw cz\u0142owieka na klimat,<\/li>\r\n<li>\u015brodowiskowe skutki niestabilno\u015bci klimatu,<\/li>\r\n<li>wp\u0142yw zmian klimatu na r\u00f3\u017cne formy dzia\u0142alno\u015bci cz\u0142owieka,<\/li>\r\n<li>klimat miasta (badania w r\u00f3\u017cnych skalach przestrzennych, miejska wyspa ciep\u0142a, zagro\u017cenia klimatyczne, warunki bioklimatyczne),<\/li>\r\n<li>klimat obszar\u00f3w g\u00f3rskich,<\/li>\r\n<li>klimat obszar\u00f3w chronionych,<\/li>\r\n<li>meteorologiczne zjawiska ekstremalne, warunki ich wyst\u0119powania, przebieg, skutki,<\/li>\r\n<li>zasoby klimatyczne<\/li>\r\n<li>podstawy konceptualne badania topoklimatu<\/li>\r\n<li>termiczny okres wegetacyjny oraz klimatyczne warunki uprawy ro\u015blin w Polsce \u2013 zmiany czasowe i zr\u00f3\u017cnicowanie przestrzenne,<\/li>\r\n<li>zanieczyszczenie atmosfery, np. \u015bwiat\u0142em, py\u0142em<\/li>\r\n<li>ochrona atmosfery,<\/li>\r\n<li>ocena warunk\u00f3w bioklimatycznych na potrzeby turystyki i rekreacji w r\u00f3\u017cnych typach krajobrazu,<\/li>\r\n<li>zale\u017cno\u015b\u0107 zdrowia cz\u0142owieka od pogody\/klimatu,<\/li>\r\n<li>plany zagospodarowania oraz koncepcje ochrony teren\u00f3w szczeg\u00f3lnie cennych pod wzgl\u0119dem przyrodniczym na obszarze Polski,<\/li>\r\n<li>wykorzystanie oprogramowania GIS w modelowaniu klimatu,<\/li>\r\n<li>wykorzystanie zdj\u0119\u0107 lotniczych oraz produkt\u00f3w radarowych w badaniu zjawisk i element\u00f3w pogody\/klimatu,<\/li>\r\n<li>aspekty metodyczne w badaniach klimatu.<\/li>\r\n<\/ul>\r\n\r\n\r\n\r\n<p style=\"font-size: 18px;\">Badania naukowe pracownik\u00f3w koncentruj\u0105 si\u0119 g\u0142\u00f3wnie na przebiegu proces\u00f3w klimatotw\u00f3rczych w okre\u015blonych warunkach brzegowych, a tak\u017ce na wsp\u00f3\u0142oddzia\u0142ywaniu klimatu i cz\u0142owieka.<\/p>\r\n\r\n\r\n\r\n<p style=\"font-size: 18px;\">Badania s\u0105 prowadzone w r\u00f3\u017cnych skalach przestrzennych \u2013 od klimatu lokalnego po makroskal\u0119, z wykorzystaniem wynik\u00f3w bada\u0144 w\u0142asnych i pomiar\u00f3w terenowych, materia\u0142\u00f3w \u017ar\u00f3d\u0142owych z naziemnej sieci monitoringu pogody\/klimatu zestawionych w r\u00f3\u017cnych bazach danych oraz zdj\u0119\u0107 satelitarnych, produkt\u00f3w radarowych, sonda\u017cy aerologicznych.<\/p>\r\n","protected":false},"excerpt":{"rendered":"<p>O nas \u2013 Zesp\u00f3\u0142 \u2013 Dzia\u0142alno\u015b\u0107 naukowa \u2013 Dydaktyka \u2013 Zebrania Zak\u0142adu \u2013 Historia &nbsp; Problematyka badawcza Badania podejmowane w Zak\u0142adzie Klimatologii obejmuj\u0105 nast\u0119puj\u0105ce zagadnienia: wsp\u00f3\u0142czesne zmiany i zmienno\u015b\u0107 klimatu, cyrkulacyjne uwarunkowania zmienno\u015bci klimatu, bezpo\u015bredni i po\u015bredni wp\u0142yw cz\u0142owieka na klimat, \u015brodowiskowe skutki niestabilno\u015bci klimatu, wp\u0142yw zmian klimatu na r\u00f3\u017cne formy dzia\u0142alno\u015bci cz\u0142owieka, klimat miasta [&hellip;]<\/p>\n","protected":false},"author":2,"featured_media":0,"parent":91,"menu_order":2,"comment_status":"closed","ping_status":"closed","template":"","meta":{"footnotes":""},"class_list":["post-419","page","type-page","status-publish","czr-hentry"],"yoast_head":"<!-- This site is optimized with the Yoast SEO plugin v21.3 - https:\/\/yoast.com\/wordpress\/plugins\/seo\/ -->\n<title>Dzia\u0142alno\u015b\u0107 naukowa - Katedra Geografii Fizycznej, Wydzia\u0142 Geografii i Studi\u00f3w Regionalnych UW<\/title>\n<meta name=\"robots\" content=\"index, follow, max-snippet:-1, max-image-preview:large, max-video-preview:-1\" \/>\n<link rel=\"canonical\" href=\"https:\/\/kgf.wgsr.uw.edu.pl\/?page_id=419\" \/>\n<meta property=\"og:locale\" content=\"pl_PL\" \/>\n<meta property=\"og:type\" content=\"article\" \/>\n<meta property=\"og:title\" content=\"Dzia\u0142alno\u015b\u0107 naukowa - Katedra Geografii Fizycznej, Wydzia\u0142 Geografii i Studi\u00f3w Regionalnych UW\" \/>\n<meta property=\"og:description\" content=\"O nas \u2013 Zesp\u00f3\u0142 \u2013 Dzia\u0142alno\u015b\u0107 naukowa \u2013 Dydaktyka \u2013 Zebrania Zak\u0142adu \u2013 Historia &nbsp; Problematyka badawcza Badania podejmowane w Zak\u0142adzie Klimatologii obejmuj\u0105 nast\u0119puj\u0105ce zagadnienia: wsp\u00f3\u0142czesne zmiany i zmienno\u015b\u0107 klimatu, cyrkulacyjne uwarunkowania zmienno\u015bci klimatu, bezpo\u015bredni i po\u015bredni wp\u0142yw cz\u0142owieka na klimat, \u015brodowiskowe skutki niestabilno\u015bci klimatu, wp\u0142yw zmian klimatu na r\u00f3\u017cne formy dzia\u0142alno\u015bci cz\u0142owieka, klimat miasta [&hellip;]\" \/>\n<meta property=\"og:url\" content=\"https:\/\/kgf.wgsr.uw.edu.pl\/?page_id=419\" \/>\n<meta property=\"og:site_name\" content=\"Katedra Geografii Fizycznej, Wydzia\u0142 Geografii i Studi\u00f3w Regionalnych UW\" \/>\n<meta property=\"article:modified_time\" content=\"2023-10-18T11:05:16+00:00\" \/>\n<meta name=\"twitter:card\" content=\"summary_large_image\" \/>\n<meta name=\"twitter:label1\" content=\"Szacowany czas czytania\" \/>\n\t<meta name=\"twitter:data1\" content=\"2 minuty\" \/>\n<script type=\"application\/ld+json\" class=\"yoast-schema-graph\">{\"@context\":\"https:\/\/schema.org\",\"@graph\":[{\"@type\":\"WebPage\",\"@id\":\"https:\/\/kgf.wgsr.uw.edu.pl\/?page_id=419\",\"url\":\"https:\/\/kgf.wgsr.uw.edu.pl\/?page_id=419\",\"name\":\"Dzia\u0142alno\u015b\u0107 naukowa - Katedra Geografii Fizycznej, Wydzia\u0142 Geografii i Studi\u00f3w Regionalnych UW\",\"isPartOf\":{\"@id\":\"https:\/\/kgf.wgsr.uw.edu.pl\/#website\"},\"datePublished\":\"2021-03-23T10:18:21+00:00\",\"dateModified\":\"2023-10-18T11:05:16+00:00\",\"breadcrumb\":{\"@id\":\"https:\/\/kgf.wgsr.uw.edu.pl\/?page_id=419#breadcrumb\"},\"inLanguage\":\"pl-PL\",\"potentialAction\":[{\"@type\":\"ReadAction\",\"target\":[\"https:\/\/kgf.wgsr.uw.edu.pl\/?page_id=419\"]}]},{\"@type\":\"BreadcrumbList\",\"@id\":\"https:\/\/kgf.wgsr.uw.edu.pl\/?page_id=419#breadcrumb\",\"itemListElement\":[{\"@type\":\"ListItem\",\"position\":1,\"name\":\"Strona g\u0142\u00f3wna\",\"item\":\"https:\/\/kgf.wgsr.uw.edu.pl\/\"},{\"@type\":\"ListItem\",\"position\":2,\"name\":\"Zak\u0142ad Klimatologii\",\"item\":\"https:\/\/kgf.wgsr.uw.edu.pl\/?page_id=91\"},{\"@type\":\"ListItem\",\"position\":3,\"name\":\"Dzia\u0142alno\u015b\u0107 naukowa\"}]},{\"@type\":\"WebSite\",\"@id\":\"https:\/\/kgf.wgsr.uw.edu.pl\/#website\",\"url\":\"https:\/\/kgf.wgsr.uw.edu.pl\/\",\"name\":\"Katedra Geografii Fizycznej, Wydzia\u0142 Geografii i Studi\u00f3w Regionalnych UW\",\"description\":\"\",\"publisher\":{\"@id\":\"https:\/\/kgf.wgsr.uw.edu.pl\/#organization\"},\"potentialAction\":[{\"@type\":\"SearchAction\",\"target\":{\"@type\":\"EntryPoint\",\"urlTemplate\":\"https:\/\/kgf.wgsr.uw.edu.pl\/?s={search_term_string}\"},\"query-input\":\"required name=search_term_string\"}],\"inLanguage\":\"pl-PL\"},{\"@type\":\"Organization\",\"@id\":\"https:\/\/kgf.wgsr.uw.edu.pl\/#organization\",\"name\":\"Katedra Geografii Fizycznej, Wydzia\u0142 Geografii i Studi\u00f3w Regionalnych UW\",\"url\":\"https:\/\/kgf.wgsr.uw.edu.pl\/\",\"logo\":{\"@type\":\"ImageObject\",\"inLanguage\":\"pl-PL\",\"@id\":\"https:\/\/kgf.wgsr.uw.edu.pl\/#\/schema\/logo\/image\/\",\"url\":\"https:\/\/kgf.wgsr.uw.edu.pl\/wp-content\/uploads\/2023\/08\/cropped-Katedra.png\",\"contentUrl\":\"https:\/\/kgf.wgsr.uw.edu.pl\/wp-content\/uploads\/2023\/08\/cropped-Katedra.png\",\"width\":1230,\"height\":328,\"caption\":\"Katedra Geografii Fizycznej, Wydzia\u0142 Geografii i Studi\u00f3w Regionalnych UW\"},\"image\":{\"@id\":\"https:\/\/kgf.wgsr.uw.edu.pl\/#\/schema\/logo\/image\/\"}}]}<\/script>\n<!-- \/ Yoast SEO plugin. -->","yoast_head_json":{"title":"Dzia\u0142alno\u015b\u0107 naukowa - Katedra Geografii Fizycznej, Wydzia\u0142 Geografii i Studi\u00f3w Regionalnych UW","robots":{"index":"index","follow":"follow","max-snippet":"max-snippet:-1","max-image-preview":"max-image-preview:large","max-video-preview":"max-video-preview:-1"},"canonical":"https:\/\/kgf.wgsr.uw.edu.pl\/?page_id=419","og_locale":"pl_PL","og_type":"article","og_title":"Dzia\u0142alno\u015b\u0107 naukowa - Katedra Geografii Fizycznej, Wydzia\u0142 Geografii i Studi\u00f3w Regionalnych UW","og_description":"O nas \u2013 Zesp\u00f3\u0142 \u2013 Dzia\u0142alno\u015b\u0107 naukowa \u2013 Dydaktyka \u2013 Zebrania Zak\u0142adu \u2013 Historia &nbsp; Problematyka badawcza Badania podejmowane w Zak\u0142adzie Klimatologii obejmuj\u0105 nast\u0119puj\u0105ce zagadnienia: wsp\u00f3\u0142czesne zmiany i zmienno\u015b\u0107 klimatu, cyrkulacyjne uwarunkowania zmienno\u015bci klimatu, bezpo\u015bredni i po\u015bredni wp\u0142yw cz\u0142owieka na klimat, \u015brodowiskowe skutki niestabilno\u015bci klimatu, wp\u0142yw zmian klimatu na r\u00f3\u017cne formy dzia\u0142alno\u015bci cz\u0142owieka, klimat miasta [&hellip;]","og_url":"https:\/\/kgf.wgsr.uw.edu.pl\/?page_id=419","og_site_name":"Katedra Geografii Fizycznej, Wydzia\u0142 Geografii i Studi\u00f3w Regionalnych UW","article_modified_time":"2023-10-18T11:05:16+00:00","twitter_card":"summary_large_image","twitter_misc":{"Szacowany czas czytania":"2 minuty"},"schema":{"@context":"https:\/\/schema.org","@graph":[{"@type":"WebPage","@id":"https:\/\/kgf.wgsr.uw.edu.pl\/?page_id=419","url":"https:\/\/kgf.wgsr.uw.edu.pl\/?page_id=419","name":"Dzia\u0142alno\u015b\u0107 naukowa - Katedra Geografii Fizycznej, Wydzia\u0142 Geografii i Studi\u00f3w Regionalnych UW","isPartOf":{"@id":"https:\/\/kgf.wgsr.uw.edu.pl\/#website"},"datePublished":"2021-03-23T10:18:21+00:00","dateModified":"2023-10-18T11:05:16+00:00","breadcrumb":{"@id":"https:\/\/kgf.wgsr.uw.edu.pl\/?page_id=419#breadcrumb"},"inLanguage":"pl-PL","potentialAction":[{"@type":"ReadAction","target":["https:\/\/kgf.wgsr.uw.edu.pl\/?page_id=419"]}]},{"@type":"BreadcrumbList","@id":"https:\/\/kgf.wgsr.uw.edu.pl\/?page_id=419#breadcrumb","itemListElement":[{"@type":"ListItem","position":1,"name":"Strona g\u0142\u00f3wna","item":"https:\/\/kgf.wgsr.uw.edu.pl\/"},{"@type":"ListItem","position":2,"name":"Zak\u0142ad Klimatologii","item":"https:\/\/kgf.wgsr.uw.edu.pl\/?page_id=91"},{"@type":"ListItem","position":3,"name":"Dzia\u0142alno\u015b\u0107 naukowa"}]},{"@type":"WebSite","@id":"https:\/\/kgf.wgsr.uw.edu.pl\/#website","url":"https:\/\/kgf.wgsr.uw.edu.pl\/","name":"Katedra Geografii Fizycznej, Wydzia\u0142 Geografii i Studi\u00f3w Regionalnych UW","description":"","publisher":{"@id":"https:\/\/kgf.wgsr.uw.edu.pl\/#organization"},"potentialAction":[{"@type":"SearchAction","target":{"@type":"EntryPoint","urlTemplate":"https:\/\/kgf.wgsr.uw.edu.pl\/?s={search_term_string}"},"query-input":"required name=search_term_string"}],"inLanguage":"pl-PL"},{"@type":"Organization","@id":"https:\/\/kgf.wgsr.uw.edu.pl\/#organization","name":"Katedra Geografii Fizycznej, Wydzia\u0142 Geografii i Studi\u00f3w Regionalnych UW","url":"https:\/\/kgf.wgsr.uw.edu.pl\/","logo":{"@type":"ImageObject","inLanguage":"pl-PL","@id":"https:\/\/kgf.wgsr.uw.edu.pl\/#\/schema\/logo\/image\/","url":"https:\/\/kgf.wgsr.uw.edu.pl\/wp-content\/uploads\/2023\/08\/cropped-Katedra.png","contentUrl":"https:\/\/kgf.wgsr.uw.edu.pl\/wp-content\/uploads\/2023\/08\/cropped-Katedra.png","width":1230,"height":328,"caption":"Katedra Geografii Fizycznej, Wydzia\u0142 Geografii i Studi\u00f3w Regionalnych UW"},"image":{"@id":"https:\/\/kgf.wgsr.uw.edu.pl\/#\/schema\/logo\/image\/"}}]}},"_links":{"self":[{"href":"https:\/\/kgf.wgsr.uw.edu.pl\/index.php?rest_route=\/wp\/v2\/pages\/419","targetHints":{"allow":["GET"]}}],"collection":[{"href":"https:\/\/kgf.wgsr.uw.edu.pl\/index.php?rest_route=\/wp\/v2\/pages"}],"about":[{"href":"https:\/\/kgf.wgsr.uw.edu.pl\/index.php?rest_route=\/wp\/v2\/types\/page"}],"author":[{"embeddable":true,"href":"https:\/\/kgf.wgsr.uw.edu.pl\/index.php?rest_route=\/wp\/v2\/users\/2"}],"replies":[{"embeddable":true,"href":"https:\/\/kgf.wgsr.uw.edu.pl\/index.php?rest_route=%2Fwp%2Fv2%2Fcomments&post=419"}],"version-history":[{"count":1,"href":"https:\/\/kgf.wgsr.uw.edu.pl\/index.php?rest_route=\/wp\/v2\/pages\/419\/revisions"}],"predecessor-version":[{"id":2602,"href":"https:\/\/kgf.wgsr.uw.edu.pl\/index.php?rest_route=\/wp\/v2\/pages\/419\/revisions\/2602"}],"up":[{"embeddable":true,"href":"https:\/\/kgf.wgsr.uw.edu.pl\/index.php?rest_route=\/wp\/v2\/pages\/91"}],"wp:attachment":[{"href":"https:\/\/kgf.wgsr.uw.edu.pl\/index.php?rest_route=%2Fwp%2Fv2%2Fmedia&parent=419"}],"curies":[{"name":"wp","href":"https:\/\/api.w.org\/{rel}","templated":true}]}}