{"id":416,"date":"2021-03-23T11:16:15","date_gmt":"2021-03-23T10:16:15","guid":{"rendered":"https:\/\/wgsr.uw.edu.pl\/kgf\/?page_id=416"},"modified":"2026-04-27T10:13:06","modified_gmt":"2026-04-27T10:13:06","slug":"zespol","status":"publish","type":"page","link":"https:\/\/kgf.wgsr.uw.edu.pl\/?page_id=416","title":{"rendered":"Zesp\u00f3\u0142"},"content":{"rendered":"\r\n<p class=\"has-text-align-center\"><a href=\"https:\/\/kgf.wgsr.uw.edu.pl\/?page_id=91\">O nas<\/a> \u2013 <strong>Zesp\u00f3\u0142<\/strong> \u2013 <a href=\"https:\/\/kgf.wgsr.uw.edu.pl\/?page_id=419\">Dzia\u0142alno\u015b\u0107 naukowa<\/a> \u2013 <a href=\"https:\/\/kgf.wgsr.uw.edu.pl\/?page_id=423\">Dydaktyka<\/a> \u2013 <a href=\"https:\/\/kgf.wgsr.uw.edu.pl\/?page_id=1612\">Zebrania Zak\u0142adu<\/a> \u2013 <a href=\"https:\/\/kgf.wgsr.uw.edu.pl\/?page_id=430\">Historia<\/a><\/p>\r\n\r\n<p>&nbsp;<\/p>\r\n\r\n<figure class=\"wp-block-table is-style-stripes\">\r\n<table style=\"width: 73.252844%;\">\r\n<tbody>\r\n<tr>\r\n<td class=\"has-text-align-left\" style=\"width: 33.08642%;\" data-align=\"left\"><strong>Imi\u0119 i nazwisko<\/strong><\/td>\r\n<td class=\"has-text-align-left\" style=\"width: 16.049383%;\" data-align=\"left\"><strong>Telefon<\/strong><\/td>\r\n<td style=\"width: 7.283951%;\"><strong>E-mail<\/strong><\/td>\r\n<td style=\"width: 6.296296%;\"><strong>USOS<\/strong><\/td>\r\n<td style=\"width: 6.296296%;\"><strong>Pok\u00f3j<\/strong><\/td>\r\n<td class=\"has-text-align-center\" style=\"width: 29.012346%;\" data-align=\"center\"><strong>Konsultacje w semestrze<br \/>letnim 2025\/2026:<\/strong><\/td>\r\n<\/tr>\r\n<tr>\r\n<td class=\"has-text-align-left\" style=\"width: 33.08642%;\" data-align=\"left\">dr hab. <strong>Elwira \u017bmudzka<\/strong>, prof.\u00a0ucz.<\/td>\r\n<td class=\"has-text-align-left\" style=\"width: 16.049383%;\" data-align=\"left\">+48 22 55 20 640<\/td>\r\n<td style=\"width: 7.283951%;\"><a href=\"mailto:elwiraz@uw.edu.pl\">e-mail<\/a><\/td>\r\n<td style=\"width: 6.296296%;\"><a href=\"https:\/\/usosweb.uw.edu.pl\/kontroler.php?_action=katalog2\/osoby\/pokazOsobe&amp;os_id=50353\">www<\/a><\/td>\r\n<td style=\"width: 6.296296%;\">217<\/td>\r\n<td class=\"has-text-align-center\" style=\"width: 29.012346%;\" data-align=\"center\">czwartek 12:00\u201313:15<\/td>\r\n<\/tr>\r\n<tr>\r\n<td class=\"has-text-align-left\" style=\"width: 33.08642%;\" data-align=\"left\">dr<strong> Krzysztof Jarzyna<\/strong><\/td>\r\n<td class=\"has-text-align-left\" style=\"width: 16.049383%;\" data-align=\"left\">+48 22 55 20 639<\/td>\r\n<td style=\"width: 7.283951%;\"><a href=\"mailto:k.jarzyna3@uw.edu.pl\" rel=\"nofollow\">e-mail<\/a><\/td>\r\n<td style=\"width: 6.296296%;\"><a href=\"https:\/\/usosweb.uw.edu.pl\/kontroler.php?_action=katalog2\/osoby\/pokazOsobe&amp;os_id=422566\">www<\/a><\/td>\r\n<td style=\"width: 6.296296%;\">216<\/td>\r\n<td class=\"has-text-align-center\" style=\"width: 29.012346%;\" data-align=\"center\">\u015broda 10:00\u201311:00<\/td>\r\n<\/tr>\r\n<tr>\r\n<td class=\"has-text-align-left\" style=\"width: 33.08642%;\" data-align=\"left\">dr <strong>Kamil Leziak<\/strong><\/td>\r\n<td class=\"has-text-align-left\" style=\"width: 16.049383%;\" data-align=\"left\">+48 22 55 20 645<\/td>\r\n<td style=\"width: 7.283951%;\"><a href=\"mailto:k.leziak@uw.edu.pl\" rel=\"nofollow\">e-mail<\/a><\/td>\r\n<td style=\"width: 6.296296%;\"><a href=\"https:\/\/usosweb.uw.edu.pl\/kontroler.php?_action=katalog2\/osoby\/pokazOsobe&amp;os_id=155640\">www<\/a><\/td>\r\n<td style=\"width: 6.296296%;\">218<\/td>\r\n<td class=\"has-text-align-center\" style=\"width: 29.012346%;\" data-align=\"center\">wtorek 11:30\u201313:00 <em>(19.05.2026 w godz. 12:00-13:00)<\/em><\/td>\r\n<\/tr>\r\n<tr>\r\n<td class=\"has-text-align-left\" style=\"width: 33.08642%;\" data-align=\"left\">dr <strong>Monika Lisowska<\/strong><\/td>\r\n<td class=\"has-text-align-left\" style=\"width: 16.049383%;\" data-align=\"left\">+48 22 55 21 503<\/td>\r\n<td style=\"width: 7.283951%;\"><a href=\"mailto:mlisowska@uw.edu.pl\" rel=\"nofollow\">e-mail<\/a><\/td>\r\n<td style=\"width: 6.296296%;\"><a href=\"https:\/\/usosweb.uw.edu.pl\/kontroler.php?_action=katalog2\/osoby\/pokazOsobe&amp;os_id=118443\">www<\/a><\/td>\r\n<td style=\"width: 6.296296%;\">219<\/td>\r\n<td class=\"has-text-align-center\" style=\"width: 29.012346%;\" data-align=\"center\">\u015broda 10:30\u201311:30<\/td>\r\n<\/tr>\r\n<tr>\r\n<td class=\"has-text-align-left\" style=\"width: 33.08642%;\" data-align=\"left\">dr <strong>Joanna Pop\u0142awska<\/strong><\/td>\r\n<td class=\"has-text-align-left\" style=\"width: 16.049383%;\" data-align=\"left\">+48 22 55 21 503<\/td>\r\n<td style=\"width: 7.283951%;\"><a href=\"mailto:joanna.poplawska@uw.edu.pl\" rel=\"nofollow\">e-mail<\/a><\/td>\r\n<td style=\"width: 6.296296%;\"><a href=\"https:\/\/usosweb.uw.edu.pl\/kontroler.php?_action=katalog2\/osoby\/pokazOsobe&amp;os_id=98848\">www<\/a><\/td>\r\n<td style=\"width: 6.296296%;\">219<\/td>\r\n<td class=\"has-text-align-center\" style=\"width: 29.012346%;\" data-align=\"center\">\r\n<p>czwartek 13:00\u201314:00<\/p>\r\n<\/td>\r\n<\/tr>\r\n<tr>\r\n<td class=\"has-text-align-left\" style=\"width: 33.08642%;\" data-align=\"left\">mgr <strong>El\u017cbieta B\u0142a\u017cek<\/strong><\/td>\r\n<td class=\"has-text-align-left\" style=\"width: 16.049383%;\" data-align=\"left\">+48 22 55 20 645<\/td>\r\n<td style=\"width: 7.283951%;\">\u00a0<\/td>\r\n<td style=\"width: 6.296296%;\">\u00a0<\/td>\r\n<td style=\"width: 6.296296%;\">218<\/td>\r\n<td class=\"has-text-align-center\" style=\"width: 29.012346%;\" data-align=\"center\">poniedzia\u0142ek\u2013czwartek<br \/>8:00\u201313:00<\/td>\r\n<\/tr>\r\n<\/tbody>\r\n<\/table>\r\n<\/figure>\r\n\r\n\r\n\r\n<p>&nbsp;<\/p>\r\n","protected":false},"excerpt":{"rendered":"<p>O nas \u2013 Zesp\u00f3\u0142 \u2013 Dzia\u0142alno\u015b\u0107 naukowa \u2013 Dydaktyka \u2013 Zebrania Zak\u0142adu \u2013 Historia &nbsp; Imi\u0119 i nazwisko Telefon E-mail USOS Pok\u00f3j Konsultacje w semestrzeletnim 2025\/2026: dr hab. Elwira \u017bmudzka, prof.\u00a0ucz. +48 22 55 20 640 e-mail www 217 czwartek 12:00\u201313:15 dr Krzysztof Jarzyna +48 22 55 20 639 e-mail www 216 \u015broda 10:00\u201311:00 dr [&hellip;]<\/p>\n","protected":false},"author":2,"featured_media":0,"parent":91,"menu_order":1,"comment_status":"closed","ping_status":"closed","template":"","meta":{"footnotes":""},"class_list":["post-416","page","type-page","status-publish","czr-hentry"],"yoast_head":"<!-- This site is optimized with the Yoast SEO plugin v27.4 - https:\/\/yoast.com\/product\/yoast-seo-wordpress\/ -->\n<title>Zesp\u00f3\u0142 - Katedra Geografii Fizycznej, Wydzia\u0142 Geografii i Studi\u00f3w Regionalnych UW<\/title>\n<meta name=\"robots\" content=\"index, follow, max-snippet:-1, max-image-preview:large, max-video-preview:-1\" \/>\n<link rel=\"canonical\" href=\"https:\/\/kgf.wgsr.uw.edu.pl\/?page_id=416\" \/>\n<meta property=\"og:locale\" content=\"pl_PL\" \/>\n<meta property=\"og:type\" content=\"article\" \/>\n<meta property=\"og:title\" content=\"Zesp\u00f3\u0142 - Katedra Geografii Fizycznej, Wydzia\u0142 Geografii i Studi\u00f3w Regionalnych UW\" \/>\n<meta property=\"og:description\" content=\"O nas \u2013 Zesp\u00f3\u0142 \u2013 Dzia\u0142alno\u015b\u0107 naukowa \u2013 Dydaktyka \u2013 Zebrania Zak\u0142adu \u2013 Historia &nbsp; Imi\u0119 i nazwisko Telefon E-mail USOS Pok\u00f3j Konsultacje w semestrzeletnim 2025\/2026: dr hab. Elwira \u017bmudzka, prof.\u00a0ucz. +48 22 55 20 640 e-mail www 217 czwartek 12:00\u201313:15 dr Krzysztof Jarzyna +48 22 55 20 639 e-mail www 216 \u015broda 10:00\u201311:00 dr [&hellip;]\" \/>\n<meta property=\"og:url\" content=\"https:\/\/kgf.wgsr.uw.edu.pl\/?page_id=416\" \/>\n<meta property=\"og:site_name\" content=\"Katedra Geografii Fizycznej, Wydzia\u0142 Geografii i Studi\u00f3w Regionalnych UW\" \/>\n<meta property=\"article:modified_time\" content=\"2026-04-27T10:13:06+00:00\" \/>\n<meta name=\"twitter:card\" content=\"summary_large_image\" \/>\n<meta name=\"twitter:label1\" content=\"Szacowany czas czytania\" \/>\n\t<meta name=\"twitter:data1\" content=\"1 minuta\" \/>\n<script type=\"application\/ld+json\" class=\"yoast-schema-graph\">{\"@context\":\"https:\\\/\\\/schema.org\",\"@graph\":[{\"@type\":\"WebPage\",\"@id\":\"https:\\\/\\\/kgf.wgsr.uw.edu.pl\\\/?page_id=416\",\"url\":\"https:\\\/\\\/kgf.wgsr.uw.edu.pl\\\/?page_id=416\",\"name\":\"Zesp\u00f3\u0142 - Katedra Geografii Fizycznej, Wydzia\u0142 Geografii i Studi\u00f3w Regionalnych UW\",\"isPartOf\":{\"@id\":\"https:\\\/\\\/kgf.wgsr.uw.edu.pl\\\/#website\"},\"datePublished\":\"2021-03-23T10:16:15+00:00\",\"dateModified\":\"2026-04-27T10:13:06+00:00\",\"breadcrumb\":{\"@id\":\"https:\\\/\\\/kgf.wgsr.uw.edu.pl\\\/?page_id=416#breadcrumb\"},\"inLanguage\":\"pl-PL\",\"potentialAction\":[{\"@type\":\"ReadAction\",\"target\":[\"https:\\\/\\\/kgf.wgsr.uw.edu.pl\\\/?page_id=416\"]}]},{\"@type\":\"BreadcrumbList\",\"@id\":\"https:\\\/\\\/kgf.wgsr.uw.edu.pl\\\/?page_id=416#breadcrumb\",\"itemListElement\":[{\"@type\":\"ListItem\",\"position\":1,\"name\":\"Strona g\u0142\u00f3wna\",\"item\":\"https:\\\/\\\/kgf.wgsr.uw.edu.pl\\\/\"},{\"@type\":\"ListItem\",\"position\":2,\"name\":\"Zak\u0142ad Klimatologii\",\"item\":\"https:\\\/\\\/kgf.wgsr.uw.edu.pl\\\/?page_id=91\"},{\"@type\":\"ListItem\",\"position\":3,\"name\":\"Zesp\u00f3\u0142\"}]},{\"@type\":\"WebSite\",\"@id\":\"https:\\\/\\\/kgf.wgsr.uw.edu.pl\\\/#website\",\"url\":\"https:\\\/\\\/kgf.wgsr.uw.edu.pl\\\/\",\"name\":\"Katedra Geografii Fizycznej, Wydzia\u0142 Geografii i Studi\u00f3w Regionalnych UW\",\"description\":\"\",\"publisher\":{\"@id\":\"https:\\\/\\\/kgf.wgsr.uw.edu.pl\\\/#organization\"},\"potentialAction\":[{\"@type\":\"SearchAction\",\"target\":{\"@type\":\"EntryPoint\",\"urlTemplate\":\"https:\\\/\\\/kgf.wgsr.uw.edu.pl\\\/?s={search_term_string}\"},\"query-input\":{\"@type\":\"PropertyValueSpecification\",\"valueRequired\":true,\"valueName\":\"search_term_string\"}}],\"inLanguage\":\"pl-PL\"},{\"@type\":\"Organization\",\"@id\":\"https:\\\/\\\/kgf.wgsr.uw.edu.pl\\\/#organization\",\"name\":\"Katedra Geografii Fizycznej, Wydzia\u0142 Geografii i Studi\u00f3w Regionalnych UW\",\"url\":\"https:\\\/\\\/kgf.wgsr.uw.edu.pl\\\/\",\"logo\":{\"@type\":\"ImageObject\",\"inLanguage\":\"pl-PL\",\"@id\":\"https:\\\/\\\/kgf.wgsr.uw.edu.pl\\\/#\\\/schema\\\/logo\\\/image\\\/\",\"url\":\"https:\\\/\\\/kgf.wgsr.uw.edu.pl\\\/wp-content\\\/uploads\\\/2023\\\/08\\\/cropped-Katedra.png\",\"contentUrl\":\"https:\\\/\\\/kgf.wgsr.uw.edu.pl\\\/wp-content\\\/uploads\\\/2023\\\/08\\\/cropped-Katedra.png\",\"width\":1230,\"height\":328,\"caption\":\"Katedra Geografii Fizycznej, Wydzia\u0142 Geografii i Studi\u00f3w Regionalnych UW\"},\"image\":{\"@id\":\"https:\\\/\\\/kgf.wgsr.uw.edu.pl\\\/#\\\/schema\\\/logo\\\/image\\\/\"}}]}<\/script>\n<!-- \/ Yoast SEO plugin. -->","yoast_head_json":{"title":"Zesp\u00f3\u0142 - Katedra Geografii Fizycznej, Wydzia\u0142 Geografii i Studi\u00f3w Regionalnych UW","robots":{"index":"index","follow":"follow","max-snippet":"max-snippet:-1","max-image-preview":"max-image-preview:large","max-video-preview":"max-video-preview:-1"},"canonical":"https:\/\/kgf.wgsr.uw.edu.pl\/?page_id=416","og_locale":"pl_PL","og_type":"article","og_title":"Zesp\u00f3\u0142 - Katedra Geografii Fizycznej, Wydzia\u0142 Geografii i Studi\u00f3w Regionalnych UW","og_description":"O nas \u2013 Zesp\u00f3\u0142 \u2013 Dzia\u0142alno\u015b\u0107 naukowa \u2013 Dydaktyka \u2013 Zebrania Zak\u0142adu \u2013 Historia &nbsp; Imi\u0119 i nazwisko Telefon E-mail USOS Pok\u00f3j Konsultacje w semestrzeletnim 2025\/2026: dr hab. Elwira \u017bmudzka, prof.\u00a0ucz. +48 22 55 20 640 e-mail www 217 czwartek 12:00\u201313:15 dr Krzysztof Jarzyna +48 22 55 20 639 e-mail www 216 \u015broda 10:00\u201311:00 dr [&hellip;]","og_url":"https:\/\/kgf.wgsr.uw.edu.pl\/?page_id=416","og_site_name":"Katedra Geografii Fizycznej, Wydzia\u0142 Geografii i Studi\u00f3w Regionalnych UW","article_modified_time":"2026-04-27T10:13:06+00:00","twitter_card":"summary_large_image","twitter_misc":{"Szacowany czas czytania":"1 minuta"},"schema":{"@context":"https:\/\/schema.org","@graph":[{"@type":"WebPage","@id":"https:\/\/kgf.wgsr.uw.edu.pl\/?page_id=416","url":"https:\/\/kgf.wgsr.uw.edu.pl\/?page_id=416","name":"Zesp\u00f3\u0142 - Katedra Geografii Fizycznej, Wydzia\u0142 Geografii i Studi\u00f3w Regionalnych UW","isPartOf":{"@id":"https:\/\/kgf.wgsr.uw.edu.pl\/#website"},"datePublished":"2021-03-23T10:16:15+00:00","dateModified":"2026-04-27T10:13:06+00:00","breadcrumb":{"@id":"https:\/\/kgf.wgsr.uw.edu.pl\/?page_id=416#breadcrumb"},"inLanguage":"pl-PL","potentialAction":[{"@type":"ReadAction","target":["https:\/\/kgf.wgsr.uw.edu.pl\/?page_id=416"]}]},{"@type":"BreadcrumbList","@id":"https:\/\/kgf.wgsr.uw.edu.pl\/?page_id=416#breadcrumb","itemListElement":[{"@type":"ListItem","position":1,"name":"Strona g\u0142\u00f3wna","item":"https:\/\/kgf.wgsr.uw.edu.pl\/"},{"@type":"ListItem","position":2,"name":"Zak\u0142ad Klimatologii","item":"https:\/\/kgf.wgsr.uw.edu.pl\/?page_id=91"},{"@type":"ListItem","position":3,"name":"Zesp\u00f3\u0142"}]},{"@type":"WebSite","@id":"https:\/\/kgf.wgsr.uw.edu.pl\/#website","url":"https:\/\/kgf.wgsr.uw.edu.pl\/","name":"Katedra Geografii Fizycznej, Wydzia\u0142 Geografii i Studi\u00f3w Regionalnych UW","description":"","publisher":{"@id":"https:\/\/kgf.wgsr.uw.edu.pl\/#organization"},"potentialAction":[{"@type":"SearchAction","target":{"@type":"EntryPoint","urlTemplate":"https:\/\/kgf.wgsr.uw.edu.pl\/?s={search_term_string}"},"query-input":{"@type":"PropertyValueSpecification","valueRequired":true,"valueName":"search_term_string"}}],"inLanguage":"pl-PL"},{"@type":"Organization","@id":"https:\/\/kgf.wgsr.uw.edu.pl\/#organization","name":"Katedra Geografii Fizycznej, Wydzia\u0142 Geografii i Studi\u00f3w Regionalnych UW","url":"https:\/\/kgf.wgsr.uw.edu.pl\/","logo":{"@type":"ImageObject","inLanguage":"pl-PL","@id":"https:\/\/kgf.wgsr.uw.edu.pl\/#\/schema\/logo\/image\/","url":"https:\/\/kgf.wgsr.uw.edu.pl\/wp-content\/uploads\/2023\/08\/cropped-Katedra.png","contentUrl":"https:\/\/kgf.wgsr.uw.edu.pl\/wp-content\/uploads\/2023\/08\/cropped-Katedra.png","width":1230,"height":328,"caption":"Katedra Geografii Fizycznej, Wydzia\u0142 Geografii i Studi\u00f3w Regionalnych UW"},"image":{"@id":"https:\/\/kgf.wgsr.uw.edu.pl\/#\/schema\/logo\/image\/"}}]}},"_links":{"self":[{"href":"https:\/\/kgf.wgsr.uw.edu.pl\/index.php?rest_route=\/wp\/v2\/pages\/416","targetHints":{"allow":["GET"]}}],"collection":[{"href":"https:\/\/kgf.wgsr.uw.edu.pl\/index.php?rest_route=\/wp\/v2\/pages"}],"about":[{"href":"https:\/\/kgf.wgsr.uw.edu.pl\/index.php?rest_route=\/wp\/v2\/types\/page"}],"author":[{"embeddable":true,"href":"https:\/\/kgf.wgsr.uw.edu.pl\/index.php?rest_route=\/wp\/v2\/users\/2"}],"replies":[{"embeddable":true,"href":"https:\/\/kgf.wgsr.uw.edu.pl\/index.php?rest_route=%2Fwp%2Fv2%2Fcomments&post=416"}],"version-history":[{"count":32,"href":"https:\/\/kgf.wgsr.uw.edu.pl\/index.php?rest_route=\/wp\/v2\/pages\/416\/revisions"}],"predecessor-version":[{"id":3392,"href":"https:\/\/kgf.wgsr.uw.edu.pl\/index.php?rest_route=\/wp\/v2\/pages\/416\/revisions\/3392"}],"up":[{"embeddable":true,"href":"https:\/\/kgf.wgsr.uw.edu.pl\/index.php?rest_route=\/wp\/v2\/pages\/91"}],"wp:attachment":[{"href":"https:\/\/kgf.wgsr.uw.edu.pl\/index.php?rest_route=%2Fwp%2Fv2%2Fmedia&parent=416"}],"curies":[{"name":"wp","href":"https:\/\/api.w.org\/{rel}","templated":true}]}}