{"id":412,"date":"2021-03-23T11:14:03","date_gmt":"2021-03-23T10:14:03","guid":{"rendered":"https:\/\/wgsr.uw.edu.pl\/kgf\/?page_id=412"},"modified":"2025-12-01T12:08:14","modified_gmt":"2025-12-01T12:08:14","slug":"zespol","status":"publish","type":"page","link":"https:\/\/kgf.wgsr.uw.edu.pl\/?page_id=412","title":{"rendered":"Zesp\u00f3\u0142"},"content":{"rendered":"\n<figure class=\"wp-block-table aligncenter is-style-stripes\"><table class=\"has-fixed-layout\"><tbody><tr><td class=\"has-text-align-left\" data-align=\"left\"><strong>Imi\u0119 i nazwisko<\/strong><\/td><td><strong>Telefon<\/strong><\/td><td class=\"has-text-align-left\" data-align=\"left\"><strong>Email<\/strong><\/td><td class=\"has-text-align-left\" data-align=\"left\"><strong>USOS-web<\/strong><\/td><td><strong>&nbsp;Pok\u00f3j<\/strong><\/td><td class=\"has-text-align-left\" data-align=\"left\"><strong>Konsultacje w semestrze zimowym 2025\/202<\/strong>6<\/td><\/tr><tr><td class=\"has-text-align-left\" data-align=\"left\">dr hab. <strong>Ewa Smolska<\/strong>, prof.&nbsp;ucz.<\/td><td>(22)5520788<\/td><td class=\"has-text-align-left\" data-align=\"left\"><a href=\"mailto:e.smolska@uw.edu.pl\">email<\/a><\/td><td class=\"has-text-align-left\" data-align=\"left\"><a href=\"https:\/\/usosweb.uw.edu.pl\/kontroler.php?_action=katalog2\/osoby\/pokazOsobe&amp;os_id=50309\">www<\/a><\/td><td>222<\/td><td class=\"has-text-align-left\" data-align=\"left\"><\/td><\/tr><tr><td class=\"has-text-align-left\" data-align=\"left\">dr hab. <strong>Maciej D\u0105bski<\/strong>,&nbsp;prof.&nbsp;ucz.<\/td><td>(22)5521514<\/td><td class=\"has-text-align-left\" data-align=\"left\"><a href=\"mailto:mfdabski@uw.edu.pl\">email<\/a><\/td><td class=\"has-text-align-left\" data-align=\"left\"><a href=\"https:\/\/usosweb.uw.edu.pl\/kontroler.php?_action=katalog2\/osoby\/pokazOsobe&amp;os_id=50185\">www<\/a><\/td><td>307<\/td><td class=\"has-text-align-left\" data-align=\"left\">czwartek: 10:00-12:00,<br>konsultacje mo\u017cliwe tak\u017ce w innych terminach po uprzednim kontakcie mailowym<\/td><\/tr><tr><td class=\"has-text-align-left\" data-align=\"left\">dr hab. <strong>Maciej D\u0142u\u017cewski<\/strong>,&nbsp;prof.&nbsp;ucz.<\/td><td>(22)5520653<\/td><td class=\"has-text-align-left\" data-align=\"left\"><a href=\"mailto:dluzewski@uw.edu.pl\">email<\/a><\/td><td class=\"has-text-align-left\" data-align=\"left\"><a href=\"https:\/\/usosweb.uw.edu.pl\/kontroler.php?_action=katalog2\/osoby\/pokazOsobe&amp;os_id=50187\">www<\/a><\/td><td>208<\/td><td class=\"has-text-align-left\" data-align=\"left\">\u015broda: <br>13:00-14:00<br><\/td><\/tr><tr><td class=\"has-text-align-left\" data-align=\"left\">dr hab. <strong>El\u017cbieta Rojan<\/strong><\/td><td>(22)5520653<\/td><td class=\"has-text-align-left\" data-align=\"left\"><a href=\"mailto:erojan@uw.edu.pl\">email<\/a><\/td><td class=\"has-text-align-left\" data-align=\"left\"><a href=\"https:\/\/usosweb.uw.edu.pl\/kontroler.php?_action=katalog2\/osoby\/pokazOsobe&amp;os_id=50295\">www<\/a><\/td><td>208<\/td><td class=\"has-text-align-left\" data-align=\"left\">czwartek: 13:00-14.00 po wcze\u015bniejszym kontakcie mailowym (erojan@uw.edu.pl)<\/td><\/tr><tr><td class=\"has-text-align-left\" data-align=\"left\">dr hab. <strong>Piotr Szwarczewski<\/strong><\/td><td>(22)5520666<\/td><td class=\"has-text-align-left\" data-align=\"left\"><a href=\"mailto:pfszwarc@uw.edu.pl\">email<\/a><\/td><td class=\"has-text-align-left\" data-align=\"left\"><a href=\"https:\/\/usosweb.uw.edu.pl\/kontroler.php?_action=katalog2\/osoby\/pokazOsobe&amp;os_id=50319\">www<\/a><\/td><td>028<\/td><td class=\"has-text-align-left\" data-align=\"left\">czwartek: 15:00-16:00<\/td><\/tr><tr><td class=\"has-text-align-left\" data-align=\"left\">dr hab. <strong>Irena Tsermegas<\/strong><\/td><td>(22)5520653<\/td><td class=\"has-text-align-left\" data-align=\"left\"><a href=\"mailto:argiro@uw.edu.pl\">email<\/a><\/td><td class=\"has-text-align-left\" data-align=\"left\"><a href=\"https:\/\/usosweb.uw.edu.pl\/kontroler.php?_action=katalog2\/osoby\/pokazOsobe&amp;os_id=50325\">www<\/a><\/td><td>208<\/td><td class=\"has-text-align-left\" data-align=\"left\">czwartek:<br>13:00-14:00<\/td><\/tr><tr><td class=\"has-text-align-left\" data-align=\"left\">dr <strong>Dorota Giriat<\/strong><\/td><td>(22)5520653<\/td><td class=\"has-text-align-left\" data-align=\"left\"><a href=\"mailto:dagiriat@uw.edu.pl\">email<\/a><\/td><td class=\"has-text-align-left\" data-align=\"left\"><a href=\"https:\/\/usosweb.uw.edu.pl\/kontroler.php?_action=katalog2\/osoby\/pokazOsobe&amp;os_id=50197\">www<\/a><\/td><td>208<\/td><td class=\"has-text-align-left\" data-align=\"left\">wtorek:<br>11:30-12:30<br>po wcze\u015bniejszym kontakcie mailowym<\/td><\/tr><tr><td class=\"has-text-align-left\" data-align=\"left\">dr <strong>Maria Korotaj-Kokoszczy\u0144ska<\/strong><\/td><td>(22)5520653<\/td><td class=\"has-text-align-left\" data-align=\"left\"><a href=\"mailto:majkor@uw.edu.pl\">email<\/a><\/td><td class=\"has-text-align-left\" data-align=\"left\"><a href=\"https:\/\/usosweb.uw.edu.pl\/kontroler.php?_action=katalog2\/osoby\/pokazOsobe&amp;os_id=50225\">www<\/a><\/td><td>208<\/td><td class=\"has-text-align-left\" data-align=\"left\"><\/td><\/tr><tr><td class=\"has-text-align-left\" data-align=\"left\">dr <strong>Urszula Zawadzka-Pawlewska<\/strong><\/td><td><br>(22)5520653<\/td><td class=\"has-text-align-left\" data-align=\"left\"><a href=\"mailto:urszula.zawadzka@uw.edu.pl\">email<\/a><\/td><td class=\"has-text-align-left\" data-align=\"left\"><a href=\"https:\/\/usosweb.uw.edu.pl\/kontroler.php?_action=katalog2\/osoby\/pokazOsobe&amp;os_id=55064\">www<\/a><\/td><td>208<\/td><td class=\"has-text-align-left\" data-align=\"left\">wtorek: 9:45-11:15<br>po wcze\u015bniejszym kontakcie mailowym<\/td><\/tr><\/tbody><\/table><\/figure>\n","protected":false},"excerpt":{"rendered":"<p>Imi\u0119 i nazwisko Telefon Email USOS-web &nbsp;Pok\u00f3j Konsultacje w semestrze zimowym 2025\/2026 dr hab. Ewa Smolska, prof.&nbsp;ucz. (22)5520788 email www 222 dr hab. Maciej D\u0105bski,&nbsp;prof.&nbsp;ucz. (22)5521514 email www 307 czwartek: 10:00-12:00,konsultacje mo\u017cliwe tak\u017ce w innych terminach po uprzednim kontakcie mailowym dr hab. Maciej D\u0142u\u017cewski,&nbsp;prof.&nbsp;ucz. (22)5520653 email www 208 \u015broda: 13:00-14:00 dr hab. El\u017cbieta Rojan (22)5520653 [&hellip;]<\/p>\n","protected":false},"author":2,"featured_media":0,"parent":87,"menu_order":1,"comment_status":"closed","ping_status":"closed","template":"","meta":{"footnotes":""},"class_list":["post-412","page","type-page","status-publish","czr-hentry"],"yoast_head":"<!-- This site is optimized with the Yoast SEO plugin v27.4 - https:\/\/yoast.com\/product\/yoast-seo-wordpress\/ -->\n<title>Zesp\u00f3\u0142 - Katedra Geografii Fizycznej, Wydzia\u0142 Geografii i Studi\u00f3w Regionalnych UW<\/title>\n<meta name=\"robots\" content=\"index, follow, max-snippet:-1, max-image-preview:large, max-video-preview:-1\" \/>\n<link rel=\"canonical\" href=\"https:\/\/kgf.wgsr.uw.edu.pl\/?page_id=412\" \/>\n<meta property=\"og:locale\" content=\"pl_PL\" \/>\n<meta property=\"og:type\" content=\"article\" \/>\n<meta property=\"og:title\" content=\"Zesp\u00f3\u0142 - Katedra Geografii Fizycznej, Wydzia\u0142 Geografii i Studi\u00f3w Regionalnych UW\" \/>\n<meta property=\"og:description\" content=\"Imi\u0119 i nazwisko Telefon Email USOS-web &nbsp;Pok\u00f3j Konsultacje w semestrze zimowym 2025\/2026 dr hab. Ewa Smolska, prof.&nbsp;ucz. (22)5520788 email www 222 dr hab. Maciej D\u0105bski,&nbsp;prof.&nbsp;ucz. (22)5521514 email www 307 czwartek: 10:00-12:00,konsultacje mo\u017cliwe tak\u017ce w innych terminach po uprzednim kontakcie mailowym dr hab. Maciej D\u0142u\u017cewski,&nbsp;prof.&nbsp;ucz. (22)5520653 email www 208 \u015broda: 13:00-14:00 dr hab. El\u017cbieta Rojan (22)5520653 [&hellip;]\" \/>\n<meta property=\"og:url\" content=\"https:\/\/kgf.wgsr.uw.edu.pl\/?page_id=412\" \/>\n<meta property=\"og:site_name\" content=\"Katedra Geografii Fizycznej, Wydzia\u0142 Geografii i Studi\u00f3w Regionalnych UW\" \/>\n<meta property=\"article:modified_time\" content=\"2025-12-01T12:08:14+00:00\" \/>\n<meta name=\"twitter:card\" content=\"summary_large_image\" \/>\n<meta name=\"twitter:label1\" content=\"Szacowany czas czytania\" \/>\n\t<meta name=\"twitter:data1\" content=\"1 minuta\" \/>\n<script type=\"application\/ld+json\" class=\"yoast-schema-graph\">{\"@context\":\"https:\\\/\\\/schema.org\",\"@graph\":[{\"@type\":\"WebPage\",\"@id\":\"https:\\\/\\\/kgf.wgsr.uw.edu.pl\\\/?page_id=412\",\"url\":\"https:\\\/\\\/kgf.wgsr.uw.edu.pl\\\/?page_id=412\",\"name\":\"Zesp\u00f3\u0142 - Katedra Geografii Fizycznej, Wydzia\u0142 Geografii i Studi\u00f3w Regionalnych UW\",\"isPartOf\":{\"@id\":\"https:\\\/\\\/kgf.wgsr.uw.edu.pl\\\/#website\"},\"datePublished\":\"2021-03-23T10:14:03+00:00\",\"dateModified\":\"2025-12-01T12:08:14+00:00\",\"breadcrumb\":{\"@id\":\"https:\\\/\\\/kgf.wgsr.uw.edu.pl\\\/?page_id=412#breadcrumb\"},\"inLanguage\":\"pl-PL\",\"potentialAction\":[{\"@type\":\"ReadAction\",\"target\":[\"https:\\\/\\\/kgf.wgsr.uw.edu.pl\\\/?page_id=412\"]}]},{\"@type\":\"BreadcrumbList\",\"@id\":\"https:\\\/\\\/kgf.wgsr.uw.edu.pl\\\/?page_id=412#breadcrumb\",\"itemListElement\":[{\"@type\":\"ListItem\",\"position\":1,\"name\":\"Strona g\u0142\u00f3wna\",\"item\":\"https:\\\/\\\/kgf.wgsr.uw.edu.pl\\\/\"},{\"@type\":\"ListItem\",\"position\":2,\"name\":\"Zak\u0142ad Geomorfologii\",\"item\":\"https:\\\/\\\/kgf.wgsr.uw.edu.pl\\\/?page_id=87\"},{\"@type\":\"ListItem\",\"position\":3,\"name\":\"Zesp\u00f3\u0142\"}]},{\"@type\":\"WebSite\",\"@id\":\"https:\\\/\\\/kgf.wgsr.uw.edu.pl\\\/#website\",\"url\":\"https:\\\/\\\/kgf.wgsr.uw.edu.pl\\\/\",\"name\":\"Katedra Geografii Fizycznej, Wydzia\u0142 Geografii i Studi\u00f3w Regionalnych UW\",\"description\":\"\",\"publisher\":{\"@id\":\"https:\\\/\\\/kgf.wgsr.uw.edu.pl\\\/#organization\"},\"potentialAction\":[{\"@type\":\"SearchAction\",\"target\":{\"@type\":\"EntryPoint\",\"urlTemplate\":\"https:\\\/\\\/kgf.wgsr.uw.edu.pl\\\/?s={search_term_string}\"},\"query-input\":{\"@type\":\"PropertyValueSpecification\",\"valueRequired\":true,\"valueName\":\"search_term_string\"}}],\"inLanguage\":\"pl-PL\"},{\"@type\":\"Organization\",\"@id\":\"https:\\\/\\\/kgf.wgsr.uw.edu.pl\\\/#organization\",\"name\":\"Katedra Geografii Fizycznej, Wydzia\u0142 Geografii i Studi\u00f3w Regionalnych UW\",\"url\":\"https:\\\/\\\/kgf.wgsr.uw.edu.pl\\\/\",\"logo\":{\"@type\":\"ImageObject\",\"inLanguage\":\"pl-PL\",\"@id\":\"https:\\\/\\\/kgf.wgsr.uw.edu.pl\\\/#\\\/schema\\\/logo\\\/image\\\/\",\"url\":\"https:\\\/\\\/kgf.wgsr.uw.edu.pl\\\/wp-content\\\/uploads\\\/2023\\\/08\\\/cropped-Katedra.png\",\"contentUrl\":\"https:\\\/\\\/kgf.wgsr.uw.edu.pl\\\/wp-content\\\/uploads\\\/2023\\\/08\\\/cropped-Katedra.png\",\"width\":1230,\"height\":328,\"caption\":\"Katedra Geografii Fizycznej, Wydzia\u0142 Geografii i Studi\u00f3w Regionalnych UW\"},\"image\":{\"@id\":\"https:\\\/\\\/kgf.wgsr.uw.edu.pl\\\/#\\\/schema\\\/logo\\\/image\\\/\"}}]}<\/script>\n<!-- \/ Yoast SEO plugin. -->","yoast_head_json":{"title":"Zesp\u00f3\u0142 - Katedra Geografii Fizycznej, Wydzia\u0142 Geografii i Studi\u00f3w Regionalnych UW","robots":{"index":"index","follow":"follow","max-snippet":"max-snippet:-1","max-image-preview":"max-image-preview:large","max-video-preview":"max-video-preview:-1"},"canonical":"https:\/\/kgf.wgsr.uw.edu.pl\/?page_id=412","og_locale":"pl_PL","og_type":"article","og_title":"Zesp\u00f3\u0142 - Katedra Geografii Fizycznej, Wydzia\u0142 Geografii i Studi\u00f3w Regionalnych UW","og_description":"Imi\u0119 i nazwisko Telefon Email USOS-web &nbsp;Pok\u00f3j Konsultacje w semestrze zimowym 2025\/2026 dr hab. Ewa Smolska, prof.&nbsp;ucz. (22)5520788 email www 222 dr hab. Maciej D\u0105bski,&nbsp;prof.&nbsp;ucz. (22)5521514 email www 307 czwartek: 10:00-12:00,konsultacje mo\u017cliwe tak\u017ce w innych terminach po uprzednim kontakcie mailowym dr hab. Maciej D\u0142u\u017cewski,&nbsp;prof.&nbsp;ucz. (22)5520653 email www 208 \u015broda: 13:00-14:00 dr hab. El\u017cbieta Rojan (22)5520653 [&hellip;]","og_url":"https:\/\/kgf.wgsr.uw.edu.pl\/?page_id=412","og_site_name":"Katedra Geografii Fizycznej, Wydzia\u0142 Geografii i Studi\u00f3w Regionalnych UW","article_modified_time":"2025-12-01T12:08:14+00:00","twitter_card":"summary_large_image","twitter_misc":{"Szacowany czas czytania":"1 minuta"},"schema":{"@context":"https:\/\/schema.org","@graph":[{"@type":"WebPage","@id":"https:\/\/kgf.wgsr.uw.edu.pl\/?page_id=412","url":"https:\/\/kgf.wgsr.uw.edu.pl\/?page_id=412","name":"Zesp\u00f3\u0142 - Katedra Geografii Fizycznej, Wydzia\u0142 Geografii i Studi\u00f3w Regionalnych UW","isPartOf":{"@id":"https:\/\/kgf.wgsr.uw.edu.pl\/#website"},"datePublished":"2021-03-23T10:14:03+00:00","dateModified":"2025-12-01T12:08:14+00:00","breadcrumb":{"@id":"https:\/\/kgf.wgsr.uw.edu.pl\/?page_id=412#breadcrumb"},"inLanguage":"pl-PL","potentialAction":[{"@type":"ReadAction","target":["https:\/\/kgf.wgsr.uw.edu.pl\/?page_id=412"]}]},{"@type":"BreadcrumbList","@id":"https:\/\/kgf.wgsr.uw.edu.pl\/?page_id=412#breadcrumb","itemListElement":[{"@type":"ListItem","position":1,"name":"Strona g\u0142\u00f3wna","item":"https:\/\/kgf.wgsr.uw.edu.pl\/"},{"@type":"ListItem","position":2,"name":"Zak\u0142ad Geomorfologii","item":"https:\/\/kgf.wgsr.uw.edu.pl\/?page_id=87"},{"@type":"ListItem","position":3,"name":"Zesp\u00f3\u0142"}]},{"@type":"WebSite","@id":"https:\/\/kgf.wgsr.uw.edu.pl\/#website","url":"https:\/\/kgf.wgsr.uw.edu.pl\/","name":"Katedra Geografii Fizycznej, Wydzia\u0142 Geografii i Studi\u00f3w Regionalnych UW","description":"","publisher":{"@id":"https:\/\/kgf.wgsr.uw.edu.pl\/#organization"},"potentialAction":[{"@type":"SearchAction","target":{"@type":"EntryPoint","urlTemplate":"https:\/\/kgf.wgsr.uw.edu.pl\/?s={search_term_string}"},"query-input":{"@type":"PropertyValueSpecification","valueRequired":true,"valueName":"search_term_string"}}],"inLanguage":"pl-PL"},{"@type":"Organization","@id":"https:\/\/kgf.wgsr.uw.edu.pl\/#organization","name":"Katedra Geografii Fizycznej, Wydzia\u0142 Geografii i Studi\u00f3w Regionalnych UW","url":"https:\/\/kgf.wgsr.uw.edu.pl\/","logo":{"@type":"ImageObject","inLanguage":"pl-PL","@id":"https:\/\/kgf.wgsr.uw.edu.pl\/#\/schema\/logo\/image\/","url":"https:\/\/kgf.wgsr.uw.edu.pl\/wp-content\/uploads\/2023\/08\/cropped-Katedra.png","contentUrl":"https:\/\/kgf.wgsr.uw.edu.pl\/wp-content\/uploads\/2023\/08\/cropped-Katedra.png","width":1230,"height":328,"caption":"Katedra Geografii Fizycznej, Wydzia\u0142 Geografii i Studi\u00f3w Regionalnych UW"},"image":{"@id":"https:\/\/kgf.wgsr.uw.edu.pl\/#\/schema\/logo\/image\/"}}]}},"_links":{"self":[{"href":"https:\/\/kgf.wgsr.uw.edu.pl\/index.php?rest_route=\/wp\/v2\/pages\/412","targetHints":{"allow":["GET"]}}],"collection":[{"href":"https:\/\/kgf.wgsr.uw.edu.pl\/index.php?rest_route=\/wp\/v2\/pages"}],"about":[{"href":"https:\/\/kgf.wgsr.uw.edu.pl\/index.php?rest_route=\/wp\/v2\/types\/page"}],"author":[{"embeddable":true,"href":"https:\/\/kgf.wgsr.uw.edu.pl\/index.php?rest_route=\/wp\/v2\/users\/2"}],"replies":[{"embeddable":true,"href":"https:\/\/kgf.wgsr.uw.edu.pl\/index.php?rest_route=%2Fwp%2Fv2%2Fcomments&post=412"}],"version-history":[{"count":2,"href":"https:\/\/kgf.wgsr.uw.edu.pl\/index.php?rest_route=\/wp\/v2\/pages\/412\/revisions"}],"predecessor-version":[{"id":3296,"href":"https:\/\/kgf.wgsr.uw.edu.pl\/index.php?rest_route=\/wp\/v2\/pages\/412\/revisions\/3296"}],"up":[{"embeddable":true,"href":"https:\/\/kgf.wgsr.uw.edu.pl\/index.php?rest_route=\/wp\/v2\/pages\/87"}],"wp:attachment":[{"href":"https:\/\/kgf.wgsr.uw.edu.pl\/index.php?rest_route=%2Fwp%2Fv2%2Fmedia&parent=412"}],"curies":[{"name":"wp","href":"https:\/\/api.w.org\/{rel}","templated":true}]}}