{"id":356,"date":"2021-03-22T15:29:31","date_gmt":"2021-03-22T14:29:31","guid":{"rendered":"https:\/\/wgsr.uw.edu.pl\/kgf\/?page_id=356"},"modified":"2025-10-21T06:04:00","modified_gmt":"2025-10-21T06:04:00","slug":"dydaktyka","status":"publish","type":"page","link":"https:\/\/kgf.wgsr.uw.edu.pl\/?page_id=356","title":{"rendered":"Dydaktyka"},"content":{"rendered":"\n<h5 class=\"wp-block-heading\"><a href=\"https:\/\/wgsr.uw.edu.pl\/kgf\/?page_id=89\"><\/a><a href=\"https:\/\/wgsr.uw.edu.pl\/kgf\/?page_id=89\"><img loading=\"lazy\" decoding=\"async\" width=\"25\" height=\"41\" src=\"https:\/\/wgsr.uw.edu.pl\/kgf\/wp-content\/uploads\/2021\/04\/Hydrologia1111.png\"> <\/a><a href=\"https:\/\/kgf.wgsr.uw.edu.pl\/?page_id=89\">O nas<\/a>&nbsp;\u2013<a href=\"https:\/\/kgf.wgsr.uw.edu.pl\/?page_id=170\">&nbsp;Zesp\u00f3\u0142<\/a>&nbsp;\u2013 &nbsp;<a href=\"https:\/\/kgf.wgsr.uw.edu.pl\/?page_id=354\">Nauka<\/a>&nbsp;\u2013&nbsp;<a href=\"https:\/\/kgf.wgsr.uw.edu.pl\/?page_id=356\">Dydaktyka<\/a>&nbsp; \u2013&nbsp;<a href=\"https:\/\/kgf.wgsr.uw.edu.pl\/?page_id=482\">Zosta\u0144 Hydrologiem<\/a>&nbsp;\u2013&nbsp;<a href=\"https:\/\/kgf.wgsr.uw.edu.pl\/?page_id=358\">Historia<\/a><\/h5>\n\n\n\n<h2 class=\"wp-block-heading\">Znamy si\u0119 nie tylko na wodzie<\/h2>\n\n\n\n<p>Prowadzimy zaj\u0119cia na wszystkich kierunkach studi\u00f3w na <a href=\"http:\/\/www.wgsr.uw.edu.pl\" target=\"_blank\" rel=\"noreferrer noopener\">Wydziale Geografii i Studi\u00f3w Regionalnych<\/a> (geografia i gospodarka przestrzenna, studia miejskie) oraz na <a href=\"http:\/\/ucbs.uw.edu.pl\/\" target=\"_blank\" rel=\"noreferrer noopener\">Mi\u0119dzywydzia\u0142owych Studiach Ochrony \u015arodowiska<\/a> i na <a href=\"https:\/\/www.biol.uw.edu.pl\/\" target=\"_blank\" rel=\"noreferrer noopener\">Wydziale Biologii<\/a>, zar\u00f3wno na studiach I stopnia (licencjackich) jak i II stopnia (magisterskie).<\/p>\n\n\n\n<p>S\u0105 to m.in. takie przedmioty jak:<\/p>\n\n\n\n<ul class=\"wp-block-list\">\n<li><a href=\"https:\/\/usosweb.uw.edu.pl\/kontroler.php?_action=katalog2\/przedmioty\/pokazPrzedmiot&amp;prz_kod=1900-1-HYDO\" target=\"_blank\" rel=\"noreferrer noopener\">Hydrologia i oceanografia<\/a> (kierunek geografia, 1. rok studi\u00f3w I stopnia)<\/li>\n\n\n\n<li><a href=\"https:\/\/usosweb.uw.edu.pl\/kontroler.php?_action=katalog2\/przedmioty\/pokazPrzedmiot&amp;kod=1900-1-HOZ-SF\" target=\"_blank\" rel=\"noreferrer noopener\">Hydrologia obszar\u00f3w zurbanizowanych<\/a> (kierunek geografia, 2. rok studi\u00f3w I stopnia,&nbsp;\u015bcie\u017cka fizycznogeograficzna)<\/li>\n\n\n\n<li><a href=\"https:\/\/usosweb.uw.edu.pl\/kontroler.php?_action=katalog2\/przedmioty\/pokazPrzedmiot&amp;kod=1900-1-GFS\" target=\"_blank\" rel=\"noreferrer noopener\">Geografia fizyczna stosowana<\/a> (kierunek geografia, 2. rok studi\u00f3w I stopnia,&nbsp;\u015bcie\u017cka fizycznogeograficzna)<\/li>\n\n\n\n<li><a href=\"https:\/\/usosweb.uw.edu.pl\/kontroler.php?_action=katalog2\/przedmioty\/pokazPrzedmiot&amp;prz_kod=1900-5-HOZW-WP&amp;callback=g_b55a1b40\" target=\"_blank\" rel=\"noreferrer noopener\">Hydrologia obszar\u00f3w zurbanizowanych i obszar\u00f3w wiejskich<\/a> (kierunek gospodarka przestrzenna, studia I stopnia, zaj\u0119cia fakultatywne)<\/li>\n\n\n\n<li><a href=\"https:\/\/usosweb.uw.edu.pl\/kontroler.php?_action=katalog2\/przedmioty\/pokazPrzedmiot&amp;prz_kod=4030-GW-CW&amp;callback=g_7b888e8e\" target=\"_blank\" rel=\"noreferrer noopener\">Gospodarka wodna<\/a> (kierunek Mi\u0119dzywydzia\u0142owe Studia Ochrony \u015arodowiska, 3. studi\u00f3w I stopnia)<\/li>\n\n\n\n<li><a href=\"https:\/\/usosweb.uw.edu.pl\/kontroler.php?_action=katalog2\/przedmioty\/pokazPrzedmiot&amp;kod=4030-MSH-W\" target=\"_blank\" rel=\"noreferrer noopener\">Modelowanie system\u00f3w hydrologicznych<\/a> (kierunek Mi\u0119dzywydzia\u0142owe Studia Ochrony \u015arodowiska, 1. studi\u00f3w II stopnia)<\/li>\n\n\n\n<li><a href=\"https:\/\/usosweb.uw.edu.pl\/kontroler.php?_action=katalog2\/przedmioty\/pokazPrzedmiot&amp;kod=1900-7-RCW-UIR\" target=\"_blank\" rel=\"noreferrer noopener\">Renaturalizacja ciek\u00f3w wodnych<\/a> (kierunek geografia, studia 2 stopnia, specjalno\u015b\u0107 urbanistyka i rewitalizacja)<\/li>\n\n\n\n<li><a href=\"https:\/\/usosweb.uw.edu.pl\/kontroler.php?_action=katalog2\/przedmioty\/pokazPrzedmiot&amp;kod=1900-5-WAGS-WW\" target=\"_blank\" rel=\"noreferrer noopener\">Wybrane aspekty gospodarowania wod\u0105 w miastach<\/a> (kierunki geografia i gospodarka przestrzenna, studia 1 stopnia, zaj\u0119cia fakultatywne) <\/li>\n\n\n\n<li><a href=\"https:\/\/usosweb.uw.edu.pl\/kontroler.php?_action=katalog2\/przedmioty\/pokazPrzedmiot&amp;kod=1900-5-N-GWnOC-W\">Gospodarowanie wod\u0105 na obszarach chronionych<\/a> (kierunki geografia i gospodarka przestrzenna, studia 1 stopnia, zaj\u0119cia fakultatywne)<\/li>\n\n\n\n<li><a href=\"https:\/\/usosweb.uw.edu.pl\/kontroler.php?_action=katalog2\/przedmioty\/pokazPrzedmiot&amp;kod=1900-5-N-KMO-W\">Kreowanie miasta odpornego<\/a> (kierunek gospodarka przestrzenna, studia 1 stopnia, zaj\u0119cia fakultatywne)<\/li>\n\n\n\n<li><a href=\"https:\/\/usosweb.uw.edu.pl\/kontroler.php?_action=katalog2\/przedmioty\/pokazPrzedmiot&amp;kod=1900-3-EKH-HK-W\" target=\"_blank\" rel=\"noreferrer noopener\">Ekohydrologia<\/a> (kierunek geografia, studia 1. stopnia, zaj\u0119cia fakultatywne)<\/li>\n\n\n\n<li><a href=\"https:\/\/usosweb.uw.edu.pl\/kontroler.php?_action=katalog2\/przedmioty\/pokazPrzedmiot&amp;kod=1900-SB-ER-OG\" target=\"_blank\" rel=\"noreferrer noopener\">Baltic Sea environment and its protection<\/a> (przedmiot og\u00f3lnouniwersytecki na Uniwersytecie Warszawskim)<\/li>\n\n\n\n<li><a href=\"https:\/\/usosweb.uw.edu.pl\/kontroler.php?_action=katalog2\/przedmioty\/pokazPrzedmiot&amp;kod=1900-1-RZJE-WF\">Rzeki i jeziora europejskie &#8211; zagro\u017cenia i ochrona<\/a> (kierunek geografia, studia 1. stopnia)<\/li>\n\n\n\n<li><a href=\"https:\/\/usosweb.uw.edu.pl\/kontroler.php?_action=katalog2\/przedmioty\/pokazPrzedmiot&amp;kod=1900-WBC-OG\" target=\"_blank\" rel=\"noreferrer noopener\">Wetlands &#8211; biodiversity and change <\/a>(przedmiot og\u00f3lnouniwersytecki na Uniwersytecie Warszawskim)<\/li>\n\n\n\n<li><a href=\"https:\/\/usosweb.uw.edu.pl\/kontroler.php?_action=katalog2\/przedmioty\/pokazPrzedmiot&amp;kod=1900-111HYDKL\" target=\"_blank\" rel=\"noreferrer noopener\">Hydrologia i klimatologia<\/a> (kierunek ochrona \u015brodowiska, studia 1. stopnia) <\/li>\n\n\n\n<li><a href=\"https:\/\/usosweb.uw.edu.pl\/kontroler.php?_action=katalog2\/przedmioty\/pokazPrzedmiot&amp;kod=1900-5-DKPT-WH\">Dziedzictwo kulturowe i przyrodnicze wybranych region\u00f3w (Tatry)<\/a>&nbsp;(kierunek geografia, 1. rok studi\u00f3w I stopnia)<\/li>\n\n\n\n<li>i in.<\/li>\n<\/ul>\n\n\n\n<p>Prowadzimy r\u00f3wnie\u017c zaj\u0119cia w ramach przedmiot\u00f3w: <a href=\"https:\/\/usosweb.uw.edu.pl\/kontroler.php?_action=katalog2\/przedmioty\/pokazPrzedmiot&amp;kod=1900-GISFZ-OG\">GIS &#8211; funkcjonalno\u015b\u0107 i zastosowania<\/a>, <a href=\"https:\/\/usosweb.uw.edu.pl\/kontroler.php?_action=katalog2\/przedmioty\/pokazPrzedmiot&amp;prz_kod=1900-1-ZMS\" target=\"_blank\" rel=\"noreferrer noopener\">Zastosowania matematyki i statystyki w geografii<\/a>, <a href=\"https:\/\/usosweb.uw.edu.pl\/kontroler.php?_action=katalog2\/przedmioty\/pokazPrzedmiot&amp;kod=1900-SM-1-25\" target=\"_blank\" rel=\"noreferrer noopener\">Przyrodniczo-przestrzenne uwarunkowania rozwoju miast<\/a>, <a href=\"https:\/\/usosweb.uw.edu.pl\/kontroler.php?_action=katalog2\/przedmioty\/pokazPrzedmiot&amp;kod=1900-5-WZM-WH\" target=\"_blank\" rel=\"noreferrer noopener\">Warunki \u017cycia w mie\u015bcie<\/a>, <a href=\"https:\/\/usosweb.uw.edu.pl\/kontroler.php?_action=katalog2\/przedmioty\/pokazPrzedmiot&amp;kod=1900-5-DKPT-WH\" target=\"_blank\" rel=\"noreferrer noopener\">Dziedzictwo kulturowe i przyrodnicze wybranych region\u00f3w (Tatry)<\/a>, <a href=\"https:\/\/usosweb.uw.edu.pl\/kontroler.php?_action=katalog2\/przedmioty\/pokazPrzedmiot&amp;kod=4030-MBGF\" target=\"_blank\" rel=\"noreferrer noopener\">Metody badawcze w geografii fizycznej<\/a>, <a href=\"https:\/\/usosweb.uw.edu.pl\/kontroler.php?_action=katalog2\/przedmioty\/pokazPrzedmiot&amp;kod=1900-1-CWT-SF\" target=\"_blank\" rel=\"noreferrer noopener\">\u0106wiczenia terenowe (\u015bcie\u017cka fizycznogeograficzna)<\/a>, <a href=\"https:\/\/usosweb.uw.edu.pl\/kontroler.php?_action=katalog2\/przedmioty\/pokazPrzedmiot&amp;kod=1900-1FPM-OG\" target=\"_blank\" rel=\"noreferrer noopener\">Przyroda Mazowsza i jej antropogeniczne przekszta\u0142cenia<\/a>, <a href=\"https:\/\/usosweb.uw.edu.pl\/kontroler.php?_action=katalog2\/przedmioty\/pokazPrzedmiot&amp;kod=1900-SM-1-13\" target=\"_blank\" rel=\"noreferrer noopener\">Wsp\u00f3\u0142czesne teorie w studiach miejskich<\/a>, <a href=\"https:\/\/usosweb.uw.edu.pl\/kontroler.php?_action=katalog2\/przedmioty\/pokazPrzedmiot&amp;kod=1900-SM-2-4MP\" target=\"_blank\" rel=\"noreferrer noopener\">Mechanizmy kszta\u0142towania przestrzeni<\/a>, <a href=\"https:\/\/usosweb.uw.edu.pl\/kontroler.php?_action=katalog2\/przedmioty\/pokazPrzedmiot&amp;kod=4030-US\" target=\"_blank\" rel=\"noreferrer noopener\">Urban Sustainability<\/a>, <a href=\"https:\/\/usosweb.uw.edu.pl\/kontroler.php?_action=katalog2\/przedmioty\/pokazPrzedmiot&amp;kod=1900-NEP-OG\" target=\"_blank\" rel=\"noreferrer noopener\">Natural environment of Poland<\/a>, <a href=\"https:\/\/usosweb.uw.edu.pl\/kontroler.php?_action=katalog2\/przedmioty\/pokazPrzedmiot&amp;kod=1900-IFAGIS-OG\" target=\"_blank\" rel=\"noreferrer noopener\">Introduction to functionality and applications of Geographic Information Systems<\/a>, <a href=\"https:\/\/usosweb.uw.edu.pl\/kontroler.php?_action=katalog2\/przedmioty\/pokazPrzedmiot&amp;kod=1900-ERASMUS-SDV\" target=\"_blank\" rel=\"noreferrer noopener\">Sustainable development &#8211; between global and local perspectives<\/a> i wiele innych).<\/p>\n\n\n\n<h2 class=\"wp-block-heading\">Seminarium licencjackie i specjalno\u015b\u0107 magisterska<\/h2>\n\n\n\n<p>Prowadzimy <a href=\"https:\/\/kgf.wgsr.uw.edu.pl\/?page_id=3194\"><strong>seminarium hydrologiczne<\/strong> na studiach I stopnia (licencjackich)<\/a> i oraz <strong><a href=\"https:\/\/kgf.wgsr.uw.edu.pl\/?page_id=3142\">specjalno\u015b\u0107 <\/a><a href=\"https:\/\/kgf.wgsr.uw.edu.pl\/?page_id=482\">hydrologia i klimatologia<\/a><\/strong> na studiach II stopnia (magisterskich).<\/p>\n\n\n\n<p>Program specjalno\u015bci znajdziesz na stronie internetowej Wydzia\u0142u Geografii i Studi\u00f3w Regionalnych (<a href=\"https:\/\/wgsr.uw.edu.pl\/wp-content\/uploads\/sites\/271\/2025\/09\/S2-GF_HIK_2025_24-06-2025.pdf\">zobacz program studi\u00f3w na specjalno\u015bci hydrologia i klimatologia<\/a>).<\/p>\n\n\n\n<p>Od lat 60. XX w. powsta\u0142o ju\u017c kilkaset prac magisterskich i licencjackich napisanych pod opiek\u0105 naszych pracownik\u00f3w (<a href=\"https:\/\/kgf.wgsr.uw.edu.pl\/?page_id=482\" target=\"_blank\" rel=\"noreferrer noopener\">zobacz list\u0119<\/a>).<\/p>\n\n\n\n<p><\/p>\n\n\n\n<h2 class=\"wp-block-heading\">Studenckie projekty badawcze z hydrologii<\/h2>\n\n\n\n<p>Studenckie projekty badawcze to zindywidualizowana forma kszta\u0142cenia na WGSR UW, kt\u00f3r\u0105 zainicjowali\u015bmy jako pierwsi na wydziale. Nowoczesna dydaktyka powinna wychodzi\u0107 poza szablon tradycyjnych zaj\u0119\u0107, pozwalaj\u0105c budowa\u0107 kompetencje badawcze oraz umiej\u0119tno\u015b\u0107 pracy zespo\u0142owej student\u00f3w. To r\u00f3wnie\u017c znakomita forma poszerzenia wiedzy oraz mi\u0142ego sp\u0119dzenia czasu.<\/p>\n\n\n\n<p><strong>Studenckie projekty badawcze realizowane w Zak\u0142adzie Hydrologii <\/strong><\/p>\n\n\n\n<ul class=\"wp-block-list\">\n<li>Przestrzenne zr\u00f3\u017cnicowanie parametr\u00f3w fizyczno-chemicznych w\u00f3d Potoku S\u0142u\u017cewieckiego (rok akademicki 2018\/19)<\/li>\n\n\n\n<li>Wp\u0142yw cech fizycznogeograficznych na przestrzenne zr\u00f3\u017cnicowanie wybranych parametr\u00f3w fizyczno-chemicznych w\u00f3d w zlewni \u015awidra (rok akademicki 2019\/20)<\/li>\n\n\n\n<li>Fizycznogeograficzne uwarunkowania cech ustroju termicznego w\u00f3d p\u0142yn\u0105cych w zlewni Wkry (rok akademicki 2020\/21)<\/li>\n\n\n\n<li>Charakterystyka hydrologiczna wybranych \u017ar\u00f3de\u0142 Doliny Bia\u0142obrzeskiej (rok akademicki 2021\/22)<\/li>\n\n\n\n<li>\u0179r\u00f3d\u0142a Skarpy Warszawskiej (wiosna 2023 \u2013 lato 2024)<\/li>\n\n\n\n<li>Projekt Zimna Woda (wiosna 2024 \u2013 wiosna 2025)<\/li>\n\n\n\n<li>Projekt Jeziorka (lato 2025 \u2013)<\/li>\n<\/ul>\n\n\n\n<p> <a href=\"https:\/\/kgf.wgsr.uw.edu.pl\/?page_id=761\">Dowiedz si\u0119 wi\u0119cej<\/a><\/p>\n\n\n\n<p><\/p>\n","protected":false},"excerpt":{"rendered":"<p>O nas&nbsp;\u2013&nbsp;Zesp\u00f3\u0142&nbsp;\u2013 &nbsp;Nauka&nbsp;\u2013&nbsp;Dydaktyka&nbsp; \u2013&nbsp;Zosta\u0144 Hydrologiem&nbsp;\u2013&nbsp;Historia Znamy si\u0119 nie tylko na wodzie Prowadzimy zaj\u0119cia na wszystkich kierunkach studi\u00f3w na Wydziale Geografii i Studi\u00f3w Regionalnych (geografia i gospodarka przestrzenna, studia miejskie) oraz na Mi\u0119dzywydzia\u0142owych Studiach Ochrony \u015arodowiska i na Wydziale Biologii, zar\u00f3wno na studiach I stopnia (licencjackich) jak i II stopnia (magisterskie). S\u0105 to m.in. takie przedmioty [&hellip;]<\/p>\n","protected":false},"author":2,"featured_media":0,"parent":89,"menu_order":3,"comment_status":"closed","ping_status":"closed","template":"","meta":{"footnotes":""},"class_list":["post-356","page","type-page","status-publish","czr-hentry"],"yoast_head":"<!-- This site is optimized with the Yoast SEO plugin v27.4 - https:\/\/yoast.com\/product\/yoast-seo-wordpress\/ -->\n<title>Dydaktyka - Katedra Geografii Fizycznej, Wydzia\u0142 Geografii i Studi\u00f3w Regionalnych UW<\/title>\n<meta name=\"robots\" content=\"index, follow, max-snippet:-1, max-image-preview:large, max-video-preview:-1\" \/>\n<link rel=\"canonical\" href=\"https:\/\/kgf.wgsr.uw.edu.pl\/?page_id=356\" \/>\n<meta property=\"og:locale\" content=\"pl_PL\" \/>\n<meta property=\"og:type\" content=\"article\" \/>\n<meta property=\"og:title\" content=\"Dydaktyka - Katedra Geografii Fizycznej, Wydzia\u0142 Geografii i Studi\u00f3w Regionalnych UW\" \/>\n<meta property=\"og:description\" content=\"O nas&nbsp;\u2013&nbsp;Zesp\u00f3\u0142&nbsp;\u2013 &nbsp;Nauka&nbsp;\u2013&nbsp;Dydaktyka&nbsp; \u2013&nbsp;Zosta\u0144 Hydrologiem&nbsp;\u2013&nbsp;Historia Znamy si\u0119 nie tylko na wodzie Prowadzimy zaj\u0119cia na wszystkich kierunkach studi\u00f3w na Wydziale Geografii i Studi\u00f3w Regionalnych (geografia i gospodarka przestrzenna, studia miejskie) oraz na Mi\u0119dzywydzia\u0142owych Studiach Ochrony \u015arodowiska i na Wydziale Biologii, zar\u00f3wno na studiach I stopnia (licencjackich) jak i II stopnia (magisterskie). S\u0105 to m.in. takie przedmioty [&hellip;]\" \/>\n<meta property=\"og:url\" content=\"https:\/\/kgf.wgsr.uw.edu.pl\/?page_id=356\" \/>\n<meta property=\"og:site_name\" content=\"Katedra Geografii Fizycznej, Wydzia\u0142 Geografii i Studi\u00f3w Regionalnych UW\" \/>\n<meta property=\"article:modified_time\" content=\"2025-10-21T06:04:00+00:00\" \/>\n<meta property=\"og:image\" content=\"https:\/\/wgsr.uw.edu.pl\/kgf\/wp-content\/uploads\/2021\/04\/Hydrologia1111.png\" \/>\n<meta name=\"twitter:card\" content=\"summary_large_image\" \/>\n<meta name=\"twitter:label1\" content=\"Szacowany czas czytania\" \/>\n\t<meta name=\"twitter:data1\" content=\"4 minuty\" \/>\n<script type=\"application\/ld+json\" class=\"yoast-schema-graph\">{\"@context\":\"https:\\\/\\\/schema.org\",\"@graph\":[{\"@type\":\"WebPage\",\"@id\":\"https:\\\/\\\/kgf.wgsr.uw.edu.pl\\\/?page_id=356\",\"url\":\"https:\\\/\\\/kgf.wgsr.uw.edu.pl\\\/?page_id=356\",\"name\":\"Dydaktyka - Katedra Geografii Fizycznej, Wydzia\u0142 Geografii i Studi\u00f3w Regionalnych UW\",\"isPartOf\":{\"@id\":\"https:\\\/\\\/kgf.wgsr.uw.edu.pl\\\/#website\"},\"primaryImageOfPage\":{\"@id\":\"https:\\\/\\\/kgf.wgsr.uw.edu.pl\\\/?page_id=356#primaryimage\"},\"image\":{\"@id\":\"https:\\\/\\\/kgf.wgsr.uw.edu.pl\\\/?page_id=356#primaryimage\"},\"thumbnailUrl\":\"https:\\\/\\\/wgsr.uw.edu.pl\\\/kgf\\\/wp-content\\\/uploads\\\/2021\\\/04\\\/Hydrologia1111.png\",\"datePublished\":\"2021-03-22T14:29:31+00:00\",\"dateModified\":\"2025-10-21T06:04:00+00:00\",\"breadcrumb\":{\"@id\":\"https:\\\/\\\/kgf.wgsr.uw.edu.pl\\\/?page_id=356#breadcrumb\"},\"inLanguage\":\"pl-PL\",\"potentialAction\":[{\"@type\":\"ReadAction\",\"target\":[\"https:\\\/\\\/kgf.wgsr.uw.edu.pl\\\/?page_id=356\"]}]},{\"@type\":\"ImageObject\",\"inLanguage\":\"pl-PL\",\"@id\":\"https:\\\/\\\/kgf.wgsr.uw.edu.pl\\\/?page_id=356#primaryimage\",\"url\":\"https:\\\/\\\/wgsr.uw.edu.pl\\\/kgf\\\/wp-content\\\/uploads\\\/2021\\\/04\\\/Hydrologia1111.png\",\"contentUrl\":\"https:\\\/\\\/wgsr.uw.edu.pl\\\/kgf\\\/wp-content\\\/uploads\\\/2021\\\/04\\\/Hydrologia1111.png\"},{\"@type\":\"BreadcrumbList\",\"@id\":\"https:\\\/\\\/kgf.wgsr.uw.edu.pl\\\/?page_id=356#breadcrumb\",\"itemListElement\":[{\"@type\":\"ListItem\",\"position\":1,\"name\":\"Strona g\u0142\u00f3wna\",\"item\":\"https:\\\/\\\/kgf.wgsr.uw.edu.pl\\\/\"},{\"@type\":\"ListItem\",\"position\":2,\"name\":\"Zak\u0142ad Hydrologii\",\"item\":\"https:\\\/\\\/kgf.wgsr.uw.edu.pl\\\/?page_id=89\"},{\"@type\":\"ListItem\",\"position\":3,\"name\":\"Dydaktyka\"}]},{\"@type\":\"WebSite\",\"@id\":\"https:\\\/\\\/kgf.wgsr.uw.edu.pl\\\/#website\",\"url\":\"https:\\\/\\\/kgf.wgsr.uw.edu.pl\\\/\",\"name\":\"Katedra Geografii Fizycznej, Wydzia\u0142 Geografii i Studi\u00f3w Regionalnych UW\",\"description\":\"\",\"publisher\":{\"@id\":\"https:\\\/\\\/kgf.wgsr.uw.edu.pl\\\/#organization\"},\"potentialAction\":[{\"@type\":\"SearchAction\",\"target\":{\"@type\":\"EntryPoint\",\"urlTemplate\":\"https:\\\/\\\/kgf.wgsr.uw.edu.pl\\\/?s={search_term_string}\"},\"query-input\":{\"@type\":\"PropertyValueSpecification\",\"valueRequired\":true,\"valueName\":\"search_term_string\"}}],\"inLanguage\":\"pl-PL\"},{\"@type\":\"Organization\",\"@id\":\"https:\\\/\\\/kgf.wgsr.uw.edu.pl\\\/#organization\",\"name\":\"Katedra Geografii Fizycznej, Wydzia\u0142 Geografii i Studi\u00f3w Regionalnych UW\",\"url\":\"https:\\\/\\\/kgf.wgsr.uw.edu.pl\\\/\",\"logo\":{\"@type\":\"ImageObject\",\"inLanguage\":\"pl-PL\",\"@id\":\"https:\\\/\\\/kgf.wgsr.uw.edu.pl\\\/#\\\/schema\\\/logo\\\/image\\\/\",\"url\":\"https:\\\/\\\/kgf.wgsr.uw.edu.pl\\\/wp-content\\\/uploads\\\/2023\\\/08\\\/cropped-Katedra.png\",\"contentUrl\":\"https:\\\/\\\/kgf.wgsr.uw.edu.pl\\\/wp-content\\\/uploads\\\/2023\\\/08\\\/cropped-Katedra.png\",\"width\":1230,\"height\":328,\"caption\":\"Katedra Geografii Fizycznej, Wydzia\u0142 Geografii i Studi\u00f3w Regionalnych UW\"},\"image\":{\"@id\":\"https:\\\/\\\/kgf.wgsr.uw.edu.pl\\\/#\\\/schema\\\/logo\\\/image\\\/\"}}]}<\/script>\n<!-- \/ Yoast SEO plugin. -->","yoast_head_json":{"title":"Dydaktyka - Katedra Geografii Fizycznej, Wydzia\u0142 Geografii i Studi\u00f3w Regionalnych UW","robots":{"index":"index","follow":"follow","max-snippet":"max-snippet:-1","max-image-preview":"max-image-preview:large","max-video-preview":"max-video-preview:-1"},"canonical":"https:\/\/kgf.wgsr.uw.edu.pl\/?page_id=356","og_locale":"pl_PL","og_type":"article","og_title":"Dydaktyka - Katedra Geografii Fizycznej, Wydzia\u0142 Geografii i Studi\u00f3w Regionalnych UW","og_description":"O nas&nbsp;\u2013&nbsp;Zesp\u00f3\u0142&nbsp;\u2013 &nbsp;Nauka&nbsp;\u2013&nbsp;Dydaktyka&nbsp; \u2013&nbsp;Zosta\u0144 Hydrologiem&nbsp;\u2013&nbsp;Historia Znamy si\u0119 nie tylko na wodzie Prowadzimy zaj\u0119cia na wszystkich kierunkach studi\u00f3w na Wydziale Geografii i Studi\u00f3w Regionalnych (geografia i gospodarka przestrzenna, studia miejskie) oraz na Mi\u0119dzywydzia\u0142owych Studiach Ochrony \u015arodowiska i na Wydziale Biologii, zar\u00f3wno na studiach I stopnia (licencjackich) jak i II stopnia (magisterskie). S\u0105 to m.in. takie przedmioty [&hellip;]","og_url":"https:\/\/kgf.wgsr.uw.edu.pl\/?page_id=356","og_site_name":"Katedra Geografii Fizycznej, Wydzia\u0142 Geografii i Studi\u00f3w Regionalnych UW","article_modified_time":"2025-10-21T06:04:00+00:00","og_image":[{"url":"https:\/\/wgsr.uw.edu.pl\/kgf\/wp-content\/uploads\/2021\/04\/Hydrologia1111.png","type":"","width":"","height":""}],"twitter_card":"summary_large_image","twitter_misc":{"Szacowany czas czytania":"4 minuty"},"schema":{"@context":"https:\/\/schema.org","@graph":[{"@type":"WebPage","@id":"https:\/\/kgf.wgsr.uw.edu.pl\/?page_id=356","url":"https:\/\/kgf.wgsr.uw.edu.pl\/?page_id=356","name":"Dydaktyka - Katedra Geografii Fizycznej, Wydzia\u0142 Geografii i Studi\u00f3w Regionalnych UW","isPartOf":{"@id":"https:\/\/kgf.wgsr.uw.edu.pl\/#website"},"primaryImageOfPage":{"@id":"https:\/\/kgf.wgsr.uw.edu.pl\/?page_id=356#primaryimage"},"image":{"@id":"https:\/\/kgf.wgsr.uw.edu.pl\/?page_id=356#primaryimage"},"thumbnailUrl":"https:\/\/wgsr.uw.edu.pl\/kgf\/wp-content\/uploads\/2021\/04\/Hydrologia1111.png","datePublished":"2021-03-22T14:29:31+00:00","dateModified":"2025-10-21T06:04:00+00:00","breadcrumb":{"@id":"https:\/\/kgf.wgsr.uw.edu.pl\/?page_id=356#breadcrumb"},"inLanguage":"pl-PL","potentialAction":[{"@type":"ReadAction","target":["https:\/\/kgf.wgsr.uw.edu.pl\/?page_id=356"]}]},{"@type":"ImageObject","inLanguage":"pl-PL","@id":"https:\/\/kgf.wgsr.uw.edu.pl\/?page_id=356#primaryimage","url":"https:\/\/wgsr.uw.edu.pl\/kgf\/wp-content\/uploads\/2021\/04\/Hydrologia1111.png","contentUrl":"https:\/\/wgsr.uw.edu.pl\/kgf\/wp-content\/uploads\/2021\/04\/Hydrologia1111.png"},{"@type":"BreadcrumbList","@id":"https:\/\/kgf.wgsr.uw.edu.pl\/?page_id=356#breadcrumb","itemListElement":[{"@type":"ListItem","position":1,"name":"Strona g\u0142\u00f3wna","item":"https:\/\/kgf.wgsr.uw.edu.pl\/"},{"@type":"ListItem","position":2,"name":"Zak\u0142ad Hydrologii","item":"https:\/\/kgf.wgsr.uw.edu.pl\/?page_id=89"},{"@type":"ListItem","position":3,"name":"Dydaktyka"}]},{"@type":"WebSite","@id":"https:\/\/kgf.wgsr.uw.edu.pl\/#website","url":"https:\/\/kgf.wgsr.uw.edu.pl\/","name":"Katedra Geografii Fizycznej, Wydzia\u0142 Geografii i Studi\u00f3w Regionalnych UW","description":"","publisher":{"@id":"https:\/\/kgf.wgsr.uw.edu.pl\/#organization"},"potentialAction":[{"@type":"SearchAction","target":{"@type":"EntryPoint","urlTemplate":"https:\/\/kgf.wgsr.uw.edu.pl\/?s={search_term_string}"},"query-input":{"@type":"PropertyValueSpecification","valueRequired":true,"valueName":"search_term_string"}}],"inLanguage":"pl-PL"},{"@type":"Organization","@id":"https:\/\/kgf.wgsr.uw.edu.pl\/#organization","name":"Katedra Geografii Fizycznej, Wydzia\u0142 Geografii i Studi\u00f3w Regionalnych UW","url":"https:\/\/kgf.wgsr.uw.edu.pl\/","logo":{"@type":"ImageObject","inLanguage":"pl-PL","@id":"https:\/\/kgf.wgsr.uw.edu.pl\/#\/schema\/logo\/image\/","url":"https:\/\/kgf.wgsr.uw.edu.pl\/wp-content\/uploads\/2023\/08\/cropped-Katedra.png","contentUrl":"https:\/\/kgf.wgsr.uw.edu.pl\/wp-content\/uploads\/2023\/08\/cropped-Katedra.png","width":1230,"height":328,"caption":"Katedra Geografii Fizycznej, Wydzia\u0142 Geografii i Studi\u00f3w Regionalnych UW"},"image":{"@id":"https:\/\/kgf.wgsr.uw.edu.pl\/#\/schema\/logo\/image\/"}}]}},"_links":{"self":[{"href":"https:\/\/kgf.wgsr.uw.edu.pl\/index.php?rest_route=\/wp\/v2\/pages\/356","targetHints":{"allow":["GET"]}}],"collection":[{"href":"https:\/\/kgf.wgsr.uw.edu.pl\/index.php?rest_route=\/wp\/v2\/pages"}],"about":[{"href":"https:\/\/kgf.wgsr.uw.edu.pl\/index.php?rest_route=\/wp\/v2\/types\/page"}],"author":[{"embeddable":true,"href":"https:\/\/kgf.wgsr.uw.edu.pl\/index.php?rest_route=\/wp\/v2\/users\/2"}],"replies":[{"embeddable":true,"href":"https:\/\/kgf.wgsr.uw.edu.pl\/index.php?rest_route=%2Fwp%2Fv2%2Fcomments&post=356"}],"version-history":[{"count":13,"href":"https:\/\/kgf.wgsr.uw.edu.pl\/index.php?rest_route=\/wp\/v2\/pages\/356\/revisions"}],"predecessor-version":[{"id":3240,"href":"https:\/\/kgf.wgsr.uw.edu.pl\/index.php?rest_route=\/wp\/v2\/pages\/356\/revisions\/3240"}],"up":[{"embeddable":true,"href":"https:\/\/kgf.wgsr.uw.edu.pl\/index.php?rest_route=\/wp\/v2\/pages\/89"}],"wp:attachment":[{"href":"https:\/\/kgf.wgsr.uw.edu.pl\/index.php?rest_route=%2Fwp%2Fv2%2Fmedia&parent=356"}],"curies":[{"name":"wp","href":"https:\/\/api.w.org\/{rel}","templated":true}]}}