{"id":354,"date":"2021-03-22T15:28:31","date_gmt":"2021-03-22T14:28:31","guid":{"rendered":"https:\/\/wgsr.uw.edu.pl\/kgf\/?page_id=354"},"modified":"2025-10-31T10:22:16","modified_gmt":"2025-10-31T10:22:16","slug":"dzialalnosc-naukowa","status":"publish","type":"page","link":"https:\/\/kgf.wgsr.uw.edu.pl\/?page_id=354","title":{"rendered":"Dzia\u0142alno\u015b\u0107 naukowa"},"content":{"rendered":"\n<h5 class=\"wp-block-heading\"><a href=\"https:\/\/kgf.wgsr.uw.edu.pl\/?page_id=89\">O nas<\/a>&nbsp;\u2013<a href=\"https:\/\/kgf.wgsr.uw.edu.pl\/?page_id=170\">&nbsp;Zesp\u00f3\u0142<\/a>&nbsp;\u2013 &nbsp;<a href=\"https:\/\/kgf.wgsr.uw.edu.pl\/?page_id=354\">Nauka<\/a>&nbsp;\u2013&nbsp;<a href=\"https:\/\/kgf.wgsr.uw.edu.pl\/?page_id=356\">Dydaktyka<\/a>&nbsp; \u2013&nbsp;<a href=\"https:\/\/kgf.wgsr.uw.edu.pl\/?page_id=482\">Zosta\u0144 Hydrologiem<\/a>&nbsp;\u2013&nbsp;<a href=\"https:\/\/kgf.wgsr.uw.edu.pl\/?page_id=358\">Historia<\/a><\/h5>\n\n\n\n<p>W Zak\u0142adzie Hydrologii prowadzone s\u0105 badania proces\u00f3w hydrologicznych, bilansu wodnego oraz interakcji mi\u0119dzy wodami powierzchniowymi i podziemnymi. Analizowane s\u0105 skutki urbanizacji, regulacji rzek, zabudowy hydrotechnicznej i zmian klimatu dla system\u00f3w wodnych. Tematyka prac dotyczy tak\u017ce gospodarki wodnej, w zakresie potencja\u0142u powodziowego, zasob\u00f3w wody, znaczenia \u017ceglugi \u015br\u00f3dl\u0105dowej oraz renaturyzacji rzek i jezior. Wa\u017cnym nurtem s\u0105 r\u00f3wnie\u017c badania jako\u015bci zasob\u00f3w wodnych, ich monitoringu i ochrony. W badaniach wykorzystuje si\u0119 metody modelowania matematycznego, geoinformatyczne (GIS), teledetekcyjne, terenowe oraz laboratoryjne. Celem prowadzonych bada\u0144 jest dostarczenie wiedzy i metod do zarz\u0105dzania zasobami wodnymi i przeciwdzia\u0142ania zagro\u017ceniom hydrologicznym takim jak powodzie i susze.<\/p>\n\n\n\n<h2 class=\"wp-block-heading\">Problematyka badawcza<\/h2>\n\n\n\n<ul class=\"wp-block-list\">\n<li>Wdra\u017canie nowych technik pomiarowych i informatycznych (GIS) do modelowania matematycznego proces\u00f3w hydrologicznych<\/li>\n\n\n\n<li>Testowanie modeli hydrologicznych relacji opady-odp\u0142yw w r\u00f3\u017cnych warunkach fizycznogeograficznych zlewni o parametrach przestrzennie skupionych i roz\u0142o\u017conych<\/li>\n\n\n\n<li>Testowanie modeli ekohydrologicznych w zlewniach reprezentuj\u0105cych r\u00f3\u017cn\u0105 skal\u0119 przestrzenn\u0105 i czasow\u0105<\/li>\n\n\n\n<li>Ochrona zasob\u00f3w wodnych w zlewniach jeziornych, \u017ar\u00f3dliskowych i bagiennych oraz w strefach ochronnych<\/li>\n\n\n\n<li>Limnologia i modelowanie obiegu wody w jeziorach oraz ochrona strefy brzegowej<\/li>\n\n\n\n<li>Prognozowanie i retrodykcja proces\u00f3w hydrologicznych; ocena wp\u0142ywu zintegrowanego gospodarowania wod\u0105 w zlewni<\/li>\n\n\n\n<li>Ocena warto\u015bci krytycznych dotycz\u0105cych ilo\u015bci, jako\u015bci i dost\u0119pno\u015bci wody dla cz\u0142owieka i r\u00f3\u017cnych form jego gospodarczej aktywno\u015bci w warunkach zr\u00f3wnowa\u017conego rozwoju<\/li>\n\n\n\n<li>Ochrona przed susz\u0105 i powodzi\u0105 miast, osiedli \u2013 podstawy metodyczne<\/li>\n\n\n\n<li>Metodyka oceny stanu hydromorfologicznego rzek i jezior<\/li>\n\n\n\n<li>Kartowanie hydrograficzne jako podstawa lokalnego oraz regionalnego planowania i gospodarowania wod\u0105.<\/li>\n<\/ul>\n\n\n\n<p>Wi\u0119ksza cz\u0119\u015b\u0107 wymienionych kierunk\u00f3w badawczych znajduje odzwierciedlenie w ksi\u0105\u017ckach, artyku\u0142ach, notatkach samodzielnych i zbiorowych.<\/p>\n\n\n<div class=\"wp-block-image\">\n<figure class=\"aligncenter size-large\"><img loading=\"lazy\" decoding=\"async\" width=\"724\" height=\"1024\" src=\"https:\/\/kgf.wgsr.uw.edu.pl\/wp-content\/uploads\/2025\/10\/Kopia-\u2013-Hydrozaloga-4-724x1024.png\" alt=\"\" class=\"wp-image-3219\" srcset=\"https:\/\/kgf.wgsr.uw.edu.pl\/wp-content\/uploads\/2025\/10\/Kopia-\u2013-Hydrozaloga-4-724x1024.png 724w, https:\/\/kgf.wgsr.uw.edu.pl\/wp-content\/uploads\/2025\/10\/Kopia-\u2013-Hydrozaloga-4-212x300.png 212w, https:\/\/kgf.wgsr.uw.edu.pl\/wp-content\/uploads\/2025\/10\/Kopia-\u2013-Hydrozaloga-4-768x1086.png 768w, https:\/\/kgf.wgsr.uw.edu.pl\/wp-content\/uploads\/2025\/10\/Kopia-\u2013-Hydrozaloga-4-1086x1536.png 1086w, https:\/\/kgf.wgsr.uw.edu.pl\/wp-content\/uploads\/2025\/10\/Kopia-\u2013-Hydrozaloga-4-1448x2048.png 1448w, https:\/\/kgf.wgsr.uw.edu.pl\/wp-content\/uploads\/2025\/10\/Kopia-\u2013-Hydrozaloga-4.png 1587w\" sizes=\"auto, (max-width: 724px) 100vw, 724px\" \/><\/figure>\n<\/div>","protected":false},"excerpt":{"rendered":"<p>O nas&nbsp;\u2013&nbsp;Zesp\u00f3\u0142&nbsp;\u2013 &nbsp;Nauka&nbsp;\u2013&nbsp;Dydaktyka&nbsp; \u2013&nbsp;Zosta\u0144 Hydrologiem&nbsp;\u2013&nbsp;Historia W Zak\u0142adzie Hydrologii prowadzone s\u0105 badania proces\u00f3w hydrologicznych, bilansu wodnego oraz interakcji mi\u0119dzy wodami powierzchniowymi i podziemnymi. Analizowane s\u0105 skutki urbanizacji, regulacji rzek, zabudowy hydrotechnicznej i zmian klimatu dla system\u00f3w wodnych. Tematyka prac dotyczy tak\u017ce gospodarki wodnej, w zakresie potencja\u0142u powodziowego, zasob\u00f3w wody, znaczenia \u017ceglugi \u015br\u00f3dl\u0105dowej oraz renaturyzacji rzek i [&hellip;]<\/p>\n","protected":false},"author":2,"featured_media":0,"parent":89,"menu_order":2,"comment_status":"closed","ping_status":"closed","template":"","meta":{"footnotes":""},"class_list":["post-354","page","type-page","status-publish","czr-hentry"],"yoast_head":"<!-- This site is optimized with the Yoast SEO plugin v27.4 - https:\/\/yoast.com\/product\/yoast-seo-wordpress\/ -->\n<title>Dzia\u0142alno\u015b\u0107 naukowa - Katedra Geografii Fizycznej, Wydzia\u0142 Geografii i Studi\u00f3w Regionalnych UW<\/title>\n<meta name=\"robots\" content=\"index, follow, max-snippet:-1, max-image-preview:large, max-video-preview:-1\" \/>\n<link rel=\"canonical\" href=\"https:\/\/kgf.wgsr.uw.edu.pl\/?page_id=354\" \/>\n<meta property=\"og:locale\" content=\"pl_PL\" \/>\n<meta property=\"og:type\" content=\"article\" \/>\n<meta property=\"og:title\" content=\"Dzia\u0142alno\u015b\u0107 naukowa - Katedra Geografii Fizycznej, Wydzia\u0142 Geografii i Studi\u00f3w Regionalnych UW\" \/>\n<meta property=\"og:description\" content=\"O nas&nbsp;\u2013&nbsp;Zesp\u00f3\u0142&nbsp;\u2013 &nbsp;Nauka&nbsp;\u2013&nbsp;Dydaktyka&nbsp; \u2013&nbsp;Zosta\u0144 Hydrologiem&nbsp;\u2013&nbsp;Historia W Zak\u0142adzie Hydrologii prowadzone s\u0105 badania proces\u00f3w hydrologicznych, bilansu wodnego oraz interakcji mi\u0119dzy wodami powierzchniowymi i podziemnymi. Analizowane s\u0105 skutki urbanizacji, regulacji rzek, zabudowy hydrotechnicznej i zmian klimatu dla system\u00f3w wodnych. Tematyka prac dotyczy tak\u017ce gospodarki wodnej, w zakresie potencja\u0142u powodziowego, zasob\u00f3w wody, znaczenia \u017ceglugi \u015br\u00f3dl\u0105dowej oraz renaturyzacji rzek i [&hellip;]\" \/>\n<meta property=\"og:url\" content=\"https:\/\/kgf.wgsr.uw.edu.pl\/?page_id=354\" \/>\n<meta property=\"og:site_name\" content=\"Katedra Geografii Fizycznej, Wydzia\u0142 Geografii i Studi\u00f3w Regionalnych UW\" \/>\n<meta property=\"article:modified_time\" content=\"2025-10-31T10:22:16+00:00\" \/>\n<meta name=\"twitter:card\" content=\"summary_large_image\" \/>\n<meta name=\"twitter:label1\" content=\"Szacowany czas czytania\" \/>\n\t<meta name=\"twitter:data1\" content=\"2 minuty\" \/>\n<script type=\"application\/ld+json\" class=\"yoast-schema-graph\">{\"@context\":\"https:\\\/\\\/schema.org\",\"@graph\":[{\"@type\":\"WebPage\",\"@id\":\"https:\\\/\\\/kgf.wgsr.uw.edu.pl\\\/?page_id=354\",\"url\":\"https:\\\/\\\/kgf.wgsr.uw.edu.pl\\\/?page_id=354\",\"name\":\"Dzia\u0142alno\u015b\u0107 naukowa - Katedra Geografii Fizycznej, Wydzia\u0142 Geografii i Studi\u00f3w Regionalnych UW\",\"isPartOf\":{\"@id\":\"https:\\\/\\\/kgf.wgsr.uw.edu.pl\\\/#website\"},\"datePublished\":\"2021-03-22T14:28:31+00:00\",\"dateModified\":\"2025-10-31T10:22:16+00:00\",\"breadcrumb\":{\"@id\":\"https:\\\/\\\/kgf.wgsr.uw.edu.pl\\\/?page_id=354#breadcrumb\"},\"inLanguage\":\"pl-PL\",\"potentialAction\":[{\"@type\":\"ReadAction\",\"target\":[\"https:\\\/\\\/kgf.wgsr.uw.edu.pl\\\/?page_id=354\"]}]},{\"@type\":\"BreadcrumbList\",\"@id\":\"https:\\\/\\\/kgf.wgsr.uw.edu.pl\\\/?page_id=354#breadcrumb\",\"itemListElement\":[{\"@type\":\"ListItem\",\"position\":1,\"name\":\"Strona g\u0142\u00f3wna\",\"item\":\"https:\\\/\\\/kgf.wgsr.uw.edu.pl\\\/\"},{\"@type\":\"ListItem\",\"position\":2,\"name\":\"Zak\u0142ad Hydrologii\",\"item\":\"https:\\\/\\\/kgf.wgsr.uw.edu.pl\\\/?page_id=89\"},{\"@type\":\"ListItem\",\"position\":3,\"name\":\"Dzia\u0142alno\u015b\u0107 naukowa\"}]},{\"@type\":\"WebSite\",\"@id\":\"https:\\\/\\\/kgf.wgsr.uw.edu.pl\\\/#website\",\"url\":\"https:\\\/\\\/kgf.wgsr.uw.edu.pl\\\/\",\"name\":\"Katedra Geografii Fizycznej, Wydzia\u0142 Geografii i Studi\u00f3w Regionalnych UW\",\"description\":\"\",\"publisher\":{\"@id\":\"https:\\\/\\\/kgf.wgsr.uw.edu.pl\\\/#organization\"},\"potentialAction\":[{\"@type\":\"SearchAction\",\"target\":{\"@type\":\"EntryPoint\",\"urlTemplate\":\"https:\\\/\\\/kgf.wgsr.uw.edu.pl\\\/?s={search_term_string}\"},\"query-input\":{\"@type\":\"PropertyValueSpecification\",\"valueRequired\":true,\"valueName\":\"search_term_string\"}}],\"inLanguage\":\"pl-PL\"},{\"@type\":\"Organization\",\"@id\":\"https:\\\/\\\/kgf.wgsr.uw.edu.pl\\\/#organization\",\"name\":\"Katedra Geografii Fizycznej, Wydzia\u0142 Geografii i Studi\u00f3w Regionalnych UW\",\"url\":\"https:\\\/\\\/kgf.wgsr.uw.edu.pl\\\/\",\"logo\":{\"@type\":\"ImageObject\",\"inLanguage\":\"pl-PL\",\"@id\":\"https:\\\/\\\/kgf.wgsr.uw.edu.pl\\\/#\\\/schema\\\/logo\\\/image\\\/\",\"url\":\"https:\\\/\\\/kgf.wgsr.uw.edu.pl\\\/wp-content\\\/uploads\\\/2023\\\/08\\\/cropped-Katedra.png\",\"contentUrl\":\"https:\\\/\\\/kgf.wgsr.uw.edu.pl\\\/wp-content\\\/uploads\\\/2023\\\/08\\\/cropped-Katedra.png\",\"width\":1230,\"height\":328,\"caption\":\"Katedra Geografii Fizycznej, Wydzia\u0142 Geografii i Studi\u00f3w Regionalnych UW\"},\"image\":{\"@id\":\"https:\\\/\\\/kgf.wgsr.uw.edu.pl\\\/#\\\/schema\\\/logo\\\/image\\\/\"}}]}<\/script>\n<!-- \/ Yoast SEO plugin. -->","yoast_head_json":{"title":"Dzia\u0142alno\u015b\u0107 naukowa - Katedra Geografii Fizycznej, Wydzia\u0142 Geografii i Studi\u00f3w Regionalnych UW","robots":{"index":"index","follow":"follow","max-snippet":"max-snippet:-1","max-image-preview":"max-image-preview:large","max-video-preview":"max-video-preview:-1"},"canonical":"https:\/\/kgf.wgsr.uw.edu.pl\/?page_id=354","og_locale":"pl_PL","og_type":"article","og_title":"Dzia\u0142alno\u015b\u0107 naukowa - Katedra Geografii Fizycznej, Wydzia\u0142 Geografii i Studi\u00f3w Regionalnych UW","og_description":"O nas&nbsp;\u2013&nbsp;Zesp\u00f3\u0142&nbsp;\u2013 &nbsp;Nauka&nbsp;\u2013&nbsp;Dydaktyka&nbsp; \u2013&nbsp;Zosta\u0144 Hydrologiem&nbsp;\u2013&nbsp;Historia W Zak\u0142adzie Hydrologii prowadzone s\u0105 badania proces\u00f3w hydrologicznych, bilansu wodnego oraz interakcji mi\u0119dzy wodami powierzchniowymi i podziemnymi. Analizowane s\u0105 skutki urbanizacji, regulacji rzek, zabudowy hydrotechnicznej i zmian klimatu dla system\u00f3w wodnych. Tematyka prac dotyczy tak\u017ce gospodarki wodnej, w zakresie potencja\u0142u powodziowego, zasob\u00f3w wody, znaczenia \u017ceglugi \u015br\u00f3dl\u0105dowej oraz renaturyzacji rzek i [&hellip;]","og_url":"https:\/\/kgf.wgsr.uw.edu.pl\/?page_id=354","og_site_name":"Katedra Geografii Fizycznej, Wydzia\u0142 Geografii i Studi\u00f3w Regionalnych UW","article_modified_time":"2025-10-31T10:22:16+00:00","twitter_card":"summary_large_image","twitter_misc":{"Szacowany czas czytania":"2 minuty"},"schema":{"@context":"https:\/\/schema.org","@graph":[{"@type":"WebPage","@id":"https:\/\/kgf.wgsr.uw.edu.pl\/?page_id=354","url":"https:\/\/kgf.wgsr.uw.edu.pl\/?page_id=354","name":"Dzia\u0142alno\u015b\u0107 naukowa - Katedra Geografii Fizycznej, Wydzia\u0142 Geografii i Studi\u00f3w Regionalnych UW","isPartOf":{"@id":"https:\/\/kgf.wgsr.uw.edu.pl\/#website"},"datePublished":"2021-03-22T14:28:31+00:00","dateModified":"2025-10-31T10:22:16+00:00","breadcrumb":{"@id":"https:\/\/kgf.wgsr.uw.edu.pl\/?page_id=354#breadcrumb"},"inLanguage":"pl-PL","potentialAction":[{"@type":"ReadAction","target":["https:\/\/kgf.wgsr.uw.edu.pl\/?page_id=354"]}]},{"@type":"BreadcrumbList","@id":"https:\/\/kgf.wgsr.uw.edu.pl\/?page_id=354#breadcrumb","itemListElement":[{"@type":"ListItem","position":1,"name":"Strona g\u0142\u00f3wna","item":"https:\/\/kgf.wgsr.uw.edu.pl\/"},{"@type":"ListItem","position":2,"name":"Zak\u0142ad Hydrologii","item":"https:\/\/kgf.wgsr.uw.edu.pl\/?page_id=89"},{"@type":"ListItem","position":3,"name":"Dzia\u0142alno\u015b\u0107 naukowa"}]},{"@type":"WebSite","@id":"https:\/\/kgf.wgsr.uw.edu.pl\/#website","url":"https:\/\/kgf.wgsr.uw.edu.pl\/","name":"Katedra Geografii Fizycznej, Wydzia\u0142 Geografii i Studi\u00f3w Regionalnych UW","description":"","publisher":{"@id":"https:\/\/kgf.wgsr.uw.edu.pl\/#organization"},"potentialAction":[{"@type":"SearchAction","target":{"@type":"EntryPoint","urlTemplate":"https:\/\/kgf.wgsr.uw.edu.pl\/?s={search_term_string}"},"query-input":{"@type":"PropertyValueSpecification","valueRequired":true,"valueName":"search_term_string"}}],"inLanguage":"pl-PL"},{"@type":"Organization","@id":"https:\/\/kgf.wgsr.uw.edu.pl\/#organization","name":"Katedra Geografii Fizycznej, Wydzia\u0142 Geografii i Studi\u00f3w Regionalnych UW","url":"https:\/\/kgf.wgsr.uw.edu.pl\/","logo":{"@type":"ImageObject","inLanguage":"pl-PL","@id":"https:\/\/kgf.wgsr.uw.edu.pl\/#\/schema\/logo\/image\/","url":"https:\/\/kgf.wgsr.uw.edu.pl\/wp-content\/uploads\/2023\/08\/cropped-Katedra.png","contentUrl":"https:\/\/kgf.wgsr.uw.edu.pl\/wp-content\/uploads\/2023\/08\/cropped-Katedra.png","width":1230,"height":328,"caption":"Katedra Geografii Fizycznej, Wydzia\u0142 Geografii i Studi\u00f3w Regionalnych UW"},"image":{"@id":"https:\/\/kgf.wgsr.uw.edu.pl\/#\/schema\/logo\/image\/"}}]}},"_links":{"self":[{"href":"https:\/\/kgf.wgsr.uw.edu.pl\/index.php?rest_route=\/wp\/v2\/pages\/354","targetHints":{"allow":["GET"]}}],"collection":[{"href":"https:\/\/kgf.wgsr.uw.edu.pl\/index.php?rest_route=\/wp\/v2\/pages"}],"about":[{"href":"https:\/\/kgf.wgsr.uw.edu.pl\/index.php?rest_route=\/wp\/v2\/types\/page"}],"author":[{"embeddable":true,"href":"https:\/\/kgf.wgsr.uw.edu.pl\/index.php?rest_route=\/wp\/v2\/users\/2"}],"replies":[{"embeddable":true,"href":"https:\/\/kgf.wgsr.uw.edu.pl\/index.php?rest_route=%2Fwp%2Fv2%2Fcomments&post=354"}],"version-history":[{"count":8,"href":"https:\/\/kgf.wgsr.uw.edu.pl\/index.php?rest_route=\/wp\/v2\/pages\/354\/revisions"}],"predecessor-version":[{"id":3280,"href":"https:\/\/kgf.wgsr.uw.edu.pl\/index.php?rest_route=\/wp\/v2\/pages\/354\/revisions\/3280"}],"up":[{"embeddable":true,"href":"https:\/\/kgf.wgsr.uw.edu.pl\/index.php?rest_route=\/wp\/v2\/pages\/89"}],"wp:attachment":[{"href":"https:\/\/kgf.wgsr.uw.edu.pl\/index.php?rest_route=%2Fwp%2Fv2%2Fmedia&parent=354"}],"curies":[{"name":"wp","href":"https:\/\/api.w.org\/{rel}","templated":true}]}}