{"id":350,"date":"2021-03-22T15:24:51","date_gmt":"2021-03-22T14:24:51","guid":{"rendered":"https:\/\/wgsr.uw.edu.pl\/kgf\/?page_id=350"},"modified":"2025-02-24T11:21:03","modified_gmt":"2025-02-24T11:21:03","slug":"zebrania-naukowe-kgf","status":"publish","type":"page","link":"https:\/\/kgf.wgsr.uw.edu.pl\/?page_id=350","title":{"rendered":"Zebrania naukowe KGF"},"content":{"rendered":"\n<p>W semestrze letnim roku akademickiego 2024\/2025 zebrania naukowe Katedry Geografii Fizycznej WGSR UW b\u0119d\u0105 odbywa\u0107 si\u0119  we wtorki, godz. 11.30, s. 108:<\/p>\n\n\n\n<ul class=\"wp-block-list\">\n<li>18 marca 2025 &#8211; Artur Magnuszewski: \u201e\u017begluga \u015br\u00f3dl\u0105dowa w Polsce\u201d<\/li>\n\n\n\n<li>8 kwietnia 2025 &#8211; Krzysztof Jarzyna: \u201eDane fitofenologiczne ze \u015brodkowo-wschodniej Polski z drugiej po\u0142owy XIX wieku i mo\u017cliwo\u015b\u0107 ich wykorzystania w badaniach zmienno\u015bci dat pocz\u0105tku wyst\u0119powania fenologicznych p\u00f3r roku\u201d<\/li>\n<\/ul>\n\n\n\n<p><\/p>\n\n\n\n<p><\/p>\n","protected":false},"excerpt":{"rendered":"<p>W semestrze letnim roku akademickiego 2024\/2025 zebrania naukowe Katedry Geografii Fizycznej WGSR UW b\u0119d\u0105 odbywa\u0107 si\u0119 we wtorki, godz. 11.30, s. 108:<\/p>\n","protected":false},"author":2,"featured_media":0,"parent":106,"menu_order":2,"comment_status":"closed","ping_status":"closed","template":"","meta":{"footnotes":""},"class_list":["post-350","page","type-page","status-publish","czr-hentry"],"yoast_head":"<!-- This site is optimized with the Yoast SEO plugin v21.3 - https:\/\/yoast.com\/wordpress\/plugins\/seo\/ -->\n<title>Zebrania naukowe KGF - Katedra Geografii Fizycznej, Wydzia\u0142 Geografii i Studi\u00f3w Regionalnych UW<\/title>\n<meta name=\"robots\" content=\"index, follow, max-snippet:-1, max-image-preview:large, max-video-preview:-1\" \/>\n<link rel=\"canonical\" href=\"https:\/\/kgf.wgsr.uw.edu.pl\/?page_id=350\" \/>\n<meta property=\"og:locale\" content=\"pl_PL\" \/>\n<meta property=\"og:type\" content=\"article\" \/>\n<meta property=\"og:title\" content=\"Zebrania naukowe KGF - Katedra Geografii Fizycznej, Wydzia\u0142 Geografii i Studi\u00f3w Regionalnych UW\" \/>\n<meta property=\"og:description\" content=\"W semestrze letnim roku akademickiego 2024\/2025 zebrania naukowe Katedry Geografii Fizycznej WGSR UW b\u0119d\u0105 odbywa\u0107 si\u0119 we wtorki, godz. 11.30, s. 108:\" \/>\n<meta property=\"og:url\" content=\"https:\/\/kgf.wgsr.uw.edu.pl\/?page_id=350\" \/>\n<meta property=\"og:site_name\" content=\"Katedra Geografii Fizycznej, Wydzia\u0142 Geografii i Studi\u00f3w Regionalnych UW\" \/>\n<meta property=\"article:modified_time\" content=\"2025-02-24T11:21:03+00:00\" \/>\n<meta name=\"twitter:card\" content=\"summary_large_image\" \/>\n<meta name=\"twitter:label1\" content=\"Szacowany czas czytania\" \/>\n\t<meta name=\"twitter:data1\" content=\"1 minuta\" \/>\n<script type=\"application\/ld+json\" class=\"yoast-schema-graph\">{\"@context\":\"https:\/\/schema.org\",\"@graph\":[{\"@type\":\"WebPage\",\"@id\":\"https:\/\/kgf.wgsr.uw.edu.pl\/?page_id=350\",\"url\":\"https:\/\/kgf.wgsr.uw.edu.pl\/?page_id=350\",\"name\":\"Zebrania naukowe KGF - Katedra Geografii Fizycznej, Wydzia\u0142 Geografii i Studi\u00f3w Regionalnych UW\",\"isPartOf\":{\"@id\":\"https:\/\/kgf.wgsr.uw.edu.pl\/#website\"},\"datePublished\":\"2021-03-22T14:24:51+00:00\",\"dateModified\":\"2025-02-24T11:21:03+00:00\",\"breadcrumb\":{\"@id\":\"https:\/\/kgf.wgsr.uw.edu.pl\/?page_id=350#breadcrumb\"},\"inLanguage\":\"pl-PL\",\"potentialAction\":[{\"@type\":\"ReadAction\",\"target\":[\"https:\/\/kgf.wgsr.uw.edu.pl\/?page_id=350\"]}]},{\"@type\":\"BreadcrumbList\",\"@id\":\"https:\/\/kgf.wgsr.uw.edu.pl\/?page_id=350#breadcrumb\",\"itemListElement\":[{\"@type\":\"ListItem\",\"position\":1,\"name\":\"Strona g\u0142\u00f3wna\",\"item\":\"https:\/\/kgf.wgsr.uw.edu.pl\/\"},{\"@type\":\"ListItem\",\"position\":2,\"name\":\"Nauka\",\"item\":\"https:\/\/kgf.wgsr.uw.edu.pl\/?page_id=106\"},{\"@type\":\"ListItem\",\"position\":3,\"name\":\"Zebrania naukowe KGF\"}]},{\"@type\":\"WebSite\",\"@id\":\"https:\/\/kgf.wgsr.uw.edu.pl\/#website\",\"url\":\"https:\/\/kgf.wgsr.uw.edu.pl\/\",\"name\":\"Katedra Geografii Fizycznej, Wydzia\u0142 Geografii i Studi\u00f3w Regionalnych UW\",\"description\":\"\",\"publisher\":{\"@id\":\"https:\/\/kgf.wgsr.uw.edu.pl\/#organization\"},\"potentialAction\":[{\"@type\":\"SearchAction\",\"target\":{\"@type\":\"EntryPoint\",\"urlTemplate\":\"https:\/\/kgf.wgsr.uw.edu.pl\/?s={search_term_string}\"},\"query-input\":\"required name=search_term_string\"}],\"inLanguage\":\"pl-PL\"},{\"@type\":\"Organization\",\"@id\":\"https:\/\/kgf.wgsr.uw.edu.pl\/#organization\",\"name\":\"Katedra Geografii Fizycznej, Wydzia\u0142 Geografii i Studi\u00f3w Regionalnych UW\",\"url\":\"https:\/\/kgf.wgsr.uw.edu.pl\/\",\"logo\":{\"@type\":\"ImageObject\",\"inLanguage\":\"pl-PL\",\"@id\":\"https:\/\/kgf.wgsr.uw.edu.pl\/#\/schema\/logo\/image\/\",\"url\":\"https:\/\/kgf.wgsr.uw.edu.pl\/wp-content\/uploads\/2023\/08\/cropped-Katedra.png\",\"contentUrl\":\"https:\/\/kgf.wgsr.uw.edu.pl\/wp-content\/uploads\/2023\/08\/cropped-Katedra.png\",\"width\":1230,\"height\":328,\"caption\":\"Katedra Geografii Fizycznej, Wydzia\u0142 Geografii i Studi\u00f3w Regionalnych UW\"},\"image\":{\"@id\":\"https:\/\/kgf.wgsr.uw.edu.pl\/#\/schema\/logo\/image\/\"}}]}<\/script>\n<!-- \/ Yoast SEO plugin. -->","yoast_head_json":{"title":"Zebrania naukowe KGF - Katedra Geografii Fizycznej, Wydzia\u0142 Geografii i Studi\u00f3w Regionalnych UW","robots":{"index":"index","follow":"follow","max-snippet":"max-snippet:-1","max-image-preview":"max-image-preview:large","max-video-preview":"max-video-preview:-1"},"canonical":"https:\/\/kgf.wgsr.uw.edu.pl\/?page_id=350","og_locale":"pl_PL","og_type":"article","og_title":"Zebrania naukowe KGF - Katedra Geografii Fizycznej, Wydzia\u0142 Geografii i Studi\u00f3w Regionalnych UW","og_description":"W semestrze letnim roku akademickiego 2024\/2025 zebrania naukowe Katedry Geografii Fizycznej WGSR UW b\u0119d\u0105 odbywa\u0107 si\u0119 we wtorki, godz. 11.30, s. 108:","og_url":"https:\/\/kgf.wgsr.uw.edu.pl\/?page_id=350","og_site_name":"Katedra Geografii Fizycznej, Wydzia\u0142 Geografii i Studi\u00f3w Regionalnych UW","article_modified_time":"2025-02-24T11:21:03+00:00","twitter_card":"summary_large_image","twitter_misc":{"Szacowany czas czytania":"1 minuta"},"schema":{"@context":"https:\/\/schema.org","@graph":[{"@type":"WebPage","@id":"https:\/\/kgf.wgsr.uw.edu.pl\/?page_id=350","url":"https:\/\/kgf.wgsr.uw.edu.pl\/?page_id=350","name":"Zebrania naukowe KGF - Katedra Geografii Fizycznej, Wydzia\u0142 Geografii i Studi\u00f3w Regionalnych UW","isPartOf":{"@id":"https:\/\/kgf.wgsr.uw.edu.pl\/#website"},"datePublished":"2021-03-22T14:24:51+00:00","dateModified":"2025-02-24T11:21:03+00:00","breadcrumb":{"@id":"https:\/\/kgf.wgsr.uw.edu.pl\/?page_id=350#breadcrumb"},"inLanguage":"pl-PL","potentialAction":[{"@type":"ReadAction","target":["https:\/\/kgf.wgsr.uw.edu.pl\/?page_id=350"]}]},{"@type":"BreadcrumbList","@id":"https:\/\/kgf.wgsr.uw.edu.pl\/?page_id=350#breadcrumb","itemListElement":[{"@type":"ListItem","position":1,"name":"Strona g\u0142\u00f3wna","item":"https:\/\/kgf.wgsr.uw.edu.pl\/"},{"@type":"ListItem","position":2,"name":"Nauka","item":"https:\/\/kgf.wgsr.uw.edu.pl\/?page_id=106"},{"@type":"ListItem","position":3,"name":"Zebrania naukowe KGF"}]},{"@type":"WebSite","@id":"https:\/\/kgf.wgsr.uw.edu.pl\/#website","url":"https:\/\/kgf.wgsr.uw.edu.pl\/","name":"Katedra Geografii Fizycznej, Wydzia\u0142 Geografii i Studi\u00f3w Regionalnych UW","description":"","publisher":{"@id":"https:\/\/kgf.wgsr.uw.edu.pl\/#organization"},"potentialAction":[{"@type":"SearchAction","target":{"@type":"EntryPoint","urlTemplate":"https:\/\/kgf.wgsr.uw.edu.pl\/?s={search_term_string}"},"query-input":"required name=search_term_string"}],"inLanguage":"pl-PL"},{"@type":"Organization","@id":"https:\/\/kgf.wgsr.uw.edu.pl\/#organization","name":"Katedra Geografii Fizycznej, Wydzia\u0142 Geografii i Studi\u00f3w Regionalnych UW","url":"https:\/\/kgf.wgsr.uw.edu.pl\/","logo":{"@type":"ImageObject","inLanguage":"pl-PL","@id":"https:\/\/kgf.wgsr.uw.edu.pl\/#\/schema\/logo\/image\/","url":"https:\/\/kgf.wgsr.uw.edu.pl\/wp-content\/uploads\/2023\/08\/cropped-Katedra.png","contentUrl":"https:\/\/kgf.wgsr.uw.edu.pl\/wp-content\/uploads\/2023\/08\/cropped-Katedra.png","width":1230,"height":328,"caption":"Katedra Geografii Fizycznej, Wydzia\u0142 Geografii i Studi\u00f3w Regionalnych UW"},"image":{"@id":"https:\/\/kgf.wgsr.uw.edu.pl\/#\/schema\/logo\/image\/"}}]}},"_links":{"self":[{"href":"https:\/\/kgf.wgsr.uw.edu.pl\/index.php?rest_route=\/wp\/v2\/pages\/350","targetHints":{"allow":["GET"]}}],"collection":[{"href":"https:\/\/kgf.wgsr.uw.edu.pl\/index.php?rest_route=\/wp\/v2\/pages"}],"about":[{"href":"https:\/\/kgf.wgsr.uw.edu.pl\/index.php?rest_route=\/wp\/v2\/types\/page"}],"author":[{"embeddable":true,"href":"https:\/\/kgf.wgsr.uw.edu.pl\/index.php?rest_route=\/wp\/v2\/users\/2"}],"replies":[{"embeddable":true,"href":"https:\/\/kgf.wgsr.uw.edu.pl\/index.php?rest_route=%2Fwp%2Fv2%2Fcomments&post=350"}],"version-history":[{"count":1,"href":"https:\/\/kgf.wgsr.uw.edu.pl\/index.php?rest_route=\/wp\/v2\/pages\/350\/revisions"}],"predecessor-version":[{"id":2949,"href":"https:\/\/kgf.wgsr.uw.edu.pl\/index.php?rest_route=\/wp\/v2\/pages\/350\/revisions\/2949"}],"up":[{"embeddable":true,"href":"https:\/\/kgf.wgsr.uw.edu.pl\/index.php?rest_route=\/wp\/v2\/pages\/106"}],"wp:attachment":[{"href":"https:\/\/kgf.wgsr.uw.edu.pl\/index.php?rest_route=%2Fwp%2Fv2%2Fmedia&parent=350"}],"curies":[{"name":"wp","href":"https:\/\/api.w.org\/{rel}","templated":true}]}}