{"id":332,"date":"2021-03-22T14:45:10","date_gmt":"2021-03-22T13:45:10","guid":{"rendered":"https:\/\/wgsr.uw.edu.pl\/kgf\/?page_id=332"},"modified":"2026-04-22T11:39:23","modified_gmt":"2026-04-22T11:39:23","slug":"studia-ii-stopnia","status":"publish","type":"page","link":"https:\/\/kgf.wgsr.uw.edu.pl\/?page_id=332","title":{"rendered":"Studia II stopnia"},"content":{"rendered":"\n<p>W ramach kierunku <a href=\"https:\/\/wgsr.uw.edu.pl\/wgsr\/index.php\/pl\/kandydaci\/o-studiach\/informacja-o-studiach\/\" target=\"_blank\" rel=\"noreferrer noopener\">Geografia<\/a> na studiach stacjonarnych II stopnia realizowane s\u0105 2 specjalno\u015bci prowadzone przez Katedr\u0119 Geografii Fizycznej:<\/p>\n\n\n\n<h3 class=\"wp-block-heading\"><strong><a href=\"\/?page_id=2519\">geoekologia i geomorfologia<\/a><\/strong><\/h3>\n\n\n\n<h3 class=\"wp-block-heading\"><strong><a href=\"https:\/\/kgf.wgsr.uw.edu.pl\/?page_id=3142\">hydrologia i klimatologia<\/a><\/strong><\/h3>\n\n\n\n<p>Wyb\u00f3r specjalno\u015bci odbywa po zako\u0144czeniu cyklu zaj\u0119\u0107 z r\u00f3\u017cnych dziedzin geografii (w pierwszym semestrze pierwszego roku), poprzez zadeklarowanie przez studenta wyboru jednej ze specjalno\u015bci oraz zdanie testu. W przypadku zbyt du\u017cej liczby ch\u0119tnych na dan\u0105 specjalno\u015b\u0107, decyduje wynik testu i dodatkowa rozmowa kwalifikacyjna.<\/p>\n\n\n\n<iframe loading=\"lazy\" width=\"560\" height=\"315\" src=\"https:\/\/www.youtube.com\/embed\/0iaTVMg6bds\" title=\"YouTube video player\" frameborder=\"0\" allow=\"accelerometer; autoplay; clipboard-write; encrypted-media; gyroscope; picture-in-picture; web-share\" allowfullscreen><\/iframe>\n","protected":false},"excerpt":{"rendered":"<p>W ramach kierunku Geografia na studiach stacjonarnych II stopnia realizowane s\u0105 2 specjalno\u015bci prowadzone przez Katedr\u0119 Geografii Fizycznej: geoekologia i geomorfologia hydrologia i klimatologia Wyb\u00f3r specjalno\u015bci odbywa po zako\u0144czeniu cyklu zaj\u0119\u0107 z r\u00f3\u017cnych dziedzin geografii (w pierwszym semestrze pierwszego roku), poprzez zadeklarowanie przez studenta wyboru jednej ze specjalno\u015bci oraz zdanie testu. W przypadku zbyt du\u017cej [&hellip;]<\/p>\n","protected":false},"author":2,"featured_media":0,"parent":108,"menu_order":2,"comment_status":"closed","ping_status":"closed","template":"","meta":{"footnotes":""},"class_list":["post-332","page","type-page","status-publish","czr-hentry"],"yoast_head":"<!-- This site is optimized with the Yoast SEO plugin v27.4 - https:\/\/yoast.com\/product\/yoast-seo-wordpress\/ -->\n<title>Studia II stopnia - Katedra Geografii Fizycznej, Wydzia\u0142 Geografii i Studi\u00f3w Regionalnych UW<\/title>\n<meta name=\"robots\" content=\"index, follow, max-snippet:-1, max-image-preview:large, max-video-preview:-1\" \/>\n<link rel=\"canonical\" href=\"https:\/\/kgf.wgsr.uw.edu.pl\/?page_id=332\" \/>\n<meta property=\"og:locale\" content=\"pl_PL\" \/>\n<meta property=\"og:type\" content=\"article\" \/>\n<meta property=\"og:title\" content=\"Studia II stopnia - Katedra Geografii Fizycznej, Wydzia\u0142 Geografii i Studi\u00f3w Regionalnych UW\" \/>\n<meta property=\"og:description\" content=\"W ramach kierunku Geografia na studiach stacjonarnych II stopnia realizowane s\u0105 2 specjalno\u015bci prowadzone przez Katedr\u0119 Geografii Fizycznej: geoekologia i geomorfologia hydrologia i klimatologia Wyb\u00f3r specjalno\u015bci odbywa po zako\u0144czeniu cyklu zaj\u0119\u0107 z r\u00f3\u017cnych dziedzin geografii (w pierwszym semestrze pierwszego roku), poprzez zadeklarowanie przez studenta wyboru jednej ze specjalno\u015bci oraz zdanie testu. W przypadku zbyt du\u017cej [&hellip;]\" \/>\n<meta property=\"og:url\" content=\"https:\/\/kgf.wgsr.uw.edu.pl\/?page_id=332\" \/>\n<meta property=\"og:site_name\" content=\"Katedra Geografii Fizycznej, Wydzia\u0142 Geografii i Studi\u00f3w Regionalnych UW\" \/>\n<meta property=\"article:modified_time\" content=\"2026-04-22T11:39:23+00:00\" \/>\n<meta name=\"twitter:card\" content=\"summary_large_image\" \/>\n<meta name=\"twitter:label1\" content=\"Szacowany czas czytania\" \/>\n\t<meta name=\"twitter:data1\" content=\"1 minuta\" \/>\n<script type=\"application\/ld+json\" class=\"yoast-schema-graph\">{\"@context\":\"https:\\\/\\\/schema.org\",\"@graph\":[{\"@type\":\"WebPage\",\"@id\":\"https:\\\/\\\/kgf.wgsr.uw.edu.pl\\\/?page_id=332\",\"url\":\"https:\\\/\\\/kgf.wgsr.uw.edu.pl\\\/?page_id=332\",\"name\":\"Studia II stopnia - Katedra Geografii Fizycznej, Wydzia\u0142 Geografii i Studi\u00f3w Regionalnych UW\",\"isPartOf\":{\"@id\":\"https:\\\/\\\/kgf.wgsr.uw.edu.pl\\\/#website\"},\"datePublished\":\"2021-03-22T13:45:10+00:00\",\"dateModified\":\"2026-04-22T11:39:23+00:00\",\"breadcrumb\":{\"@id\":\"https:\\\/\\\/kgf.wgsr.uw.edu.pl\\\/?page_id=332#breadcrumb\"},\"inLanguage\":\"pl-PL\",\"potentialAction\":[{\"@type\":\"ReadAction\",\"target\":[\"https:\\\/\\\/kgf.wgsr.uw.edu.pl\\\/?page_id=332\"]}]},{\"@type\":\"BreadcrumbList\",\"@id\":\"https:\\\/\\\/kgf.wgsr.uw.edu.pl\\\/?page_id=332#breadcrumb\",\"itemListElement\":[{\"@type\":\"ListItem\",\"position\":1,\"name\":\"Strona g\u0142\u00f3wna\",\"item\":\"https:\\\/\\\/kgf.wgsr.uw.edu.pl\\\/\"},{\"@type\":\"ListItem\",\"position\":2,\"name\":\"Dydaktyka\",\"item\":\"https:\\\/\\\/kgf.wgsr.uw.edu.pl\\\/?page_id=108\"},{\"@type\":\"ListItem\",\"position\":3,\"name\":\"Studia II stopnia\"}]},{\"@type\":\"WebSite\",\"@id\":\"https:\\\/\\\/kgf.wgsr.uw.edu.pl\\\/#website\",\"url\":\"https:\\\/\\\/kgf.wgsr.uw.edu.pl\\\/\",\"name\":\"Katedra Geografii Fizycznej, Wydzia\u0142 Geografii i Studi\u00f3w Regionalnych UW\",\"description\":\"\",\"publisher\":{\"@id\":\"https:\\\/\\\/kgf.wgsr.uw.edu.pl\\\/#organization\"},\"potentialAction\":[{\"@type\":\"SearchAction\",\"target\":{\"@type\":\"EntryPoint\",\"urlTemplate\":\"https:\\\/\\\/kgf.wgsr.uw.edu.pl\\\/?s={search_term_string}\"},\"query-input\":{\"@type\":\"PropertyValueSpecification\",\"valueRequired\":true,\"valueName\":\"search_term_string\"}}],\"inLanguage\":\"pl-PL\"},{\"@type\":\"Organization\",\"@id\":\"https:\\\/\\\/kgf.wgsr.uw.edu.pl\\\/#organization\",\"name\":\"Katedra Geografii Fizycznej, Wydzia\u0142 Geografii i Studi\u00f3w Regionalnych UW\",\"url\":\"https:\\\/\\\/kgf.wgsr.uw.edu.pl\\\/\",\"logo\":{\"@type\":\"ImageObject\",\"inLanguage\":\"pl-PL\",\"@id\":\"https:\\\/\\\/kgf.wgsr.uw.edu.pl\\\/#\\\/schema\\\/logo\\\/image\\\/\",\"url\":\"https:\\\/\\\/kgf.wgsr.uw.edu.pl\\\/wp-content\\\/uploads\\\/2023\\\/08\\\/cropped-Katedra.png\",\"contentUrl\":\"https:\\\/\\\/kgf.wgsr.uw.edu.pl\\\/wp-content\\\/uploads\\\/2023\\\/08\\\/cropped-Katedra.png\",\"width\":1230,\"height\":328,\"caption\":\"Katedra Geografii Fizycznej, Wydzia\u0142 Geografii i Studi\u00f3w Regionalnych UW\"},\"image\":{\"@id\":\"https:\\\/\\\/kgf.wgsr.uw.edu.pl\\\/#\\\/schema\\\/logo\\\/image\\\/\"}}]}<\/script>\n<!-- \/ Yoast SEO plugin. -->","yoast_head_json":{"title":"Studia II stopnia - Katedra Geografii Fizycznej, Wydzia\u0142 Geografii i Studi\u00f3w Regionalnych UW","robots":{"index":"index","follow":"follow","max-snippet":"max-snippet:-1","max-image-preview":"max-image-preview:large","max-video-preview":"max-video-preview:-1"},"canonical":"https:\/\/kgf.wgsr.uw.edu.pl\/?page_id=332","og_locale":"pl_PL","og_type":"article","og_title":"Studia II stopnia - Katedra Geografii Fizycznej, Wydzia\u0142 Geografii i Studi\u00f3w Regionalnych UW","og_description":"W ramach kierunku Geografia na studiach stacjonarnych II stopnia realizowane s\u0105 2 specjalno\u015bci prowadzone przez Katedr\u0119 Geografii Fizycznej: geoekologia i geomorfologia hydrologia i klimatologia Wyb\u00f3r specjalno\u015bci odbywa po zako\u0144czeniu cyklu zaj\u0119\u0107 z r\u00f3\u017cnych dziedzin geografii (w pierwszym semestrze pierwszego roku), poprzez zadeklarowanie przez studenta wyboru jednej ze specjalno\u015bci oraz zdanie testu. W przypadku zbyt du\u017cej [&hellip;]","og_url":"https:\/\/kgf.wgsr.uw.edu.pl\/?page_id=332","og_site_name":"Katedra Geografii Fizycznej, Wydzia\u0142 Geografii i Studi\u00f3w Regionalnych UW","article_modified_time":"2026-04-22T11:39:23+00:00","twitter_card":"summary_large_image","twitter_misc":{"Szacowany czas czytania":"1 minuta"},"schema":{"@context":"https:\/\/schema.org","@graph":[{"@type":"WebPage","@id":"https:\/\/kgf.wgsr.uw.edu.pl\/?page_id=332","url":"https:\/\/kgf.wgsr.uw.edu.pl\/?page_id=332","name":"Studia II stopnia - Katedra Geografii Fizycznej, Wydzia\u0142 Geografii i Studi\u00f3w Regionalnych UW","isPartOf":{"@id":"https:\/\/kgf.wgsr.uw.edu.pl\/#website"},"datePublished":"2021-03-22T13:45:10+00:00","dateModified":"2026-04-22T11:39:23+00:00","breadcrumb":{"@id":"https:\/\/kgf.wgsr.uw.edu.pl\/?page_id=332#breadcrumb"},"inLanguage":"pl-PL","potentialAction":[{"@type":"ReadAction","target":["https:\/\/kgf.wgsr.uw.edu.pl\/?page_id=332"]}]},{"@type":"BreadcrumbList","@id":"https:\/\/kgf.wgsr.uw.edu.pl\/?page_id=332#breadcrumb","itemListElement":[{"@type":"ListItem","position":1,"name":"Strona g\u0142\u00f3wna","item":"https:\/\/kgf.wgsr.uw.edu.pl\/"},{"@type":"ListItem","position":2,"name":"Dydaktyka","item":"https:\/\/kgf.wgsr.uw.edu.pl\/?page_id=108"},{"@type":"ListItem","position":3,"name":"Studia II stopnia"}]},{"@type":"WebSite","@id":"https:\/\/kgf.wgsr.uw.edu.pl\/#website","url":"https:\/\/kgf.wgsr.uw.edu.pl\/","name":"Katedra Geografii Fizycznej, Wydzia\u0142 Geografii i Studi\u00f3w Regionalnych UW","description":"","publisher":{"@id":"https:\/\/kgf.wgsr.uw.edu.pl\/#organization"},"potentialAction":[{"@type":"SearchAction","target":{"@type":"EntryPoint","urlTemplate":"https:\/\/kgf.wgsr.uw.edu.pl\/?s={search_term_string}"},"query-input":{"@type":"PropertyValueSpecification","valueRequired":true,"valueName":"search_term_string"}}],"inLanguage":"pl-PL"},{"@type":"Organization","@id":"https:\/\/kgf.wgsr.uw.edu.pl\/#organization","name":"Katedra Geografii Fizycznej, Wydzia\u0142 Geografii i Studi\u00f3w Regionalnych UW","url":"https:\/\/kgf.wgsr.uw.edu.pl\/","logo":{"@type":"ImageObject","inLanguage":"pl-PL","@id":"https:\/\/kgf.wgsr.uw.edu.pl\/#\/schema\/logo\/image\/","url":"https:\/\/kgf.wgsr.uw.edu.pl\/wp-content\/uploads\/2023\/08\/cropped-Katedra.png","contentUrl":"https:\/\/kgf.wgsr.uw.edu.pl\/wp-content\/uploads\/2023\/08\/cropped-Katedra.png","width":1230,"height":328,"caption":"Katedra Geografii Fizycznej, Wydzia\u0142 Geografii i Studi\u00f3w Regionalnych UW"},"image":{"@id":"https:\/\/kgf.wgsr.uw.edu.pl\/#\/schema\/logo\/image\/"}}]}},"_links":{"self":[{"href":"https:\/\/kgf.wgsr.uw.edu.pl\/index.php?rest_route=\/wp\/v2\/pages\/332","targetHints":{"allow":["GET"]}}],"collection":[{"href":"https:\/\/kgf.wgsr.uw.edu.pl\/index.php?rest_route=\/wp\/v2\/pages"}],"about":[{"href":"https:\/\/kgf.wgsr.uw.edu.pl\/index.php?rest_route=\/wp\/v2\/types\/page"}],"author":[{"embeddable":true,"href":"https:\/\/kgf.wgsr.uw.edu.pl\/index.php?rest_route=\/wp\/v2\/users\/2"}],"replies":[{"embeddable":true,"href":"https:\/\/kgf.wgsr.uw.edu.pl\/index.php?rest_route=%2Fwp%2Fv2%2Fcomments&post=332"}],"version-history":[{"count":8,"href":"https:\/\/kgf.wgsr.uw.edu.pl\/index.php?rest_route=\/wp\/v2\/pages\/332\/revisions"}],"predecessor-version":[{"id":3362,"href":"https:\/\/kgf.wgsr.uw.edu.pl\/index.php?rest_route=\/wp\/v2\/pages\/332\/revisions\/3362"}],"up":[{"embeddable":true,"href":"https:\/\/kgf.wgsr.uw.edu.pl\/index.php?rest_route=\/wp\/v2\/pages\/108"}],"wp:attachment":[{"href":"https:\/\/kgf.wgsr.uw.edu.pl\/index.php?rest_route=%2Fwp%2Fv2%2Fmedia&parent=332"}],"curies":[{"name":"wp","href":"https:\/\/api.w.org\/{rel}","templated":true}]}}