{"id":170,"date":"2021-03-21T17:11:05","date_gmt":"2021-03-21T16:11:05","guid":{"rendered":"https:\/\/wgsr.uw.edu.pl\/kgf\/?page_id=170"},"modified":"2025-10-21T05:54:46","modified_gmt":"2025-10-21T05:54:46","slug":"zespol","status":"publish","type":"page","link":"https:\/\/kgf.wgsr.uw.edu.pl\/?page_id=170","title":{"rendered":"Zesp\u00f3\u0142"},"content":{"rendered":"\n<h5 class=\"wp-block-heading\"><a href=\"https:\/\/kgf.wgsr.uw.edu.pl\/?page_id=89\">O nas<\/a>&nbsp;\u2013<a href=\"https:\/\/kgf.wgsr.uw.edu.pl\/?page_id=170\">&nbsp;Zesp\u00f3\u0142<\/a>&nbsp;\u2013 &nbsp;<a href=\"https:\/\/kgf.wgsr.uw.edu.pl\/?page_id=354\">Nauka<\/a>&nbsp;\u2013&nbsp;<a href=\"https:\/\/kgf.wgsr.uw.edu.pl\/?page_id=356\">Dydaktyka<\/a>&nbsp; \u2013&nbsp;<a href=\"https:\/\/kgf.wgsr.uw.edu.pl\/?page_id=482\">Zosta\u0144 Hydrologiem<\/a>&nbsp;\u2013&nbsp;<a href=\"https:\/\/kgf.wgsr.uw.edu.pl\/?page_id=358\">Historia<\/a><\/h5>\n\n\n\n<div class=\"wp-block-columns is-layout-flex wp-container-core-columns-is-layout-9d6595d7 wp-block-columns-is-layout-flex\">\n<div class=\"wp-block-column is-layout-flow wp-block-column-is-layout-flow\" style=\"flex-basis:100%\">\n<h2 class=\"wp-block-heading\">Pracownicy Zak\u0142adu Hydrologii&nbsp;<\/h2>\n\n\n\n<div class=\"wp-block-columns is-layout-flex wp-container-core-columns-is-layout-9d6595d7 wp-block-columns-is-layout-flex\">\n<div class=\"wp-block-column is-layout-flow wp-block-column-is-layout-flow\">\n<figure class=\"wp-block-table is-style-stripes\"><table><tbody><tr><td class=\"has-text-align-left\" data-align=\"left\"><strong>Imi\u0119 i nazwisko<\/strong><\/td><td><strong>Telefon<\/strong><\/td><td><strong>Wy\u015blij e-mail<\/strong><\/td><td><strong>Strona USOS<\/strong><\/td><td><strong>Konsultacje<\/strong> (2025Z)<\/td><\/tr><tr><td class=\"has-text-align-left\" data-align=\"left\">dr hab.&nbsp;<strong>Artur Magnuszewski<\/strong>, prof.&nbsp;ucz.<\/td><td>(22) 5520665<\/td><td><a href=\"mailto:asmagnus@uw.edu.pl\" target=\"_blank\" rel=\"noreferrer noopener\">e-mail<\/a><\/td><td><a href=\"https:\/\/usosweb.uw.edu.pl\/kontroler.php?_action=katalog2\/osoby\/pokazOsobe&amp;os_id=50254\">www<\/a><\/td><td>czwartek 15.00-16.00<\/td><\/tr><tr><td class=\"has-text-align-left\" data-align=\"left\">dr hab.&nbsp;<strong>Urszula Somorowska<\/strong>,&nbsp;prof.&nbsp;ucz.<\/td><td>(22) 5520665 <\/td><td><a href=\"mailto:usomorow@uw.edu.pl\" target=\"_blank\" rel=\"noreferrer noopener\">e-mail<\/a><\/td><td><a href=\"https:\/\/usosweb.uw.edu.pl\/kontroler.php?_action=katalog2\/osoby\/pokazOsobe&amp;os_id=50312\">www<\/a><\/td><td>\u015broda 13.00-14.00<\/td><\/tr><tr><td class=\"has-text-align-left\" data-align=\"left\">dr&nbsp;<strong>Barbara Nowicka<\/strong><\/td><td>(22) 5521515<\/td><td><a href=\"mailto:benowick@uw.edu.pl\" target=\"_blank\" rel=\"noreferrer noopener\">e-mail<\/a><\/td><td><a href=\"https:\/\/usosweb.uw.edu.pl\/kontroler.php?_action=katalog2\/osoby\/pokazOsobe&amp;os_id=50267\">www<\/a><\/td><td>wtorek 9.30-10.30<\/td><\/tr><tr><td class=\"has-text-align-left\" data-align=\"left\">dr&nbsp;<strong>Maciej Lenartowicz<\/strong><\/td><td>(22) 5520635<\/td><td><a href=\"mailto:mlenarto@uw.edu.pl\" target=\"_blank\" rel=\"noreferrer noopener\">e-mail<\/a><\/td><td><a href=\"https:\/\/usosweb.uw.edu.pl\/kontroler.php?_action=katalog2\/osoby\/pokazOsobe&amp;os_id=50243\">www<\/a><\/td><td>\u015broda 13.15-14.15<\/td><\/tr><tr><td class=\"has-text-align-left\" data-align=\"left\">dr&nbsp;<strong>Dariusz Woronko<\/strong><\/td><td>(22) 5520635<\/td><td><a href=\"mailto:dworonko@uw.edu.pl\" target=\"_blank\" rel=\"noreferrer noopener\">e-mail<\/a><\/td><td><a href=\"https:\/\/usosweb.uw.edu.pl\/kontroler.php?_action=katalog2\/osoby\/pokazOsobe&amp;os_id=50344\">www<\/a><\/td><td>czwartek 15.00-16.30<\/td><\/tr><tr><td class=\"has-text-align-left\" data-align=\"left\">dr&nbsp;<strong>Jaros\u0142aw Sucho\u017cebrski<\/strong><\/td><td>(22) 5521515 <\/td><td><a href=\"mailto:jsuch@uw.edu.pl\" target=\"_blank\" rel=\"noreferrer noopener\">e-mail<\/a><\/td><td><a href=\"https:\/\/usosweb.uw.edu.pl\/kontroler.php?_action=katalog2\/osoby\/pokazOsobe&amp;os_id=50318\">www<\/a><\/td><td>\u015broda 8.00-9.00<\/td><\/tr><tr><td class=\"has-text-align-left\" data-align=\"left\">dr&nbsp;<strong>Maksym \u0141aszewski<\/strong><\/td><td>(22) 5520635 <\/td><td><a href=\"mailto:m.laszewski@uw.edu.pl\" target=\"_blank\" rel=\"noreferrer noopener\">e-mail<\/a><\/td><td><a href=\"https:\/\/usosweb.uw.edu.pl\/kontroler.php?_action=katalog2\/osoby\/pokazOsobe&amp;os_id=172327\">www<\/a><\/td><td>czwartek 13.30-14.45<\/td><\/tr><tr><td class=\"has-text-align-left\" data-align=\"left\">mgr <strong>Tomasz Lewicki<\/strong><\/td><td>(22) 5520665<\/td><td><a href=\"mailto:t.lewicki2@uw.edu.pl\">e-mail<\/a><\/td><td><a href=\"https:\/\/usosweb.uw.edu.pl\/kontroler.php?_action=katalog2\/osoby\/pokazOsobe&amp;os_id=17152\">www<\/a><\/td><td>wtorek 11.30-13.30<\/td><\/tr><tr><td class=\"has-text-align-left\" data-align=\"left\">mgr <strong>Micha\u0142 Fedorczyk <\/strong><\/td><td>(22) 5520665<\/td><td><a href=\"mailto:m.fedorczyk3@uw.edu.pl\">e-mail<\/a><\/td><td><a href=\"https:\/\/usosweb.uw.edu.pl\/kontroler.php?_action=katalog2\/osoby\/pokazOsobe&amp;os_id=345380\">www<\/a><\/td><td>czwartek 12.00-13.30<\/td><\/tr><\/tbody><\/table><\/figure>\n<\/div>\n<\/div>\n<\/div>\n<\/div>\n\n\n<div class=\"wp-block-image\">\n<figure class=\"aligncenter size-large\"><img loading=\"lazy\" decoding=\"async\" width=\"724\" height=\"1024\" src=\"https:\/\/kgf.wgsr.uw.edu.pl\/wp-content\/uploads\/2025\/10\/Kopia-\u2013-Hydrozaloga-4-1-724x1024.png\" alt=\"Zesp\u00f3\u0142 Zak\u0142adu Hydrologii\" class=\"wp-image-3233\" srcset=\"https:\/\/kgf.wgsr.uw.edu.pl\/wp-content\/uploads\/2025\/10\/Kopia-\u2013-Hydrozaloga-4-1-724x1024.png 724w, https:\/\/kgf.wgsr.uw.edu.pl\/wp-content\/uploads\/2025\/10\/Kopia-\u2013-Hydrozaloga-4-1-212x300.png 212w, https:\/\/kgf.wgsr.uw.edu.pl\/wp-content\/uploads\/2025\/10\/Kopia-\u2013-Hydrozaloga-4-1-768x1086.png 768w, https:\/\/kgf.wgsr.uw.edu.pl\/wp-content\/uploads\/2025\/10\/Kopia-\u2013-Hydrozaloga-4-1-1086x1536.png 1086w, https:\/\/kgf.wgsr.uw.edu.pl\/wp-content\/uploads\/2025\/10\/Kopia-\u2013-Hydrozaloga-4-1-1448x2048.png 1448w, https:\/\/kgf.wgsr.uw.edu.pl\/wp-content\/uploads\/2025\/10\/Kopia-\u2013-Hydrozaloga-4-1.png 1587w\" sizes=\"auto, (max-width: 724px) 100vw, 724px\" \/><\/figure>\n<\/div>","protected":false},"excerpt":{"rendered":"<p>O nas&nbsp;\u2013&nbsp;Zesp\u00f3\u0142&nbsp;\u2013 &nbsp;Nauka&nbsp;\u2013&nbsp;Dydaktyka&nbsp; \u2013&nbsp;Zosta\u0144 Hydrologiem&nbsp;\u2013&nbsp;Historia Pracownicy Zak\u0142adu Hydrologii&nbsp; Imi\u0119 i nazwisko Telefon Wy\u015blij e-mail Strona USOS Konsultacje (2025Z) dr hab.&nbsp;Artur Magnuszewski, prof.&nbsp;ucz. (22) 5520665 e-mail www czwartek 15.00-16.00 dr hab.&nbsp;Urszula Somorowska,&nbsp;prof.&nbsp;ucz. (22) 5520665 e-mail www \u015broda 13.00-14.00 dr&nbsp;Barbara Nowicka (22) 5521515 e-mail www wtorek 9.30-10.30 dr&nbsp;Maciej Lenartowicz (22) 5520635 e-mail www \u015broda 13.15-14.15 dr&nbsp;Dariusz Woronko [&hellip;]<\/p>\n","protected":false},"author":2,"featured_media":0,"parent":89,"menu_order":1,"comment_status":"closed","ping_status":"closed","template":"","meta":{"footnotes":""},"class_list":["post-170","page","type-page","status-publish","czr-hentry"],"yoast_head":"<!-- This site is optimized with the Yoast SEO plugin v21.3 - https:\/\/yoast.com\/wordpress\/plugins\/seo\/ -->\n<title>Zesp\u00f3\u0142 - Katedra Geografii Fizycznej, Wydzia\u0142 Geografii i Studi\u00f3w Regionalnych UW<\/title>\n<meta name=\"robots\" content=\"index, follow, max-snippet:-1, max-image-preview:large, max-video-preview:-1\" \/>\n<link rel=\"canonical\" href=\"https:\/\/kgf.wgsr.uw.edu.pl\/?page_id=170\" \/>\n<meta property=\"og:locale\" content=\"pl_PL\" \/>\n<meta property=\"og:type\" content=\"article\" \/>\n<meta property=\"og:title\" content=\"Zesp\u00f3\u0142 - Katedra Geografii Fizycznej, Wydzia\u0142 Geografii i Studi\u00f3w Regionalnych UW\" \/>\n<meta property=\"og:description\" content=\"O nas&nbsp;\u2013&nbsp;Zesp\u00f3\u0142&nbsp;\u2013 &nbsp;Nauka&nbsp;\u2013&nbsp;Dydaktyka&nbsp; \u2013&nbsp;Zosta\u0144 Hydrologiem&nbsp;\u2013&nbsp;Historia Pracownicy Zak\u0142adu Hydrologii&nbsp; Imi\u0119 i nazwisko Telefon Wy\u015blij e-mail Strona USOS Konsultacje (2025Z) dr hab.&nbsp;Artur Magnuszewski, prof.&nbsp;ucz. (22) 5520665 e-mail www czwartek 15.00-16.00 dr hab.&nbsp;Urszula Somorowska,&nbsp;prof.&nbsp;ucz. (22) 5520665 e-mail www \u015broda 13.00-14.00 dr&nbsp;Barbara Nowicka (22) 5521515 e-mail www wtorek 9.30-10.30 dr&nbsp;Maciej Lenartowicz (22) 5520635 e-mail www \u015broda 13.15-14.15 dr&nbsp;Dariusz Woronko [&hellip;]\" \/>\n<meta property=\"og:url\" content=\"https:\/\/kgf.wgsr.uw.edu.pl\/?page_id=170\" \/>\n<meta property=\"og:site_name\" content=\"Katedra Geografii Fizycznej, Wydzia\u0142 Geografii i Studi\u00f3w Regionalnych UW\" \/>\n<meta property=\"article:modified_time\" content=\"2025-10-21T05:54:46+00:00\" \/>\n<meta name=\"twitter:card\" content=\"summary_large_image\" \/>\n<meta name=\"twitter:label1\" content=\"Szacowany czas czytania\" \/>\n\t<meta name=\"twitter:data1\" content=\"1 minuta\" \/>\n<script type=\"application\/ld+json\" class=\"yoast-schema-graph\">{\"@context\":\"https:\/\/schema.org\",\"@graph\":[{\"@type\":\"WebPage\",\"@id\":\"https:\/\/kgf.wgsr.uw.edu.pl\/?page_id=170\",\"url\":\"https:\/\/kgf.wgsr.uw.edu.pl\/?page_id=170\",\"name\":\"Zesp\u00f3\u0142 - Katedra Geografii Fizycznej, Wydzia\u0142 Geografii i Studi\u00f3w Regionalnych UW\",\"isPartOf\":{\"@id\":\"https:\/\/kgf.wgsr.uw.edu.pl\/#website\"},\"datePublished\":\"2021-03-21T16:11:05+00:00\",\"dateModified\":\"2025-10-21T05:54:46+00:00\",\"breadcrumb\":{\"@id\":\"https:\/\/kgf.wgsr.uw.edu.pl\/?page_id=170#breadcrumb\"},\"inLanguage\":\"pl-PL\",\"potentialAction\":[{\"@type\":\"ReadAction\",\"target\":[\"https:\/\/kgf.wgsr.uw.edu.pl\/?page_id=170\"]}]},{\"@type\":\"BreadcrumbList\",\"@id\":\"https:\/\/kgf.wgsr.uw.edu.pl\/?page_id=170#breadcrumb\",\"itemListElement\":[{\"@type\":\"ListItem\",\"position\":1,\"name\":\"Strona g\u0142\u00f3wna\",\"item\":\"https:\/\/kgf.wgsr.uw.edu.pl\/\"},{\"@type\":\"ListItem\",\"position\":2,\"name\":\"Zak\u0142ad Hydrologii\",\"item\":\"https:\/\/kgf.wgsr.uw.edu.pl\/?page_id=89\"},{\"@type\":\"ListItem\",\"position\":3,\"name\":\"Zesp\u00f3\u0142\"}]},{\"@type\":\"WebSite\",\"@id\":\"https:\/\/kgf.wgsr.uw.edu.pl\/#website\",\"url\":\"https:\/\/kgf.wgsr.uw.edu.pl\/\",\"name\":\"Katedra Geografii Fizycznej, Wydzia\u0142 Geografii i Studi\u00f3w Regionalnych UW\",\"description\":\"\",\"publisher\":{\"@id\":\"https:\/\/kgf.wgsr.uw.edu.pl\/#organization\"},\"potentialAction\":[{\"@type\":\"SearchAction\",\"target\":{\"@type\":\"EntryPoint\",\"urlTemplate\":\"https:\/\/kgf.wgsr.uw.edu.pl\/?s={search_term_string}\"},\"query-input\":\"required name=search_term_string\"}],\"inLanguage\":\"pl-PL\"},{\"@type\":\"Organization\",\"@id\":\"https:\/\/kgf.wgsr.uw.edu.pl\/#organization\",\"name\":\"Katedra Geografii Fizycznej, Wydzia\u0142 Geografii i Studi\u00f3w Regionalnych UW\",\"url\":\"https:\/\/kgf.wgsr.uw.edu.pl\/\",\"logo\":{\"@type\":\"ImageObject\",\"inLanguage\":\"pl-PL\",\"@id\":\"https:\/\/kgf.wgsr.uw.edu.pl\/#\/schema\/logo\/image\/\",\"url\":\"https:\/\/kgf.wgsr.uw.edu.pl\/wp-content\/uploads\/2023\/08\/cropped-Katedra.png\",\"contentUrl\":\"https:\/\/kgf.wgsr.uw.edu.pl\/wp-content\/uploads\/2023\/08\/cropped-Katedra.png\",\"width\":1230,\"height\":328,\"caption\":\"Katedra Geografii Fizycznej, Wydzia\u0142 Geografii i Studi\u00f3w Regionalnych UW\"},\"image\":{\"@id\":\"https:\/\/kgf.wgsr.uw.edu.pl\/#\/schema\/logo\/image\/\"}}]}<\/script>\n<!-- \/ Yoast SEO plugin. -->","yoast_head_json":{"title":"Zesp\u00f3\u0142 - Katedra Geografii Fizycznej, Wydzia\u0142 Geografii i Studi\u00f3w Regionalnych UW","robots":{"index":"index","follow":"follow","max-snippet":"max-snippet:-1","max-image-preview":"max-image-preview:large","max-video-preview":"max-video-preview:-1"},"canonical":"https:\/\/kgf.wgsr.uw.edu.pl\/?page_id=170","og_locale":"pl_PL","og_type":"article","og_title":"Zesp\u00f3\u0142 - Katedra Geografii Fizycznej, Wydzia\u0142 Geografii i Studi\u00f3w Regionalnych UW","og_description":"O nas&nbsp;\u2013&nbsp;Zesp\u00f3\u0142&nbsp;\u2013 &nbsp;Nauka&nbsp;\u2013&nbsp;Dydaktyka&nbsp; \u2013&nbsp;Zosta\u0144 Hydrologiem&nbsp;\u2013&nbsp;Historia Pracownicy Zak\u0142adu Hydrologii&nbsp; Imi\u0119 i nazwisko Telefon Wy\u015blij e-mail Strona USOS Konsultacje (2025Z) dr hab.&nbsp;Artur Magnuszewski, prof.&nbsp;ucz. (22) 5520665 e-mail www czwartek 15.00-16.00 dr hab.&nbsp;Urszula Somorowska,&nbsp;prof.&nbsp;ucz. (22) 5520665 e-mail www \u015broda 13.00-14.00 dr&nbsp;Barbara Nowicka (22) 5521515 e-mail www wtorek 9.30-10.30 dr&nbsp;Maciej Lenartowicz (22) 5520635 e-mail www \u015broda 13.15-14.15 dr&nbsp;Dariusz Woronko [&hellip;]","og_url":"https:\/\/kgf.wgsr.uw.edu.pl\/?page_id=170","og_site_name":"Katedra Geografii Fizycznej, Wydzia\u0142 Geografii i Studi\u00f3w Regionalnych UW","article_modified_time":"2025-10-21T05:54:46+00:00","twitter_card":"summary_large_image","twitter_misc":{"Szacowany czas czytania":"1 minuta"},"schema":{"@context":"https:\/\/schema.org","@graph":[{"@type":"WebPage","@id":"https:\/\/kgf.wgsr.uw.edu.pl\/?page_id=170","url":"https:\/\/kgf.wgsr.uw.edu.pl\/?page_id=170","name":"Zesp\u00f3\u0142 - Katedra Geografii Fizycznej, Wydzia\u0142 Geografii i Studi\u00f3w Regionalnych UW","isPartOf":{"@id":"https:\/\/kgf.wgsr.uw.edu.pl\/#website"},"datePublished":"2021-03-21T16:11:05+00:00","dateModified":"2025-10-21T05:54:46+00:00","breadcrumb":{"@id":"https:\/\/kgf.wgsr.uw.edu.pl\/?page_id=170#breadcrumb"},"inLanguage":"pl-PL","potentialAction":[{"@type":"ReadAction","target":["https:\/\/kgf.wgsr.uw.edu.pl\/?page_id=170"]}]},{"@type":"BreadcrumbList","@id":"https:\/\/kgf.wgsr.uw.edu.pl\/?page_id=170#breadcrumb","itemListElement":[{"@type":"ListItem","position":1,"name":"Strona g\u0142\u00f3wna","item":"https:\/\/kgf.wgsr.uw.edu.pl\/"},{"@type":"ListItem","position":2,"name":"Zak\u0142ad Hydrologii","item":"https:\/\/kgf.wgsr.uw.edu.pl\/?page_id=89"},{"@type":"ListItem","position":3,"name":"Zesp\u00f3\u0142"}]},{"@type":"WebSite","@id":"https:\/\/kgf.wgsr.uw.edu.pl\/#website","url":"https:\/\/kgf.wgsr.uw.edu.pl\/","name":"Katedra Geografii Fizycznej, Wydzia\u0142 Geografii i Studi\u00f3w Regionalnych UW","description":"","publisher":{"@id":"https:\/\/kgf.wgsr.uw.edu.pl\/#organization"},"potentialAction":[{"@type":"SearchAction","target":{"@type":"EntryPoint","urlTemplate":"https:\/\/kgf.wgsr.uw.edu.pl\/?s={search_term_string}"},"query-input":"required name=search_term_string"}],"inLanguage":"pl-PL"},{"@type":"Organization","@id":"https:\/\/kgf.wgsr.uw.edu.pl\/#organization","name":"Katedra Geografii Fizycznej, Wydzia\u0142 Geografii i Studi\u00f3w Regionalnych UW","url":"https:\/\/kgf.wgsr.uw.edu.pl\/","logo":{"@type":"ImageObject","inLanguage":"pl-PL","@id":"https:\/\/kgf.wgsr.uw.edu.pl\/#\/schema\/logo\/image\/","url":"https:\/\/kgf.wgsr.uw.edu.pl\/wp-content\/uploads\/2023\/08\/cropped-Katedra.png","contentUrl":"https:\/\/kgf.wgsr.uw.edu.pl\/wp-content\/uploads\/2023\/08\/cropped-Katedra.png","width":1230,"height":328,"caption":"Katedra Geografii Fizycznej, Wydzia\u0142 Geografii i Studi\u00f3w Regionalnych UW"},"image":{"@id":"https:\/\/kgf.wgsr.uw.edu.pl\/#\/schema\/logo\/image\/"}}]}},"_links":{"self":[{"href":"https:\/\/kgf.wgsr.uw.edu.pl\/index.php?rest_route=\/wp\/v2\/pages\/170","targetHints":{"allow":["GET"]}}],"collection":[{"href":"https:\/\/kgf.wgsr.uw.edu.pl\/index.php?rest_route=\/wp\/v2\/pages"}],"about":[{"href":"https:\/\/kgf.wgsr.uw.edu.pl\/index.php?rest_route=\/wp\/v2\/types\/page"}],"author":[{"embeddable":true,"href":"https:\/\/kgf.wgsr.uw.edu.pl\/index.php?rest_route=\/wp\/v2\/users\/2"}],"replies":[{"embeddable":true,"href":"https:\/\/kgf.wgsr.uw.edu.pl\/index.php?rest_route=%2Fwp%2Fv2%2Fcomments&post=170"}],"version-history":[{"count":27,"href":"https:\/\/kgf.wgsr.uw.edu.pl\/index.php?rest_route=\/wp\/v2\/pages\/170\/revisions"}],"predecessor-version":[{"id":3236,"href":"https:\/\/kgf.wgsr.uw.edu.pl\/index.php?rest_route=\/wp\/v2\/pages\/170\/revisions\/3236"}],"up":[{"embeddable":true,"href":"https:\/\/kgf.wgsr.uw.edu.pl\/index.php?rest_route=\/wp\/v2\/pages\/89"}],"wp:attachment":[{"href":"https:\/\/kgf.wgsr.uw.edu.pl\/index.php?rest_route=%2Fwp%2Fv2%2Fmedia&parent=170"}],"curies":[{"name":"wp","href":"https:\/\/api.w.org\/{rel}","templated":true}]}}