{"id":1667,"date":"2022-07-28T10:10:20","date_gmt":"2022-07-28T08:10:20","guid":{"rendered":"https:\/\/wgsr.uw.edu.pl\/kgf\/?page_id=1667"},"modified":"2022-07-28T10:10:20","modified_gmt":"2022-07-28T08:10:20","slug":"deklaracja-dostepnosci","status":"publish","type":"page","link":"https:\/\/kgf.wgsr.uw.edu.pl\/?page_id=1667","title":{"rendered":"Deklaracja dost\u0119pno\u015bci"},"content":{"rendered":"\n<h1 class=\"wp-block-heading\" id=\"a11y-deklaracja\">Deklaracja dost\u0119pno\u015bci<\/h1>\n\n\n\n<p id=\"a11y-wstep\">Uniwersytet Warszawski&nbsp;zobowi\u0105zuje si\u0119 zapewni\u0107 dost\u0119pno\u015b\u0107 swojej strony internetowej zgodnie z przepisami ustawy z dnia 4 kwietnia 2019 r. o dost\u0119pno\u015bci cyfrowej stron internetowych i aplikacji mobilnych podmiot\u00f3w publicznych. O\u015bwiadczenie w sprawie dost\u0119pno\u015bci ma zastosowanie do strony internetowej&nbsp;<a href=\"http:\/\/wgsr.uw.edu.pl\/kgf\"><strong>wgsr.uw.edu.pl\/kgf<\/strong><\/a><\/p>\n\n\n\n<ul class=\"wp-block-list\"><li>Data publikacji strony internetowej:&nbsp;<strong>2021-03-10<\/strong>.<\/li><li>Data ostatniej istotnej aktualizacji:&nbsp;<strong>2020-10-20&nbsp;<\/strong>.<\/li><\/ul>\n\n\n\n<h2 class=\"wp-block-heading\">Status zgodno\u015bci z ustaw\u0105 o dost\u0119pno\u015bci cyfrowej<\/h2>\n\n\n\n<p>Strona internetowa jest cz\u0119\u015bciowo zgodna z ustaw\u0105 z dnia 4 kwietnia 2019 r. o dost\u0119pno\u015bci cyfrowej stron internetowych i aplikacji mobilnych podmiot\u00f3w publicznych z powodu niezgodno\u015bci lub wy\u0142\u0105cze\u0144 wymienionych poni\u017cej.<\/p>\n\n\n\n<ul class=\"wp-block-list\"><li>Kotwice (linki typu skoczki w obr\u0119bie strony)<ul><li>Link do przeskoczenia do tre\u015bci strony posiada komunikat w j\u0119zyku angielskim.<\/li><li>Link do przeskoczenia do tre\u015bci strony istnieje ale jest uszkodzony.<\/li><\/ul><\/li><li>Linki<ul><li>Serwis posiada odno\u015bniki, kt\u00f3re nie informuj\u0105 o otwarciu podstrony w nowym oknie.<\/li><li>Serwis posiada odno\u015bniki, kt\u00f3rych tre\u015bci\u0105 jest adres URL.<\/li><li>Serwis posiada odno\u015bniki bez tekstowej etykiety<\/li><li>Serwis posiada grafiki b\u0119d\u0105ce odno\u015bnikami i nie posiadaj\u0105ce opisu w znaczniku ALT lub jest on niewystarczaj\u0105cy.<\/li><\/ul><\/li><li>Nag\u0142\u00f3wki<ul><li>Strona g\u0142\u00f3wna nie posiada nag\u0142\u00f3wka H1.<\/li><\/ul><\/li><li>Pozosta\u0142e elementy steruj\u0105ce strony<ul><li>W serwisie wyst\u0119puj\u0105 listy rozwijane, w kt\u00f3rych wybranie elementu powoduje automatyczne prze\u0142adowanie strony.<\/li><li>W serwisie wyst\u0119puj\u0105 problemy z dost\u0119pno\u015bci\u0105 menu.<\/li><\/ul><\/li><li>Dost\u0119pno\u015b\u0107 materia\u0142\u00f3w zamieszczonych na stronie<ul><li>Serwis mo\u017ce posiada\u0107 odno\u015bniki do dokument\u00f3w, kt\u00f3re nie s\u0105 dost\u0119pne.<\/li><\/ul><\/li><li>Mapa serwisu, logika i zrozumia\u0142o\u015b\u0107 struktury, \u0142atwo\u015b\u0107 odnajdywania informacji<ul><li>Serwis nie posiada mapy stron.<\/li><\/ul><\/li><li>Alternatywne opisy dla grafiki<ul><li>Serwis posiada ilustracje z napisami bez tekst\u00f3w alternatywnych.<\/li><\/ul><\/li><li>Elementy klikalne<ul><li>Elementy menu g\u0142\u00f3wnego nie s\u0105 dost\u0119pne z poziomu klawiatury.<\/li><\/ul><\/li><li>Kontrasty i kolorystyka strony<ul><li>Serwis posiada elementy nie spe\u0142niaj\u0105ce wymog\u00f3w kontrastu.<\/li><\/ul><\/li><li>Widoczno\u015b\u0107 fokusa klawiatury<ul><li>Serwis ukrywa widoczno\u015b\u0107 fokusa klawiatury.<\/li><\/ul><\/li><li>Dost\u0119pno\u015b\u0107 element\u00f3w klikalnych<ul><li>Strona zawiera elementy klikalne, kt\u00f3re nie s\u0105 poprawnie obs\u0142ugiwane przy u\u017cyciu klawiatury.<\/li><li>W serwisie wyst\u0119puj\u0105 elementy klikalne bez etykiet lub jednoznacznych tekst\u00f3w link\u00f3w.<\/li><\/ul><\/li><li>Wyr\u00f3\u017cnienie link\u00f3w i innych istotnych element\u00f3w strony<ul><li>Serwis posiada odno\u015bniki wyr\u00f3\u017cnione tylko kolorem.<\/li><\/ul><\/li><li>Konsekwentna identyfikacja element\u00f3w strony<ul><li>Serwis posiada elementy wyr\u00f3\u017cnione cechami wygl\u0105du i nie oznaczone w\u0142a\u015bciwymi znacznikami.<\/li><\/ul><\/li><li>Dost\u0119pno\u015b\u0107 interfejsu u\u017cytkownika<ul><li>Interfejs serwisu zawiera elementy niedost\u0119pne lub trudne w obs\u0142udze.<\/li><\/ul><\/li><\/ul>\n\n\n\n<p>O\u015bwiadczenie sporz\u0105dzono dnia:&nbsp;<strong>2022-06-02<\/strong>.<\/p>\n\n\n\n<p>Deklaracj\u0119 sporz\u0105dzono na podstawie samooceny przeprowadzonej przez podmiot publiczny:&nbsp;<strong><a href=\"https:\/\/bon.uw.edu.pl\">Biuro ds. Os\u00f3b z Niepe\u0142nosprawno\u015bciami UW<\/a><\/strong>.<\/p>\n\n\n\n<p>Wyniki przeprowadzonej oceny zapewnienia dost\u0119pno\u015bci cyfrowej strony internetowej:&nbsp;<strong><a href=\"https:\/\/audyt.bon.uw.edu.pl\/szczegoly-audytu\/364?token=WzdKMRe4GdeP6ysYwvwsBQsCX1TtvljM\" target=\"_blank\" rel=\"noreferrer noopener\">Raport badania audytowego<\/a><\/strong><\/p>\n\n\n\n<h2 class=\"wp-block-heading\">Skr\u00f3ty klawiaturowe<\/h2>\n\n\n\n<p>Na stronie&nbsp;<strong><a href=\"http:\/\/wgsr.uw.edu.pl\/kgf\">wgsr.uw.edu.pl\/kgf<\/a><\/strong>&nbsp;nie zastosowano \u017cadnych specjalnych skr\u00f3t\u00f3w klawiaturowych.<\/p>\n\n\n\n<h2 class=\"wp-block-heading\" id=\"a11y-kontakt\">Informacje zwrotne i dane kontaktowe<\/h2>\n\n\n\n<p>Osob\u0105 kontaktow\u0105 w sprawach zwi\u0105zanych z dost\u0119pno\u015bci\u0105 tej strony internetowej jest&nbsp;<strong>Jaros\u0142aw Sucho\u017cebrski<\/strong>. W przypadku problem\u00f3w z dost\u0119pno\u015bci\u0105 strony internetowej prosimy o kontakt: e-mail:&nbsp;<strong>jsuch@uw.edu.pl<\/strong>, telefon&nbsp;<strong>5521515<\/strong>. T\u0105 sam\u0105 drog\u0105 mo\u017cna sk\u0142ada\u0107 wnioski o udost\u0119pnienie informacji niedost\u0119pnej oraz sk\u0142ada\u0107 \u017c\u0105dania zapewnienia dost\u0119pno\u015bci.<\/p>\n\n\n\n<h2 class=\"wp-block-heading\" id=\"a11y-procedura\">Procedura wnioskowo-skargowa<\/h2>\n\n\n\n<p>Ka\u017cdy ma prawo do wyst\u0105pienia z \u017c\u0105daniem zapewnienia dost\u0119pno\u015bci cyfrowej strony internetowej, aplikacji mobilnej lub jakiego\u015b ich elementu. Mo\u017cna tak\u017ce za\u017c\u0105da\u0107 udost\u0119pnienia informacji za pomoc\u0105 alternatywnego sposobu dost\u0119pu, na przyk\u0142ad przez odczytanie niedost\u0119pnego cyfrowo dokumentu, opisanie zawarto\u015bci filmu bez audiodeskrypcji itp.<\/p>\n\n\n\n<p>\u017b\u0105danie powinno zawiera\u0107 dane osoby zg\u0142aszaj\u0105cej \u017c\u0105danie, wskazanie, o kt\u00f3r\u0105 stron\u0119 internetow\u0105 lub aplikacj\u0119 mobiln\u0105 chodzi oraz spos\u00f3b kontaktu. Je\u017celi osoba \u017c\u0105daj\u0105ca zg\u0142asza potrzeb\u0119 otrzymania informacji za pomoc\u0105 alternatywnego sposobu dost\u0119pu, powinna tak\u017ce okre\u015bli\u0107 dogodny dla niej spos\u00f3b przedstawienia tej informacji.<\/p>\n\n\n\n<p>Podmiot publiczny powinien zrealizowa\u0107 \u017c\u0105danie niezw\u0142ocznie, nie p\u00f3\u017aniej ni\u017c w ci\u0105gu 7 dni od dnia wyst\u0105pienia z \u017c\u0105daniem. Je\u017celi dotrzymanie tego terminu nie jest mo\u017cliwe, podmiot publiczny niezw\u0142ocznie informuje o tym wnosz\u0105cego \u017c\u0105danie, kiedy realizacja \u017c\u0105dania b\u0119dzie mo\u017cliwa, przy czym termin ten nie mo\u017ce by\u0107 d\u0142u\u017cszy ni\u017c 2 miesi\u0105ce od dnia wyst\u0105pienia z \u017c\u0105daniem.<\/p>\n\n\n\n<p>Je\u017celi zapewnienie dost\u0119pno\u015bci cyfrowej nie jest mo\u017cliwe, podmiot publiczny mo\u017ce zaproponowa\u0107 alternatywny spos\u00f3b dost\u0119pu do informacji. W przypadku, gdy podmiot publiczny odm\u00f3wi realizacji \u017c\u0105dania zapewnienia dost\u0119pno\u015bci lub alternatywnego sposobu dost\u0119pu do informacji, wnosz\u0105cy \u017c\u0105danie mo\u017ce z\u0142o\u017cy\u0107 skarg\u0119 w sprawie zapewniana dost\u0119pno\u015bci cyfrowej strony internetowej, aplikacji mobilnej lub elementu strony internetowej, lub aplikacji mobilnej. Po wyczerpaniu wskazanej wy\u017cej procedury mo\u017cna tak\u017ce z\u0142o\u017cy\u0107 wniosek do&nbsp;<a href=\"https:\/\/www.rpo.gov.pl\"><strong>Rzecznika Praw Obywatelskich.<\/strong><\/a><\/p>\n\n\n\n<h2 class=\"wp-block-heading\" id=\"a11y-architektura\">Dost\u0119pno\u015b\u0107 architektoniczna<\/h2>\n\n\n\n<p><strong><a href=\"http:\/\/budynki.bon.uw.edu.pl\">Pe\u0142en wykaz budynk\u00f3w nale\u017c\u0105cych do UW wraz z informacjami nt. ich dost\u0119pno\u015bci architektonicznej<\/a><\/strong>.<\/p>\n\n\n\n<p>Jednostka Prowadz\u0105ca deklaruje dost\u0119pno\u015b\u0107 architektoniczn\u0105 budynku:&nbsp;<strong>Pa\u0142ac Czetwerty\u0144skich, Krakowskie Przedmie\u015bcie 30, 00-927 Warszawa<\/strong><\/p>\n\n\n\n<p>Kierownik \/ Dyrektor administracyjny:&nbsp;<strong>Kinga Ruci\u0144ska<\/strong><\/p>\n\n\n\n<p>Telefon:&nbsp;<strong>225520742<\/strong><\/p>\n\n\n\n<p>Email:&nbsp;<strong>kingar@uw.edu.pl<\/strong><\/p>\n\n\n\n<h3 class=\"wp-block-heading\">Wej\u015bcie do budynku<\/h3>\n\n\n\n<p>Przy wej\u015bciu do budynku znajduje si\u0119 platforma pionowa, dzwonek przy platformie, drzwi automatycznie otwierane, dwuskrzyd\u0142owe, szeroko\u015b\u0107 2&#215;0,75 m.<\/p>\n\n\n\n<h3 class=\"wp-block-heading\">Korytarze i przej\u015bcia<\/h3>\n\n\n\n<p>Budynek wielopoziomowy -1; +3, dost\u0119p wind\u0105 poziom\u0105 tylko jedn\u0105 klatk\u0105 -1+1, kabina dwuosobowa, brak po\u0142\u0105czenia z innymi pionami budynku, korytarze z barierami, szeroko\u015b\u0107 korytarzy min. klatka: A- 1,07 m; B -1,26 m; C &#8211; 1,9 m; D &#8211; 1,15 m; E &#8211; 1,42m;<\/p>\n\n\n\n<h3 class=\"wp-block-heading\">Procedury<\/h3>\n\n\n\n<p>Pracownik portierni po otrzymaniu zg\u0142oszenia koordynuje organizacj\u0119 i pomoc w przemieszczaniu si\u0119 osoby niepe\u0142nosprawnej po budynku.<\/p>\n\n\n\n<h3 class=\"wp-block-heading\">Dodatkowa pomoc<\/h3>\n\n\n\n<p>Kontakt telefoniczny: Dziekanat (studenci)- 225520660, Sekretariat WGSR (pracownicy) &#8211; 225520631, Portiernia &#8211; 225521516<\/p>\n\n\n\n<h3 class=\"wp-block-heading\">\u0141azienki, toalety, szatnie<\/h3>\n\n\n\n<p>Toaleta dla os\u00f3b niepe\u0142nosprawnych znajduje si\u0119 na parterze po prawej stronie, oznakowana, szatnia przy portierni &#8211; parter.<\/p>\n\n\n\n<h3 class=\"wp-block-heading\">Dodatkowe dostosowania<\/h3>\n\n\n\n<p>Brak<\/p>\n\n\n\n<h3 class=\"wp-block-heading\">Dojazd i miejsca parkingowe<\/h3>\n\n\n\n<p>Dojazd komunikacj\u0105 miejsk\u0105. Metro &#8211; stacja Uniwersytet\/Nowy \u015awiat., Autobusy &#8211; przystanek Uniwersytet (linie: 102, 105, 111, 116, 128, 175, 178, 180, 222, 503, 518, E-2).<\/p>\n\n\n\n<h3 class=\"wp-block-heading\">Prawo wst\u0119pu z psem asystuj\u0105cym<\/h3>\n\n\n\n<p>Nie ma ogranicze\u0144 wst\u0119pu z psem asystuj\u0105cym.<\/p>\n\n\n\n<h3 class=\"wp-block-heading\">T\u0142umacz PJM<\/h3>\n\n\n\n<p>Potrzeb\u0119 skorzystania z pomocy t\u0142umacza PJM nale\u017cy sk\u0142ada\u0107 do Biura ds. Os\u00f3b Niepe\u0142nosprawnych UW z co najmniej 3 dniowym wyprzedzeniem. Kontakt do BON: \/22\/ 55 24 22, bon@uw.edu.pl, www.bon.uw.edu.pl.<\/p>\n\n\n\n<h3 class=\"wp-block-heading\">Dodatkowe informacje o budynku<\/h3>\n\n\n\n<p>Budynek stary w stylu pa\u0142acowym &#8211; liczne korytarze, schody, winda tylko w klatce D;<\/p>\n","protected":false},"excerpt":{"rendered":"<p>Deklaracja dost\u0119pno\u015bci Uniwersytet Warszawski&nbsp;zobowi\u0105zuje si\u0119 zapewni\u0107 dost\u0119pno\u015b\u0107 swojej strony internetowej zgodnie z przepisami ustawy z dnia 4 kwietnia 2019 r. o dost\u0119pno\u015bci cyfrowej stron internetowych i aplikacji mobilnych podmiot\u00f3w publicznych. O\u015bwiadczenie w sprawie dost\u0119pno\u015bci ma zastosowanie do strony internetowej&nbsp;wgsr.uw.edu.pl\/kgf Data publikacji strony internetowej:&nbsp;2021-03-10. Data ostatniej istotnej aktualizacji:&nbsp;2020-10-20&nbsp;. Status zgodno\u015bci z ustaw\u0105 o dost\u0119pno\u015bci cyfrowej Strona [&hellip;]<\/p>\n","protected":false},"author":2,"featured_media":0,"parent":0,"menu_order":0,"comment_status":"closed","ping_status":"closed","template":"","meta":{"footnotes":""},"class_list":["post-1667","page","type-page","status-publish","czr-hentry"],"yoast_head":"<!-- This site is optimized with the Yoast SEO plugin v21.3 - https:\/\/yoast.com\/wordpress\/plugins\/seo\/ -->\n<title>Deklaracja dost\u0119pno\u015bci - Katedra Geografii Fizycznej, Wydzia\u0142 Geografii i Studi\u00f3w Regionalnych UW<\/title>\n<meta name=\"robots\" content=\"index, follow, max-snippet:-1, max-image-preview:large, max-video-preview:-1\" \/>\n<link rel=\"canonical\" href=\"https:\/\/kgf.wgsr.uw.edu.pl\/?page_id=1667\" \/>\n<meta property=\"og:locale\" content=\"pl_PL\" \/>\n<meta property=\"og:type\" content=\"article\" \/>\n<meta property=\"og:title\" content=\"Deklaracja dost\u0119pno\u015bci - Katedra Geografii Fizycznej, Wydzia\u0142 Geografii i Studi\u00f3w Regionalnych UW\" \/>\n<meta property=\"og:description\" content=\"Deklaracja dost\u0119pno\u015bci Uniwersytet Warszawski&nbsp;zobowi\u0105zuje si\u0119 zapewni\u0107 dost\u0119pno\u015b\u0107 swojej strony internetowej zgodnie z przepisami ustawy z dnia 4 kwietnia 2019 r. o dost\u0119pno\u015bci cyfrowej stron internetowych i aplikacji mobilnych podmiot\u00f3w publicznych. O\u015bwiadczenie w sprawie dost\u0119pno\u015bci ma zastosowanie do strony internetowej&nbsp;wgsr.uw.edu.pl\/kgf Data publikacji strony internetowej:&nbsp;2021-03-10. Data ostatniej istotnej aktualizacji:&nbsp;2020-10-20&nbsp;. Status zgodno\u015bci z ustaw\u0105 o dost\u0119pno\u015bci cyfrowej Strona [&hellip;]\" \/>\n<meta property=\"og:url\" content=\"https:\/\/kgf.wgsr.uw.edu.pl\/?page_id=1667\" \/>\n<meta property=\"og:site_name\" content=\"Katedra Geografii Fizycznej, Wydzia\u0142 Geografii i Studi\u00f3w Regionalnych UW\" \/>\n<meta name=\"twitter:card\" content=\"summary_large_image\" \/>\n<meta name=\"twitter:label1\" content=\"Szacowany czas czytania\" \/>\n\t<meta name=\"twitter:data1\" content=\"6 minut\" \/>\n<script type=\"application\/ld+json\" class=\"yoast-schema-graph\">{\"@context\":\"https:\/\/schema.org\",\"@graph\":[{\"@type\":\"WebPage\",\"@id\":\"https:\/\/kgf.wgsr.uw.edu.pl\/?page_id=1667\",\"url\":\"https:\/\/kgf.wgsr.uw.edu.pl\/?page_id=1667\",\"name\":\"Deklaracja dost\u0119pno\u015bci - Katedra Geografii Fizycznej, Wydzia\u0142 Geografii i Studi\u00f3w Regionalnych UW\",\"isPartOf\":{\"@id\":\"https:\/\/kgf.wgsr.uw.edu.pl\/#website\"},\"datePublished\":\"2022-07-28T08:10:20+00:00\",\"dateModified\":\"2022-07-28T08:10:20+00:00\",\"breadcrumb\":{\"@id\":\"https:\/\/kgf.wgsr.uw.edu.pl\/?page_id=1667#breadcrumb\"},\"inLanguage\":\"pl-PL\",\"potentialAction\":[{\"@type\":\"ReadAction\",\"target\":[\"https:\/\/kgf.wgsr.uw.edu.pl\/?page_id=1667\"]}]},{\"@type\":\"BreadcrumbList\",\"@id\":\"https:\/\/kgf.wgsr.uw.edu.pl\/?page_id=1667#breadcrumb\",\"itemListElement\":[{\"@type\":\"ListItem\",\"position\":1,\"name\":\"Strona g\u0142\u00f3wna\",\"item\":\"https:\/\/kgf.wgsr.uw.edu.pl\/\"},{\"@type\":\"ListItem\",\"position\":2,\"name\":\"Deklaracja dost\u0119pno\u015bci\"}]},{\"@type\":\"WebSite\",\"@id\":\"https:\/\/kgf.wgsr.uw.edu.pl\/#website\",\"url\":\"https:\/\/kgf.wgsr.uw.edu.pl\/\",\"name\":\"Katedra Geografii Fizycznej, Wydzia\u0142 Geografii i Studi\u00f3w Regionalnych UW\",\"description\":\"\",\"publisher\":{\"@id\":\"https:\/\/kgf.wgsr.uw.edu.pl\/#organization\"},\"potentialAction\":[{\"@type\":\"SearchAction\",\"target\":{\"@type\":\"EntryPoint\",\"urlTemplate\":\"https:\/\/kgf.wgsr.uw.edu.pl\/?s={search_term_string}\"},\"query-input\":\"required name=search_term_string\"}],\"inLanguage\":\"pl-PL\"},{\"@type\":\"Organization\",\"@id\":\"https:\/\/kgf.wgsr.uw.edu.pl\/#organization\",\"name\":\"Katedra Geografii Fizycznej, Wydzia\u0142 Geografii i Studi\u00f3w Regionalnych UW\",\"url\":\"https:\/\/kgf.wgsr.uw.edu.pl\/\",\"logo\":{\"@type\":\"ImageObject\",\"inLanguage\":\"pl-PL\",\"@id\":\"https:\/\/kgf.wgsr.uw.edu.pl\/#\/schema\/logo\/image\/\",\"url\":\"https:\/\/kgf.wgsr.uw.edu.pl\/wp-content\/uploads\/2023\/08\/cropped-Katedra.png\",\"contentUrl\":\"https:\/\/kgf.wgsr.uw.edu.pl\/wp-content\/uploads\/2023\/08\/cropped-Katedra.png\",\"width\":1230,\"height\":328,\"caption\":\"Katedra Geografii Fizycznej, Wydzia\u0142 Geografii i Studi\u00f3w Regionalnych UW\"},\"image\":{\"@id\":\"https:\/\/kgf.wgsr.uw.edu.pl\/#\/schema\/logo\/image\/\"}}]}<\/script>\n<!-- \/ Yoast SEO plugin. -->","yoast_head_json":{"title":"Deklaracja dost\u0119pno\u015bci - Katedra Geografii Fizycznej, Wydzia\u0142 Geografii i Studi\u00f3w Regionalnych UW","robots":{"index":"index","follow":"follow","max-snippet":"max-snippet:-1","max-image-preview":"max-image-preview:large","max-video-preview":"max-video-preview:-1"},"canonical":"https:\/\/kgf.wgsr.uw.edu.pl\/?page_id=1667","og_locale":"pl_PL","og_type":"article","og_title":"Deklaracja dost\u0119pno\u015bci - Katedra Geografii Fizycznej, Wydzia\u0142 Geografii i Studi\u00f3w Regionalnych UW","og_description":"Deklaracja dost\u0119pno\u015bci Uniwersytet Warszawski&nbsp;zobowi\u0105zuje si\u0119 zapewni\u0107 dost\u0119pno\u015b\u0107 swojej strony internetowej zgodnie z przepisami ustawy z dnia 4 kwietnia 2019 r. o dost\u0119pno\u015bci cyfrowej stron internetowych i aplikacji mobilnych podmiot\u00f3w publicznych. O\u015bwiadczenie w sprawie dost\u0119pno\u015bci ma zastosowanie do strony internetowej&nbsp;wgsr.uw.edu.pl\/kgf Data publikacji strony internetowej:&nbsp;2021-03-10. Data ostatniej istotnej aktualizacji:&nbsp;2020-10-20&nbsp;. Status zgodno\u015bci z ustaw\u0105 o dost\u0119pno\u015bci cyfrowej Strona [&hellip;]","og_url":"https:\/\/kgf.wgsr.uw.edu.pl\/?page_id=1667","og_site_name":"Katedra Geografii Fizycznej, Wydzia\u0142 Geografii i Studi\u00f3w Regionalnych UW","twitter_card":"summary_large_image","twitter_misc":{"Szacowany czas czytania":"6 minut"},"schema":{"@context":"https:\/\/schema.org","@graph":[{"@type":"WebPage","@id":"https:\/\/kgf.wgsr.uw.edu.pl\/?page_id=1667","url":"https:\/\/kgf.wgsr.uw.edu.pl\/?page_id=1667","name":"Deklaracja dost\u0119pno\u015bci - Katedra Geografii Fizycznej, Wydzia\u0142 Geografii i Studi\u00f3w Regionalnych UW","isPartOf":{"@id":"https:\/\/kgf.wgsr.uw.edu.pl\/#website"},"datePublished":"2022-07-28T08:10:20+00:00","dateModified":"2022-07-28T08:10:20+00:00","breadcrumb":{"@id":"https:\/\/kgf.wgsr.uw.edu.pl\/?page_id=1667#breadcrumb"},"inLanguage":"pl-PL","potentialAction":[{"@type":"ReadAction","target":["https:\/\/kgf.wgsr.uw.edu.pl\/?page_id=1667"]}]},{"@type":"BreadcrumbList","@id":"https:\/\/kgf.wgsr.uw.edu.pl\/?page_id=1667#breadcrumb","itemListElement":[{"@type":"ListItem","position":1,"name":"Strona g\u0142\u00f3wna","item":"https:\/\/kgf.wgsr.uw.edu.pl\/"},{"@type":"ListItem","position":2,"name":"Deklaracja dost\u0119pno\u015bci"}]},{"@type":"WebSite","@id":"https:\/\/kgf.wgsr.uw.edu.pl\/#website","url":"https:\/\/kgf.wgsr.uw.edu.pl\/","name":"Katedra Geografii Fizycznej, Wydzia\u0142 Geografii i Studi\u00f3w Regionalnych UW","description":"","publisher":{"@id":"https:\/\/kgf.wgsr.uw.edu.pl\/#organization"},"potentialAction":[{"@type":"SearchAction","target":{"@type":"EntryPoint","urlTemplate":"https:\/\/kgf.wgsr.uw.edu.pl\/?s={search_term_string}"},"query-input":"required name=search_term_string"}],"inLanguage":"pl-PL"},{"@type":"Organization","@id":"https:\/\/kgf.wgsr.uw.edu.pl\/#organization","name":"Katedra Geografii Fizycznej, Wydzia\u0142 Geografii i Studi\u00f3w Regionalnych UW","url":"https:\/\/kgf.wgsr.uw.edu.pl\/","logo":{"@type":"ImageObject","inLanguage":"pl-PL","@id":"https:\/\/kgf.wgsr.uw.edu.pl\/#\/schema\/logo\/image\/","url":"https:\/\/kgf.wgsr.uw.edu.pl\/wp-content\/uploads\/2023\/08\/cropped-Katedra.png","contentUrl":"https:\/\/kgf.wgsr.uw.edu.pl\/wp-content\/uploads\/2023\/08\/cropped-Katedra.png","width":1230,"height":328,"caption":"Katedra Geografii Fizycznej, Wydzia\u0142 Geografii i Studi\u00f3w Regionalnych UW"},"image":{"@id":"https:\/\/kgf.wgsr.uw.edu.pl\/#\/schema\/logo\/image\/"}}]}},"_links":{"self":[{"href":"https:\/\/kgf.wgsr.uw.edu.pl\/index.php?rest_route=\/wp\/v2\/pages\/1667","targetHints":{"allow":["GET"]}}],"collection":[{"href":"https:\/\/kgf.wgsr.uw.edu.pl\/index.php?rest_route=\/wp\/v2\/pages"}],"about":[{"href":"https:\/\/kgf.wgsr.uw.edu.pl\/index.php?rest_route=\/wp\/v2\/types\/page"}],"author":[{"embeddable":true,"href":"https:\/\/kgf.wgsr.uw.edu.pl\/index.php?rest_route=\/wp\/v2\/users\/2"}],"replies":[{"embeddable":true,"href":"https:\/\/kgf.wgsr.uw.edu.pl\/index.php?rest_route=%2Fwp%2Fv2%2Fcomments&post=1667"}],"version-history":[{"count":0,"href":"https:\/\/kgf.wgsr.uw.edu.pl\/index.php?rest_route=\/wp\/v2\/pages\/1667\/revisions"}],"wp:attachment":[{"href":"https:\/\/kgf.wgsr.uw.edu.pl\/index.php?rest_route=%2Fwp%2Fv2%2Fmedia&parent=1667"}],"curies":[{"name":"wp","href":"https:\/\/api.w.org\/{rel}","templated":true}]}}