{"id":1612,"date":"2022-06-01T11:17:11","date_gmt":"2022-06-01T09:17:11","guid":{"rendered":"https:\/\/wgsr.uw.edu.pl\/kgf\/?page_id=1612"},"modified":"2023-10-18T11:07:25","modified_gmt":"2023-10-18T11:07:25","slug":"zebrania-zakladu-klimatologii","status":"publish","type":"page","link":"https:\/\/kgf.wgsr.uw.edu.pl\/?page_id=1612","title":{"rendered":"Zebrania Zak\u0142adu Klimatologii"},"content":{"rendered":"\r\n<p class=\"has-text-align-center\"><a href=\"https:\/\/kgf.wgsr.uw.edu.pl\/?page_id=91\">O nas<\/a> \u2013 <a href=\"https:\/\/kgf.wgsr.uw.edu.pl\/?page_id=416\">Zesp\u00f3\u0142<\/a> \u2013 <a href=\"https:\/\/kgf.wgsr.uw.edu.pl\/?page_id=419\">Dzia\u0142alno\u015b\u0107 naukowa<\/a> \u2013 <a href=\"https:\/\/kgf.wgsr.uw.edu.pl\/?page_id=423\">Dydaktyka<\/a> \u2013 <strong>Zebrania Zak\u0142adu<\/strong> \u2013 <a href=\"https:\/\/kgf.wgsr.uw.edu.pl\/?page_id=430\">Historia<\/a><\/p>\r\n\r\n<p>&nbsp;<\/p>\r\n\r\n<h3 class=\"wp-block-heading\"><strong>Zebrania w semestrze letnim 2021\/2022<\/strong><\/h3>\r\n\r\n\r\n\r\n<p><strong>23 marca 2022 r.<\/strong> \u2013 mgr A. Surowiecki \u201e<em>Uwarunkowania wyst\u0119powania mezoskalowych uk\u0142ad\u00f3w konwekcyjnych (MCS) na obszarze Polski i Europy<\/em>\u201d<\/p>\r\n\r\n\r\n\r\n<p><strong>6 kwietnia 2022 r.<\/strong> \u2013 mgr I. Wojciechowska \u201e<em>Trends in cloud types over Poland based on MODIS cloud optical and top properties (2003-2021)<\/em>\u201d<\/p>\r\n\r\n\r\n\r\n<p><strong>11 maja 2022 r.<\/strong> \u2013 dr hab. E. \u017bmudzka, prof. ucz., zebranie po\u015bwi\u0119cone dydaktyce<\/p>\r\n\r\n\r\n\r\n<p><strong>1 czerwca 2022<\/strong> \u2013 dr K. Jarzyna \u201e<em>Pr\u00f3ba oszacowania zmian czasowych fenofaz mniszka lekarskiego (Taraxacum officinale) na podstawie obserwacji prowadzonych w Krakowie w latach 2017-2022<\/em>\u201d<\/p>\r\n","protected":false},"excerpt":{"rendered":"<p>O nas \u2013 Zesp\u00f3\u0142 \u2013 Dzia\u0142alno\u015b\u0107 naukowa \u2013 Dydaktyka \u2013 Zebrania Zak\u0142adu \u2013 Historia &nbsp; Zebrania w semestrze letnim 2021\/2022 23 marca 2022 r. \u2013 mgr A. Surowiecki \u201eUwarunkowania wyst\u0119powania mezoskalowych uk\u0142ad\u00f3w konwekcyjnych (MCS) na obszarze Polski i Europy\u201d 6 kwietnia 2022 r. \u2013 mgr I. Wojciechowska \u201eTrends in cloud types over Poland based on [&hellip;]<\/p>\n","protected":false},"author":6,"featured_media":0,"parent":91,"menu_order":5,"comment_status":"closed","ping_status":"closed","template":"","meta":{"footnotes":""},"class_list":["post-1612","page","type-page","status-publish","czr-hentry"],"yoast_head":"<!-- This site is optimized with the Yoast SEO plugin v21.3 - https:\/\/yoast.com\/wordpress\/plugins\/seo\/ -->\n<title>Zebrania Zak\u0142adu Klimatologii - Katedra Geografii Fizycznej, Wydzia\u0142 Geografii i Studi\u00f3w Regionalnych UW<\/title>\n<meta name=\"robots\" content=\"index, follow, max-snippet:-1, max-image-preview:large, max-video-preview:-1\" \/>\n<link rel=\"canonical\" href=\"https:\/\/kgf.wgsr.uw.edu.pl\/?page_id=1612\" \/>\n<meta property=\"og:locale\" content=\"pl_PL\" \/>\n<meta property=\"og:type\" content=\"article\" \/>\n<meta property=\"og:title\" content=\"Zebrania Zak\u0142adu Klimatologii - Katedra Geografii Fizycznej, Wydzia\u0142 Geografii i Studi\u00f3w Regionalnych UW\" \/>\n<meta property=\"og:description\" content=\"O nas \u2013 Zesp\u00f3\u0142 \u2013 Dzia\u0142alno\u015b\u0107 naukowa \u2013 Dydaktyka \u2013 Zebrania Zak\u0142adu \u2013 Historia &nbsp; Zebrania w semestrze letnim 2021\/2022 23 marca 2022 r. \u2013 mgr A. Surowiecki \u201eUwarunkowania wyst\u0119powania mezoskalowych uk\u0142ad\u00f3w konwekcyjnych (MCS) na obszarze Polski i Europy\u201d 6 kwietnia 2022 r. \u2013 mgr I. Wojciechowska \u201eTrends in cloud types over Poland based on [&hellip;]\" \/>\n<meta property=\"og:url\" content=\"https:\/\/kgf.wgsr.uw.edu.pl\/?page_id=1612\" \/>\n<meta property=\"og:site_name\" content=\"Katedra Geografii Fizycznej, Wydzia\u0142 Geografii i Studi\u00f3w Regionalnych UW\" \/>\n<meta property=\"article:modified_time\" content=\"2023-10-18T11:07:25+00:00\" \/>\n<meta name=\"twitter:card\" content=\"summary_large_image\" \/>\n<meta name=\"twitter:label1\" content=\"Szacowany czas czytania\" \/>\n\t<meta name=\"twitter:data1\" content=\"1 minuta\" \/>\n<script type=\"application\/ld+json\" class=\"yoast-schema-graph\">{\"@context\":\"https:\/\/schema.org\",\"@graph\":[{\"@type\":\"WebPage\",\"@id\":\"https:\/\/kgf.wgsr.uw.edu.pl\/?page_id=1612\",\"url\":\"https:\/\/kgf.wgsr.uw.edu.pl\/?page_id=1612\",\"name\":\"Zebrania Zak\u0142adu Klimatologii - Katedra Geografii Fizycznej, Wydzia\u0142 Geografii i Studi\u00f3w Regionalnych UW\",\"isPartOf\":{\"@id\":\"https:\/\/kgf.wgsr.uw.edu.pl\/#website\"},\"datePublished\":\"2022-06-01T09:17:11+00:00\",\"dateModified\":\"2023-10-18T11:07:25+00:00\",\"breadcrumb\":{\"@id\":\"https:\/\/kgf.wgsr.uw.edu.pl\/?page_id=1612#breadcrumb\"},\"inLanguage\":\"pl-PL\",\"potentialAction\":[{\"@type\":\"ReadAction\",\"target\":[\"https:\/\/kgf.wgsr.uw.edu.pl\/?page_id=1612\"]}]},{\"@type\":\"BreadcrumbList\",\"@id\":\"https:\/\/kgf.wgsr.uw.edu.pl\/?page_id=1612#breadcrumb\",\"itemListElement\":[{\"@type\":\"ListItem\",\"position\":1,\"name\":\"Strona g\u0142\u00f3wna\",\"item\":\"https:\/\/kgf.wgsr.uw.edu.pl\/\"},{\"@type\":\"ListItem\",\"position\":2,\"name\":\"Zak\u0142ad Klimatologii\",\"item\":\"https:\/\/kgf.wgsr.uw.edu.pl\/?page_id=91\"},{\"@type\":\"ListItem\",\"position\":3,\"name\":\"Zebrania Zak\u0142adu Klimatologii\"}]},{\"@type\":\"WebSite\",\"@id\":\"https:\/\/kgf.wgsr.uw.edu.pl\/#website\",\"url\":\"https:\/\/kgf.wgsr.uw.edu.pl\/\",\"name\":\"Katedra Geografii Fizycznej, Wydzia\u0142 Geografii i Studi\u00f3w Regionalnych UW\",\"description\":\"\",\"publisher\":{\"@id\":\"https:\/\/kgf.wgsr.uw.edu.pl\/#organization\"},\"potentialAction\":[{\"@type\":\"SearchAction\",\"target\":{\"@type\":\"EntryPoint\",\"urlTemplate\":\"https:\/\/kgf.wgsr.uw.edu.pl\/?s={search_term_string}\"},\"query-input\":\"required name=search_term_string\"}],\"inLanguage\":\"pl-PL\"},{\"@type\":\"Organization\",\"@id\":\"https:\/\/kgf.wgsr.uw.edu.pl\/#organization\",\"name\":\"Katedra Geografii Fizycznej, Wydzia\u0142 Geografii i Studi\u00f3w Regionalnych UW\",\"url\":\"https:\/\/kgf.wgsr.uw.edu.pl\/\",\"logo\":{\"@type\":\"ImageObject\",\"inLanguage\":\"pl-PL\",\"@id\":\"https:\/\/kgf.wgsr.uw.edu.pl\/#\/schema\/logo\/image\/\",\"url\":\"https:\/\/kgf.wgsr.uw.edu.pl\/wp-content\/uploads\/2023\/08\/cropped-Katedra.png\",\"contentUrl\":\"https:\/\/kgf.wgsr.uw.edu.pl\/wp-content\/uploads\/2023\/08\/cropped-Katedra.png\",\"width\":1230,\"height\":328,\"caption\":\"Katedra Geografii Fizycznej, Wydzia\u0142 Geografii i Studi\u00f3w Regionalnych UW\"},\"image\":{\"@id\":\"https:\/\/kgf.wgsr.uw.edu.pl\/#\/schema\/logo\/image\/\"}}]}<\/script>\n<!-- \/ Yoast SEO plugin. -->","yoast_head_json":{"title":"Zebrania Zak\u0142adu Klimatologii - Katedra Geografii Fizycznej, Wydzia\u0142 Geografii i Studi\u00f3w Regionalnych UW","robots":{"index":"index","follow":"follow","max-snippet":"max-snippet:-1","max-image-preview":"max-image-preview:large","max-video-preview":"max-video-preview:-1"},"canonical":"https:\/\/kgf.wgsr.uw.edu.pl\/?page_id=1612","og_locale":"pl_PL","og_type":"article","og_title":"Zebrania Zak\u0142adu Klimatologii - Katedra Geografii Fizycznej, Wydzia\u0142 Geografii i Studi\u00f3w Regionalnych UW","og_description":"O nas \u2013 Zesp\u00f3\u0142 \u2013 Dzia\u0142alno\u015b\u0107 naukowa \u2013 Dydaktyka \u2013 Zebrania Zak\u0142adu \u2013 Historia &nbsp; Zebrania w semestrze letnim 2021\/2022 23 marca 2022 r. \u2013 mgr A. Surowiecki \u201eUwarunkowania wyst\u0119powania mezoskalowych uk\u0142ad\u00f3w konwekcyjnych (MCS) na obszarze Polski i Europy\u201d 6 kwietnia 2022 r. \u2013 mgr I. Wojciechowska \u201eTrends in cloud types over Poland based on [&hellip;]","og_url":"https:\/\/kgf.wgsr.uw.edu.pl\/?page_id=1612","og_site_name":"Katedra Geografii Fizycznej, Wydzia\u0142 Geografii i Studi\u00f3w Regionalnych UW","article_modified_time":"2023-10-18T11:07:25+00:00","twitter_card":"summary_large_image","twitter_misc":{"Szacowany czas czytania":"1 minuta"},"schema":{"@context":"https:\/\/schema.org","@graph":[{"@type":"WebPage","@id":"https:\/\/kgf.wgsr.uw.edu.pl\/?page_id=1612","url":"https:\/\/kgf.wgsr.uw.edu.pl\/?page_id=1612","name":"Zebrania Zak\u0142adu Klimatologii - Katedra Geografii Fizycznej, Wydzia\u0142 Geografii i Studi\u00f3w Regionalnych UW","isPartOf":{"@id":"https:\/\/kgf.wgsr.uw.edu.pl\/#website"},"datePublished":"2022-06-01T09:17:11+00:00","dateModified":"2023-10-18T11:07:25+00:00","breadcrumb":{"@id":"https:\/\/kgf.wgsr.uw.edu.pl\/?page_id=1612#breadcrumb"},"inLanguage":"pl-PL","potentialAction":[{"@type":"ReadAction","target":["https:\/\/kgf.wgsr.uw.edu.pl\/?page_id=1612"]}]},{"@type":"BreadcrumbList","@id":"https:\/\/kgf.wgsr.uw.edu.pl\/?page_id=1612#breadcrumb","itemListElement":[{"@type":"ListItem","position":1,"name":"Strona g\u0142\u00f3wna","item":"https:\/\/kgf.wgsr.uw.edu.pl\/"},{"@type":"ListItem","position":2,"name":"Zak\u0142ad Klimatologii","item":"https:\/\/kgf.wgsr.uw.edu.pl\/?page_id=91"},{"@type":"ListItem","position":3,"name":"Zebrania Zak\u0142adu Klimatologii"}]},{"@type":"WebSite","@id":"https:\/\/kgf.wgsr.uw.edu.pl\/#website","url":"https:\/\/kgf.wgsr.uw.edu.pl\/","name":"Katedra Geografii Fizycznej, Wydzia\u0142 Geografii i Studi\u00f3w Regionalnych UW","description":"","publisher":{"@id":"https:\/\/kgf.wgsr.uw.edu.pl\/#organization"},"potentialAction":[{"@type":"SearchAction","target":{"@type":"EntryPoint","urlTemplate":"https:\/\/kgf.wgsr.uw.edu.pl\/?s={search_term_string}"},"query-input":"required name=search_term_string"}],"inLanguage":"pl-PL"},{"@type":"Organization","@id":"https:\/\/kgf.wgsr.uw.edu.pl\/#organization","name":"Katedra Geografii Fizycznej, Wydzia\u0142 Geografii i Studi\u00f3w Regionalnych UW","url":"https:\/\/kgf.wgsr.uw.edu.pl\/","logo":{"@type":"ImageObject","inLanguage":"pl-PL","@id":"https:\/\/kgf.wgsr.uw.edu.pl\/#\/schema\/logo\/image\/","url":"https:\/\/kgf.wgsr.uw.edu.pl\/wp-content\/uploads\/2023\/08\/cropped-Katedra.png","contentUrl":"https:\/\/kgf.wgsr.uw.edu.pl\/wp-content\/uploads\/2023\/08\/cropped-Katedra.png","width":1230,"height":328,"caption":"Katedra Geografii Fizycznej, Wydzia\u0142 Geografii i Studi\u00f3w Regionalnych UW"},"image":{"@id":"https:\/\/kgf.wgsr.uw.edu.pl\/#\/schema\/logo\/image\/"}}]}},"_links":{"self":[{"href":"https:\/\/kgf.wgsr.uw.edu.pl\/index.php?rest_route=\/wp\/v2\/pages\/1612","targetHints":{"allow":["GET"]}}],"collection":[{"href":"https:\/\/kgf.wgsr.uw.edu.pl\/index.php?rest_route=\/wp\/v2\/pages"}],"about":[{"href":"https:\/\/kgf.wgsr.uw.edu.pl\/index.php?rest_route=\/wp\/v2\/types\/page"}],"author":[{"embeddable":true,"href":"https:\/\/kgf.wgsr.uw.edu.pl\/index.php?rest_route=\/wp\/v2\/users\/6"}],"replies":[{"embeddable":true,"href":"https:\/\/kgf.wgsr.uw.edu.pl\/index.php?rest_route=%2Fwp%2Fv2%2Fcomments&post=1612"}],"version-history":[{"count":1,"href":"https:\/\/kgf.wgsr.uw.edu.pl\/index.php?rest_route=\/wp\/v2\/pages\/1612\/revisions"}],"predecessor-version":[{"id":2606,"href":"https:\/\/kgf.wgsr.uw.edu.pl\/index.php?rest_route=\/wp\/v2\/pages\/1612\/revisions\/2606"}],"up":[{"embeddable":true,"href":"https:\/\/kgf.wgsr.uw.edu.pl\/index.php?rest_route=\/wp\/v2\/pages\/91"}],"wp:attachment":[{"href":"https:\/\/kgf.wgsr.uw.edu.pl\/index.php?rest_route=%2Fwp%2Fv2%2Fmedia&parent=1612"}],"curies":[{"name":"wp","href":"https:\/\/api.w.org\/{rel}","templated":true}]}}