{"id":1214,"date":"2021-09-28T15:10:13","date_gmt":"2021-09-28T13:10:13","guid":{"rendered":"https:\/\/wgsr.uw.edu.pl\/kgf\/?page_id=1214"},"modified":"2021-09-28T15:10:13","modified_gmt":"2021-09-28T13:10:13","slug":"iwona-szumacher","status":"publish","type":"page","link":"https:\/\/kgf.wgsr.uw.edu.pl\/?page_id=1214","title":{"rendered":"Iwona Szumacher"},"content":{"rendered":"\n<div class=\"wp-block-columns is-layout-flex wp-container-core-columns-is-layout-9d6595d7 wp-block-columns-is-layout-flex\">\n<div class=\"wp-block-column is-layout-flow wp-block-column-is-layout-flow\" style=\"flex-basis:33.33%\">\n<figure class=\"wp-block-image size-full is-style-default\"><img decoding=\"async\" src=\"https:\/\/wgsr.uw.edu.pl\/kgf\/wp-content\/uploads\/2021\/09\/243121986_1334570856957397_8767046928729516976_n-1.png\" alt=\"\" class=\"wp-image-1217\"\/><\/figure>\n<\/div>\n\n\n\n<div class=\"wp-block-column is-layout-flow wp-block-column-is-layout-flow\" style=\"flex-basis:66.66%\">\n<p><strong>Tytu\u0142 \/ stopie\u0144 naukowy: <\/strong>doktor<\/p>\n\n\n\n<p><strong>Stanowisko: <\/strong>adiunkt<\/p>\n\n\n\n<p><strong>Pe\u0142nione funkcje:<\/strong> redaktor tematyczny w <em>Miscellanea Geographica<\/em><\/p>\n\n\n\n<p><strong>Jednostka:<\/strong> Zak\u0142ad Geoekologii<\/p>\n\n\n\n<p>Nr pokoju: 304<br>Tel.&nbsp; <br><a href=\"mailto:szumi@uw.edu.pl\">wy\u015blij e-mail<\/a><\/p>\n<\/div>\n<\/div>\n\n\n\n<h3 class=\"wp-block-heading\">Zainteresowania naukowe<\/h3>\n\n\n\n<p>us\u0142ugi ekosystemowe (ecosystem services), ekologia miasta<\/p>\n\n\n\n<h3 class=\"wp-block-heading\">Publikacje<\/h3>\n\n\n\n<p><a href=\"https:\/\/orcid.org\/0000-0003-1419-0477\">Publikacje na stronie ORCID <\/a><\/p>\n\n\n\n<p><a href=\"https:\/\/www.researchgate.net\/profile\/Iwona-Szumacher\">Publikacje na ResearchGate<\/a><\/p>\n\n\n\n<h3 class=\"wp-block-heading\">Wypromowane prace<\/h3>\n\n\n\n<p><a href=\"https:\/\/apd.uw.edu.pl\/users\/theses\/99815\/diploma\/supervisor\/?exam_year=all&amp;deliver_cycle=all&amp;type=all&amp;fbclid=IwAR1HMsy8scr4lZeAifiTuqA_YNtQz9E-d32Gws71br0OBsXHpTJyNsBvNXA&amp;_s=1\">Spis prac w Archiwum Prac Dyplomowych<\/a><\/p>\n","protected":false},"excerpt":{"rendered":"<p>Tytu\u0142 \/ stopie\u0144 naukowy: doktor Stanowisko: adiunkt Pe\u0142nione funkcje: redaktor tematyczny w Miscellanea Geographica Jednostka: Zak\u0142ad Geoekologii Nr pokoju: 304Tel.&nbsp; wy\u015blij e-mail Zainteresowania naukowe us\u0142ugi ekosystemowe (ecosystem services), ekologia miasta Publikacje Publikacje na stronie ORCID Publikacje na ResearchGate Wypromowane prace Spis prac w Archiwum Prac Dyplomowych<\/p>\n","protected":false},"author":3,"featured_media":0,"parent":193,"menu_order":0,"comment_status":"closed","ping_status":"closed","template":"","meta":{"footnotes":""},"class_list":["post-1214","page","type-page","status-publish","czr-hentry"],"yoast_head":"<!-- This site is optimized with the Yoast SEO plugin v27.4 - https:\/\/yoast.com\/product\/yoast-seo-wordpress\/ -->\n<title>Iwona Szumacher - Katedra Geografii Fizycznej, Wydzia\u0142 Geografii i Studi\u00f3w Regionalnych UW<\/title>\n<meta name=\"robots\" content=\"index, follow, max-snippet:-1, max-image-preview:large, max-video-preview:-1\" \/>\n<link rel=\"canonical\" href=\"https:\/\/kgf.wgsr.uw.edu.pl\/?page_id=1214\" \/>\n<meta property=\"og:locale\" content=\"pl_PL\" \/>\n<meta property=\"og:type\" content=\"article\" \/>\n<meta property=\"og:title\" content=\"Iwona Szumacher - Katedra Geografii Fizycznej, Wydzia\u0142 Geografii i Studi\u00f3w Regionalnych UW\" \/>\n<meta property=\"og:description\" content=\"Tytu\u0142 \/ stopie\u0144 naukowy: doktor Stanowisko: adiunkt Pe\u0142nione funkcje: redaktor tematyczny w Miscellanea Geographica Jednostka: Zak\u0142ad Geoekologii Nr pokoju: 304Tel.&nbsp; wy\u015blij e-mail Zainteresowania naukowe us\u0142ugi ekosystemowe (ecosystem services), ekologia miasta Publikacje Publikacje na stronie ORCID Publikacje na ResearchGate Wypromowane prace Spis prac w Archiwum Prac Dyplomowych\" \/>\n<meta property=\"og:url\" content=\"https:\/\/kgf.wgsr.uw.edu.pl\/?page_id=1214\" \/>\n<meta property=\"og:site_name\" content=\"Katedra Geografii Fizycznej, Wydzia\u0142 Geografii i Studi\u00f3w Regionalnych UW\" \/>\n<meta property=\"og:image\" content=\"https:\/\/wgsr.uw.edu.pl\/kgf\/wp-content\/uploads\/2021\/09\/243121986_1334570856957397_8767046928729516976_n-1.png\" \/>\n<meta name=\"twitter:card\" content=\"summary_large_image\" \/>\n<meta name=\"twitter:label1\" content=\"Szacowany czas czytania\" \/>\n\t<meta name=\"twitter:data1\" content=\"1 minuta\" \/>\n<script type=\"application\/ld+json\" class=\"yoast-schema-graph\">{\"@context\":\"https:\\\/\\\/schema.org\",\"@graph\":[{\"@type\":\"WebPage\",\"@id\":\"https:\\\/\\\/kgf.wgsr.uw.edu.pl\\\/?page_id=1214\",\"url\":\"https:\\\/\\\/kgf.wgsr.uw.edu.pl\\\/?page_id=1214\",\"name\":\"Iwona Szumacher - Katedra Geografii Fizycznej, Wydzia\u0142 Geografii i Studi\u00f3w Regionalnych UW\",\"isPartOf\":{\"@id\":\"https:\\\/\\\/kgf.wgsr.uw.edu.pl\\\/#website\"},\"primaryImageOfPage\":{\"@id\":\"https:\\\/\\\/kgf.wgsr.uw.edu.pl\\\/?page_id=1214#primaryimage\"},\"image\":{\"@id\":\"https:\\\/\\\/kgf.wgsr.uw.edu.pl\\\/?page_id=1214#primaryimage\"},\"thumbnailUrl\":\"https:\\\/\\\/wgsr.uw.edu.pl\\\/kgf\\\/wp-content\\\/uploads\\\/2021\\\/09\\\/243121986_1334570856957397_8767046928729516976_n-1.png\",\"datePublished\":\"2021-09-28T13:10:13+00:00\",\"breadcrumb\":{\"@id\":\"https:\\\/\\\/kgf.wgsr.uw.edu.pl\\\/?page_id=1214#breadcrumb\"},\"inLanguage\":\"pl-PL\",\"potentialAction\":[{\"@type\":\"ReadAction\",\"target\":[\"https:\\\/\\\/kgf.wgsr.uw.edu.pl\\\/?page_id=1214\"]}]},{\"@type\":\"ImageObject\",\"inLanguage\":\"pl-PL\",\"@id\":\"https:\\\/\\\/kgf.wgsr.uw.edu.pl\\\/?page_id=1214#primaryimage\",\"url\":\"https:\\\/\\\/wgsr.uw.edu.pl\\\/kgf\\\/wp-content\\\/uploads\\\/2021\\\/09\\\/243121986_1334570856957397_8767046928729516976_n-1.png\",\"contentUrl\":\"https:\\\/\\\/wgsr.uw.edu.pl\\\/kgf\\\/wp-content\\\/uploads\\\/2021\\\/09\\\/243121986_1334570856957397_8767046928729516976_n-1.png\"},{\"@type\":\"BreadcrumbList\",\"@id\":\"https:\\\/\\\/kgf.wgsr.uw.edu.pl\\\/?page_id=1214#breadcrumb\",\"itemListElement\":[{\"@type\":\"ListItem\",\"position\":1,\"name\":\"Strona g\u0142\u00f3wna\",\"item\":\"https:\\\/\\\/kgf.wgsr.uw.edu.pl\\\/\"},{\"@type\":\"ListItem\",\"position\":2,\"name\":\"Pracownicy Katedry Geografii Fizycznej\",\"item\":\"https:\\\/\\\/kgf.wgsr.uw.edu.pl\\\/?page_id=193\"},{\"@type\":\"ListItem\",\"position\":3,\"name\":\"Iwona Szumacher\"}]},{\"@type\":\"WebSite\",\"@id\":\"https:\\\/\\\/kgf.wgsr.uw.edu.pl\\\/#website\",\"url\":\"https:\\\/\\\/kgf.wgsr.uw.edu.pl\\\/\",\"name\":\"Katedra Geografii Fizycznej, Wydzia\u0142 Geografii i Studi\u00f3w Regionalnych UW\",\"description\":\"\",\"publisher\":{\"@id\":\"https:\\\/\\\/kgf.wgsr.uw.edu.pl\\\/#organization\"},\"potentialAction\":[{\"@type\":\"SearchAction\",\"target\":{\"@type\":\"EntryPoint\",\"urlTemplate\":\"https:\\\/\\\/kgf.wgsr.uw.edu.pl\\\/?s={search_term_string}\"},\"query-input\":{\"@type\":\"PropertyValueSpecification\",\"valueRequired\":true,\"valueName\":\"search_term_string\"}}],\"inLanguage\":\"pl-PL\"},{\"@type\":\"Organization\",\"@id\":\"https:\\\/\\\/kgf.wgsr.uw.edu.pl\\\/#organization\",\"name\":\"Katedra Geografii Fizycznej, Wydzia\u0142 Geografii i Studi\u00f3w Regionalnych UW\",\"url\":\"https:\\\/\\\/kgf.wgsr.uw.edu.pl\\\/\",\"logo\":{\"@type\":\"ImageObject\",\"inLanguage\":\"pl-PL\",\"@id\":\"https:\\\/\\\/kgf.wgsr.uw.edu.pl\\\/#\\\/schema\\\/logo\\\/image\\\/\",\"url\":\"https:\\\/\\\/kgf.wgsr.uw.edu.pl\\\/wp-content\\\/uploads\\\/2023\\\/08\\\/cropped-Katedra.png\",\"contentUrl\":\"https:\\\/\\\/kgf.wgsr.uw.edu.pl\\\/wp-content\\\/uploads\\\/2023\\\/08\\\/cropped-Katedra.png\",\"width\":1230,\"height\":328,\"caption\":\"Katedra Geografii Fizycznej, Wydzia\u0142 Geografii i Studi\u00f3w Regionalnych UW\"},\"image\":{\"@id\":\"https:\\\/\\\/kgf.wgsr.uw.edu.pl\\\/#\\\/schema\\\/logo\\\/image\\\/\"}}]}<\/script>\n<!-- \/ Yoast SEO plugin. -->","yoast_head_json":{"title":"Iwona Szumacher - Katedra Geografii Fizycznej, Wydzia\u0142 Geografii i Studi\u00f3w Regionalnych UW","robots":{"index":"index","follow":"follow","max-snippet":"max-snippet:-1","max-image-preview":"max-image-preview:large","max-video-preview":"max-video-preview:-1"},"canonical":"https:\/\/kgf.wgsr.uw.edu.pl\/?page_id=1214","og_locale":"pl_PL","og_type":"article","og_title":"Iwona Szumacher - Katedra Geografii Fizycznej, Wydzia\u0142 Geografii i Studi\u00f3w Regionalnych UW","og_description":"Tytu\u0142 \/ stopie\u0144 naukowy: doktor Stanowisko: adiunkt Pe\u0142nione funkcje: redaktor tematyczny w Miscellanea Geographica Jednostka: Zak\u0142ad Geoekologii Nr pokoju: 304Tel.&nbsp; wy\u015blij e-mail Zainteresowania naukowe us\u0142ugi ekosystemowe (ecosystem services), ekologia miasta Publikacje Publikacje na stronie ORCID Publikacje na ResearchGate Wypromowane prace Spis prac w Archiwum Prac Dyplomowych","og_url":"https:\/\/kgf.wgsr.uw.edu.pl\/?page_id=1214","og_site_name":"Katedra Geografii Fizycznej, Wydzia\u0142 Geografii i Studi\u00f3w Regionalnych UW","og_image":[{"url":"https:\/\/wgsr.uw.edu.pl\/kgf\/wp-content\/uploads\/2021\/09\/243121986_1334570856957397_8767046928729516976_n-1.png","type":"","width":"","height":""}],"twitter_card":"summary_large_image","twitter_misc":{"Szacowany czas czytania":"1 minuta"},"schema":{"@context":"https:\/\/schema.org","@graph":[{"@type":"WebPage","@id":"https:\/\/kgf.wgsr.uw.edu.pl\/?page_id=1214","url":"https:\/\/kgf.wgsr.uw.edu.pl\/?page_id=1214","name":"Iwona Szumacher - Katedra Geografii Fizycznej, Wydzia\u0142 Geografii i Studi\u00f3w Regionalnych UW","isPartOf":{"@id":"https:\/\/kgf.wgsr.uw.edu.pl\/#website"},"primaryImageOfPage":{"@id":"https:\/\/kgf.wgsr.uw.edu.pl\/?page_id=1214#primaryimage"},"image":{"@id":"https:\/\/kgf.wgsr.uw.edu.pl\/?page_id=1214#primaryimage"},"thumbnailUrl":"https:\/\/wgsr.uw.edu.pl\/kgf\/wp-content\/uploads\/2021\/09\/243121986_1334570856957397_8767046928729516976_n-1.png","datePublished":"2021-09-28T13:10:13+00:00","breadcrumb":{"@id":"https:\/\/kgf.wgsr.uw.edu.pl\/?page_id=1214#breadcrumb"},"inLanguage":"pl-PL","potentialAction":[{"@type":"ReadAction","target":["https:\/\/kgf.wgsr.uw.edu.pl\/?page_id=1214"]}]},{"@type":"ImageObject","inLanguage":"pl-PL","@id":"https:\/\/kgf.wgsr.uw.edu.pl\/?page_id=1214#primaryimage","url":"https:\/\/wgsr.uw.edu.pl\/kgf\/wp-content\/uploads\/2021\/09\/243121986_1334570856957397_8767046928729516976_n-1.png","contentUrl":"https:\/\/wgsr.uw.edu.pl\/kgf\/wp-content\/uploads\/2021\/09\/243121986_1334570856957397_8767046928729516976_n-1.png"},{"@type":"BreadcrumbList","@id":"https:\/\/kgf.wgsr.uw.edu.pl\/?page_id=1214#breadcrumb","itemListElement":[{"@type":"ListItem","position":1,"name":"Strona g\u0142\u00f3wna","item":"https:\/\/kgf.wgsr.uw.edu.pl\/"},{"@type":"ListItem","position":2,"name":"Pracownicy Katedry Geografii Fizycznej","item":"https:\/\/kgf.wgsr.uw.edu.pl\/?page_id=193"},{"@type":"ListItem","position":3,"name":"Iwona Szumacher"}]},{"@type":"WebSite","@id":"https:\/\/kgf.wgsr.uw.edu.pl\/#website","url":"https:\/\/kgf.wgsr.uw.edu.pl\/","name":"Katedra Geografii Fizycznej, Wydzia\u0142 Geografii i Studi\u00f3w Regionalnych UW","description":"","publisher":{"@id":"https:\/\/kgf.wgsr.uw.edu.pl\/#organization"},"potentialAction":[{"@type":"SearchAction","target":{"@type":"EntryPoint","urlTemplate":"https:\/\/kgf.wgsr.uw.edu.pl\/?s={search_term_string}"},"query-input":{"@type":"PropertyValueSpecification","valueRequired":true,"valueName":"search_term_string"}}],"inLanguage":"pl-PL"},{"@type":"Organization","@id":"https:\/\/kgf.wgsr.uw.edu.pl\/#organization","name":"Katedra Geografii Fizycznej, Wydzia\u0142 Geografii i Studi\u00f3w Regionalnych UW","url":"https:\/\/kgf.wgsr.uw.edu.pl\/","logo":{"@type":"ImageObject","inLanguage":"pl-PL","@id":"https:\/\/kgf.wgsr.uw.edu.pl\/#\/schema\/logo\/image\/","url":"https:\/\/kgf.wgsr.uw.edu.pl\/wp-content\/uploads\/2023\/08\/cropped-Katedra.png","contentUrl":"https:\/\/kgf.wgsr.uw.edu.pl\/wp-content\/uploads\/2023\/08\/cropped-Katedra.png","width":1230,"height":328,"caption":"Katedra Geografii Fizycznej, Wydzia\u0142 Geografii i Studi\u00f3w Regionalnych UW"},"image":{"@id":"https:\/\/kgf.wgsr.uw.edu.pl\/#\/schema\/logo\/image\/"}}]}},"_links":{"self":[{"href":"https:\/\/kgf.wgsr.uw.edu.pl\/index.php?rest_route=\/wp\/v2\/pages\/1214","targetHints":{"allow":["GET"]}}],"collection":[{"href":"https:\/\/kgf.wgsr.uw.edu.pl\/index.php?rest_route=\/wp\/v2\/pages"}],"about":[{"href":"https:\/\/kgf.wgsr.uw.edu.pl\/index.php?rest_route=\/wp\/v2\/types\/page"}],"author":[{"embeddable":true,"href":"https:\/\/kgf.wgsr.uw.edu.pl\/index.php?rest_route=\/wp\/v2\/users\/3"}],"replies":[{"embeddable":true,"href":"https:\/\/kgf.wgsr.uw.edu.pl\/index.php?rest_route=%2Fwp%2Fv2%2Fcomments&post=1214"}],"version-history":[{"count":0,"href":"https:\/\/kgf.wgsr.uw.edu.pl\/index.php?rest_route=\/wp\/v2\/pages\/1214\/revisions"}],"up":[{"embeddable":true,"href":"https:\/\/kgf.wgsr.uw.edu.pl\/index.php?rest_route=\/wp\/v2\/pages\/193"}],"wp:attachment":[{"href":"https:\/\/kgf.wgsr.uw.edu.pl\/index.php?rest_route=%2Fwp%2Fv2%2Fmedia&parent=1214"}],"curies":[{"name":"wp","href":"https:\/\/api.w.org\/{rel}","templated":true}]}}