{"id":1165,"date":"2021-08-13T11:46:16","date_gmt":"2021-08-13T09:46:16","guid":{"rendered":"https:\/\/wgsr.uw.edu.pl\/kgf\/?page_id=1165"},"modified":"2021-08-13T11:46:16","modified_gmt":"2021-08-13T09:46:16","slug":"elzbieta-rojan","status":"publish","type":"page","link":"https:\/\/kgf.wgsr.uw.edu.pl\/?page_id=1165","title":{"rendered":"El\u017cbieta Rojan"},"content":{"rendered":"\n<div class=\"wp-block-columns is-layout-flex wp-container-core-columns-is-layout-9d6595d7 wp-block-columns-is-layout-flex\">\n<div class=\"wp-block-column is-layout-flow wp-block-column-is-layout-flow\" style=\"flex-basis:33.33%\"><\/div>\n\n\n\n<div class=\"wp-block-column is-layout-flow wp-block-column-is-layout-flow\" style=\"flex-basis:66.66%\">\n<p><strong>Tytu\u0142 \/ stopie\u0144 naukowy: <\/strong>doktor habilitowany<\/p>\n\n\n\n<p><strong>Stanowisko: <\/strong>adiunkt<\/p>\n\n\n\n<p><strong>Pe\u0142nione funkcje:<\/strong> <\/p>\n\n\n\n<p><strong>Jednostka:<\/strong> <a href=\"https:\/\/wgsr.uw.edu.pl\/kgf\/?page_id=87\" data-type=\"page\" data-id=\"87\">Zak\u0142ad Geomorfologii<\/a><\/p>\n\n\n\n<p>Nr pokoju: 208<br>Tel.\u00a0 (22) 55 20 653<br>Strona <a href=\"https:\/\/usosweb.uw.edu.pl\/kontroler.php?_action=katalog2\/osoby\/pokazOsobe&amp;os_id=50295\" target=\"_blank\" rel=\"noreferrer noopener\">USOSweb<\/a> <br><a href=\"mailto:erojan@uw.edu.pl\">wy\u015blij e-mail<\/a><\/p>\n<\/div>\n<\/div>\n\n\n\n<h3 class=\"wp-block-heading\">Zainteresowania naukowe<\/h3>\n\n\n\n<p>Wsp\u00f3\u0142czesne procesy morfogenetyczne w g\u00f3rach wysokich, szczeg\u00f3lnie stokowe, glacjalne i fluwialne.<\/p>\n\n\n\n<p>Geomorfologiczne zdarzenia ekstremalne w obszarach g\u00f3rskich.<\/p>\n\n\n\n<p>Wp\u0142yw zmian klimatu na \u015brodowisko przyrodnicze g\u00f3r, szczeg\u00f3lnie na stan lodowc\u00f3w i wieloletniej zmarzliny.<\/p>\n\n\n\n<p>Biogeomorfologia.<\/p>\n\n\n\n<p>Antropopresja w g\u00f3rach.<\/p>\n\n\n\n<h3 class=\"wp-block-heading\">Publikacje<\/h3>\n\n\n\n<p>Wykaz publikacji w bazie <a href=\"https:\/\/pbn.nauka.gov.pl\/core\/#\/profile\/public\/5e7093b7878c28a0473afadb\" target=\"_blank\" rel=\"noreferrer noopener\">Polska Bibliografia Naukowa<\/a><\/p>\n\n\n\n<p>Wykaz publikacji w bazie <a href=\"https:\/\/scholar.google.com\/citations?user=b2NO0XIAAAAJ&amp;hl=pl&amp;oi=ao\" target=\"_blank\" rel=\"noreferrer noopener\">Google Scholar<\/a><\/p>\n\n\n\n<h3 class=\"wp-block-heading\">Projekty naukowe<\/h3>\n\n\n\n<p><\/p>\n","protected":false},"excerpt":{"rendered":"<p>Tytu\u0142 \/ stopie\u0144 naukowy: doktor habilitowany Stanowisko: adiunkt Pe\u0142nione funkcje: Jednostka: Zak\u0142ad Geomorfologii Nr pokoju: 208Tel.\u00a0 (22) 55 20 653Strona USOSweb wy\u015blij e-mail Zainteresowania naukowe Wsp\u00f3\u0142czesne procesy morfogenetyczne w g\u00f3rach wysokich, szczeg\u00f3lnie stokowe, glacjalne i fluwialne. Geomorfologiczne zdarzenia ekstremalne w obszarach g\u00f3rskich. Wp\u0142yw zmian klimatu na \u015brodowisko przyrodnicze g\u00f3r, szczeg\u00f3lnie na stan lodowc\u00f3w i wieloletniej [&hellip;]<\/p>\n","protected":false},"author":4,"featured_media":0,"parent":193,"menu_order":0,"comment_status":"closed","ping_status":"closed","template":"","meta":{"footnotes":""},"class_list":["post-1165","page","type-page","status-publish","czr-hentry"],"yoast_head":"<!-- This site is optimized with the Yoast SEO plugin v27.4 - https:\/\/yoast.com\/product\/yoast-seo-wordpress\/ -->\n<title>El\u017cbieta Rojan - Katedra Geografii Fizycznej, Wydzia\u0142 Geografii i Studi\u00f3w Regionalnych UW<\/title>\n<meta name=\"robots\" content=\"index, follow, max-snippet:-1, max-image-preview:large, max-video-preview:-1\" \/>\n<link rel=\"canonical\" href=\"https:\/\/kgf.wgsr.uw.edu.pl\/?page_id=1165\" \/>\n<meta property=\"og:locale\" content=\"pl_PL\" \/>\n<meta property=\"og:type\" content=\"article\" \/>\n<meta property=\"og:title\" content=\"El\u017cbieta Rojan - Katedra Geografii Fizycznej, Wydzia\u0142 Geografii i Studi\u00f3w Regionalnych UW\" \/>\n<meta property=\"og:description\" content=\"Tytu\u0142 \/ stopie\u0144 naukowy: doktor habilitowany Stanowisko: adiunkt Pe\u0142nione funkcje: Jednostka: Zak\u0142ad Geomorfologii Nr pokoju: 208Tel.\u00a0 (22) 55 20 653Strona USOSweb wy\u015blij e-mail Zainteresowania naukowe Wsp\u00f3\u0142czesne procesy morfogenetyczne w g\u00f3rach wysokich, szczeg\u00f3lnie stokowe, glacjalne i fluwialne. Geomorfologiczne zdarzenia ekstremalne w obszarach g\u00f3rskich. Wp\u0142yw zmian klimatu na \u015brodowisko przyrodnicze g\u00f3r, szczeg\u00f3lnie na stan lodowc\u00f3w i wieloletniej [&hellip;]\" \/>\n<meta property=\"og:url\" content=\"https:\/\/kgf.wgsr.uw.edu.pl\/?page_id=1165\" \/>\n<meta property=\"og:site_name\" content=\"Katedra Geografii Fizycznej, Wydzia\u0142 Geografii i Studi\u00f3w Regionalnych UW\" \/>\n<meta name=\"twitter:card\" content=\"summary_large_image\" \/>\n<meta name=\"twitter:label1\" content=\"Szacowany czas czytania\" \/>\n\t<meta name=\"twitter:data1\" content=\"1 minuta\" \/>\n<script type=\"application\/ld+json\" class=\"yoast-schema-graph\">{\"@context\":\"https:\\\/\\\/schema.org\",\"@graph\":[{\"@type\":\"WebPage\",\"@id\":\"https:\\\/\\\/kgf.wgsr.uw.edu.pl\\\/?page_id=1165\",\"url\":\"https:\\\/\\\/kgf.wgsr.uw.edu.pl\\\/?page_id=1165\",\"name\":\"El\u017cbieta Rojan - Katedra Geografii Fizycznej, Wydzia\u0142 Geografii i Studi\u00f3w Regionalnych UW\",\"isPartOf\":{\"@id\":\"https:\\\/\\\/kgf.wgsr.uw.edu.pl\\\/#website\"},\"datePublished\":\"2021-08-13T09:46:16+00:00\",\"breadcrumb\":{\"@id\":\"https:\\\/\\\/kgf.wgsr.uw.edu.pl\\\/?page_id=1165#breadcrumb\"},\"inLanguage\":\"pl-PL\",\"potentialAction\":[{\"@type\":\"ReadAction\",\"target\":[\"https:\\\/\\\/kgf.wgsr.uw.edu.pl\\\/?page_id=1165\"]}]},{\"@type\":\"BreadcrumbList\",\"@id\":\"https:\\\/\\\/kgf.wgsr.uw.edu.pl\\\/?page_id=1165#breadcrumb\",\"itemListElement\":[{\"@type\":\"ListItem\",\"position\":1,\"name\":\"Strona g\u0142\u00f3wna\",\"item\":\"https:\\\/\\\/kgf.wgsr.uw.edu.pl\\\/\"},{\"@type\":\"ListItem\",\"position\":2,\"name\":\"Pracownicy Katedry Geografii Fizycznej\",\"item\":\"https:\\\/\\\/kgf.wgsr.uw.edu.pl\\\/?page_id=193\"},{\"@type\":\"ListItem\",\"position\":3,\"name\":\"El\u017cbieta Rojan\"}]},{\"@type\":\"WebSite\",\"@id\":\"https:\\\/\\\/kgf.wgsr.uw.edu.pl\\\/#website\",\"url\":\"https:\\\/\\\/kgf.wgsr.uw.edu.pl\\\/\",\"name\":\"Katedra Geografii Fizycznej, Wydzia\u0142 Geografii i Studi\u00f3w Regionalnych UW\",\"description\":\"\",\"publisher\":{\"@id\":\"https:\\\/\\\/kgf.wgsr.uw.edu.pl\\\/#organization\"},\"potentialAction\":[{\"@type\":\"SearchAction\",\"target\":{\"@type\":\"EntryPoint\",\"urlTemplate\":\"https:\\\/\\\/kgf.wgsr.uw.edu.pl\\\/?s={search_term_string}\"},\"query-input\":{\"@type\":\"PropertyValueSpecification\",\"valueRequired\":true,\"valueName\":\"search_term_string\"}}],\"inLanguage\":\"pl-PL\"},{\"@type\":\"Organization\",\"@id\":\"https:\\\/\\\/kgf.wgsr.uw.edu.pl\\\/#organization\",\"name\":\"Katedra Geografii Fizycznej, Wydzia\u0142 Geografii i Studi\u00f3w Regionalnych UW\",\"url\":\"https:\\\/\\\/kgf.wgsr.uw.edu.pl\\\/\",\"logo\":{\"@type\":\"ImageObject\",\"inLanguage\":\"pl-PL\",\"@id\":\"https:\\\/\\\/kgf.wgsr.uw.edu.pl\\\/#\\\/schema\\\/logo\\\/image\\\/\",\"url\":\"https:\\\/\\\/kgf.wgsr.uw.edu.pl\\\/wp-content\\\/uploads\\\/2023\\\/08\\\/cropped-Katedra.png\",\"contentUrl\":\"https:\\\/\\\/kgf.wgsr.uw.edu.pl\\\/wp-content\\\/uploads\\\/2023\\\/08\\\/cropped-Katedra.png\",\"width\":1230,\"height\":328,\"caption\":\"Katedra Geografii Fizycznej, Wydzia\u0142 Geografii i Studi\u00f3w Regionalnych UW\"},\"image\":{\"@id\":\"https:\\\/\\\/kgf.wgsr.uw.edu.pl\\\/#\\\/schema\\\/logo\\\/image\\\/\"}}]}<\/script>\n<!-- \/ Yoast SEO plugin. -->","yoast_head_json":{"title":"El\u017cbieta Rojan - Katedra Geografii Fizycznej, Wydzia\u0142 Geografii i Studi\u00f3w Regionalnych UW","robots":{"index":"index","follow":"follow","max-snippet":"max-snippet:-1","max-image-preview":"max-image-preview:large","max-video-preview":"max-video-preview:-1"},"canonical":"https:\/\/kgf.wgsr.uw.edu.pl\/?page_id=1165","og_locale":"pl_PL","og_type":"article","og_title":"El\u017cbieta Rojan - Katedra Geografii Fizycznej, Wydzia\u0142 Geografii i Studi\u00f3w Regionalnych UW","og_description":"Tytu\u0142 \/ stopie\u0144 naukowy: doktor habilitowany Stanowisko: adiunkt Pe\u0142nione funkcje: Jednostka: Zak\u0142ad Geomorfologii Nr pokoju: 208Tel.\u00a0 (22) 55 20 653Strona USOSweb wy\u015blij e-mail Zainteresowania naukowe Wsp\u00f3\u0142czesne procesy morfogenetyczne w g\u00f3rach wysokich, szczeg\u00f3lnie stokowe, glacjalne i fluwialne. Geomorfologiczne zdarzenia ekstremalne w obszarach g\u00f3rskich. Wp\u0142yw zmian klimatu na \u015brodowisko przyrodnicze g\u00f3r, szczeg\u00f3lnie na stan lodowc\u00f3w i wieloletniej [&hellip;]","og_url":"https:\/\/kgf.wgsr.uw.edu.pl\/?page_id=1165","og_site_name":"Katedra Geografii Fizycznej, Wydzia\u0142 Geografii i Studi\u00f3w Regionalnych UW","twitter_card":"summary_large_image","twitter_misc":{"Szacowany czas czytania":"1 minuta"},"schema":{"@context":"https:\/\/schema.org","@graph":[{"@type":"WebPage","@id":"https:\/\/kgf.wgsr.uw.edu.pl\/?page_id=1165","url":"https:\/\/kgf.wgsr.uw.edu.pl\/?page_id=1165","name":"El\u017cbieta Rojan - Katedra Geografii Fizycznej, Wydzia\u0142 Geografii i Studi\u00f3w Regionalnych UW","isPartOf":{"@id":"https:\/\/kgf.wgsr.uw.edu.pl\/#website"},"datePublished":"2021-08-13T09:46:16+00:00","breadcrumb":{"@id":"https:\/\/kgf.wgsr.uw.edu.pl\/?page_id=1165#breadcrumb"},"inLanguage":"pl-PL","potentialAction":[{"@type":"ReadAction","target":["https:\/\/kgf.wgsr.uw.edu.pl\/?page_id=1165"]}]},{"@type":"BreadcrumbList","@id":"https:\/\/kgf.wgsr.uw.edu.pl\/?page_id=1165#breadcrumb","itemListElement":[{"@type":"ListItem","position":1,"name":"Strona g\u0142\u00f3wna","item":"https:\/\/kgf.wgsr.uw.edu.pl\/"},{"@type":"ListItem","position":2,"name":"Pracownicy Katedry Geografii Fizycznej","item":"https:\/\/kgf.wgsr.uw.edu.pl\/?page_id=193"},{"@type":"ListItem","position":3,"name":"El\u017cbieta Rojan"}]},{"@type":"WebSite","@id":"https:\/\/kgf.wgsr.uw.edu.pl\/#website","url":"https:\/\/kgf.wgsr.uw.edu.pl\/","name":"Katedra Geografii Fizycznej, Wydzia\u0142 Geografii i Studi\u00f3w Regionalnych UW","description":"","publisher":{"@id":"https:\/\/kgf.wgsr.uw.edu.pl\/#organization"},"potentialAction":[{"@type":"SearchAction","target":{"@type":"EntryPoint","urlTemplate":"https:\/\/kgf.wgsr.uw.edu.pl\/?s={search_term_string}"},"query-input":{"@type":"PropertyValueSpecification","valueRequired":true,"valueName":"search_term_string"}}],"inLanguage":"pl-PL"},{"@type":"Organization","@id":"https:\/\/kgf.wgsr.uw.edu.pl\/#organization","name":"Katedra Geografii Fizycznej, Wydzia\u0142 Geografii i Studi\u00f3w Regionalnych UW","url":"https:\/\/kgf.wgsr.uw.edu.pl\/","logo":{"@type":"ImageObject","inLanguage":"pl-PL","@id":"https:\/\/kgf.wgsr.uw.edu.pl\/#\/schema\/logo\/image\/","url":"https:\/\/kgf.wgsr.uw.edu.pl\/wp-content\/uploads\/2023\/08\/cropped-Katedra.png","contentUrl":"https:\/\/kgf.wgsr.uw.edu.pl\/wp-content\/uploads\/2023\/08\/cropped-Katedra.png","width":1230,"height":328,"caption":"Katedra Geografii Fizycznej, Wydzia\u0142 Geografii i Studi\u00f3w Regionalnych UW"},"image":{"@id":"https:\/\/kgf.wgsr.uw.edu.pl\/#\/schema\/logo\/image\/"}}]}},"_links":{"self":[{"href":"https:\/\/kgf.wgsr.uw.edu.pl\/index.php?rest_route=\/wp\/v2\/pages\/1165","targetHints":{"allow":["GET"]}}],"collection":[{"href":"https:\/\/kgf.wgsr.uw.edu.pl\/index.php?rest_route=\/wp\/v2\/pages"}],"about":[{"href":"https:\/\/kgf.wgsr.uw.edu.pl\/index.php?rest_route=\/wp\/v2\/types\/page"}],"author":[{"embeddable":true,"href":"https:\/\/kgf.wgsr.uw.edu.pl\/index.php?rest_route=\/wp\/v2\/users\/4"}],"replies":[{"embeddable":true,"href":"https:\/\/kgf.wgsr.uw.edu.pl\/index.php?rest_route=%2Fwp%2Fv2%2Fcomments&post=1165"}],"version-history":[{"count":0,"href":"https:\/\/kgf.wgsr.uw.edu.pl\/index.php?rest_route=\/wp\/v2\/pages\/1165\/revisions"}],"up":[{"embeddable":true,"href":"https:\/\/kgf.wgsr.uw.edu.pl\/index.php?rest_route=\/wp\/v2\/pages\/193"}],"wp:attachment":[{"href":"https:\/\/kgf.wgsr.uw.edu.pl\/index.php?rest_route=%2Fwp%2Fv2%2Fmedia&parent=1165"}],"curies":[{"name":"wp","href":"https:\/\/api.w.org\/{rel}","templated":true}]}}