{"id":1158,"date":"2021-08-12T11:59:13","date_gmt":"2021-08-12T09:59:13","guid":{"rendered":"https:\/\/wgsr.uw.edu.pl\/kgf\/?page_id=1158"},"modified":"2021-08-12T11:59:13","modified_gmt":"2021-08-12T09:59:13","slug":"dorota-giriat","status":"publish","type":"page","link":"https:\/\/kgf.wgsr.uw.edu.pl\/?page_id=1158","title":{"rendered":"Dorota Giriat"},"content":{"rendered":"\n<div class=\"wp-block-columns is-layout-flex wp-container-core-columns-is-layout-9d6595d7 wp-block-columns-is-layout-flex\">\n<div class=\"wp-block-column is-layout-flow wp-block-column-is-layout-flow\" style=\"flex-basis:33.33%\">\n<figure class=\"wp-block-image size-full\"><img decoding=\"async\" src=\"https:\/\/wgsr.uw.edu.pl\/kgf\/wp-content\/uploads\/2021\/08\/50197-f-a214d7fc8def5e9a598532bd648f6c863e691d1ed72d6fbe0ac3ab711e72ffb8.jpg\" alt=\"\" class=\"wp-image-1161\"\/><\/figure>\n<\/div>\n\n\n\n<div class=\"wp-block-column is-layout-flow wp-block-column-is-layout-flow\" style=\"flex-basis:66.66%\">\n<p><strong>Tytu\u0142 \/ stopie\u0144 naukowy: <\/strong>doktor <\/p>\n\n\n\n<p><strong>Stanowisko: <\/strong>adiunkt<\/p>\n\n\n\n<p><strong>Pe\u0142nione funkcje:<\/strong> <\/p>\n\n\n\n<p><strong>Jednostka:<\/strong> <a href=\"https:\/\/wgsr.uw.edu.pl\/kgf\/?page_id=87\">Zak\u0142ad Geomorfologii<\/a><\/p>\n\n\n\n<p>Nr pokoju: 222<br>Tel.&nbsp; 22 55 20 653<br>Strona <a href=\"https:\/\/usosweb.uw.edu.pl\/kontroler.php?_action=katalog2\/osoby\/pokazOsobe&amp;os_id=50197\">USOSweb<\/a><br><a href=\"mailto:dagiriat@uw.edu.pl\">wy\u015blij e-mail<\/a><\/p>\n<\/div>\n<\/div>\n\n\n\n<h3 class=\"wp-block-heading\">Zainteresowania naukowe<\/h3>\n\n\n\n<p>Wsp\u00f3\u0142czesne procesy morfogenetyczne w ro\u017cnych strefach morfoklimatycznych,<br>Geomorfologia fluwialna &#8211; morfodynamika koryt rzecznych, rumowisko rzeczne, rzeki \u017cwirodenne,<br>Sedymentologia,<br>Procesy fluwioglacjalne w Czwartorz\u0119dzie.<br>Geomorfologia stosowana,<br>Biogeomorfologia.<\/p>\n\n\n\n<h3 class=\"wp-block-heading\">Publikacje<\/h3>\n\n\n\n<p>Wykaz publikacji w bazie <a href=\"https:\/\/pbn.nauka.gov.pl\/core\/#\/profile\/public\/5e7093b2878c28a0473af5e0\">Polska Bibliografia Naukowa<\/a><\/p>\n\n\n\n<p><\/p>\n\n\n\n<h3 class=\"wp-block-heading\">Projekty naukowe<\/h3>\n\n\n\n<p>&nbsp;<\/p>\n\n\n\n<h3 class=\"wp-block-heading\">&nbsp;<\/h3>\n\n\n\n<p>&nbsp;<\/p>\n\n\n\n<h3 class=\"wp-block-heading\">&nbsp;<\/h3>\n\n\n\n<p>&nbsp;<\/p>\n\n\n\n<p>&nbsp;<\/p>\n\n\n\n<h3 class=\"wp-block-heading\">&nbsp;<\/h3>\n\n\n\n<p>&nbsp;<\/p>\n","protected":false},"excerpt":{"rendered":"<p>Tytu\u0142 \/ stopie\u0144 naukowy: doktor Stanowisko: adiunkt Pe\u0142nione funkcje: Jednostka: Zak\u0142ad Geomorfologii Nr pokoju: 222Tel.&nbsp; 22 55 20 653Strona USOSwebwy\u015blij e-mail Zainteresowania naukowe Wsp\u00f3\u0142czesne procesy morfogenetyczne w ro\u017cnych strefach morfoklimatycznych,Geomorfologia fluwialna &#8211; morfodynamika koryt rzecznych, rumowisko rzeczne, rzeki \u017cwirodenne,Sedymentologia,Procesy fluwioglacjalne w Czwartorz\u0119dzie.Geomorfologia stosowana,Biogeomorfologia. Publikacje Wykaz publikacji w bazie Polska Bibliografia Naukowa Projekty naukowe &nbsp; &nbsp; [&hellip;]<\/p>\n","protected":false},"author":4,"featured_media":0,"parent":193,"menu_order":0,"comment_status":"closed","ping_status":"closed","template":"","meta":{"footnotes":""},"class_list":["post-1158","page","type-page","status-publish","czr-hentry"],"yoast_head":"<!-- This site is optimized with the Yoast SEO plugin v27.4 - https:\/\/yoast.com\/product\/yoast-seo-wordpress\/ -->\n<title>Dorota Giriat - Katedra Geografii Fizycznej, Wydzia\u0142 Geografii i Studi\u00f3w Regionalnych UW<\/title>\n<meta name=\"robots\" content=\"index, follow, max-snippet:-1, max-image-preview:large, max-video-preview:-1\" \/>\n<link rel=\"canonical\" href=\"https:\/\/kgf.wgsr.uw.edu.pl\/?page_id=1158\" \/>\n<meta property=\"og:locale\" content=\"pl_PL\" \/>\n<meta property=\"og:type\" content=\"article\" \/>\n<meta property=\"og:title\" content=\"Dorota Giriat - Katedra Geografii Fizycznej, Wydzia\u0142 Geografii i Studi\u00f3w Regionalnych UW\" \/>\n<meta property=\"og:description\" content=\"Tytu\u0142 \/ stopie\u0144 naukowy: doktor Stanowisko: adiunkt Pe\u0142nione funkcje: Jednostka: Zak\u0142ad Geomorfologii Nr pokoju: 222Tel.&nbsp; 22 55 20 653Strona USOSwebwy\u015blij e-mail Zainteresowania naukowe Wsp\u00f3\u0142czesne procesy morfogenetyczne w ro\u017cnych strefach morfoklimatycznych,Geomorfologia fluwialna &#8211; morfodynamika koryt rzecznych, rumowisko rzeczne, rzeki \u017cwirodenne,Sedymentologia,Procesy fluwioglacjalne w Czwartorz\u0119dzie.Geomorfologia stosowana,Biogeomorfologia. Publikacje Wykaz publikacji w bazie Polska Bibliografia Naukowa Projekty naukowe &nbsp; &nbsp; [&hellip;]\" \/>\n<meta property=\"og:url\" content=\"https:\/\/kgf.wgsr.uw.edu.pl\/?page_id=1158\" \/>\n<meta property=\"og:site_name\" content=\"Katedra Geografii Fizycznej, Wydzia\u0142 Geografii i Studi\u00f3w Regionalnych UW\" \/>\n<meta property=\"og:image\" content=\"https:\/\/wgsr.uw.edu.pl\/kgf\/wp-content\/uploads\/2021\/08\/50197-f-a214d7fc8def5e9a598532bd648f6c863e691d1ed72d6fbe0ac3ab711e72ffb8.jpg\" \/>\n<meta name=\"twitter:card\" content=\"summary_large_image\" \/>\n<meta name=\"twitter:label1\" content=\"Szacowany czas czytania\" \/>\n\t<meta name=\"twitter:data1\" content=\"1 minuta\" \/>\n<script type=\"application\/ld+json\" class=\"yoast-schema-graph\">{\"@context\":\"https:\\\/\\\/schema.org\",\"@graph\":[{\"@type\":\"WebPage\",\"@id\":\"https:\\\/\\\/kgf.wgsr.uw.edu.pl\\\/?page_id=1158\",\"url\":\"https:\\\/\\\/kgf.wgsr.uw.edu.pl\\\/?page_id=1158\",\"name\":\"Dorota Giriat - Katedra Geografii Fizycznej, Wydzia\u0142 Geografii i Studi\u00f3w Regionalnych UW\",\"isPartOf\":{\"@id\":\"https:\\\/\\\/kgf.wgsr.uw.edu.pl\\\/#website\"},\"primaryImageOfPage\":{\"@id\":\"https:\\\/\\\/kgf.wgsr.uw.edu.pl\\\/?page_id=1158#primaryimage\"},\"image\":{\"@id\":\"https:\\\/\\\/kgf.wgsr.uw.edu.pl\\\/?page_id=1158#primaryimage\"},\"thumbnailUrl\":\"https:\\\/\\\/wgsr.uw.edu.pl\\\/kgf\\\/wp-content\\\/uploads\\\/2021\\\/08\\\/50197-f-a214d7fc8def5e9a598532bd648f6c863e691d1ed72d6fbe0ac3ab711e72ffb8.jpg\",\"datePublished\":\"2021-08-12T09:59:13+00:00\",\"breadcrumb\":{\"@id\":\"https:\\\/\\\/kgf.wgsr.uw.edu.pl\\\/?page_id=1158#breadcrumb\"},\"inLanguage\":\"pl-PL\",\"potentialAction\":[{\"@type\":\"ReadAction\",\"target\":[\"https:\\\/\\\/kgf.wgsr.uw.edu.pl\\\/?page_id=1158\"]}]},{\"@type\":\"ImageObject\",\"inLanguage\":\"pl-PL\",\"@id\":\"https:\\\/\\\/kgf.wgsr.uw.edu.pl\\\/?page_id=1158#primaryimage\",\"url\":\"https:\\\/\\\/wgsr.uw.edu.pl\\\/kgf\\\/wp-content\\\/uploads\\\/2021\\\/08\\\/50197-f-a214d7fc8def5e9a598532bd648f6c863e691d1ed72d6fbe0ac3ab711e72ffb8.jpg\",\"contentUrl\":\"https:\\\/\\\/wgsr.uw.edu.pl\\\/kgf\\\/wp-content\\\/uploads\\\/2021\\\/08\\\/50197-f-a214d7fc8def5e9a598532bd648f6c863e691d1ed72d6fbe0ac3ab711e72ffb8.jpg\"},{\"@type\":\"BreadcrumbList\",\"@id\":\"https:\\\/\\\/kgf.wgsr.uw.edu.pl\\\/?page_id=1158#breadcrumb\",\"itemListElement\":[{\"@type\":\"ListItem\",\"position\":1,\"name\":\"Strona g\u0142\u00f3wna\",\"item\":\"https:\\\/\\\/kgf.wgsr.uw.edu.pl\\\/\"},{\"@type\":\"ListItem\",\"position\":2,\"name\":\"Pracownicy Katedry Geografii Fizycznej\",\"item\":\"https:\\\/\\\/kgf.wgsr.uw.edu.pl\\\/?page_id=193\"},{\"@type\":\"ListItem\",\"position\":3,\"name\":\"Dorota Giriat\"}]},{\"@type\":\"WebSite\",\"@id\":\"https:\\\/\\\/kgf.wgsr.uw.edu.pl\\\/#website\",\"url\":\"https:\\\/\\\/kgf.wgsr.uw.edu.pl\\\/\",\"name\":\"Katedra Geografii Fizycznej, Wydzia\u0142 Geografii i Studi\u00f3w Regionalnych UW\",\"description\":\"\",\"publisher\":{\"@id\":\"https:\\\/\\\/kgf.wgsr.uw.edu.pl\\\/#organization\"},\"potentialAction\":[{\"@type\":\"SearchAction\",\"target\":{\"@type\":\"EntryPoint\",\"urlTemplate\":\"https:\\\/\\\/kgf.wgsr.uw.edu.pl\\\/?s={search_term_string}\"},\"query-input\":{\"@type\":\"PropertyValueSpecification\",\"valueRequired\":true,\"valueName\":\"search_term_string\"}}],\"inLanguage\":\"pl-PL\"},{\"@type\":\"Organization\",\"@id\":\"https:\\\/\\\/kgf.wgsr.uw.edu.pl\\\/#organization\",\"name\":\"Katedra Geografii Fizycznej, Wydzia\u0142 Geografii i Studi\u00f3w Regionalnych UW\",\"url\":\"https:\\\/\\\/kgf.wgsr.uw.edu.pl\\\/\",\"logo\":{\"@type\":\"ImageObject\",\"inLanguage\":\"pl-PL\",\"@id\":\"https:\\\/\\\/kgf.wgsr.uw.edu.pl\\\/#\\\/schema\\\/logo\\\/image\\\/\",\"url\":\"https:\\\/\\\/kgf.wgsr.uw.edu.pl\\\/wp-content\\\/uploads\\\/2023\\\/08\\\/cropped-Katedra.png\",\"contentUrl\":\"https:\\\/\\\/kgf.wgsr.uw.edu.pl\\\/wp-content\\\/uploads\\\/2023\\\/08\\\/cropped-Katedra.png\",\"width\":1230,\"height\":328,\"caption\":\"Katedra Geografii Fizycznej, Wydzia\u0142 Geografii i Studi\u00f3w Regionalnych UW\"},\"image\":{\"@id\":\"https:\\\/\\\/kgf.wgsr.uw.edu.pl\\\/#\\\/schema\\\/logo\\\/image\\\/\"}}]}<\/script>\n<!-- \/ Yoast SEO plugin. -->","yoast_head_json":{"title":"Dorota Giriat - Katedra Geografii Fizycznej, Wydzia\u0142 Geografii i Studi\u00f3w Regionalnych UW","robots":{"index":"index","follow":"follow","max-snippet":"max-snippet:-1","max-image-preview":"max-image-preview:large","max-video-preview":"max-video-preview:-1"},"canonical":"https:\/\/kgf.wgsr.uw.edu.pl\/?page_id=1158","og_locale":"pl_PL","og_type":"article","og_title":"Dorota Giriat - Katedra Geografii Fizycznej, Wydzia\u0142 Geografii i Studi\u00f3w Regionalnych UW","og_description":"Tytu\u0142 \/ stopie\u0144 naukowy: doktor Stanowisko: adiunkt Pe\u0142nione funkcje: Jednostka: Zak\u0142ad Geomorfologii Nr pokoju: 222Tel.&nbsp; 22 55 20 653Strona USOSwebwy\u015blij e-mail Zainteresowania naukowe Wsp\u00f3\u0142czesne procesy morfogenetyczne w ro\u017cnych strefach morfoklimatycznych,Geomorfologia fluwialna &#8211; morfodynamika koryt rzecznych, rumowisko rzeczne, rzeki \u017cwirodenne,Sedymentologia,Procesy fluwioglacjalne w Czwartorz\u0119dzie.Geomorfologia stosowana,Biogeomorfologia. Publikacje Wykaz publikacji w bazie Polska Bibliografia Naukowa Projekty naukowe &nbsp; &nbsp; [&hellip;]","og_url":"https:\/\/kgf.wgsr.uw.edu.pl\/?page_id=1158","og_site_name":"Katedra Geografii Fizycznej, Wydzia\u0142 Geografii i Studi\u00f3w Regionalnych UW","og_image":[{"url":"https:\/\/wgsr.uw.edu.pl\/kgf\/wp-content\/uploads\/2021\/08\/50197-f-a214d7fc8def5e9a598532bd648f6c863e691d1ed72d6fbe0ac3ab711e72ffb8.jpg","type":"","width":"","height":""}],"twitter_card":"summary_large_image","twitter_misc":{"Szacowany czas czytania":"1 minuta"},"schema":{"@context":"https:\/\/schema.org","@graph":[{"@type":"WebPage","@id":"https:\/\/kgf.wgsr.uw.edu.pl\/?page_id=1158","url":"https:\/\/kgf.wgsr.uw.edu.pl\/?page_id=1158","name":"Dorota Giriat - Katedra Geografii Fizycznej, Wydzia\u0142 Geografii i Studi\u00f3w Regionalnych UW","isPartOf":{"@id":"https:\/\/kgf.wgsr.uw.edu.pl\/#website"},"primaryImageOfPage":{"@id":"https:\/\/kgf.wgsr.uw.edu.pl\/?page_id=1158#primaryimage"},"image":{"@id":"https:\/\/kgf.wgsr.uw.edu.pl\/?page_id=1158#primaryimage"},"thumbnailUrl":"https:\/\/wgsr.uw.edu.pl\/kgf\/wp-content\/uploads\/2021\/08\/50197-f-a214d7fc8def5e9a598532bd648f6c863e691d1ed72d6fbe0ac3ab711e72ffb8.jpg","datePublished":"2021-08-12T09:59:13+00:00","breadcrumb":{"@id":"https:\/\/kgf.wgsr.uw.edu.pl\/?page_id=1158#breadcrumb"},"inLanguage":"pl-PL","potentialAction":[{"@type":"ReadAction","target":["https:\/\/kgf.wgsr.uw.edu.pl\/?page_id=1158"]}]},{"@type":"ImageObject","inLanguage":"pl-PL","@id":"https:\/\/kgf.wgsr.uw.edu.pl\/?page_id=1158#primaryimage","url":"https:\/\/wgsr.uw.edu.pl\/kgf\/wp-content\/uploads\/2021\/08\/50197-f-a214d7fc8def5e9a598532bd648f6c863e691d1ed72d6fbe0ac3ab711e72ffb8.jpg","contentUrl":"https:\/\/wgsr.uw.edu.pl\/kgf\/wp-content\/uploads\/2021\/08\/50197-f-a214d7fc8def5e9a598532bd648f6c863e691d1ed72d6fbe0ac3ab711e72ffb8.jpg"},{"@type":"BreadcrumbList","@id":"https:\/\/kgf.wgsr.uw.edu.pl\/?page_id=1158#breadcrumb","itemListElement":[{"@type":"ListItem","position":1,"name":"Strona g\u0142\u00f3wna","item":"https:\/\/kgf.wgsr.uw.edu.pl\/"},{"@type":"ListItem","position":2,"name":"Pracownicy Katedry Geografii Fizycznej","item":"https:\/\/kgf.wgsr.uw.edu.pl\/?page_id=193"},{"@type":"ListItem","position":3,"name":"Dorota Giriat"}]},{"@type":"WebSite","@id":"https:\/\/kgf.wgsr.uw.edu.pl\/#website","url":"https:\/\/kgf.wgsr.uw.edu.pl\/","name":"Katedra Geografii Fizycznej, Wydzia\u0142 Geografii i Studi\u00f3w Regionalnych UW","description":"","publisher":{"@id":"https:\/\/kgf.wgsr.uw.edu.pl\/#organization"},"potentialAction":[{"@type":"SearchAction","target":{"@type":"EntryPoint","urlTemplate":"https:\/\/kgf.wgsr.uw.edu.pl\/?s={search_term_string}"},"query-input":{"@type":"PropertyValueSpecification","valueRequired":true,"valueName":"search_term_string"}}],"inLanguage":"pl-PL"},{"@type":"Organization","@id":"https:\/\/kgf.wgsr.uw.edu.pl\/#organization","name":"Katedra Geografii Fizycznej, Wydzia\u0142 Geografii i Studi\u00f3w Regionalnych UW","url":"https:\/\/kgf.wgsr.uw.edu.pl\/","logo":{"@type":"ImageObject","inLanguage":"pl-PL","@id":"https:\/\/kgf.wgsr.uw.edu.pl\/#\/schema\/logo\/image\/","url":"https:\/\/kgf.wgsr.uw.edu.pl\/wp-content\/uploads\/2023\/08\/cropped-Katedra.png","contentUrl":"https:\/\/kgf.wgsr.uw.edu.pl\/wp-content\/uploads\/2023\/08\/cropped-Katedra.png","width":1230,"height":328,"caption":"Katedra Geografii Fizycznej, Wydzia\u0142 Geografii i Studi\u00f3w Regionalnych UW"},"image":{"@id":"https:\/\/kgf.wgsr.uw.edu.pl\/#\/schema\/logo\/image\/"}}]}},"_links":{"self":[{"href":"https:\/\/kgf.wgsr.uw.edu.pl\/index.php?rest_route=\/wp\/v2\/pages\/1158","targetHints":{"allow":["GET"]}}],"collection":[{"href":"https:\/\/kgf.wgsr.uw.edu.pl\/index.php?rest_route=\/wp\/v2\/pages"}],"about":[{"href":"https:\/\/kgf.wgsr.uw.edu.pl\/index.php?rest_route=\/wp\/v2\/types\/page"}],"author":[{"embeddable":true,"href":"https:\/\/kgf.wgsr.uw.edu.pl\/index.php?rest_route=\/wp\/v2\/users\/4"}],"replies":[{"embeddable":true,"href":"https:\/\/kgf.wgsr.uw.edu.pl\/index.php?rest_route=%2Fwp%2Fv2%2Fcomments&post=1158"}],"version-history":[{"count":0,"href":"https:\/\/kgf.wgsr.uw.edu.pl\/index.php?rest_route=\/wp\/v2\/pages\/1158\/revisions"}],"up":[{"embeddable":true,"href":"https:\/\/kgf.wgsr.uw.edu.pl\/index.php?rest_route=\/wp\/v2\/pages\/193"}],"wp:attachment":[{"href":"https:\/\/kgf.wgsr.uw.edu.pl\/index.php?rest_route=%2Fwp%2Fv2%2Fmedia&parent=1158"}],"curies":[{"name":"wp","href":"https:\/\/api.w.org\/{rel}","templated":true}]}}