{"id":1055,"date":"2021-05-11T20:48:53","date_gmt":"2021-05-11T18:48:53","guid":{"rendered":"https:\/\/wgsr.uw.edu.pl\/kgf\/?page_id=1055"},"modified":"2021-05-11T20:48:53","modified_gmt":"2021-05-11T18:48:53","slug":"wojciech-lewandowski","status":"publish","type":"page","link":"https:\/\/kgf.wgsr.uw.edu.pl\/?page_id=1055","title":{"rendered":"Wojciech Lewandowski"},"content":{"rendered":"\n<div class=\"wp-block-columns is-layout-flex wp-container-core-columns-is-layout-9d6595d7 wp-block-columns-is-layout-flex\">\n<div class=\"wp-block-column is-layout-flow wp-block-column-is-layout-flow\" style=\"flex-basis:33.33%\">\n<figure class=\"wp-block-image size-large is-style-default\"><img decoding=\"async\" src=\"https:\/\/wgsr.uw.edu.pl\/kgf\/wp-content\/uploads\/2021\/05\/Wojtek-zdjecie.jpeg\" alt=\"\" class=\"wp-image-1057\"\/><\/figure>\n<\/div>\n\n\n\n<div class=\"wp-block-column is-layout-flow wp-block-column-is-layout-flow\" style=\"flex-basis:66.66%\">\n<p><strong>Tytu\u0142 \/ stopie\u0144 naukowy: <\/strong> doktor<\/p>\n\n\n\n<p><strong>Stanowisko: <\/strong>adiunkt<\/p>\n\n\n\n<p><strong>Jednostka:<\/strong> <a href=\"https:\/\/wgsr.uw.edu.pl\/kgf\/?page_id=85\">Zak\u0142ad Geoekologii<\/a><\/p>\n\n\n\n<p>Nr pokoju: 304<br>Tel.<br><a href=\"mailto:wojciech.lewandowski@uw.edu.pl\">wy\u015blij e-mail<\/a><\/p>\n<\/div>\n<\/div>\n\n\n\n<h3 class=\"wp-block-heading\">Zainteresowania naukowe<\/h3>\n\n\n\n<p>geoekologia g\u00f3r wysokich, geoekologiczne podsatwy turystyki aktywnej<\/p>\n\n\n\n<h3 class=\"wp-block-heading\">Publikacje<\/h3>\n\n\n\n<p>Ponad 100 artyku\u0142\u00f3w naukowych i popularnonaukowych w czasopismach g\u00f3rskich, turystycznych, geograficznych, liczne recenzje (m. in. Atlas Tatr ) itp. Wybrane pozycje:<\/p>\n\n\n\n<p><strong>Ksi\u0105\u017cki<\/strong><\/p>\n\n\n\n<ol class=\"wp-block-list\"><li>W. Lewandowski, M.Paw\u0142owicz \u201eTatry \u2013 przewodnik praktyczny\u201d \u2013 Wyd. Pascal Bielsko Bia\u0142a 1995, drugie wydanie 1997<\/li><\/ol>\n\n\n\n<p>2. \u201d100 najpi\u0119kniejszych g\u00f3r \u015bwiata\u201d (wsp\u00f3\u0142autor razem ze Zbigniewem Kierasem) Wyd. Grupa Image Warszawa 1995<\/p>\n\n\n\n<p>3. \u201d100 najpi\u0119kniejszych krajobraz\u00f3w Polski\u201d (pomys\u0142 ca\u0142o\u015bci, wsp\u00f3\u0142autor, redakcja) Wyd. Grupa Image Warszawa 1995<\/p>\n\n\n\n<p>4. Krajobrazy \u015awiata Geografia 5 \u2013 podr\u0119cznik , Stentor Warszawa 1995 ( wsp\u00f3\u0142autor), Zeszyt \u0107wicze\u0144, Przewodnik Metodyczny dla Nauczycieli<\/p>\n\n\n\n<p>5. Przewodniki dla aktywnych : Mazury, Pomorze Wschodnie, Podhale i Pieniny ( wsp\u00f3\u0142autor koordynacja prac) Geocenter Warszawa 1997<\/p>\n\n\n\n<p>6. W.Lewanowski, M.Wi\u0119ckowski \u201eWysokog\u00f3rski alfabet\u201d&nbsp; (wyd ABC Future&nbsp; Warszawa 1997<\/p>\n\n\n\n<p>7. W.Lewanowski, K.Ostaszewska \u201eCudze chwalicie swojego nie znacie, czyli jak odnale\u017a\u0107 ca\u0142y \u015bwiat w naszym kraju\u201d ; Wyd Plac S\u0142oneczny4 Warszawa 1997<\/p>\n\n\n\n<p>8. K.Ostaszewska, W.Lewandowski \u201ePolskie piramidy i ponad 40 innych osobliwo\u015bci\u201d (wydanie polsko-angielskie) Oficyna Literat\u00f3w \u201eR\u00f3j\u201d 2000<\/p>\n\n\n\n<p>9. Dolina P\u0142ockiej Wis\u0142y \u2013 autor rozdzia\u0142u i wi\u0119kszo\u015bci fotografii; wyd. Regionalne Centrum Edukacji&nbsp; Ekologicznej P\u0142ock<\/p>\n\n\n\n<p>10. Per\u0142y za progiem (pomys\u0142 ca\u0142o\u015bci, wsp\u00f3\u0142autor) Pre Press Warszawa 2000<\/p>\n\n\n\n<p>11. W.Lewanowski.,&nbsp; M.Zgorzelski &#8211; Leksykon&nbsp; &#8220;G\u00f3ry Wysokie&#8221; wyd. Wiedza&nbsp; Powszechna, Warszawa&nbsp; 2002<\/p>\n\n\n\n<p>12. Leksykon &#8220;Geoekologia i ochrona krajobrazu&#8221; WGiSR UW Warszawa 2004 \u2013 koncepcja; redakcja; autor 10 hase\u0142<\/p>\n\n\n\n<p>13. Geografia fizyczna Polski \u2013 2005,2006 PWN, praca. zbiorowa pod red. A.Richlinga i K.Ostaszewskiej <strong>autor <\/strong>rozdz. Krajobraz g\u00f3r \u015brednich i wysokich, wsp\u00f3\u0142autor<strong>:<\/strong> Krajobraz dolin i obni\u017ce\u0144 i Wykorzystanie krajobrazu<\/p>\n\n\n\n<p>14. Atlas G\u00f3ry Polski; autor rozdzia\u0142\u00f3w:&nbsp; \u201eG\u00f3ry Polski\u201d, \u201eG\u00f3ry dla rozwa\u017cnych\u201d \u2013 wyd. ExpressMap Warszawa&nbsp; 2007; 2008<\/p>\n\n\n\n<p>15. Wojciech Lewandowski \u201eWy\u017cej ni\u017c kondory&#8230; 70 lat p\u00f3\u017aniej\u201d, Vavapress, Warszawa 2008<\/p>\n\n\n\n<p>16. W.Lewandowski, R. Szewczyk \u201ePolska &#8211; Poland. Gin\u0105ce krajobrazy\u201d -; Muza 2008<\/p>\n\n\n\n<p>17. W.Lewandowski; R.Szewczyk 2010 \u2013 \u201eZielona Polska przewodnik ekologiczny\u201d&nbsp;Carta Blanaca 2010<\/p>\n\n\n\n<p>18. Cuda Polski i Polskiej Natury&nbsp; ( 5 rozdz.)&nbsp; Mulico 2010<\/p>\n\n\n\n<p>19. M.Jarz\u0119bowska; W.Lewandowski, 2010, Turystyka konna w: Turystyka zr\u00f3wnowa\u017cona&nbsp; pod red. A.Kowalczyka PWN Warszawa str.255-272<\/p>\n\n\n\n<p>20. W. Lenart, W.&nbsp; Lewandowski&nbsp; 2010 \u2013 \u201eGlobalne ocieplenie \u2013 nauka dzia\u0142ania; szkolenia dla&nbsp; nauczycieli szk\u00f3\u0142 ponadpodstawowych i wychowawc\u00f3w przedszkolnych;\u201d Fundacja Na Rzecz Zr\u00f3wnowa\u017conego Rozwoju; Warszawa<\/p>\n\n\n\n<p>21. Wojciech Lewandowski \u201eZamknij oczy i pomy\u015bl o Andach\u2026\u201d wyd.VavaPress Warszawa 2011<\/p>\n\n\n\n<p>22. Wojciech Lewandowski&nbsp; \u201eWy\u017cej ni\u017c kondory \u2013 \u015bladami polskich wspinaczy\u201d w:&nbsp;&nbsp;&nbsp;&nbsp;&nbsp; Andach w: Adventure 17 niesamowitych wypraw; National Geographic Traveler wyd. G+ J RBA Warszawa 2012<\/p>\n\n\n\n<p>23.  Wojciech Lewandowski&nbsp; \u201ePrzez pustynie na o\u015bnie\u017cone szczyty\u201d wyd. Muza Warszawa 2013&nbsp; \u2013 <strong>nagroda specjalna<\/strong> za oryginalny pomys\u0142 zdobycia najwy\u017cszych g\u00f3r Ameryki&nbsp; Po\u0142udniowej, wytrwa\u0142a realizacj\u0119 pomys\u0142u, za przypomnienie m\u0142odszemu pokoleniu wielkich polskich sukces\u00f3w w Andach oraz walory narracyjne ksi\u0105\u017cki w ramach konkursu \u201eKsi\u0105\u017cka G\u00f3rska Roku\u201d&nbsp; w czasie Przegl\u0105du Film\u00f3w G\u00f3rskich w L\u0105dku Zdroju (19-22. 2013)<\/p>\n\n\n\n<p>24. Atlas g\u00f3r \u015bwiata \u2013&nbsp; Szczyty marze\u0144; ExpressMap Warszawa 2013 ( konsultacja merytoryczna; wst\u0119p pt \u201e Magia G\u00f3r str. 13- 15;&nbsp; \u201eGeografia G\u00f3r\u201d str. 18 -21<\/p>\n\n\n\n<p>25. Wojciech Lewandowski \u201eNajdziwniejsze g\u00f3ry \u015bwiata \u2013 Puna de Atacama\u201d&nbsp; wyd. Eco \u2013Trip Warszawa 2014<\/p>\n\n\n\n<p>26. Wiktor Ostrowski \u201eWy\u017cej ni\u017c Kondory\u201d wyd. Sklep Podr\u00f3\u017cnika 2014 \u2013autor:&nbsp; biogramy; rozdz. \u201eAndy po latach\u201d i \u201ePolskie Andy\u201d; przypisy<\/p>\n\n\n\n<p>27. Wojciech Lewandowski &#8211; \u201eGen przygody\u201d \u2013 wyd. Stapis 2018<\/p>\n\n\n\n<p><strong>Artyku\u0142y:<\/strong><\/p>\n\n\n\n<p>1. Lewandowski W., 2001, Ekologia krajobrazu a turystyka aktywna w; Ekologia krajobrazu i ekorozw\u00f3j: problemy ekologii krajobrazu \u2013tom VIII; Wyd. Akademii Bydgoskiej; Bydgoszcz<\/p>\n\n\n\n<p>2.&nbsp;Lewandowski W., 2002, Ekologia krajobrazu a turystyka ekologiczna\u201d; w: Problemy Ekologii Krajobrazu \u2013 tom VIIII&nbsp; Pozna\u0144<\/p>\n\n\n\n<p>3. Kulczyk S., Lewandowski W., -2004 &#8211; &#8220;Ekoturystyka &#8220;zielona \u015bcie\u017ck\u0105&#8221; do Europy, w: Studia ekologiczno- krajobrazowe w prognozowaniu rozwoju zr\u00f3wnowa\u017conego, p.red.M.Kistowskiego, UG Gda\u0144sk<\/p>\n\n\n\n<p>4. W.Lewandowski., M.Zgorzelski., &#8220;Wall-sided Glaciers&#8221; str.75 \u201381 w: Miscellanea Geographica, 11, WGiSR, Warszawa 2004<\/p>\n\n\n\n<p>5. Kulczyk S.Lewandowski W. \u2013 2004 &#8211;&nbsp; <em>Por el sendero verde- el descarrolllo del turismo ecol\u00f3logico en Polonia y los pa\u00edses americanos<\/em> w; Actas latinoamericanas de Varsovia tomo 27; Uniwersytet Warszawski<\/p>\n\n\n\n<p>6. Kulczyk S., Lewandowski W., &#8220;Ekoturystyka &#8220;zielona \u015bcie\u017ck\u0105&#8221; do Europy, w: Studia ekologiczno- krajobrazowe w prognozowaniu rozwoju zr\u00f3wnowa\u017conego, p. red. M.Kistowskiego, UG Gda\u0144sk 2004<\/p>\n\n\n\n<p>7. Lewandowski&nbsp; -\u201e<em>Ekoturystyka \u2013 szanse, nadzieje i wyzwania<\/em>\u201d&nbsp; Rocznik Dydaktyczny Wy\u017cszej Szko\u0142y Turystyki i Hotelarstwa w Warszawie t.X. Warszawa 2005<\/p>\n\n\n\n<p>8. Lewandowski W., Ostaszewska., \u201e<em>Edukacja ekologiczna w kszta\u0142ceniu geograf\u00f3w na Uniwersytecie Warszawskim\u201d<\/em>&nbsp; w:&nbsp; Edukacja a rozw\u00f3j zr\u00f3wnowa\u017cony w jednocz\u0105cej si\u0119 Europie; Pomorska Akademia&nbsp; Pedagogiczna w S\u0142upsku, S\u0142upsk 2005<\/p>\n\n\n\n<p>9. Kulczyk S.,&nbsp; Lewandowski W \u2013 2006 Walory edukacyjne granic krajobrazowych na przyk\u0142adzie okolic Chrobrza; Problemy Ekologii Krajobrazu, tom XVI Warszawa<\/p>\n\n\n\n<p>10. W. Lewandowski &#8220;Formy turystyki aktywnej w Ameryce \u0141aci\u0144skiej&#8221;, str. 79-87. w: A. \u015awieca, K. Ka\u0142amucki (red), 2006: Rozw\u00f3j turystyki aktywnej na Roztoczu&nbsp;&#8211; regionie pogranicza, Wyd. Kartpol s.c., Lublin.<\/p>\n\n\n\n<p>11. Kulczyk S., Lewandowski W \u2013 2006&nbsp; Ocena przydatno\u015bci krajobrazu dla ekoturystyki na przyk\u0142adzie okolic Chrobrza; w; restrukturyzacja i projektowanie system\u00f3w terytorialno-krajobrazowych; Problemy Ekologii Krajobrazu ,tom XV S\u0142upsk<\/p>\n\n\n\n<p>12. Kulczyk S., Lewandowski W. &#8211; 2007 &#8211; O znaczeniu granic krajobrazowych dla turystyki w; Znaczenie bada\u0144 krajobrazowych dla zr\u00f3wnowa\u017conego rozwoju; Uniwersytet Warszawski ; Warszawa 2007<\/p>\n\n\n\n<p>13. Lewandowski W; Zgorzelski M &#8211; 2007 \u2013 Edukacja ekologiczna poprzez ekoturystyk\u0119; w Stan i perspektywy rozwoju turystyki w Tatrza\u0144skim Parku Narodowych red. Pocisk- Karteczka J; Matuszczyk A.,Skawi\u0144ski P; AWF,TPN Studia i Monografie nr.46; Krak\u00f3w-Zakopane s 151 -161<\/p>\n\n\n\n<p>14. Kulczyk S; Lewandowski W. \u2013 2007 <em>La identidad natural y cultural de la region su papel en el turismo polaco en America Latina w;&nbsp; ACTAS L.deV. tomo 30. 2007<\/em><\/p>\n\n\n\n<p>15. Lewandowski W 2010 Gin\u0105ce krajobrazy Polski &#8211; pr\u00f3ba identyfikacji w: Studia Krajobrazowe a gin\u0105ce krajobrazy pod red. D.Chyli\u0144skiej i J.\u0141acha IgiRR Uniwersytet Wroc\u0142awski; Wroc\u0142aw; str. 29-36<\/p>\n\n\n\n<p>16. Lewandowski W; Szumacher., I 2008 <em>D\u017awi\u0119k jako walor krajobrazu<\/em> w; D\u017awi\u0119k w krajobrazie jak przedmiot bada\u0144 interdyscyplinarnych;&nbsp; Prace Komisji Krajobrazu Kulturowego PTG nr.11; Lublin 2008<\/p>\n\n\n\n<p>17. Lewandowski W. 2009 poszukiwaniu uniwersalnej typologii jednostek przyrodniczych w. Ekologia krajobrazu&nbsp; &#8211; problemy badawcze i utylitarne; Problemy Ekologii Krajobrazu t.XXIII; str.91 \u2013 95<\/p>\n\n\n\n<p>18. Lewandowski W 2010&nbsp;&nbsp; Gin\u0105ce krajobrazy Polski \u2013 pr\u00f3ba identyfikacji w:&nbsp; Studia Krajobrazowe a gin\u0105ce krajobrazy pod red. D.Chyli\u0144skiej i J.\u0141acha IgiRR Uniwersytet Wroc\u0142awski; Wroclaw; str. 29-36<\/p>\n\n\n\n<p>19. Aneta Marek; Wojciech Lewandowski \u201eMo\u017cliwo\u015bci rozwoju turystyki kwalifikowanej w Polsce na przyk\u0142adzie wspinaczki w: S\u0142upskie prace geograficzne nr. 8 2011 Wydawnictwo Akademii Pomorskiej w S\u0142upsku str. 47 -56<\/p>\n\n\n\n<p>20. Szumacher I. Lewandowski W. \u201ePolskie Andy, Puna de Atacama\u201d Pismo UW&nbsp; Vol. l3 (36)<\/p>\n\n\n\n<p>21. Wojciech Lewandowski \u201eJak by\u0107 \u201eeko\u201d w g\u00f3rach, czyli gdzie chodzi\u0107 za potrzeb\u0105 i tak dalej\u2026 Taternik nr 1\/2012&nbsp; str. 40 -44<\/p>\n\n\n\n<p><em><strong>Setki prelekcji i wyk\u0142ad\u00f3w o g\u00f3rach i nie tylko m.ni Expolrers Festival, PTG, Uniwersytet Otwarty UW, domy kultury, spotkania z nauczycielami&nbsp; itp. <\/strong><\/em><\/p>\n\n\n\n<h3 class=\"wp-block-heading\">Prowadzone zaj\u0119cia<\/h3>\n\n\n\n<ol class=\"wp-block-list\"><li>Dziedzictwo kulturowe i przyrodnicze wybranych region\u00f3w (wyc, terenowa Tatry)<\/li><li>Geoekologia &#8211; wyk\u0142ad<\/li><li>Tatry &#8211; przyroda i cz\u0142owiek (ogun)<\/li><li>Projekty badawcze<\/li><li>Ekologia stosowana<\/li><li>Ekologia krajobrazu w krajach UE<\/li><li>Przyrodniczy system miasta<\/li><li>Geoekolog we wsp\u00f3\u0142czesnym \u015bwiecie<\/li><li>Krajobrazy Polski i ich wykorzystanie<\/li><\/ol>\n","protected":false},"excerpt":{"rendered":"<p>Tytu\u0142 \/ stopie\u0144 naukowy: doktor Stanowisko: adiunkt Jednostka: Zak\u0142ad Geoekologii Nr pokoju: 304Tel.wy\u015blij e-mail Zainteresowania naukowe geoekologia g\u00f3r wysokich, geoekologiczne podsatwy turystyki aktywnej Publikacje Ponad 100 artyku\u0142\u00f3w naukowych i popularnonaukowych w czasopismach g\u00f3rskich, turystycznych, geograficznych, liczne recenzje (m. in. Atlas Tatr ) itp. Wybrane pozycje: Ksi\u0105\u017cki W. Lewandowski, M.Paw\u0142owicz \u201eTatry \u2013 przewodnik praktyczny\u201d \u2013 Wyd. [&hellip;]<\/p>\n","protected":false},"author":3,"featured_media":0,"parent":193,"menu_order":0,"comment_status":"closed","ping_status":"closed","template":"","meta":{"footnotes":""},"class_list":["post-1055","page","type-page","status-publish","czr-hentry"],"yoast_head":"<!-- This site is optimized with the Yoast SEO plugin v27.4 - https:\/\/yoast.com\/product\/yoast-seo-wordpress\/ -->\n<title>Wojciech Lewandowski - Katedra Geografii Fizycznej, Wydzia\u0142 Geografii i Studi\u00f3w Regionalnych UW<\/title>\n<meta name=\"robots\" content=\"index, follow, max-snippet:-1, max-image-preview:large, max-video-preview:-1\" \/>\n<link rel=\"canonical\" href=\"https:\/\/kgf.wgsr.uw.edu.pl\/?page_id=1055\" \/>\n<meta property=\"og:locale\" content=\"pl_PL\" \/>\n<meta property=\"og:type\" content=\"article\" \/>\n<meta property=\"og:title\" content=\"Wojciech Lewandowski - Katedra Geografii Fizycznej, Wydzia\u0142 Geografii i Studi\u00f3w Regionalnych UW\" \/>\n<meta property=\"og:description\" content=\"Tytu\u0142 \/ stopie\u0144 naukowy: doktor Stanowisko: adiunkt Jednostka: Zak\u0142ad Geoekologii Nr pokoju: 304Tel.wy\u015blij e-mail Zainteresowania naukowe geoekologia g\u00f3r wysokich, geoekologiczne podsatwy turystyki aktywnej Publikacje Ponad 100 artyku\u0142\u00f3w naukowych i popularnonaukowych w czasopismach g\u00f3rskich, turystycznych, geograficznych, liczne recenzje (m. in. Atlas Tatr ) itp. Wybrane pozycje: Ksi\u0105\u017cki W. Lewandowski, M.Paw\u0142owicz \u201eTatry \u2013 przewodnik praktyczny\u201d \u2013 Wyd. [&hellip;]\" \/>\n<meta property=\"og:url\" content=\"https:\/\/kgf.wgsr.uw.edu.pl\/?page_id=1055\" \/>\n<meta property=\"og:site_name\" content=\"Katedra Geografii Fizycznej, Wydzia\u0142 Geografii i Studi\u00f3w Regionalnych UW\" \/>\n<meta property=\"og:image\" content=\"https:\/\/wgsr.uw.edu.pl\/kgf\/wp-content\/uploads\/2021\/05\/Wojtek-zdjecie.jpeg\" \/>\n<meta name=\"twitter:card\" content=\"summary_large_image\" \/>\n<meta name=\"twitter:label1\" content=\"Szacowany czas czytania\" \/>\n\t<meta name=\"twitter:data1\" content=\"5 minut\" \/>\n<script type=\"application\/ld+json\" class=\"yoast-schema-graph\">{\"@context\":\"https:\\\/\\\/schema.org\",\"@graph\":[{\"@type\":\"WebPage\",\"@id\":\"https:\\\/\\\/kgf.wgsr.uw.edu.pl\\\/?page_id=1055\",\"url\":\"https:\\\/\\\/kgf.wgsr.uw.edu.pl\\\/?page_id=1055\",\"name\":\"Wojciech Lewandowski - Katedra Geografii Fizycznej, Wydzia\u0142 Geografii i Studi\u00f3w Regionalnych UW\",\"isPartOf\":{\"@id\":\"https:\\\/\\\/kgf.wgsr.uw.edu.pl\\\/#website\"},\"primaryImageOfPage\":{\"@id\":\"https:\\\/\\\/kgf.wgsr.uw.edu.pl\\\/?page_id=1055#primaryimage\"},\"image\":{\"@id\":\"https:\\\/\\\/kgf.wgsr.uw.edu.pl\\\/?page_id=1055#primaryimage\"},\"thumbnailUrl\":\"https:\\\/\\\/wgsr.uw.edu.pl\\\/kgf\\\/wp-content\\\/uploads\\\/2021\\\/05\\\/Wojtek-zdjecie.jpeg\",\"datePublished\":\"2021-05-11T18:48:53+00:00\",\"breadcrumb\":{\"@id\":\"https:\\\/\\\/kgf.wgsr.uw.edu.pl\\\/?page_id=1055#breadcrumb\"},\"inLanguage\":\"pl-PL\",\"potentialAction\":[{\"@type\":\"ReadAction\",\"target\":[\"https:\\\/\\\/kgf.wgsr.uw.edu.pl\\\/?page_id=1055\"]}]},{\"@type\":\"ImageObject\",\"inLanguage\":\"pl-PL\",\"@id\":\"https:\\\/\\\/kgf.wgsr.uw.edu.pl\\\/?page_id=1055#primaryimage\",\"url\":\"https:\\\/\\\/wgsr.uw.edu.pl\\\/kgf\\\/wp-content\\\/uploads\\\/2021\\\/05\\\/Wojtek-zdjecie.jpeg\",\"contentUrl\":\"https:\\\/\\\/wgsr.uw.edu.pl\\\/kgf\\\/wp-content\\\/uploads\\\/2021\\\/05\\\/Wojtek-zdjecie.jpeg\"},{\"@type\":\"BreadcrumbList\",\"@id\":\"https:\\\/\\\/kgf.wgsr.uw.edu.pl\\\/?page_id=1055#breadcrumb\",\"itemListElement\":[{\"@type\":\"ListItem\",\"position\":1,\"name\":\"Strona g\u0142\u00f3wna\",\"item\":\"https:\\\/\\\/kgf.wgsr.uw.edu.pl\\\/\"},{\"@type\":\"ListItem\",\"position\":2,\"name\":\"Pracownicy Katedry Geografii Fizycznej\",\"item\":\"https:\\\/\\\/kgf.wgsr.uw.edu.pl\\\/?page_id=193\"},{\"@type\":\"ListItem\",\"position\":3,\"name\":\"Wojciech Lewandowski\"}]},{\"@type\":\"WebSite\",\"@id\":\"https:\\\/\\\/kgf.wgsr.uw.edu.pl\\\/#website\",\"url\":\"https:\\\/\\\/kgf.wgsr.uw.edu.pl\\\/\",\"name\":\"Katedra Geografii Fizycznej, Wydzia\u0142 Geografii i Studi\u00f3w Regionalnych UW\",\"description\":\"\",\"publisher\":{\"@id\":\"https:\\\/\\\/kgf.wgsr.uw.edu.pl\\\/#organization\"},\"potentialAction\":[{\"@type\":\"SearchAction\",\"target\":{\"@type\":\"EntryPoint\",\"urlTemplate\":\"https:\\\/\\\/kgf.wgsr.uw.edu.pl\\\/?s={search_term_string}\"},\"query-input\":{\"@type\":\"PropertyValueSpecification\",\"valueRequired\":true,\"valueName\":\"search_term_string\"}}],\"inLanguage\":\"pl-PL\"},{\"@type\":\"Organization\",\"@id\":\"https:\\\/\\\/kgf.wgsr.uw.edu.pl\\\/#organization\",\"name\":\"Katedra Geografii Fizycznej, Wydzia\u0142 Geografii i Studi\u00f3w Regionalnych UW\",\"url\":\"https:\\\/\\\/kgf.wgsr.uw.edu.pl\\\/\",\"logo\":{\"@type\":\"ImageObject\",\"inLanguage\":\"pl-PL\",\"@id\":\"https:\\\/\\\/kgf.wgsr.uw.edu.pl\\\/#\\\/schema\\\/logo\\\/image\\\/\",\"url\":\"https:\\\/\\\/kgf.wgsr.uw.edu.pl\\\/wp-content\\\/uploads\\\/2023\\\/08\\\/cropped-Katedra.png\",\"contentUrl\":\"https:\\\/\\\/kgf.wgsr.uw.edu.pl\\\/wp-content\\\/uploads\\\/2023\\\/08\\\/cropped-Katedra.png\",\"width\":1230,\"height\":328,\"caption\":\"Katedra Geografii Fizycznej, Wydzia\u0142 Geografii i Studi\u00f3w Regionalnych UW\"},\"image\":{\"@id\":\"https:\\\/\\\/kgf.wgsr.uw.edu.pl\\\/#\\\/schema\\\/logo\\\/image\\\/\"}}]}<\/script>\n<!-- \/ Yoast SEO plugin. -->","yoast_head_json":{"title":"Wojciech Lewandowski - Katedra Geografii Fizycznej, Wydzia\u0142 Geografii i Studi\u00f3w Regionalnych UW","robots":{"index":"index","follow":"follow","max-snippet":"max-snippet:-1","max-image-preview":"max-image-preview:large","max-video-preview":"max-video-preview:-1"},"canonical":"https:\/\/kgf.wgsr.uw.edu.pl\/?page_id=1055","og_locale":"pl_PL","og_type":"article","og_title":"Wojciech Lewandowski - Katedra Geografii Fizycznej, Wydzia\u0142 Geografii i Studi\u00f3w Regionalnych UW","og_description":"Tytu\u0142 \/ stopie\u0144 naukowy: doktor Stanowisko: adiunkt Jednostka: Zak\u0142ad Geoekologii Nr pokoju: 304Tel.wy\u015blij e-mail Zainteresowania naukowe geoekologia g\u00f3r wysokich, geoekologiczne podsatwy turystyki aktywnej Publikacje Ponad 100 artyku\u0142\u00f3w naukowych i popularnonaukowych w czasopismach g\u00f3rskich, turystycznych, geograficznych, liczne recenzje (m. in. Atlas Tatr ) itp. Wybrane pozycje: Ksi\u0105\u017cki W. Lewandowski, M.Paw\u0142owicz \u201eTatry \u2013 przewodnik praktyczny\u201d \u2013 Wyd. [&hellip;]","og_url":"https:\/\/kgf.wgsr.uw.edu.pl\/?page_id=1055","og_site_name":"Katedra Geografii Fizycznej, Wydzia\u0142 Geografii i Studi\u00f3w Regionalnych UW","og_image":[{"url":"https:\/\/wgsr.uw.edu.pl\/kgf\/wp-content\/uploads\/2021\/05\/Wojtek-zdjecie.jpeg","type":"","width":"","height":""}],"twitter_card":"summary_large_image","twitter_misc":{"Szacowany czas czytania":"5 minut"},"schema":{"@context":"https:\/\/schema.org","@graph":[{"@type":"WebPage","@id":"https:\/\/kgf.wgsr.uw.edu.pl\/?page_id=1055","url":"https:\/\/kgf.wgsr.uw.edu.pl\/?page_id=1055","name":"Wojciech Lewandowski - Katedra Geografii Fizycznej, Wydzia\u0142 Geografii i Studi\u00f3w Regionalnych UW","isPartOf":{"@id":"https:\/\/kgf.wgsr.uw.edu.pl\/#website"},"primaryImageOfPage":{"@id":"https:\/\/kgf.wgsr.uw.edu.pl\/?page_id=1055#primaryimage"},"image":{"@id":"https:\/\/kgf.wgsr.uw.edu.pl\/?page_id=1055#primaryimage"},"thumbnailUrl":"https:\/\/wgsr.uw.edu.pl\/kgf\/wp-content\/uploads\/2021\/05\/Wojtek-zdjecie.jpeg","datePublished":"2021-05-11T18:48:53+00:00","breadcrumb":{"@id":"https:\/\/kgf.wgsr.uw.edu.pl\/?page_id=1055#breadcrumb"},"inLanguage":"pl-PL","potentialAction":[{"@type":"ReadAction","target":["https:\/\/kgf.wgsr.uw.edu.pl\/?page_id=1055"]}]},{"@type":"ImageObject","inLanguage":"pl-PL","@id":"https:\/\/kgf.wgsr.uw.edu.pl\/?page_id=1055#primaryimage","url":"https:\/\/wgsr.uw.edu.pl\/kgf\/wp-content\/uploads\/2021\/05\/Wojtek-zdjecie.jpeg","contentUrl":"https:\/\/wgsr.uw.edu.pl\/kgf\/wp-content\/uploads\/2021\/05\/Wojtek-zdjecie.jpeg"},{"@type":"BreadcrumbList","@id":"https:\/\/kgf.wgsr.uw.edu.pl\/?page_id=1055#breadcrumb","itemListElement":[{"@type":"ListItem","position":1,"name":"Strona g\u0142\u00f3wna","item":"https:\/\/kgf.wgsr.uw.edu.pl\/"},{"@type":"ListItem","position":2,"name":"Pracownicy Katedry Geografii Fizycznej","item":"https:\/\/kgf.wgsr.uw.edu.pl\/?page_id=193"},{"@type":"ListItem","position":3,"name":"Wojciech Lewandowski"}]},{"@type":"WebSite","@id":"https:\/\/kgf.wgsr.uw.edu.pl\/#website","url":"https:\/\/kgf.wgsr.uw.edu.pl\/","name":"Katedra Geografii Fizycznej, Wydzia\u0142 Geografii i Studi\u00f3w Regionalnych UW","description":"","publisher":{"@id":"https:\/\/kgf.wgsr.uw.edu.pl\/#organization"},"potentialAction":[{"@type":"SearchAction","target":{"@type":"EntryPoint","urlTemplate":"https:\/\/kgf.wgsr.uw.edu.pl\/?s={search_term_string}"},"query-input":{"@type":"PropertyValueSpecification","valueRequired":true,"valueName":"search_term_string"}}],"inLanguage":"pl-PL"},{"@type":"Organization","@id":"https:\/\/kgf.wgsr.uw.edu.pl\/#organization","name":"Katedra Geografii Fizycznej, Wydzia\u0142 Geografii i Studi\u00f3w Regionalnych UW","url":"https:\/\/kgf.wgsr.uw.edu.pl\/","logo":{"@type":"ImageObject","inLanguage":"pl-PL","@id":"https:\/\/kgf.wgsr.uw.edu.pl\/#\/schema\/logo\/image\/","url":"https:\/\/kgf.wgsr.uw.edu.pl\/wp-content\/uploads\/2023\/08\/cropped-Katedra.png","contentUrl":"https:\/\/kgf.wgsr.uw.edu.pl\/wp-content\/uploads\/2023\/08\/cropped-Katedra.png","width":1230,"height":328,"caption":"Katedra Geografii Fizycznej, Wydzia\u0142 Geografii i Studi\u00f3w Regionalnych UW"},"image":{"@id":"https:\/\/kgf.wgsr.uw.edu.pl\/#\/schema\/logo\/image\/"}}]}},"_links":{"self":[{"href":"https:\/\/kgf.wgsr.uw.edu.pl\/index.php?rest_route=\/wp\/v2\/pages\/1055","targetHints":{"allow":["GET"]}}],"collection":[{"href":"https:\/\/kgf.wgsr.uw.edu.pl\/index.php?rest_route=\/wp\/v2\/pages"}],"about":[{"href":"https:\/\/kgf.wgsr.uw.edu.pl\/index.php?rest_route=\/wp\/v2\/types\/page"}],"author":[{"embeddable":true,"href":"https:\/\/kgf.wgsr.uw.edu.pl\/index.php?rest_route=\/wp\/v2\/users\/3"}],"replies":[{"embeddable":true,"href":"https:\/\/kgf.wgsr.uw.edu.pl\/index.php?rest_route=%2Fwp%2Fv2%2Fcomments&post=1055"}],"version-history":[{"count":0,"href":"https:\/\/kgf.wgsr.uw.edu.pl\/index.php?rest_route=\/wp\/v2\/pages\/1055\/revisions"}],"up":[{"embeddable":true,"href":"https:\/\/kgf.wgsr.uw.edu.pl\/index.php?rest_route=\/wp\/v2\/pages\/193"}],"wp:attachment":[{"href":"https:\/\/kgf.wgsr.uw.edu.pl\/index.php?rest_route=%2Fwp%2Fv2%2Fmedia&parent=1055"}],"curies":[{"name":"wp","href":"https:\/\/api.w.org\/{rel}","templated":true}]}}