{"id":1025,"date":"2021-05-07T16:46:58","date_gmt":"2021-05-07T14:46:58","guid":{"rendered":"https:\/\/wgsr.uw.edu.pl\/kgf\/?page_id=1025"},"modified":"2023-10-17T18:56:49","modified_gmt":"2023-10-17T18:56:49","slug":"maria-zachwatowicz","status":"publish","type":"page","link":"https:\/\/kgf.wgsr.uw.edu.pl\/?page_id=1025","title":{"rendered":"Maria Zachwatowicz"},"content":{"rendered":"\r\n<div class=\"wp-block-columns is-layout-flex wp-container-core-columns-is-layout-9d6595d7 wp-block-columns-is-layout-flex\">\r\n<div class=\"wp-block-column is-layout-flow wp-block-column-is-layout-flow\" style=\"flex-basis: 33.33%;\">\r\n<figure class=\"wp-block-image size-large is-style-default\"><img decoding=\"async\" class=\"wp-image-223\" src=\"https:\/\/wgsr.uw.edu.pl\/kgf\/wp-content\/uploads\/2021\/05\/IMG_0645a.jpg\" alt=\"\" \/><\/figure>\r\n<\/div>\r\n\r\n\r\n\r\n<div class=\"wp-block-column is-layout-flow wp-block-column-is-layout-flow\" style=\"flex-basis: 66.66%;\">\r\n<div class=\"wp-block-column\" style=\"flex-basis: 66.66%;\"><strong>Tytu\u0142 \/ stopie\u0144 naukowy: <\/strong>doktor<\/div>\r\n\r\n\r\n\r\n<p><strong>Stanowisko: <\/strong>adiunkt<\/p>\r\n\r\n\r\n\r\n<p><strong>Jednostka: <\/strong><a href=\"\/?page_id=85\">Zak\u0142ad Geoekologii<\/a><\/p>\r\n\r\n\r\n\r\n<p>Nr pokoju: 304 <br \/>Tel. 22 <span style=\"font-size: 12pt;\">5520755<\/span><br \/>Strona <a href=\"https:\/\/usosweb.uw.edu.pl\/kontroler.php?_action=katalog2\/osoby\/pokazOsobe&amp;os_id=17308\" target=\"_blank\" rel=\"noreferrer noopener\">USOSweb<\/a><br \/><a href=\"https:\/\/wgsr.uw.edu.pl\/kgf\/wp-admin\/m.zachwatowicz@uw.edu.pl\">wy\u015blij e-mail<\/a><\/p>\r\n<\/div>\r\n<\/div>\r\n\r\n\r\n\r\n<h3 class=\"wp-block-heading\">Zainteresowania naukowe<\/h3>\r\n\r\n\r\n\r\n<p>Ekologia krajobrazu (czasowe i przestrzenne przemiany struktury krajobrazu, wp\u0142yw wzorca krajobrazowego na rozmieszczenie i r\u00f3\u017cnorodno\u015b\u0107 organizm\u00f3w, rola zabytk\u00f3w kulturowych i siedlisk marginalnych w ochronie przyrody i krajobrazu, percepcja spo\u0142eczna krajobrazu, relacja cz\u0142owiek-\u015brodowisko), polityka ochrony przyrody i \u015brodowiska UE, edukacja przyrodnicza.<\/p>\r\n\r\n\r\n\r\n<h3 class=\"wp-block-heading\">Publikacje<\/h3>\r\n\r\n\r\n\r\n<p>Wykaz publikacji w bazie <a href=\"https:\/\/orcid.org\/0000-0001-7651-2211\" target=\"_blank\" rel=\"noreferrer noopener\">ORCID<\/a><\/p>\r\n\r\n\r\n\r\n<p>Profil <a href=\"https:\/\/www.researchgate.net\/profile\/Maria-Zachwatowicz\" target=\"_blank\" rel=\"noopener\">ResearchGate<\/a><\/p>\r\n<p>Profil <a href=\"https:\/\/scholar.google.com\/citations?user=NqwjA5sAAAAJ&amp;amp;hl=pl\" target=\"_blank\" rel=\"noopener\">Google Scholar<\/a><\/p>\r\n<p>\r\n\r\n<\/p>\r\n<h3 class=\"wp-block-heading\">Wybrane projekty naukowe<\/h3>\r\n<p>\r\n\r\n<\/p>\r\n<ul>\r\n<li>2017-2019: \u2018How the East was won: Towards an environmental history of the Eurasian steppe.\u2019 Swedish Science Council N 2012-06112 (researcher)<\/li>\r\n<li>2009-2012: \u201eOgraniczenie wp\u0142ywu zniekszta\u0142ce\u0144 archiwalnych map topograficznych na wyniki modelowania przemian struktury krajobrazu.\u201d Grant MNiSW N N306 217537 (g\u0142\u00f3wny wykonawca)<\/li>\r\n<\/ul>\r\n<p><\/p>","protected":false},"excerpt":{"rendered":"<p>Tytu\u0142 \/ stopie\u0144 naukowy: doktor Stanowisko: adiunkt Jednostka: Zak\u0142ad Geoekologii Nr pokoju: 304 Tel. 22 5520755Strona USOSwebwy\u015blij e-mail Zainteresowania naukowe Ekologia krajobrazu (czasowe i przestrzenne przemiany struktury krajobrazu, wp\u0142yw wzorca krajobrazowego na rozmieszczenie i r\u00f3\u017cnorodno\u015b\u0107 organizm\u00f3w, rola zabytk\u00f3w kulturowych i siedlisk marginalnych w ochronie przyrody i krajobrazu, percepcja spo\u0142eczna krajobrazu, relacja cz\u0142owiek-\u015brodowisko), polityka ochrony przyrody [&hellip;]<\/p>\n","protected":false},"author":3,"featured_media":0,"parent":193,"menu_order":0,"comment_status":"closed","ping_status":"closed","template":"","meta":{"footnotes":""},"class_list":["post-1025","page","type-page","status-publish","czr-hentry"],"yoast_head":"<!-- This site is optimized with the Yoast SEO plugin v27.4 - https:\/\/yoast.com\/product\/yoast-seo-wordpress\/ -->\n<title>Maria Zachwatowicz - Katedra Geografii Fizycznej, Wydzia\u0142 Geografii i Studi\u00f3w Regionalnych UW<\/title>\n<meta name=\"robots\" content=\"index, follow, max-snippet:-1, max-image-preview:large, max-video-preview:-1\" \/>\n<link rel=\"canonical\" href=\"https:\/\/kgf.wgsr.uw.edu.pl\/?page_id=1025\" \/>\n<meta property=\"og:locale\" content=\"pl_PL\" \/>\n<meta property=\"og:type\" content=\"article\" \/>\n<meta property=\"og:title\" content=\"Maria Zachwatowicz - Katedra Geografii Fizycznej, Wydzia\u0142 Geografii i Studi\u00f3w Regionalnych UW\" \/>\n<meta property=\"og:description\" content=\"Tytu\u0142 \/ stopie\u0144 naukowy: doktor Stanowisko: adiunkt Jednostka: Zak\u0142ad Geoekologii Nr pokoju: 304 Tel. 22 5520755Strona USOSwebwy\u015blij e-mail Zainteresowania naukowe Ekologia krajobrazu (czasowe i przestrzenne przemiany struktury krajobrazu, wp\u0142yw wzorca krajobrazowego na rozmieszczenie i r\u00f3\u017cnorodno\u015b\u0107 organizm\u00f3w, rola zabytk\u00f3w kulturowych i siedlisk marginalnych w ochronie przyrody i krajobrazu, percepcja spo\u0142eczna krajobrazu, relacja cz\u0142owiek-\u015brodowisko), polityka ochrony przyrody [&hellip;]\" \/>\n<meta property=\"og:url\" content=\"https:\/\/kgf.wgsr.uw.edu.pl\/?page_id=1025\" \/>\n<meta property=\"og:site_name\" content=\"Katedra Geografii Fizycznej, Wydzia\u0142 Geografii i Studi\u00f3w Regionalnych UW\" \/>\n<meta property=\"article:modified_time\" content=\"2023-10-17T18:56:49+00:00\" \/>\n<meta property=\"og:image\" content=\"https:\/\/wgsr.uw.edu.pl\/kgf\/wp-content\/uploads\/2021\/05\/IMG_0645a.jpg\" \/>\n<meta name=\"twitter:card\" content=\"summary_large_image\" \/>\n<meta name=\"twitter:label1\" content=\"Szacowany czas czytania\" \/>\n\t<meta name=\"twitter:data1\" content=\"1 minuta\" \/>\n<script type=\"application\/ld+json\" class=\"yoast-schema-graph\">{\"@context\":\"https:\\\/\\\/schema.org\",\"@graph\":[{\"@type\":\"WebPage\",\"@id\":\"https:\\\/\\\/kgf.wgsr.uw.edu.pl\\\/?page_id=1025\",\"url\":\"https:\\\/\\\/kgf.wgsr.uw.edu.pl\\\/?page_id=1025\",\"name\":\"Maria Zachwatowicz - Katedra Geografii Fizycznej, Wydzia\u0142 Geografii i Studi\u00f3w Regionalnych UW\",\"isPartOf\":{\"@id\":\"https:\\\/\\\/kgf.wgsr.uw.edu.pl\\\/#website\"},\"primaryImageOfPage\":{\"@id\":\"https:\\\/\\\/kgf.wgsr.uw.edu.pl\\\/?page_id=1025#primaryimage\"},\"image\":{\"@id\":\"https:\\\/\\\/kgf.wgsr.uw.edu.pl\\\/?page_id=1025#primaryimage\"},\"thumbnailUrl\":\"https:\\\/\\\/wgsr.uw.edu.pl\\\/kgf\\\/wp-content\\\/uploads\\\/2021\\\/05\\\/IMG_0645a.jpg\",\"datePublished\":\"2021-05-07T14:46:58+00:00\",\"dateModified\":\"2023-10-17T18:56:49+00:00\",\"breadcrumb\":{\"@id\":\"https:\\\/\\\/kgf.wgsr.uw.edu.pl\\\/?page_id=1025#breadcrumb\"},\"inLanguage\":\"pl-PL\",\"potentialAction\":[{\"@type\":\"ReadAction\",\"target\":[\"https:\\\/\\\/kgf.wgsr.uw.edu.pl\\\/?page_id=1025\"]}]},{\"@type\":\"ImageObject\",\"inLanguage\":\"pl-PL\",\"@id\":\"https:\\\/\\\/kgf.wgsr.uw.edu.pl\\\/?page_id=1025#primaryimage\",\"url\":\"https:\\\/\\\/wgsr.uw.edu.pl\\\/kgf\\\/wp-content\\\/uploads\\\/2021\\\/05\\\/IMG_0645a.jpg\",\"contentUrl\":\"https:\\\/\\\/wgsr.uw.edu.pl\\\/kgf\\\/wp-content\\\/uploads\\\/2021\\\/05\\\/IMG_0645a.jpg\"},{\"@type\":\"BreadcrumbList\",\"@id\":\"https:\\\/\\\/kgf.wgsr.uw.edu.pl\\\/?page_id=1025#breadcrumb\",\"itemListElement\":[{\"@type\":\"ListItem\",\"position\":1,\"name\":\"Strona g\u0142\u00f3wna\",\"item\":\"https:\\\/\\\/kgf.wgsr.uw.edu.pl\\\/\"},{\"@type\":\"ListItem\",\"position\":2,\"name\":\"Pracownicy Katedry Geografii Fizycznej\",\"item\":\"https:\\\/\\\/kgf.wgsr.uw.edu.pl\\\/?page_id=193\"},{\"@type\":\"ListItem\",\"position\":3,\"name\":\"Maria Zachwatowicz\"}]},{\"@type\":\"WebSite\",\"@id\":\"https:\\\/\\\/kgf.wgsr.uw.edu.pl\\\/#website\",\"url\":\"https:\\\/\\\/kgf.wgsr.uw.edu.pl\\\/\",\"name\":\"Katedra Geografii Fizycznej, Wydzia\u0142 Geografii i Studi\u00f3w Regionalnych UW\",\"description\":\"\",\"publisher\":{\"@id\":\"https:\\\/\\\/kgf.wgsr.uw.edu.pl\\\/#organization\"},\"potentialAction\":[{\"@type\":\"SearchAction\",\"target\":{\"@type\":\"EntryPoint\",\"urlTemplate\":\"https:\\\/\\\/kgf.wgsr.uw.edu.pl\\\/?s={search_term_string}\"},\"query-input\":{\"@type\":\"PropertyValueSpecification\",\"valueRequired\":true,\"valueName\":\"search_term_string\"}}],\"inLanguage\":\"pl-PL\"},{\"@type\":\"Organization\",\"@id\":\"https:\\\/\\\/kgf.wgsr.uw.edu.pl\\\/#organization\",\"name\":\"Katedra Geografii Fizycznej, Wydzia\u0142 Geografii i Studi\u00f3w Regionalnych UW\",\"url\":\"https:\\\/\\\/kgf.wgsr.uw.edu.pl\\\/\",\"logo\":{\"@type\":\"ImageObject\",\"inLanguage\":\"pl-PL\",\"@id\":\"https:\\\/\\\/kgf.wgsr.uw.edu.pl\\\/#\\\/schema\\\/logo\\\/image\\\/\",\"url\":\"https:\\\/\\\/kgf.wgsr.uw.edu.pl\\\/wp-content\\\/uploads\\\/2023\\\/08\\\/cropped-Katedra.png\",\"contentUrl\":\"https:\\\/\\\/kgf.wgsr.uw.edu.pl\\\/wp-content\\\/uploads\\\/2023\\\/08\\\/cropped-Katedra.png\",\"width\":1230,\"height\":328,\"caption\":\"Katedra Geografii Fizycznej, Wydzia\u0142 Geografii i Studi\u00f3w Regionalnych UW\"},\"image\":{\"@id\":\"https:\\\/\\\/kgf.wgsr.uw.edu.pl\\\/#\\\/schema\\\/logo\\\/image\\\/\"}}]}<\/script>\n<!-- \/ Yoast SEO plugin. -->","yoast_head_json":{"title":"Maria Zachwatowicz - Katedra Geografii Fizycznej, Wydzia\u0142 Geografii i Studi\u00f3w Regionalnych UW","robots":{"index":"index","follow":"follow","max-snippet":"max-snippet:-1","max-image-preview":"max-image-preview:large","max-video-preview":"max-video-preview:-1"},"canonical":"https:\/\/kgf.wgsr.uw.edu.pl\/?page_id=1025","og_locale":"pl_PL","og_type":"article","og_title":"Maria Zachwatowicz - Katedra Geografii Fizycznej, Wydzia\u0142 Geografii i Studi\u00f3w Regionalnych UW","og_description":"Tytu\u0142 \/ stopie\u0144 naukowy: doktor Stanowisko: adiunkt Jednostka: Zak\u0142ad Geoekologii Nr pokoju: 304 Tel. 22 5520755Strona USOSwebwy\u015blij e-mail Zainteresowania naukowe Ekologia krajobrazu (czasowe i przestrzenne przemiany struktury krajobrazu, wp\u0142yw wzorca krajobrazowego na rozmieszczenie i r\u00f3\u017cnorodno\u015b\u0107 organizm\u00f3w, rola zabytk\u00f3w kulturowych i siedlisk marginalnych w ochronie przyrody i krajobrazu, percepcja spo\u0142eczna krajobrazu, relacja cz\u0142owiek-\u015brodowisko), polityka ochrony przyrody [&hellip;]","og_url":"https:\/\/kgf.wgsr.uw.edu.pl\/?page_id=1025","og_site_name":"Katedra Geografii Fizycznej, Wydzia\u0142 Geografii i Studi\u00f3w Regionalnych UW","article_modified_time":"2023-10-17T18:56:49+00:00","og_image":[{"url":"https:\/\/wgsr.uw.edu.pl\/kgf\/wp-content\/uploads\/2021\/05\/IMG_0645a.jpg","type":"","width":"","height":""}],"twitter_card":"summary_large_image","twitter_misc":{"Szacowany czas czytania":"1 minuta"},"schema":{"@context":"https:\/\/schema.org","@graph":[{"@type":"WebPage","@id":"https:\/\/kgf.wgsr.uw.edu.pl\/?page_id=1025","url":"https:\/\/kgf.wgsr.uw.edu.pl\/?page_id=1025","name":"Maria Zachwatowicz - Katedra Geografii Fizycznej, Wydzia\u0142 Geografii i Studi\u00f3w Regionalnych UW","isPartOf":{"@id":"https:\/\/kgf.wgsr.uw.edu.pl\/#website"},"primaryImageOfPage":{"@id":"https:\/\/kgf.wgsr.uw.edu.pl\/?page_id=1025#primaryimage"},"image":{"@id":"https:\/\/kgf.wgsr.uw.edu.pl\/?page_id=1025#primaryimage"},"thumbnailUrl":"https:\/\/wgsr.uw.edu.pl\/kgf\/wp-content\/uploads\/2021\/05\/IMG_0645a.jpg","datePublished":"2021-05-07T14:46:58+00:00","dateModified":"2023-10-17T18:56:49+00:00","breadcrumb":{"@id":"https:\/\/kgf.wgsr.uw.edu.pl\/?page_id=1025#breadcrumb"},"inLanguage":"pl-PL","potentialAction":[{"@type":"ReadAction","target":["https:\/\/kgf.wgsr.uw.edu.pl\/?page_id=1025"]}]},{"@type":"ImageObject","inLanguage":"pl-PL","@id":"https:\/\/kgf.wgsr.uw.edu.pl\/?page_id=1025#primaryimage","url":"https:\/\/wgsr.uw.edu.pl\/kgf\/wp-content\/uploads\/2021\/05\/IMG_0645a.jpg","contentUrl":"https:\/\/wgsr.uw.edu.pl\/kgf\/wp-content\/uploads\/2021\/05\/IMG_0645a.jpg"},{"@type":"BreadcrumbList","@id":"https:\/\/kgf.wgsr.uw.edu.pl\/?page_id=1025#breadcrumb","itemListElement":[{"@type":"ListItem","position":1,"name":"Strona g\u0142\u00f3wna","item":"https:\/\/kgf.wgsr.uw.edu.pl\/"},{"@type":"ListItem","position":2,"name":"Pracownicy Katedry Geografii Fizycznej","item":"https:\/\/kgf.wgsr.uw.edu.pl\/?page_id=193"},{"@type":"ListItem","position":3,"name":"Maria Zachwatowicz"}]},{"@type":"WebSite","@id":"https:\/\/kgf.wgsr.uw.edu.pl\/#website","url":"https:\/\/kgf.wgsr.uw.edu.pl\/","name":"Katedra Geografii Fizycznej, Wydzia\u0142 Geografii i Studi\u00f3w Regionalnych UW","description":"","publisher":{"@id":"https:\/\/kgf.wgsr.uw.edu.pl\/#organization"},"potentialAction":[{"@type":"SearchAction","target":{"@type":"EntryPoint","urlTemplate":"https:\/\/kgf.wgsr.uw.edu.pl\/?s={search_term_string}"},"query-input":{"@type":"PropertyValueSpecification","valueRequired":true,"valueName":"search_term_string"}}],"inLanguage":"pl-PL"},{"@type":"Organization","@id":"https:\/\/kgf.wgsr.uw.edu.pl\/#organization","name":"Katedra Geografii Fizycznej, Wydzia\u0142 Geografii i Studi\u00f3w Regionalnych UW","url":"https:\/\/kgf.wgsr.uw.edu.pl\/","logo":{"@type":"ImageObject","inLanguage":"pl-PL","@id":"https:\/\/kgf.wgsr.uw.edu.pl\/#\/schema\/logo\/image\/","url":"https:\/\/kgf.wgsr.uw.edu.pl\/wp-content\/uploads\/2023\/08\/cropped-Katedra.png","contentUrl":"https:\/\/kgf.wgsr.uw.edu.pl\/wp-content\/uploads\/2023\/08\/cropped-Katedra.png","width":1230,"height":328,"caption":"Katedra Geografii Fizycznej, Wydzia\u0142 Geografii i Studi\u00f3w Regionalnych UW"},"image":{"@id":"https:\/\/kgf.wgsr.uw.edu.pl\/#\/schema\/logo\/image\/"}}]}},"_links":{"self":[{"href":"https:\/\/kgf.wgsr.uw.edu.pl\/index.php?rest_route=\/wp\/v2\/pages\/1025","targetHints":{"allow":["GET"]}}],"collection":[{"href":"https:\/\/kgf.wgsr.uw.edu.pl\/index.php?rest_route=\/wp\/v2\/pages"}],"about":[{"href":"https:\/\/kgf.wgsr.uw.edu.pl\/index.php?rest_route=\/wp\/v2\/types\/page"}],"author":[{"embeddable":true,"href":"https:\/\/kgf.wgsr.uw.edu.pl\/index.php?rest_route=\/wp\/v2\/users\/3"}],"replies":[{"embeddable":true,"href":"https:\/\/kgf.wgsr.uw.edu.pl\/index.php?rest_route=%2Fwp%2Fv2%2Fcomments&post=1025"}],"version-history":[{"count":3,"href":"https:\/\/kgf.wgsr.uw.edu.pl\/index.php?rest_route=\/wp\/v2\/pages\/1025\/revisions"}],"predecessor-version":[{"id":2556,"href":"https:\/\/kgf.wgsr.uw.edu.pl\/index.php?rest_route=\/wp\/v2\/pages\/1025\/revisions\/2556"}],"up":[{"embeddable":true,"href":"https:\/\/kgf.wgsr.uw.edu.pl\/index.php?rest_route=\/wp\/v2\/pages\/193"}],"wp:attachment":[{"href":"https:\/\/kgf.wgsr.uw.edu.pl\/index.php?rest_route=%2Fwp%2Fv2%2Fmedia&parent=1025"}],"curies":[{"name":"wp","href":"https:\/\/api.w.org\/{rel}","templated":true}]}}